{"id":7992,"date":"2022-01-11T14:09:26","date_gmt":"2022-01-11T13:09:26","guid":{"rendered":"https:\/\/nordicdesignshop.lu\/time-magazine-bekroond-tablebed-uitvinding-met-een-award\/"},"modified":"2022-02-28T15:41:13","modified_gmt":"2022-02-28T14:41:13","slug":"time-magazine-bekroond-tablebed-uitvinding-met-een-award","status":"publish","type":"page","link":"https:\/\/nordicdesignshop.lu\/nl\/blog\/time-magazine-bekroond-tablebed-uitvinding-met-een-award\/","title":{"rendered":"Time Magazine bekroond Tablebed uitvinding met een award"},"content":{"rendered":"\n<div class=\"row\"  id=\"row-1359951283\">\n\n\n\t<div id=\"col-1667854956\" class=\"col small-12 large-12\"  >\n\t\t\t\t<div class=\"col-inner\"  >\n\t\t\t\n\t\t\t\n\n\n  <div class=\"banner has-hover\" id=\"banner-698926573\">\n          <div class=\"banner-inner fill\">\n        <div class=\"banner-bg fill\" >\n            <div class=\"bg fill bg-fill \"><\/div>\n                                    \n                    <\/div>\n\t\t\n        <div class=\"banner-layers container\">\n            <div class=\"fill banner-link\"><\/div>            \n\n   <div id=\"text-box-1095573668\" class=\"text-box banner-layer x50 md-x50 lg-x50 y90 md-y85 lg-y85 res-text\">\n                                <div class=\"text-box-content text dark\">\n              \n              <div class=\"text-inner text-center\">\n                  \n\n<h2 class=\"uppercase\">Tablebed<\/h2>\n<h3 class=\"uppercase\">een innovatie gedreven door Luxemburgse investeerders, bekroond door Time Magazine.<\/h3>\n<p>18 Nov 2021<\/p>\n\n\n              <\/div>\n           <\/div>\n                            \n<style>\n#text-box-1095573668 {\n  width: 93%;\n}\n#text-box-1095573668 .text-box-content {\n  font-size: 100%;\n}\n<\/style>\n    <\/div>\n \n\n        <\/div>\n      <\/div>\n\n            \n<style>\n#banner-698926573 {\n  padding-top: 300px;\n}\n#banner-698926573 .bg.bg-loaded {\n  background-image: url(https:\/\/nordicdesignshop.lu\/wp-content\/uploads\/2021\/11\/Tablebed-Nordic-Design-Shop-1-1202x800.webp);\n}\n#banner-698926573 .bg {\n  background-position: 54% 84%;\n}\n#banner-698926573 .ux-shape-divider--top svg {\n  height: 150px;\n  --divider-top-width: 100%;\n}\n#banner-698926573 .ux-shape-divider--bottom svg {\n  height: 150px;\n  --divider-width: 100%;\n}\n<\/style>\n  <\/div>\n\n\n\n\t\t<\/div>\n\t\t\t\t\t<\/div>\n\n\t\n\n<\/div>\n<div class=\"row\"  id=\"row-1693177452\">\n\n\n\t<div id=\"col-1681317685\" class=\"col small-12 large-12\"  >\n\t\t\t\t<div class=\"col-inner\"  >\n\t\t\t\n\t\t\t\n\n<p align=\"justify\">Time magazine beloont Finse designinnovatie van <a href=\"https:\/\/nordicdesignshop.lu\/tablebed\/\">Tablebed<\/a>, een nieuw Scandinavisch meubel, dat in 10 seconden transformeert van tafel naar bed. <\/p>\n<p align=\"justify\">De Luxemburgse invloed is mede aanwezig  door haar in Luxemburg gevestigde investeerders : <strong>Giacomo Trenz, Lucien Douwes <\/strong>en <strong>Matias M\u00e4enp\u00e4\u00e4<\/strong>.<\/p>\n\n\t\t<\/div>\n\t\t\t\t\t<\/div>\n\n\t\n\n<\/div>\n<div class=\"row\"  id=\"row-1071967212\">\n\n\n\t<div id=\"col-822711318\" class=\"col medium-6 small-12 large-6\"  >\n\t\t\t\t<div class=\"col-inner\"  >\n\t\t\t\n\t\t\t\n\n<p align=\"justify\"><a href=\"https:\/\/nordicdesignshop.lu\/tablebed\/\">Tablebed<\/a>, uitvinding van Fins Design, kreeg een speciale vermelding in de lijst van de <a href=\"https:\/\/time.com\/collection\/best-inventions-2021\/6115486\/tablebed\/\">best Time 2021 uitvindingen.<\/a>. Heeft dit innovatieve Scandinavische meubel uw interesse gewekt?  Tablebed is bruikbaar in alle woonruimtes.<\/p>\n<p align=\"justify\">\u00ab <i>Onze eerste zending naar de Verenigde Staten staat op het punt Europa te verlaten; We hadden ons dan ook geen betere timing voor deze erkenning van TIME kunnen wensen. Een oprechte dank aan de TIME-jury voor het zien van de vindingrijkheid van Tablebed! De toekomstige trend zal flexibele ruimtes zijn in zowel particuliere woningen als in <a href=\"https:\/\/nordicdesignshop.lu\/valo-hotel-work-in-helsinki\/\">hotels<\/a>. Veelzijdige ruimtebesparende meubels zoals Tablebed, die gemakkelijk kunnen helpen een eetkamer te transformeren in een slaapkamer, zijn ideaal voor metropolen zoals New York, London of Tokio &#8221;, zei Lucien Douwes, medeoprichter van <a href=\"https:\/\/nordicdesignshop.lu\/nl\/\">Nordic Design Shop<\/a> in Luxemburg.<\/p>\n\n\t\t<\/div>\n\t\t\t\t\t<\/div>\n\n\t\n\n\t<div id=\"col-758450766\" class=\"col medium-6 small-12 large-6\"  >\n\t\t\t\t<div class=\"col-inner\"  >\n\t\t\t\n\t\t\t\n\n\t<div class=\"img has-hover x md-x lg-x y md-y lg-y\" id=\"image_1246018523\">\n\t\t\t\t\t\t\t\t<div class=\"img-inner dark\" >\n\t\t\t<img loading=\"lazy\" decoding=\"async\" width=\"800\" height=\"800\" src=\"https:\/\/nordicdesignshop.lu\/wp-content\/uploads\/2021\/11\/Facebook-NordicDesignShop-Tablebed-2021.11.18-TABLE-800x800.webp\" class=\"attachment-large size-large\" alt=\"Tablebed : une des meilleures inventions 2021 selon Time Magazine\" srcset=\"https:\/\/nordicdesignshop.lu\/wp-content\/uploads\/2021\/11\/Facebook-NordicDesignShop-Tablebed-2021.11.18-TABLE-800x800.webp 800w, https:\/\/nordicdesignshop.lu\/wp-content\/uploads\/2021\/11\/Facebook-NordicDesignShop-Tablebed-2021.11.18-TABLE-400x400.webp 400w, https:\/\/nordicdesignshop.lu\/wp-content\/uploads\/2021\/11\/Facebook-NordicDesignShop-Tablebed-2021.11.18-TABLE-280x280.webp 280w, https:\/\/nordicdesignshop.lu\/wp-content\/uploads\/2021\/11\/Facebook-NordicDesignShop-Tablebed-2021.11.18-TABLE-768x768.webp 768w, https:\/\/nordicdesignshop.lu\/wp-content\/uploads\/2021\/11\/Facebook-NordicDesignShop-Tablebed-2021.11.18-TABLE-700x700.webp 700w, https:\/\/nordicdesignshop.lu\/wp-content\/uploads\/2021\/11\/Facebook-NordicDesignShop-Tablebed-2021.11.18-TABLE-1024x1024.webp 1024w, https:\/\/nordicdesignshop.lu\/wp-content\/uploads\/2021\/11\/Facebook-NordicDesignShop-Tablebed-2021.11.18-TABLE-100x100.webp 100w, https:\/\/nordicdesignshop.lu\/wp-content\/uploads\/2021\/11\/Facebook-NordicDesignShop-Tablebed-2021.11.18-TABLE.webp 1080w\" sizes=\"auto, (max-width: 800px) 100vw, 800px\" \/>\t\t\t\t\t\t\n\t\t\t\t\t<\/div>\n\t\t\t\t\t\t\t\t\n<style>\n#image_1246018523 {\n  width: 100%;\n}\n<\/style>\n\t<\/div>\n\t\n\n\n\t\t<\/div>\n\t\t\t\t\t<\/div>\n\n\t\n\n<\/div>\n<div class=\"row\"  id=\"row-479999939\">\n\n\n\t<div id=\"col-461299602\" class=\"col small-12 large-12\"  >\n\t\t\t\t<div class=\"col-inner\"  >\n\t\t\t\n\t\t\t\n\n<p class=\"uppercase\"><strong>Scandinavisch welzijn, bij u thuis.<\/strong><\/p>\n<p align=\"justify\">Stel u voor dat u thuis komt en de geur van massief hout ruikt, het vuur hoort knetteren. Je voelt het Scandinavische welzijn al. De grote ruimtes en het gevoel van thuiskomen. Dit gevoel van rust is moeilijk te omschrijven. Het is nog moeilijker over te brengen in het interieur, zeker zonder concessies te doen aan de kwaliteit.<\/p>\n<p align=\"justify\">Vertrouw op de Scandinavi\u00ebrs zelf om je die gemoedstoestand te brengen. Ze kennen deze massieve, natuurlijke materialen. Ze brengen er hun onnavolgbare vakmanschap in. De Scandinavische geest doordringt deze objecten.<\/p>\n<p align=\"justify\">De makers van <a href=\"https:\/\/nordicdesignshop.lu\/nl\/\">Nordic Design Shop<\/a> willen dit gevoel van comfort, optimalisatie van de ruimte en duurzaamheid delen. Hun ambitie? Het aanbieden van duurzame objecten en meubels om generaties lang mee te gaan.<\/p>\n<p align=\"justify\">Doe dus geen concessies : Noch aan de kwaliteit, noch aan de functionaliteit. Nordic Design Shop brengt het beste van Finse vakmanschap in huis.<\/p>\n<p align=\"justify\">Ontdek de geschiedenis van <a href=\"https:\/\/nordicdesignshop.lu\/nl\/tablebed\/\">Tablebed<\/a> en laat u inspireren door de Scandinavische sfeer op <a href=\"https:\/\/nordicdesignshop.lu\/nl\/\">www.nordicdesignshop.lu <\/a><\/p>\n\n\n\t\t<\/div>\n\t\t\t\t\t<\/div>\n\n\t\n\n<\/div>\n","protected":false},"excerpt":{"rendered":"","protected":false},"author":3,"featured_media":0,"parent":7995,"menu_order":0,"comment_status":"closed","ping_status":"closed","template":"","meta":{"content-type":"","footnotes":""},"class_list":["post-7992","page","type-page","status-publish","hentry"],"yoast_head":"<!-- This site is optimized with the Yoast SEO plugin v23.1 - https:\/\/yoast.com\/wordpress\/plugins\/seo\/ -->\n<title>Time Magazine beloont het converteerbare Tablebed - Nordic Design Shop<\/title>\n<meta name=\"description\" content=\"Het converteerbare Tablebed is bekroond door Time Magazine. Een nieuw type Scandinavisch meubilair is verkrijgbaar bij Nordic Design Shop.\" \/>\n<meta name=\"robots\" content=\"index, follow, max-snippet:-1, max-image-preview:large, max-video-preview:-1\" \/>\n<link rel=\"canonical\" href=\"https:\/\/nordicdesignshop.lu\/nl\/blog\/time-magazine-bekroond-tablebed-uitvinding-met-een-award\/\" \/>\n<meta property=\"og:locale\" content=\"nl_NL\" \/>\n<meta property=\"og:type\" content=\"article\" \/>\n<meta property=\"og:title\" content=\"Time Magazine beloont het converteerbare Tablebed - Nordic Design Shop\" \/>\n<meta property=\"og:description\" content=\"Het converteerbare Tablebed is bekroond door Time Magazine. Een nieuw type Scandinavisch meubilair is verkrijgbaar bij Nordic Design Shop.\" \/>\n<meta property=\"og:url\" content=\"https:\/\/nordicdesignshop.lu\/nl\/blog\/time-magazine-bekroond-tablebed-uitvinding-met-een-award\/\" \/>\n<meta property=\"og:site_name\" content=\"Nordic Design Shop\" \/>\n<meta property=\"article:publisher\" content=\"https:\/\/www.facebook.com\/NordicDesignShop\/\" \/>\n<meta property=\"article:modified_time\" content=\"2022-02-28T14:41:13+00:00\" \/>\n<meta property=\"og:image\" content=\"https:\/\/nordicdesignshop.lu\/wp-content\/uploads\/2021\/03\/cropped-Sans-titre-1.jpg\" \/>\n\t<meta property=\"og:image:width\" content=\"512\" \/>\n\t<meta property=\"og:image:height\" content=\"512\" \/>\n\t<meta property=\"og:image:type\" content=\"image\/jpeg\" \/>\n<meta name=\"twitter:card\" content=\"summary_large_image\" \/>\n<meta name=\"twitter:label1\" content=\"Geschatte leestijd\" \/>\n\t<meta name=\"twitter:data1\" content=\"2 minuten\" \/>\n<script type=\"application\/ld+json\" class=\"yoast-schema-graph\">{\"@context\":\"https:\/\/schema.org\",\"@graph\":[{\"@type\":\"WebPage\",\"@id\":\"https:\/\/nordicdesignshop.lu\/nl\/blog\/time-magazine-bekroond-tablebed-uitvinding-met-een-award\/\",\"url\":\"https:\/\/nordicdesignshop.lu\/nl\/blog\/time-magazine-bekroond-tablebed-uitvinding-met-een-award\/\",\"name\":\"Time Magazine beloont het converteerbare Tablebed - Nordic Design Shop\",\"isPartOf\":{\"@id\":\"https:\/\/nordicdesignshop.lu\/nl\/#website\"},\"datePublished\":\"2022-01-11T13:09:26+00:00\",\"dateModified\":\"2022-02-28T14:41:13+00:00\",\"description\":\"Het converteerbare Tablebed is bekroond door Time Magazine. Een nieuw type Scandinavisch meubilair is verkrijgbaar bij Nordic Design Shop.\",\"breadcrumb\":{\"@id\":\"https:\/\/nordicdesignshop.lu\/nl\/blog\/time-magazine-bekroond-tablebed-uitvinding-met-een-award\/#breadcrumb\"},\"inLanguage\":\"nl-NL\",\"potentialAction\":[{\"@type\":\"ReadAction\",\"target\":[\"https:\/\/nordicdesignshop.lu\/nl\/blog\/time-magazine-bekroond-tablebed-uitvinding-met-een-award\/\"]}]},{\"@type\":\"BreadcrumbList\",\"@id\":\"https:\/\/nordicdesignshop.lu\/nl\/blog\/time-magazine-bekroond-tablebed-uitvinding-met-een-award\/#breadcrumb\",\"itemListElement\":[{\"@type\":\"ListItem\",\"position\":1,\"name\":\"Accueil\",\"item\":\"https:\/\/nordicdesignshop.lu\/nl\/\"},{\"@type\":\"ListItem\",\"position\":2,\"name\":\"Blog\",\"item\":\"https:\/\/nordicdesignshop.lu\/nl\/blog\/\"},{\"@type\":\"ListItem\",\"position\":3,\"name\":\"Time Magazine bekroond Tablebed uitvinding met een award\"}]},{\"@type\":\"WebSite\",\"@id\":\"https:\/\/nordicdesignshop.lu\/nl\/#website\",\"url\":\"https:\/\/nordicdesignshop.lu\/nl\/\",\"name\":\"Nordic Design Shop\",\"description\":\"Drop | Jacuzzi | Spa\",\"publisher\":{\"@id\":\"https:\/\/nordicdesignshop.lu\/nl\/#organization\"},\"potentialAction\":[{\"@type\":\"SearchAction\",\"target\":{\"@type\":\"EntryPoint\",\"urlTemplate\":\"https:\/\/nordicdesignshop.lu\/nl\/?s={search_term_string}\"},\"query-input\":\"required name=search_term_string\"}],\"inLanguage\":\"nl-NL\"},{\"@type\":\"Organization\",\"@id\":\"https:\/\/nordicdesignshop.lu\/nl\/#organization\",\"name\":\"Nordic Design Shop\",\"url\":\"https:\/\/nordicdesignshop.lu\/nl\/\",\"logo\":{\"@type\":\"ImageObject\",\"inLanguage\":\"nl-NL\",\"@id\":\"https:\/\/nordicdesignshop.lu\/nl\/#\/schema\/logo\/image\/\",\"url\":\"https:\/\/nordicdesignshop.lu\/wp-content\/uploads\/2021\/03\/cropped-Sans-titre-1.jpg\",\"contentUrl\":\"https:\/\/nordicdesignshop.lu\/wp-content\/uploads\/2021\/03\/cropped-Sans-titre-1.jpg\",\"width\":512,\"height\":512,\"caption\":\"Nordic Design Shop\"},\"image\":{\"@id\":\"https:\/\/nordicdesignshop.lu\/nl\/#\/schema\/logo\/image\/\"},\"sameAs\":[\"https:\/\/www.facebook.com\/NordicDesignShop\/\",\"https:\/\/www.instagram.com\/Nordic_designshop\/\",\"https:\/\/www.linkedin.com\/company\/nordic-design-shop\/\",\"https:\/\/www.youtube.com\/channel\/UCujh54MhpwQ2rXYscjfdN5Q\"]}]}<\/script>\n<!-- \/ Yoast SEO plugin. -->","yoast_head_json":{"title":"Time Magazine beloont het converteerbare Tablebed - Nordic Design Shop","description":"Het converteerbare Tablebed is bekroond door Time Magazine. Een nieuw type Scandinavisch meubilair is verkrijgbaar bij Nordic Design Shop.","robots":{"index":"index","follow":"follow","max-snippet":"max-snippet:-1","max-image-preview":"max-image-preview:large","max-video-preview":"max-video-preview:-1"},"canonical":"https:\/\/nordicdesignshop.lu\/nl\/blog\/time-magazine-bekroond-tablebed-uitvinding-met-een-award\/","og_locale":"nl_NL","og_type":"article","og_title":"Time Magazine beloont het converteerbare Tablebed - Nordic Design Shop","og_description":"Het converteerbare Tablebed is bekroond door Time Magazine. Een nieuw type Scandinavisch meubilair is verkrijgbaar bij Nordic Design Shop.","og_url":"https:\/\/nordicdesignshop.lu\/nl\/blog\/time-magazine-bekroond-tablebed-uitvinding-met-een-award\/","og_site_name":"Nordic Design Shop","article_publisher":"https:\/\/www.facebook.com\/NordicDesignShop\/","article_modified_time":"2022-02-28T14:41:13+00:00","og_image":[{"width":512,"height":512,"url":"https:\/\/nordicdesignshop.lu\/wp-content\/uploads\/2021\/03\/cropped-Sans-titre-1.jpg","type":"image\/jpeg"}],"twitter_card":"summary_large_image","twitter_misc":{"Geschatte leestijd":"2 minuten"},"schema":{"@context":"https:\/\/schema.org","@graph":[{"@type":"WebPage","@id":"https:\/\/nordicdesignshop.lu\/nl\/blog\/time-magazine-bekroond-tablebed-uitvinding-met-een-award\/","url":"https:\/\/nordicdesignshop.lu\/nl\/blog\/time-magazine-bekroond-tablebed-uitvinding-met-een-award\/","name":"Time Magazine beloont het converteerbare Tablebed - Nordic Design Shop","isPartOf":{"@id":"https:\/\/nordicdesignshop.lu\/nl\/#website"},"datePublished":"2022-01-11T13:09:26+00:00","dateModified":"2022-02-28T14:41:13+00:00","description":"Het converteerbare Tablebed is bekroond door Time Magazine. Een nieuw type Scandinavisch meubilair is verkrijgbaar bij Nordic Design Shop.","breadcrumb":{"@id":"https:\/\/nordicdesignshop.lu\/nl\/blog\/time-magazine-bekroond-tablebed-uitvinding-met-een-award\/#breadcrumb"},"inLanguage":"nl-NL","potentialAction":[{"@type":"ReadAction","target":["https:\/\/nordicdesignshop.lu\/nl\/blog\/time-magazine-bekroond-tablebed-uitvinding-met-een-award\/"]}]},{"@type":"BreadcrumbList","@id":"https:\/\/nordicdesignshop.lu\/nl\/blog\/time-magazine-bekroond-tablebed-uitvinding-met-een-award\/#breadcrumb","itemListElement":[{"@type":"ListItem","position":1,"name":"Accueil","item":"https:\/\/nordicdesignshop.lu\/nl\/"},{"@type":"ListItem","position":2,"name":"Blog","item":"https:\/\/nordicdesignshop.lu\/nl\/blog\/"},{"@type":"ListItem","position":3,"name":"Time Magazine bekroond Tablebed uitvinding met een award"}]},{"@type":"WebSite","@id":"https:\/\/nordicdesignshop.lu\/nl\/#website","url":"https:\/\/nordicdesignshop.lu\/nl\/","name":"Nordic Design Shop","description":"Drop | Jacuzzi | Spa","publisher":{"@id":"https:\/\/nordicdesignshop.lu\/nl\/#organization"},"potentialAction":[{"@type":"SearchAction","target":{"@type":"EntryPoint","urlTemplate":"https:\/\/nordicdesignshop.lu\/nl\/?s={search_term_string}"},"query-input":"required name=search_term_string"}],"inLanguage":"nl-NL"},{"@type":"Organization","@id":"https:\/\/nordicdesignshop.lu\/nl\/#organization","name":"Nordic Design Shop","url":"https:\/\/nordicdesignshop.lu\/nl\/","logo":{"@type":"ImageObject","inLanguage":"nl-NL","@id":"https:\/\/nordicdesignshop.lu\/nl\/#\/schema\/logo\/image\/","url":"https:\/\/nordicdesignshop.lu\/wp-content\/uploads\/2021\/03\/cropped-Sans-titre-1.jpg","contentUrl":"https:\/\/nordicdesignshop.lu\/wp-content\/uploads\/2021\/03\/cropped-Sans-titre-1.jpg","width":512,"height":512,"caption":"Nordic Design Shop"},"image":{"@id":"https:\/\/nordicdesignshop.lu\/nl\/#\/schema\/logo\/image\/"},"sameAs":["https:\/\/www.facebook.com\/NordicDesignShop\/","https:\/\/www.instagram.com\/Nordic_designshop\/","https:\/\/www.linkedin.com\/company\/nordic-design-shop\/","https:\/\/www.youtube.com\/channel\/UCujh54MhpwQ2rXYscjfdN5Q"]}]}},"_links":{"self":[{"href":"https:\/\/nordicdesignshop.lu\/nl\/wp-json\/wp\/v2\/pages\/7992","targetHints":{"allow":["GET"]}}],"collection":[{"href":"https:\/\/nordicdesignshop.lu\/nl\/wp-json\/wp\/v2\/pages"}],"about":[{"href":"https:\/\/nordicdesignshop.lu\/nl\/wp-json\/wp\/v2\/types\/page"}],"author":[{"embeddable":true,"href":"https:\/\/nordicdesignshop.lu\/nl\/wp-json\/wp\/v2\/users\/3"}],"replies":[{"embeddable":true,"href":"https:\/\/nordicdesignshop.lu\/nl\/wp-json\/wp\/v2\/comments?post=7992"}],"version-history":[{"count":4,"href":"https:\/\/nordicdesignshop.lu\/nl\/wp-json\/wp\/v2\/pages\/7992\/revisions"}],"predecessor-version":[{"id":8955,"href":"https:\/\/nordicdesignshop.lu\/nl\/wp-json\/wp\/v2\/pages\/7992\/revisions\/8955"}],"up":[{"embeddable":true,"href":"https:\/\/nordicdesignshop.lu\/nl\/wp-json\/wp\/v2\/pages\/7995"}],"wp:attachment":[{"href":"https:\/\/nordicdesignshop.lu\/nl\/wp-json\/wp\/v2\/media?parent=7992"}],"curies":[{"name":"wp","href":"https:\/\/api.w.org\/{rel}","templated":true}]}}