{"id":1849,"date":"2021-02-12T09:42:52","date_gmt":"2021-02-12T08:42:52","guid":{"rendered":"http:\/\/nordicdesignshop.be\/shop\/uncategorized\/deer-shelf-oak\/"},"modified":"2022-01-03T13:57:57","modified_gmt":"2022-01-03T12:57:57","slug":"deer-shelf-oak","status":"publish","type":"product","link":"https:\/\/nordicdesignshop.lu\/en\/shop\/home-design\/deer-shelf-oak\/","title":{"rendered":"decorative oak wall shelf"},"content":{"rendered":"<div class=\"row\"  id=\"row-1812154875\">\n\n\t<div id=\"col-21139450\" class=\"col small-12 large-12\"  >\n\t\t\t\t<div class=\"col-inner\"  >\n\t\t\t\n\t\t\t\n<h3 class=\"uppercase\">When Nordic <em>home design<\/em> comes to Luxembourg<\/h3>\n<p align=\"justify\">Created by Lucien Douwes and Matias M\u00e4enp\u00e4\u00e4, Nordic Design Shop (or NDS) offers the most beautiful Nordic creations in Luxembourg, Germany, Belgium, France and the Netherlands.<\/p>\n<p align=\"justify\">The interiors get rid of the superfluous to optimize spaces and play with light. Nothing is too much: furniture becomes an integral part of interior design, combining practicality with aesthetics.<\/p>\n\t\t<\/div>\n\t\t\t\t\t<\/div>\n\n\t\n<\/div>\n<div class=\"row\"  id=\"row-1374016433\">\n\n\t<div id=\"col-1746422457\" class=\"col small-12 large-12\"  >\n\t\t\t\t<div class=\"col-inner\"  >\n\t\t\t\n\t\t\t\n<h3 class=\"uppercase\">Deer Shelf in oak : a Finnish-inspired wall shelf<\/h3>\n<p align=\"justify\">The Deer Shelf Oak Wall Shelf is no exception. Thanks to its Nordic charm, it is an eye-catcher that will not leave you indifferent.<\/p>\n<p align=\"justify\">Its geometric shapes are reminiscent of the deer moving in the wilderness. Each box that makes up this design and modern piece of furniture is ready to receive everyday objects, for storage in the entrance or living room.<\/p>\n<p align=\"justify\">Attached to a wall, or placed directly on the ground, the solid oak that composes it evokes the forest that surrounds it, while allowing it to integrate into any interior decoration.<\/p>\n\t\t<\/div>\n\t\t\t\t\t<\/div>\n\n\t\n<\/div>\n<div class=\"row\"  id=\"row-434839888\">\n\n\t<div id=\"col-1618520703\" class=\"col small-12 large-12\"  >\n\t\t\t\t<div class=\"col-inner\"  >\n\t\t\t\n\t\t\t\n<h3 class=\"uppercase\">From manufacture to reception of this designer piece of furniture<\/h3>\n<p align=\"justify\">Designed in Finland by the BEdesign brand, each piece is made upon receipt of the order: please allow 3 to 4 weeks for the manufacture of your shelf, calculated from the day your order was processed. Allow 2 to 14 business days for delivery.<\/p>\n<p align=\"justify\">Characterized by its own serial number, your shelf will be accompanied by a certificate of authenticity.<\/p>\n<p align=\"justify\">Supplied with universal screws, it is advisable to check the type of wall in your home in order to buy the most suitable tools.<\/p>\n\t\t<\/div>\n\t\t\t\t\t<\/div>\n\n\t\n<\/div>\n","protected":false},"excerpt":{"rendered":"<p align=\"justify\">Bring the Finnish forest home? It is now possible, thanks to the <strong>Deer Shelf in oak<\/strong> which adapts to any interior! Elegant, refined and wild, this deer invites you to rediscover your own personal space &#8230;<\/p>\n<div class=\"row\"  id=\"row-446096257\">\n\n\t<div id=\"col-767759247\" class=\"col medium-1\/2 large-6\"  >\n\t\t\t\t<div class=\"col-inner\"  >\n\t\t\t\n\t\t\t\n<img loading=\"lazy\" decoding=\"async\" class=\"alignnone wp-image-829\" src=\"https:\/\/nordicdesignshop.lu\/wp-content\/uploads\/2021\/08\/Logo-BEDESIGN-1.jpg\" alt=\"\" width=\"160\" height=\"113\" \/><\/p>\n\t\t<\/div>\n\t\t\t\t\t<\/div>\n\n\t\n\n\t<div id=\"col-2042856133\" class=\"col medium-1\/2 large-6\"  >\n\t\t\t\t<div class=\"col-inner\"  >\n\t\t\t\n\t\t\t\n<img loading=\"lazy\" decoding=\"async\" class=\"alignnone wp-image-829\" src=\"https:\/\/nordicdesignshop.lu\/wp-content\/uploads\/2021\/12\/Icone-livraison-offerte-EN.png\" alt=\"\" width=\"160\" height=\"113\" \/><\/p>\n\t\t<\/div>\n\t\t\t\t\t<\/div>\n\n\t\n<\/div>\n","protected":false},"featured_media":7623,"template":"","meta":{"content-type":""},"product_cat":[110],"product_tag":[],"class_list":{"0":"post-1849","1":"product","2":"type-product","3":"status-publish","4":"has-post-thumbnail","6":"product_cat-home-design","8":"first","9":"instock","10":"shipping-taxable","11":"purchasable","12":"product-type-simple"},"yoast_head":"<!-- This site is optimized with the Yoast SEO plugin v23.1 - https:\/\/yoast.com\/wordpress\/plugins\/seo\/ -->\n<title>decorative oak wall shelf | Nordic Design Shop<\/title>\n<meta name=\"description\" content=\"The Deer Shelf in oak is a wall shelf inspired by the Nordic deer. Order this piece of furniture now on Nordic Design Shop !\" \/>\n<meta name=\"robots\" content=\"index, follow, max-snippet:-1, max-image-preview:large, max-video-preview:-1\" \/>\n<link rel=\"canonical\" href=\"https:\/\/nordicdesignshop.lu\/en\/shop\/home-design\/deer-shelf-oak\/\" \/>\n<meta property=\"og:locale\" content=\"en_US\" \/>\n<meta property=\"og:type\" content=\"article\" \/>\n<meta property=\"og:title\" content=\"decorative oak wall shelf | Nordic Design Shop\" \/>\n<meta property=\"og:description\" content=\"The Deer Shelf in oak is a wall shelf inspired by the Nordic deer. Order this piece of furniture now on Nordic Design Shop !\" \/>\n<meta property=\"og:url\" content=\"https:\/\/nordicdesignshop.lu\/en\/shop\/home-design\/deer-shelf-oak\/\" \/>\n<meta property=\"og:site_name\" content=\"Nordic Design Shop\" \/>\n<meta property=\"article:publisher\" content=\"https:\/\/www.facebook.com\/NordicDesignShop\/\" \/>\n<meta property=\"article:modified_time\" content=\"2022-01-03T12:57:57+00:00\" \/>\n<meta property=\"og:image\" content=\"https:\/\/nordicdesignshop.lu\/wp-content\/uploads\/2021\/02\/Nordic-design-shop-etagere-murale-cerf-1.webp\" \/>\n\t<meta property=\"og:image:width\" content=\"1024\" \/>\n\t<meta property=\"og:image:height\" content=\"1024\" \/>\n\t<meta property=\"og:image:type\" content=\"image\/webp\" \/>\n<meta name=\"twitter:card\" content=\"summary_large_image\" \/>\n<meta name=\"twitter:label1\" content=\"Est. reading time\" \/>\n\t<meta name=\"twitter:data1\" content=\"2 minutes\" \/>\n<script type=\"application\/ld+json\" class=\"yoast-schema-graph\">{\"@context\":\"https:\/\/schema.org\",\"@graph\":[{\"@type\":\"WebPage\",\"@id\":\"https:\/\/nordicdesignshop.lu\/en\/shop\/home-design\/deer-shelf-oak\/\",\"url\":\"https:\/\/nordicdesignshop.lu\/en\/shop\/home-design\/deer-shelf-oak\/\",\"name\":\"decorative oak wall shelf | Nordic Design Shop\",\"isPartOf\":{\"@id\":\"https:\/\/nordicdesignshop.lu\/en\/#website\"},\"primaryImageOfPage\":{\"@id\":\"https:\/\/nordicdesignshop.lu\/en\/shop\/home-design\/deer-shelf-oak\/#primaryimage\"},\"image\":{\"@id\":\"https:\/\/nordicdesignshop.lu\/en\/shop\/home-design\/deer-shelf-oak\/#primaryimage\"},\"thumbnailUrl\":\"https:\/\/nordicdesignshop.lu\/wp-content\/uploads\/2021\/02\/Nordic-design-shop-etagere-murale-cerf-1.webp\",\"datePublished\":\"2021-02-12T08:42:52+00:00\",\"dateModified\":\"2022-01-03T12:57:57+00:00\",\"description\":\"The Deer Shelf in oak is a wall shelf inspired by the Nordic deer. Order this piece of furniture now on Nordic Design Shop !\",\"breadcrumb\":{\"@id\":\"https:\/\/nordicdesignshop.lu\/en\/shop\/home-design\/deer-shelf-oak\/#breadcrumb\"},\"inLanguage\":\"en-US\",\"potentialAction\":[{\"@type\":\"ReadAction\",\"target\":[\"https:\/\/nordicdesignshop.lu\/en\/shop\/home-design\/deer-shelf-oak\/\"]}]},{\"@type\":\"ImageObject\",\"inLanguage\":\"en-US\",\"@id\":\"https:\/\/nordicdesignshop.lu\/en\/shop\/home-design\/deer-shelf-oak\/#primaryimage\",\"url\":\"https:\/\/nordicdesignshop.lu\/wp-content\/uploads\/2021\/02\/Nordic-design-shop-etagere-murale-cerf-1.webp\",\"contentUrl\":\"https:\/\/nordicdesignshop.lu\/wp-content\/uploads\/2021\/02\/Nordic-design-shop-etagere-murale-cerf-1.webp\",\"width\":1024,\"height\":1024,\"caption\":\"D\u00e9coration murale - Etag\u00e8re en ch\u00eane\"},{\"@type\":\"BreadcrumbList\",\"@id\":\"https:\/\/nordicdesignshop.lu\/en\/shop\/home-design\/deer-shelf-oak\/#breadcrumb\",\"itemListElement\":[{\"@type\":\"ListItem\",\"position\":1,\"name\":\"Accueil\",\"item\":\"https:\/\/nordicdesignshop.lu\/en\/\"},{\"@type\":\"ListItem\",\"position\":2,\"name\":\"Store\",\"item\":\"https:\/\/nordicdesignshop.lu\/en\/shop-2\/\"},{\"@type\":\"ListItem\",\"position\":3,\"name\":\"decorative oak wall shelf\"}]},{\"@type\":\"WebSite\",\"@id\":\"https:\/\/nordicdesignshop.lu\/en\/#website\",\"url\":\"https:\/\/nordicdesignshop.lu\/en\/\",\"name\":\"Nordic Design Shop\",\"description\":\"Drop | Jacuzzi | Spa\",\"publisher\":{\"@id\":\"https:\/\/nordicdesignshop.lu\/en\/#organization\"},\"potentialAction\":[{\"@type\":\"SearchAction\",\"target\":{\"@type\":\"EntryPoint\",\"urlTemplate\":\"https:\/\/nordicdesignshop.lu\/en\/?s={search_term_string}\"},\"query-input\":\"required name=search_term_string\"}],\"inLanguage\":\"en-US\"},{\"@type\":\"Organization\",\"@id\":\"https:\/\/nordicdesignshop.lu\/en\/#organization\",\"name\":\"Nordic Design Shop\",\"url\":\"https:\/\/nordicdesignshop.lu\/en\/\",\"logo\":{\"@type\":\"ImageObject\",\"inLanguage\":\"en-US\",\"@id\":\"https:\/\/nordicdesignshop.lu\/en\/#\/schema\/logo\/image\/\",\"url\":\"https:\/\/nordicdesignshop.lu\/wp-content\/uploads\/2021\/03\/cropped-Sans-titre-1.jpg\",\"contentUrl\":\"https:\/\/nordicdesignshop.lu\/wp-content\/uploads\/2021\/03\/cropped-Sans-titre-1.jpg\",\"width\":512,\"height\":512,\"caption\":\"Nordic Design Shop\"},\"image\":{\"@id\":\"https:\/\/nordicdesignshop.lu\/en\/#\/schema\/logo\/image\/\"},\"sameAs\":[\"https:\/\/www.facebook.com\/NordicDesignShop\/\",\"https:\/\/www.instagram.com\/Nordic_designshop\/\",\"https:\/\/www.linkedin.com\/company\/nordic-design-shop\/\",\"https:\/\/www.youtube.com\/channel\/UCujh54MhpwQ2rXYscjfdN5Q\"]}]}<\/script>\n<!-- \/ Yoast SEO plugin. -->","yoast_head_json":{"title":"decorative oak wall shelf | Nordic Design Shop","description":"The Deer Shelf in oak is a wall shelf inspired by the Nordic deer. Order this piece of furniture now on Nordic Design Shop !","robots":{"index":"index","follow":"follow","max-snippet":"max-snippet:-1","max-image-preview":"max-image-preview:large","max-video-preview":"max-video-preview:-1"},"canonical":"https:\/\/nordicdesignshop.lu\/en\/shop\/home-design\/deer-shelf-oak\/","og_locale":"en_US","og_type":"article","og_title":"decorative oak wall shelf | Nordic Design Shop","og_description":"The Deer Shelf in oak is a wall shelf inspired by the Nordic deer. Order this piece of furniture now on Nordic Design Shop !","og_url":"https:\/\/nordicdesignshop.lu\/en\/shop\/home-design\/deer-shelf-oak\/","og_site_name":"Nordic Design Shop","article_publisher":"https:\/\/www.facebook.com\/NordicDesignShop\/","article_modified_time":"2022-01-03T12:57:57+00:00","og_image":[{"width":1024,"height":1024,"url":"https:\/\/nordicdesignshop.lu\/wp-content\/uploads\/2021\/02\/Nordic-design-shop-etagere-murale-cerf-1.webp","type":"image\/webp"}],"twitter_card":"summary_large_image","twitter_misc":{"Est. reading time":"2 minutes"},"schema":{"@context":"https:\/\/schema.org","@graph":[{"@type":"WebPage","@id":"https:\/\/nordicdesignshop.lu\/en\/shop\/home-design\/deer-shelf-oak\/","url":"https:\/\/nordicdesignshop.lu\/en\/shop\/home-design\/deer-shelf-oak\/","name":"decorative oak wall shelf | Nordic Design Shop","isPartOf":{"@id":"https:\/\/nordicdesignshop.lu\/en\/#website"},"primaryImageOfPage":{"@id":"https:\/\/nordicdesignshop.lu\/en\/shop\/home-design\/deer-shelf-oak\/#primaryimage"},"image":{"@id":"https:\/\/nordicdesignshop.lu\/en\/shop\/home-design\/deer-shelf-oak\/#primaryimage"},"thumbnailUrl":"https:\/\/nordicdesignshop.lu\/wp-content\/uploads\/2021\/02\/Nordic-design-shop-etagere-murale-cerf-1.webp","datePublished":"2021-02-12T08:42:52+00:00","dateModified":"2022-01-03T12:57:57+00:00","description":"The Deer Shelf in oak is a wall shelf inspired by the Nordic deer. Order this piece of furniture now on Nordic Design Shop !","breadcrumb":{"@id":"https:\/\/nordicdesignshop.lu\/en\/shop\/home-design\/deer-shelf-oak\/#breadcrumb"},"inLanguage":"en-US","potentialAction":[{"@type":"ReadAction","target":["https:\/\/nordicdesignshop.lu\/en\/shop\/home-design\/deer-shelf-oak\/"]}]},{"@type":"ImageObject","inLanguage":"en-US","@id":"https:\/\/nordicdesignshop.lu\/en\/shop\/home-design\/deer-shelf-oak\/#primaryimage","url":"https:\/\/nordicdesignshop.lu\/wp-content\/uploads\/2021\/02\/Nordic-design-shop-etagere-murale-cerf-1.webp","contentUrl":"https:\/\/nordicdesignshop.lu\/wp-content\/uploads\/2021\/02\/Nordic-design-shop-etagere-murale-cerf-1.webp","width":1024,"height":1024,"caption":"D\u00e9coration murale - Etag\u00e8re en ch\u00eane"},{"@type":"BreadcrumbList","@id":"https:\/\/nordicdesignshop.lu\/en\/shop\/home-design\/deer-shelf-oak\/#breadcrumb","itemListElement":[{"@type":"ListItem","position":1,"name":"Accueil","item":"https:\/\/nordicdesignshop.lu\/en\/"},{"@type":"ListItem","position":2,"name":"Store","item":"https:\/\/nordicdesignshop.lu\/en\/shop-2\/"},{"@type":"ListItem","position":3,"name":"decorative oak wall shelf"}]},{"@type":"WebSite","@id":"https:\/\/nordicdesignshop.lu\/en\/#website","url":"https:\/\/nordicdesignshop.lu\/en\/","name":"Nordic Design Shop","description":"Drop | Jacuzzi | Spa","publisher":{"@id":"https:\/\/nordicdesignshop.lu\/en\/#organization"},"potentialAction":[{"@type":"SearchAction","target":{"@type":"EntryPoint","urlTemplate":"https:\/\/nordicdesignshop.lu\/en\/?s={search_term_string}"},"query-input":"required name=search_term_string"}],"inLanguage":"en-US"},{"@type":"Organization","@id":"https:\/\/nordicdesignshop.lu\/en\/#organization","name":"Nordic Design Shop","url":"https:\/\/nordicdesignshop.lu\/en\/","logo":{"@type":"ImageObject","inLanguage":"en-US","@id":"https:\/\/nordicdesignshop.lu\/en\/#\/schema\/logo\/image\/","url":"https:\/\/nordicdesignshop.lu\/wp-content\/uploads\/2021\/03\/cropped-Sans-titre-1.jpg","contentUrl":"https:\/\/nordicdesignshop.lu\/wp-content\/uploads\/2021\/03\/cropped-Sans-titre-1.jpg","width":512,"height":512,"caption":"Nordic Design Shop"},"image":{"@id":"https:\/\/nordicdesignshop.lu\/en\/#\/schema\/logo\/image\/"},"sameAs":["https:\/\/www.facebook.com\/NordicDesignShop\/","https:\/\/www.instagram.com\/Nordic_designshop\/","https:\/\/www.linkedin.com\/company\/nordic-design-shop\/","https:\/\/www.youtube.com\/channel\/UCujh54MhpwQ2rXYscjfdN5Q"]}]}},"_links":{"self":[{"href":"https:\/\/nordicdesignshop.lu\/en\/wp-json\/wp\/v2\/product\/1849","targetHints":{"allow":["GET"]}}],"collection":[{"href":"https:\/\/nordicdesignshop.lu\/en\/wp-json\/wp\/v2\/product"}],"about":[{"href":"https:\/\/nordicdesignshop.lu\/en\/wp-json\/wp\/v2\/types\/product"}],"wp:featuredmedia":[{"embeddable":true,"href":"https:\/\/nordicdesignshop.lu\/en\/wp-json\/wp\/v2\/media\/7623"}],"wp:attachment":[{"href":"https:\/\/nordicdesignshop.lu\/en\/wp-json\/wp\/v2\/media?parent=1849"}],"wp:term":[{"taxonomy":"product_cat","embeddable":true,"href":"https:\/\/nordicdesignshop.lu\/en\/wp-json\/wp\/v2\/product_cat?post=1849"},{"taxonomy":"product_tag","embeddable":true,"href":"https:\/\/nordicdesignshop.lu\/en\/wp-json\/wp\/v2\/product_tag?post=1849"}],"curies":[{"name":"wp","href":"https:\/\/api.w.org\/{rel}","templated":true}]}}