{"id":1848,"date":"2021-02-12T11:19:56","date_gmt":"2021-02-12T10:19:56","guid":{"rendered":"http:\/\/nordicdesignshop.be\/shop\/uncategorized\/deer-shelf-metal-charcoal-black\/"},"modified":"2022-01-03T13:55:00","modified_gmt":"2022-01-03T12:55:00","slug":"deer-shelf-metal","status":"publish","type":"product","link":"https:\/\/nordicdesignshop.lu\/en\/shop\/home-design\/deer-shelf-metal\/","title":{"rendered":"decorative metal wall shelf"},"content":{"rendered":"<div class=\"row\"  id=\"row-52257636\">\n\n\t<div id=\"col-359132440\" class=\"col small-12 large-12\"  >\n\t\t\t\t<div class=\"col-inner\"  >\n\t\t\t\n\t\t\t\n<h3 class=\"uppercase\">Deer shelf in metal for a Nordic decoration<\/h3>\n<p align=\"justify\">The Deer Shelf in metal is a deer head shaped wall shelf that can be attached to a wall as well as placed directly on the floor. Created by the Eklund sisters and at the origin of the Finnish brand BEdesign, this storage unit gracefully diverts the hunting trophy to make it an aesthetic and contemporary wall decoration.<\/p>\n<p align=\"justify\">Decorative objects, keys, wallet, mail, books and magazines &#8230; everything is stored in the multiple small lockers that compose it.<\/p>\n\t\t<\/div>\n\t\t\t\t\t<\/div>\n\n\t\n<\/div>\n<div class=\"row\"  id=\"row-2018480177\">\n\n\t<div id=\"col-1297133013\" class=\"col small-12 large-12\"  >\n\t\t\t\t<div class=\"col-inner\"  >\n\t\t\t\n\t\t\t\n<h3 class=\"uppercase\">Nordic <em>home design<\/em> at Nordic Design Shop<\/h3>\n<p align=\"justify\">At Nordic Design Shop, we offer designer furniture that adapts to all types of interiors, and more particularly those of Nordic inspiration.<br \/>\nThat is why we offer many types of furniture for an elegant and refined decoration.<\/p>\n<p align=\"justify\">The Deer Shelf in metal is one of its centerpieces: its color imbues the room with a refined atmosphere, while its geometric shapes bring a new touch of sophistication to your interior.<\/p>\n\t\t<\/div>\n\t\t\t\t\t<\/div>\n\n\t\n<\/div>\n<div class=\"row\"  id=\"row-1958197992\">\n\n\t<div id=\"col-1632492734\" class=\"col small-12 large-12\"  >\n\t\t\t\t<div class=\"col-inner\"  >\n\t\t\t\n\t\t\t\n<h3 class=\"uppercase\">From wilderness to urban nature<\/h3>\n<p align=\"justify\">Inspired by the wild deer, this shelf is an eye-catcher, allowing you to showcase your favorite items. Designed and handcrafted in Finland, it comes with universal screws so it can be mounted on stone walls. However, we recommend that you use the screws that are most appropriate for your partition or wall.<\/p>\n<p align=\"justify\">Made of powder-coated steel, the floor stability of this console can be reinforced by means of a fixing.<\/p>\n<p align=\"justify\">For its manufacture, between 3 and 4 weeks are necessary from the time your order is processed. Delivery requires an additional 2-14 business days.<\/p>\n<p align=\"justify\">Marked with a serial number, your shelf is always accompanied by a certificate of authenticity.<\/p>\n\t\t<\/div>\n\t\t\t\t\t<\/div>\n\n\t\n<\/div>\n","protected":false},"excerpt":{"rendered":"<p align=\"justify\">At Nordic Design Shop, we are committed to offering the most beautiful pieces of decoration. For an interior with a Nordic design, elegance and minimalism are essential. This is why the geometric <strong>Deer Shelf in metal<\/strong> is inspired by the wild deer. Add a touch of nature to your urban interior!<\/p>\n<div class=\"row\"  id=\"row-826460489\">\n\n\t<div id=\"col-222435301\" class=\"col medium-1\/2 large-6\"  >\n\t\t\t\t<div class=\"col-inner\"  >\n\t\t\t\n\t\t\t\n<img loading=\"lazy\" decoding=\"async\" class=\"alignnone wp-image-829\" src=\"https:\/\/nordicdesignshop.lu\/wp-content\/uploads\/2021\/08\/Logo-BEDESIGN-1.jpg\" alt=\"\" width=\"160\" height=\"113\" \/><\/p>\n\t\t<\/div>\n\t\t\t\t\t<\/div>\n\n\t\n\n\t<div id=\"col-1693525250\" class=\"col medium-1\/2 large-6\"  >\n\t\t\t\t<div class=\"col-inner\"  >\n\t\t\t\n\t\t\t\n<img loading=\"lazy\" decoding=\"async\" class=\"alignnone wp-image-829\" src=\"https:\/\/nordicdesignshop.lu\/wp-content\/uploads\/2021\/12\/Icone-livraison-offerte-EN.png\" alt=\"\" width=\"160\" height=\"113\" \/><\/p>\n\t\t<\/div>\n\t\t\t\t\t<\/div>\n\n\t\n<\/div>\n","protected":false},"featured_media":7641,"template":"","meta":{"content-type":""},"product_cat":[110],"product_tag":[],"class_list":{"0":"post-1848","1":"product","2":"type-product","3":"status-publish","4":"has-post-thumbnail","6":"product_cat-home-design","8":"first","9":"instock","10":"shipping-taxable","11":"purchasable","12":"product-type-variable"},"yoast_head":"<!-- This site is optimized with the Yoast SEO plugin v23.1 - https:\/\/yoast.com\/wordpress\/plugins\/seo\/ -->\n<title>decorative metal wall shelf | Nordic Design Shop<\/title>\n<meta name=\"description\" content=\"The Deer Shelf wall shelf in metal fits into a design and Nordic interior. Order it online at Nordic Design Shop !\" \/>\n<meta name=\"robots\" content=\"index, follow, max-snippet:-1, max-image-preview:large, max-video-preview:-1\" \/>\n<link rel=\"canonical\" href=\"https:\/\/nordicdesignshop.lu\/en\/shop\/home-design\/deer-shelf-metal\/\" \/>\n<meta property=\"og:locale\" content=\"en_US\" \/>\n<meta property=\"og:type\" content=\"article\" \/>\n<meta property=\"og:title\" content=\"decorative metal wall shelf | Nordic Design Shop\" \/>\n<meta property=\"og:description\" content=\"The Deer Shelf wall shelf in metal fits into a design and Nordic interior. Order it online at Nordic Design Shop !\" \/>\n<meta property=\"og:url\" content=\"https:\/\/nordicdesignshop.lu\/en\/shop\/home-design\/deer-shelf-metal\/\" \/>\n<meta property=\"og:site_name\" content=\"Nordic Design Shop\" \/>\n<meta property=\"article:publisher\" content=\"https:\/\/www.facebook.com\/NordicDesignShop\/\" \/>\n<meta property=\"article:modified_time\" content=\"2022-01-03T12:55:00+00:00\" \/>\n<meta property=\"og:image\" content=\"https:\/\/nordicdesignshop.lu\/wp-content\/uploads\/2021\/02\/Nordic-design-shop-deer-shelf-etagere-metal-noir.webp\" \/>\n\t<meta property=\"og:image:width\" content=\"1024\" \/>\n\t<meta property=\"og:image:height\" content=\"1024\" \/>\n\t<meta property=\"og:image:type\" content=\"image\/webp\" \/>\n<meta name=\"twitter:card\" content=\"summary_large_image\" \/>\n<meta name=\"twitter:label1\" content=\"Est. reading time\" \/>\n\t<meta name=\"twitter:data1\" content=\"2 minutes\" \/>\n<script type=\"application\/ld+json\" class=\"yoast-schema-graph\">{\"@context\":\"https:\/\/schema.org\",\"@graph\":[{\"@type\":\"WebPage\",\"@id\":\"https:\/\/nordicdesignshop.lu\/en\/shop\/home-design\/deer-shelf-metal\/\",\"url\":\"https:\/\/nordicdesignshop.lu\/en\/shop\/home-design\/deer-shelf-metal\/\",\"name\":\"decorative metal wall shelf | Nordic Design Shop\",\"isPartOf\":{\"@id\":\"https:\/\/nordicdesignshop.lu\/en\/#website\"},\"primaryImageOfPage\":{\"@id\":\"https:\/\/nordicdesignshop.lu\/en\/shop\/home-design\/deer-shelf-metal\/#primaryimage\"},\"image\":{\"@id\":\"https:\/\/nordicdesignshop.lu\/en\/shop\/home-design\/deer-shelf-metal\/#primaryimage\"},\"thumbnailUrl\":\"https:\/\/nordicdesignshop.lu\/wp-content\/uploads\/2021\/02\/Nordic-design-shop-deer-shelf-etagere-metal-noir.webp\",\"datePublished\":\"2021-02-12T10:19:56+00:00\",\"dateModified\":\"2022-01-03T12:55:00+00:00\",\"description\":\"The Deer Shelf wall shelf in metal fits into a design and Nordic interior. Order it online at Nordic Design Shop !\",\"breadcrumb\":{\"@id\":\"https:\/\/nordicdesignshop.lu\/en\/shop\/home-design\/deer-shelf-metal\/#breadcrumb\"},\"inLanguage\":\"en-US\",\"potentialAction\":[{\"@type\":\"ReadAction\",\"target\":[\"https:\/\/nordicdesignshop.lu\/en\/shop\/home-design\/deer-shelf-metal\/\"]}]},{\"@type\":\"ImageObject\",\"inLanguage\":\"en-US\",\"@id\":\"https:\/\/nordicdesignshop.lu\/en\/shop\/home-design\/deer-shelf-metal\/#primaryimage\",\"url\":\"https:\/\/nordicdesignshop.lu\/wp-content\/uploads\/2021\/02\/Nordic-design-shop-deer-shelf-etagere-metal-noir.webp\",\"contentUrl\":\"https:\/\/nordicdesignshop.lu\/wp-content\/uploads\/2021\/02\/Nordic-design-shop-deer-shelf-etagere-metal-noir.webp\",\"width\":1024,\"height\":1024,\"caption\":\"L'\u00e9tag\u00e8re murale en m\u00e9tal en forme de t\u00eate de cerf est disponible chez Nordic Design Shop\"},{\"@type\":\"BreadcrumbList\",\"@id\":\"https:\/\/nordicdesignshop.lu\/en\/shop\/home-design\/deer-shelf-metal\/#breadcrumb\",\"itemListElement\":[{\"@type\":\"ListItem\",\"position\":1,\"name\":\"Accueil\",\"item\":\"https:\/\/nordicdesignshop.lu\/en\/\"},{\"@type\":\"ListItem\",\"position\":2,\"name\":\"Store\",\"item\":\"https:\/\/nordicdesignshop.lu\/en\/shop-2\/\"},{\"@type\":\"ListItem\",\"position\":3,\"name\":\"decorative metal wall shelf\"}]},{\"@type\":\"WebSite\",\"@id\":\"https:\/\/nordicdesignshop.lu\/en\/#website\",\"url\":\"https:\/\/nordicdesignshop.lu\/en\/\",\"name\":\"Nordic Design Shop\",\"description\":\"Drop | Jacuzzi | Spa\",\"publisher\":{\"@id\":\"https:\/\/nordicdesignshop.lu\/en\/#organization\"},\"potentialAction\":[{\"@type\":\"SearchAction\",\"target\":{\"@type\":\"EntryPoint\",\"urlTemplate\":\"https:\/\/nordicdesignshop.lu\/en\/?s={search_term_string}\"},\"query-input\":\"required name=search_term_string\"}],\"inLanguage\":\"en-US\"},{\"@type\":\"Organization\",\"@id\":\"https:\/\/nordicdesignshop.lu\/en\/#organization\",\"name\":\"Nordic Design Shop\",\"url\":\"https:\/\/nordicdesignshop.lu\/en\/\",\"logo\":{\"@type\":\"ImageObject\",\"inLanguage\":\"en-US\",\"@id\":\"https:\/\/nordicdesignshop.lu\/en\/#\/schema\/logo\/image\/\",\"url\":\"https:\/\/nordicdesignshop.lu\/wp-content\/uploads\/2021\/03\/cropped-Sans-titre-1.jpg\",\"contentUrl\":\"https:\/\/nordicdesignshop.lu\/wp-content\/uploads\/2021\/03\/cropped-Sans-titre-1.jpg\",\"width\":512,\"height\":512,\"caption\":\"Nordic Design Shop\"},\"image\":{\"@id\":\"https:\/\/nordicdesignshop.lu\/en\/#\/schema\/logo\/image\/\"},\"sameAs\":[\"https:\/\/www.facebook.com\/NordicDesignShop\/\",\"https:\/\/www.instagram.com\/Nordic_designshop\/\",\"https:\/\/www.linkedin.com\/company\/nordic-design-shop\/\",\"https:\/\/www.youtube.com\/channel\/UCujh54MhpwQ2rXYscjfdN5Q\"]}]}<\/script>\n<!-- \/ Yoast SEO plugin. -->","yoast_head_json":{"title":"decorative metal wall shelf | Nordic Design Shop","description":"The Deer Shelf wall shelf in metal fits into a design and Nordic interior. Order it online at Nordic Design Shop !","robots":{"index":"index","follow":"follow","max-snippet":"max-snippet:-1","max-image-preview":"max-image-preview:large","max-video-preview":"max-video-preview:-1"},"canonical":"https:\/\/nordicdesignshop.lu\/en\/shop\/home-design\/deer-shelf-metal\/","og_locale":"en_US","og_type":"article","og_title":"decorative metal wall shelf | Nordic Design Shop","og_description":"The Deer Shelf wall shelf in metal fits into a design and Nordic interior. Order it online at Nordic Design Shop !","og_url":"https:\/\/nordicdesignshop.lu\/en\/shop\/home-design\/deer-shelf-metal\/","og_site_name":"Nordic Design Shop","article_publisher":"https:\/\/www.facebook.com\/NordicDesignShop\/","article_modified_time":"2022-01-03T12:55:00+00:00","og_image":[{"width":1024,"height":1024,"url":"https:\/\/nordicdesignshop.lu\/wp-content\/uploads\/2021\/02\/Nordic-design-shop-deer-shelf-etagere-metal-noir.webp","type":"image\/webp"}],"twitter_card":"summary_large_image","twitter_misc":{"Est. reading time":"2 minutes"},"schema":{"@context":"https:\/\/schema.org","@graph":[{"@type":"WebPage","@id":"https:\/\/nordicdesignshop.lu\/en\/shop\/home-design\/deer-shelf-metal\/","url":"https:\/\/nordicdesignshop.lu\/en\/shop\/home-design\/deer-shelf-metal\/","name":"decorative metal wall shelf | Nordic Design Shop","isPartOf":{"@id":"https:\/\/nordicdesignshop.lu\/en\/#website"},"primaryImageOfPage":{"@id":"https:\/\/nordicdesignshop.lu\/en\/shop\/home-design\/deer-shelf-metal\/#primaryimage"},"image":{"@id":"https:\/\/nordicdesignshop.lu\/en\/shop\/home-design\/deer-shelf-metal\/#primaryimage"},"thumbnailUrl":"https:\/\/nordicdesignshop.lu\/wp-content\/uploads\/2021\/02\/Nordic-design-shop-deer-shelf-etagere-metal-noir.webp","datePublished":"2021-02-12T10:19:56+00:00","dateModified":"2022-01-03T12:55:00+00:00","description":"The Deer Shelf wall shelf in metal fits into a design and Nordic interior. Order it online at Nordic Design Shop !","breadcrumb":{"@id":"https:\/\/nordicdesignshop.lu\/en\/shop\/home-design\/deer-shelf-metal\/#breadcrumb"},"inLanguage":"en-US","potentialAction":[{"@type":"ReadAction","target":["https:\/\/nordicdesignshop.lu\/en\/shop\/home-design\/deer-shelf-metal\/"]}]},{"@type":"ImageObject","inLanguage":"en-US","@id":"https:\/\/nordicdesignshop.lu\/en\/shop\/home-design\/deer-shelf-metal\/#primaryimage","url":"https:\/\/nordicdesignshop.lu\/wp-content\/uploads\/2021\/02\/Nordic-design-shop-deer-shelf-etagere-metal-noir.webp","contentUrl":"https:\/\/nordicdesignshop.lu\/wp-content\/uploads\/2021\/02\/Nordic-design-shop-deer-shelf-etagere-metal-noir.webp","width":1024,"height":1024,"caption":"L'\u00e9tag\u00e8re murale en m\u00e9tal en forme de t\u00eate de cerf est disponible chez Nordic Design Shop"},{"@type":"BreadcrumbList","@id":"https:\/\/nordicdesignshop.lu\/en\/shop\/home-design\/deer-shelf-metal\/#breadcrumb","itemListElement":[{"@type":"ListItem","position":1,"name":"Accueil","item":"https:\/\/nordicdesignshop.lu\/en\/"},{"@type":"ListItem","position":2,"name":"Store","item":"https:\/\/nordicdesignshop.lu\/en\/shop-2\/"},{"@type":"ListItem","position":3,"name":"decorative metal wall shelf"}]},{"@type":"WebSite","@id":"https:\/\/nordicdesignshop.lu\/en\/#website","url":"https:\/\/nordicdesignshop.lu\/en\/","name":"Nordic Design Shop","description":"Drop | Jacuzzi | Spa","publisher":{"@id":"https:\/\/nordicdesignshop.lu\/en\/#organization"},"potentialAction":[{"@type":"SearchAction","target":{"@type":"EntryPoint","urlTemplate":"https:\/\/nordicdesignshop.lu\/en\/?s={search_term_string}"},"query-input":"required name=search_term_string"}],"inLanguage":"en-US"},{"@type":"Organization","@id":"https:\/\/nordicdesignshop.lu\/en\/#organization","name":"Nordic Design Shop","url":"https:\/\/nordicdesignshop.lu\/en\/","logo":{"@type":"ImageObject","inLanguage":"en-US","@id":"https:\/\/nordicdesignshop.lu\/en\/#\/schema\/logo\/image\/","url":"https:\/\/nordicdesignshop.lu\/wp-content\/uploads\/2021\/03\/cropped-Sans-titre-1.jpg","contentUrl":"https:\/\/nordicdesignshop.lu\/wp-content\/uploads\/2021\/03\/cropped-Sans-titre-1.jpg","width":512,"height":512,"caption":"Nordic Design Shop"},"image":{"@id":"https:\/\/nordicdesignshop.lu\/en\/#\/schema\/logo\/image\/"},"sameAs":["https:\/\/www.facebook.com\/NordicDesignShop\/","https:\/\/www.instagram.com\/Nordic_designshop\/","https:\/\/www.linkedin.com\/company\/nordic-design-shop\/","https:\/\/www.youtube.com\/channel\/UCujh54MhpwQ2rXYscjfdN5Q"]}]}},"_links":{"self":[{"href":"https:\/\/nordicdesignshop.lu\/en\/wp-json\/wp\/v2\/product\/1848","targetHints":{"allow":["GET"]}}],"collection":[{"href":"https:\/\/nordicdesignshop.lu\/en\/wp-json\/wp\/v2\/product"}],"about":[{"href":"https:\/\/nordicdesignshop.lu\/en\/wp-json\/wp\/v2\/types\/product"}],"wp:featuredmedia":[{"embeddable":true,"href":"https:\/\/nordicdesignshop.lu\/en\/wp-json\/wp\/v2\/media\/7641"}],"wp:attachment":[{"href":"https:\/\/nordicdesignshop.lu\/en\/wp-json\/wp\/v2\/media?parent=1848"}],"wp:term":[{"taxonomy":"product_cat","embeddable":true,"href":"https:\/\/nordicdesignshop.lu\/en\/wp-json\/wp\/v2\/product_cat?post=1848"},{"taxonomy":"product_tag","embeddable":true,"href":"https:\/\/nordicdesignshop.lu\/en\/wp-json\/wp\/v2\/product_tag?post=1848"}],"curies":[{"name":"wp","href":"https:\/\/api.w.org\/{rel}","templated":true}]}}