{"id":1845,"date":"2021-02-12T13:29:04","date_gmt":"2021-02-12T12:29:04","guid":{"rendered":"http:\/\/nordicdesignshop.be\/shop\/uncategorized\/wolf-shelf-white\/"},"modified":"2022-01-03T13:50:22","modified_gmt":"2022-01-03T12:50:22","slug":"wolf-shelf-in-metal","status":"publish","type":"product","link":"https:\/\/nordicdesignshop.lu\/en\/shop\/home-design\/wolf-shelf-in-metal\/","title":{"rendered":"decorative metal wall shelf"},"content":{"rendered":"<div class=\"row\"  id=\"row-65577774\">\n\n\t<div id=\"col-58776339\" class=\"col small-12 large-12\"  >\n\t\t\t\t<div class=\"col-inner\"  >\n\t\t\t\n\t\t\t\n<h3 class=\"uppercase\">Nature in Finnish furniture<\/h3>\n<p align=\"justify\">Made up of 9 boxes, the Wolf Shelf wall shelf in metal is both useful and decorative.<\/p>\n<p align=\"justify\">Coming from northern countries, this designer piece of furniture seems to stand up as if by a miracle, balanced on the tip of its muzzle.<\/p>\n<p align=\"justify\">His erect ears stay alert and watch over what his storage spaces contain. Flying leaves, books, balls of wool and baubles are lodged there as you go, while the wolf stays on the lookout &#8230;<\/p>\n\t\t<\/div>\n\t\t\t\t\t<\/div>\n\n\t\n<\/div>\n<div class=\"row\"  id=\"row-587899968\">\n\n\t<div id=\"col-1544421504\" class=\"col small-12 large-12\"  >\n\t\t\t\t<div class=\"col-inner\"  >\n\t\t\t\n\t\t\t\n<h3 class=\"uppercase\">The Wolf Shelf in metal : a contemporary decoration<\/h3>\n<p align=\"justify\">Inspired by Nordic trends, this shelf adds to the existing furniture by adding a touch of Finnish nature.<\/p>\n<p align=\"justify\">A contemporary interior? A rather traditional decoration? The Wolf Shelf in metal adapts to all styles. It even adds a touch of modernity to it thanks to its very geometric shapes: parallelepipeds, triangles &#8230;<\/p>\n<p align=\"justify\">Its dimensions, meanwhile, allow you to integrate this piece of furniture anywhere in your home :<\/p>\n<p>\u2022 55,5 cm x 62,7 cm x 21,5 cm<br \/>\n\u2022 21,85\u2032 x 24,68\u2032 x 8,46\u2032<\/p>\n<p align=\"justify\">Your <em>home design<\/em> becomes easy to adapt : Nordic decoration facilitates any transformation.<\/p>\n\t\t<\/div>\n\t\t\t\t\t<\/div>\n\n\t\n<\/div>\n<div class=\"row\"  id=\"row-1963346015\">\n\n\t<div id=\"col-1168669538\" class=\"col small-12 large-12\"  >\n\t\t\t\t<div class=\"col-inner\"  >\n\t\t\t\n\t\t\t\n<h3 class=\"uppercase\">Order this wall shelf at Nordic Design Shop<\/h3>\n<p align=\"justify\">At home in 2 to 14 working days after manufacture, this shelf is delivered in one piece. It therefore requires no assembly and is more robust than conventional shelves.<\/p>\n<p align=\"justify\">Universal screws are added to the package to secure the cabinet to a stone wall. However, we recommend that you use the most suitable screws for your wall. Do not hesitate to consult a local hardware store if you are in doubt.<\/p>\n<p align=\"justify\">A certificate of authenticity, including a serial number specific to your design shelf, is also included with the shipment.<\/p>\n<p align=\"justify\">Each shelf is made to order.<\/p>\n\t\t<\/div>\n\t\t\t\t\t<\/div>\n\n\t\n<\/div>\n","protected":false},"excerpt":{"rendered":"<p align=\"justify\">Do you have the soul of a wild wolf ?<\/p>\n<p align=\"justify\">Remember it with this geometric shelf ! The <strong>Wolf Shelf in metal<\/strong> is an eye catcher that will highlight your favorite items. Designed and manufactured in Finland, it is now available in Luxembourg, France, Germany, the Netherlands and Belgium through Nordic Design Shop. Will you reveal your Nordic nature ?<\/p>\n<div class=\"row\"  id=\"row-473571068\">\n\n\t<div id=\"col-450656111\" class=\"col medium-1\/2 large-6\"  >\n\t\t\t\t<div class=\"col-inner\"  >\n\t\t\t\n\t\t\t\n<img loading=\"lazy\" decoding=\"async\" class=\"alignnone wp-image-829\" src=\"https:\/\/nordicdesignshop.lu\/wp-content\/uploads\/2021\/08\/Logo-BEDESIGN-1.jpg\" alt=\"\" width=\"160\" height=\"113\" \/><\/p>\n\t\t<\/div>\n\t\t\t\t\t<\/div>\n\n\t\n\n\t<div id=\"col-619380264\" class=\"col medium-1\/2 large-6\"  >\n\t\t\t\t<div class=\"col-inner\"  >\n\t\t\t\n\t\t\t\n<img loading=\"lazy\" decoding=\"async\" class=\"alignnone wp-image-829\" src=\"https:\/\/nordicdesignshop.lu\/wp-content\/uploads\/2021\/12\/Icone-livraison-offerte-EN.png\" alt=\"\" width=\"160\" height=\"113\" \/><\/p>\n\t\t<\/div>\n\t\t\t\t\t<\/div>\n\n\t\n<\/div>\n","protected":false},"featured_media":7656,"template":"","meta":{"content-type":""},"product_cat":[110],"product_tag":[],"class_list":{"0":"post-1845","1":"product","2":"type-product","3":"status-publish","4":"has-post-thumbnail","6":"product_cat-home-design","8":"first","9":"instock","10":"shipping-taxable","11":"purchasable","12":"product-type-variable"},"yoast_head":"<!-- This site is optimized with the Yoast SEO plugin v23.1 - https:\/\/yoast.com\/wordpress\/plugins\/seo\/ -->\n<title>decorative metal wall shelf | Nordic Design Shop<\/title>\n<meta name=\"description\" content=\"Inspired by Finnish nature, the metal Wofld Shelf is a geometric wall shelf. Order it on Nordic Design Shop !\" \/>\n<meta name=\"robots\" content=\"index, follow, max-snippet:-1, max-image-preview:large, max-video-preview:-1\" \/>\n<link rel=\"canonical\" href=\"https:\/\/nordicdesignshop.lu\/en\/shop\/home-design\/wolf-shelf-in-metal\/\" \/>\n<meta property=\"og:locale\" content=\"en_US\" \/>\n<meta property=\"og:type\" content=\"article\" \/>\n<meta property=\"og:title\" content=\"decorative metal wall shelf | Nordic Design Shop\" \/>\n<meta property=\"og:description\" content=\"Inspired by Finnish nature, the metal Wofld Shelf is a geometric wall shelf. Order it on Nordic Design Shop !\" \/>\n<meta property=\"og:url\" content=\"https:\/\/nordicdesignshop.lu\/en\/shop\/home-design\/wolf-shelf-in-metal\/\" \/>\n<meta property=\"og:site_name\" content=\"Nordic Design Shop\" \/>\n<meta property=\"article:publisher\" content=\"https:\/\/www.facebook.com\/NordicDesignShop\/\" \/>\n<meta property=\"article:modified_time\" content=\"2022-01-03T12:50:22+00:00\" \/>\n<meta property=\"og:image\" content=\"https:\/\/nordicdesignshop.lu\/wp-content\/uploads\/2021\/12\/001-copie.webp\" \/>\n\t<meta property=\"og:image:width\" content=\"1024\" \/>\n\t<meta property=\"og:image:height\" content=\"1024\" \/>\n\t<meta property=\"og:image:type\" content=\"image\/webp\" \/>\n<meta name=\"twitter:card\" content=\"summary_large_image\" \/>\n<meta name=\"twitter:label1\" content=\"Est. reading time\" \/>\n\t<meta name=\"twitter:data1\" content=\"1 minute\" \/>\n<script type=\"application\/ld+json\" class=\"yoast-schema-graph\">{\"@context\":\"https:\/\/schema.org\",\"@graph\":[{\"@type\":\"WebPage\",\"@id\":\"https:\/\/nordicdesignshop.lu\/en\/shop\/home-design\/wolf-shelf-in-metal\/\",\"url\":\"https:\/\/nordicdesignshop.lu\/en\/shop\/home-design\/wolf-shelf-in-metal\/\",\"name\":\"decorative metal wall shelf | Nordic Design Shop\",\"isPartOf\":{\"@id\":\"https:\/\/nordicdesignshop.lu\/en\/#website\"},\"primaryImageOfPage\":{\"@id\":\"https:\/\/nordicdesignshop.lu\/en\/shop\/home-design\/wolf-shelf-in-metal\/#primaryimage\"},\"image\":{\"@id\":\"https:\/\/nordicdesignshop.lu\/en\/shop\/home-design\/wolf-shelf-in-metal\/#primaryimage\"},\"thumbnailUrl\":\"https:\/\/nordicdesignshop.lu\/wp-content\/uploads\/2021\/12\/001-copie.webp\",\"datePublished\":\"2021-02-12T12:29:04+00:00\",\"dateModified\":\"2022-01-03T12:50:22+00:00\",\"description\":\"Inspired by Finnish nature, the metal Wofld Shelf is a geometric wall shelf. Order it on Nordic Design Shop !\",\"breadcrumb\":{\"@id\":\"https:\/\/nordicdesignshop.lu\/en\/shop\/home-design\/wolf-shelf-in-metal\/#breadcrumb\"},\"inLanguage\":\"en-US\",\"potentialAction\":[{\"@type\":\"ReadAction\",\"target\":[\"https:\/\/nordicdesignshop.lu\/en\/shop\/home-design\/wolf-shelf-in-metal\/\"]}]},{\"@type\":\"ImageObject\",\"inLanguage\":\"en-US\",\"@id\":\"https:\/\/nordicdesignshop.lu\/en\/shop\/home-design\/wolf-shelf-in-metal\/#primaryimage\",\"url\":\"https:\/\/nordicdesignshop.lu\/wp-content\/uploads\/2021\/12\/001-copie.webp\",\"contentUrl\":\"https:\/\/nordicdesignshop.lu\/wp-content\/uploads\/2021\/12\/001-copie.webp\",\"width\":1024,\"height\":1024,\"caption\":\"\u00c9tag\u00e8re en m\u00e9tal\"},{\"@type\":\"BreadcrumbList\",\"@id\":\"https:\/\/nordicdesignshop.lu\/en\/shop\/home-design\/wolf-shelf-in-metal\/#breadcrumb\",\"itemListElement\":[{\"@type\":\"ListItem\",\"position\":1,\"name\":\"Accueil\",\"item\":\"https:\/\/nordicdesignshop.lu\/en\/\"},{\"@type\":\"ListItem\",\"position\":2,\"name\":\"Store\",\"item\":\"https:\/\/nordicdesignshop.lu\/en\/shop-2\/\"},{\"@type\":\"ListItem\",\"position\":3,\"name\":\"decorative metal wall shelf\"}]},{\"@type\":\"WebSite\",\"@id\":\"https:\/\/nordicdesignshop.lu\/en\/#website\",\"url\":\"https:\/\/nordicdesignshop.lu\/en\/\",\"name\":\"Nordic Design Shop\",\"description\":\"Drop | Jacuzzi | Spa\",\"publisher\":{\"@id\":\"https:\/\/nordicdesignshop.lu\/en\/#organization\"},\"potentialAction\":[{\"@type\":\"SearchAction\",\"target\":{\"@type\":\"EntryPoint\",\"urlTemplate\":\"https:\/\/nordicdesignshop.lu\/en\/?s={search_term_string}\"},\"query-input\":\"required name=search_term_string\"}],\"inLanguage\":\"en-US\"},{\"@type\":\"Organization\",\"@id\":\"https:\/\/nordicdesignshop.lu\/en\/#organization\",\"name\":\"Nordic Design Shop\",\"url\":\"https:\/\/nordicdesignshop.lu\/en\/\",\"logo\":{\"@type\":\"ImageObject\",\"inLanguage\":\"en-US\",\"@id\":\"https:\/\/nordicdesignshop.lu\/en\/#\/schema\/logo\/image\/\",\"url\":\"https:\/\/nordicdesignshop.lu\/wp-content\/uploads\/2021\/03\/cropped-Sans-titre-1.jpg\",\"contentUrl\":\"https:\/\/nordicdesignshop.lu\/wp-content\/uploads\/2021\/03\/cropped-Sans-titre-1.jpg\",\"width\":512,\"height\":512,\"caption\":\"Nordic Design Shop\"},\"image\":{\"@id\":\"https:\/\/nordicdesignshop.lu\/en\/#\/schema\/logo\/image\/\"},\"sameAs\":[\"https:\/\/www.facebook.com\/NordicDesignShop\/\",\"https:\/\/www.instagram.com\/Nordic_designshop\/\",\"https:\/\/www.linkedin.com\/company\/nordic-design-shop\/\",\"https:\/\/www.youtube.com\/channel\/UCujh54MhpwQ2rXYscjfdN5Q\"]}]}<\/script>\n<!-- \/ Yoast SEO plugin. -->","yoast_head_json":{"title":"decorative metal wall shelf | Nordic Design Shop","description":"Inspired by Finnish nature, the metal Wofld Shelf is a geometric wall shelf. Order it on Nordic Design Shop !","robots":{"index":"index","follow":"follow","max-snippet":"max-snippet:-1","max-image-preview":"max-image-preview:large","max-video-preview":"max-video-preview:-1"},"canonical":"https:\/\/nordicdesignshop.lu\/en\/shop\/home-design\/wolf-shelf-in-metal\/","og_locale":"en_US","og_type":"article","og_title":"decorative metal wall shelf | Nordic Design Shop","og_description":"Inspired by Finnish nature, the metal Wofld Shelf is a geometric wall shelf. Order it on Nordic Design Shop !","og_url":"https:\/\/nordicdesignshop.lu\/en\/shop\/home-design\/wolf-shelf-in-metal\/","og_site_name":"Nordic Design Shop","article_publisher":"https:\/\/www.facebook.com\/NordicDesignShop\/","article_modified_time":"2022-01-03T12:50:22+00:00","og_image":[{"width":1024,"height":1024,"url":"https:\/\/nordicdesignshop.lu\/wp-content\/uploads\/2021\/12\/001-copie.webp","type":"image\/webp"}],"twitter_card":"summary_large_image","twitter_misc":{"Est. reading time":"1 minute"},"schema":{"@context":"https:\/\/schema.org","@graph":[{"@type":"WebPage","@id":"https:\/\/nordicdesignshop.lu\/en\/shop\/home-design\/wolf-shelf-in-metal\/","url":"https:\/\/nordicdesignshop.lu\/en\/shop\/home-design\/wolf-shelf-in-metal\/","name":"decorative metal wall shelf | Nordic Design Shop","isPartOf":{"@id":"https:\/\/nordicdesignshop.lu\/en\/#website"},"primaryImageOfPage":{"@id":"https:\/\/nordicdesignshop.lu\/en\/shop\/home-design\/wolf-shelf-in-metal\/#primaryimage"},"image":{"@id":"https:\/\/nordicdesignshop.lu\/en\/shop\/home-design\/wolf-shelf-in-metal\/#primaryimage"},"thumbnailUrl":"https:\/\/nordicdesignshop.lu\/wp-content\/uploads\/2021\/12\/001-copie.webp","datePublished":"2021-02-12T12:29:04+00:00","dateModified":"2022-01-03T12:50:22+00:00","description":"Inspired by Finnish nature, the metal Wofld Shelf is a geometric wall shelf. Order it on Nordic Design Shop !","breadcrumb":{"@id":"https:\/\/nordicdesignshop.lu\/en\/shop\/home-design\/wolf-shelf-in-metal\/#breadcrumb"},"inLanguage":"en-US","potentialAction":[{"@type":"ReadAction","target":["https:\/\/nordicdesignshop.lu\/en\/shop\/home-design\/wolf-shelf-in-metal\/"]}]},{"@type":"ImageObject","inLanguage":"en-US","@id":"https:\/\/nordicdesignshop.lu\/en\/shop\/home-design\/wolf-shelf-in-metal\/#primaryimage","url":"https:\/\/nordicdesignshop.lu\/wp-content\/uploads\/2021\/12\/001-copie.webp","contentUrl":"https:\/\/nordicdesignshop.lu\/wp-content\/uploads\/2021\/12\/001-copie.webp","width":1024,"height":1024,"caption":"\u00c9tag\u00e8re en m\u00e9tal"},{"@type":"BreadcrumbList","@id":"https:\/\/nordicdesignshop.lu\/en\/shop\/home-design\/wolf-shelf-in-metal\/#breadcrumb","itemListElement":[{"@type":"ListItem","position":1,"name":"Accueil","item":"https:\/\/nordicdesignshop.lu\/en\/"},{"@type":"ListItem","position":2,"name":"Store","item":"https:\/\/nordicdesignshop.lu\/en\/shop-2\/"},{"@type":"ListItem","position":3,"name":"decorative metal wall shelf"}]},{"@type":"WebSite","@id":"https:\/\/nordicdesignshop.lu\/en\/#website","url":"https:\/\/nordicdesignshop.lu\/en\/","name":"Nordic Design Shop","description":"Drop | Jacuzzi | Spa","publisher":{"@id":"https:\/\/nordicdesignshop.lu\/en\/#organization"},"potentialAction":[{"@type":"SearchAction","target":{"@type":"EntryPoint","urlTemplate":"https:\/\/nordicdesignshop.lu\/en\/?s={search_term_string}"},"query-input":"required name=search_term_string"}],"inLanguage":"en-US"},{"@type":"Organization","@id":"https:\/\/nordicdesignshop.lu\/en\/#organization","name":"Nordic Design Shop","url":"https:\/\/nordicdesignshop.lu\/en\/","logo":{"@type":"ImageObject","inLanguage":"en-US","@id":"https:\/\/nordicdesignshop.lu\/en\/#\/schema\/logo\/image\/","url":"https:\/\/nordicdesignshop.lu\/wp-content\/uploads\/2021\/03\/cropped-Sans-titre-1.jpg","contentUrl":"https:\/\/nordicdesignshop.lu\/wp-content\/uploads\/2021\/03\/cropped-Sans-titre-1.jpg","width":512,"height":512,"caption":"Nordic Design Shop"},"image":{"@id":"https:\/\/nordicdesignshop.lu\/en\/#\/schema\/logo\/image\/"},"sameAs":["https:\/\/www.facebook.com\/NordicDesignShop\/","https:\/\/www.instagram.com\/Nordic_designshop\/","https:\/\/www.linkedin.com\/company\/nordic-design-shop\/","https:\/\/www.youtube.com\/channel\/UCujh54MhpwQ2rXYscjfdN5Q"]}]}},"_links":{"self":[{"href":"https:\/\/nordicdesignshop.lu\/en\/wp-json\/wp\/v2\/product\/1845","targetHints":{"allow":["GET"]}}],"collection":[{"href":"https:\/\/nordicdesignshop.lu\/en\/wp-json\/wp\/v2\/product"}],"about":[{"href":"https:\/\/nordicdesignshop.lu\/en\/wp-json\/wp\/v2\/types\/product"}],"wp:featuredmedia":[{"embeddable":true,"href":"https:\/\/nordicdesignshop.lu\/en\/wp-json\/wp\/v2\/media\/7656"}],"wp:attachment":[{"href":"https:\/\/nordicdesignshop.lu\/en\/wp-json\/wp\/v2\/media?parent=1845"}],"wp:term":[{"taxonomy":"product_cat","embeddable":true,"href":"https:\/\/nordicdesignshop.lu\/en\/wp-json\/wp\/v2\/product_cat?post=1845"},{"taxonomy":"product_tag","embeddable":true,"href":"https:\/\/nordicdesignshop.lu\/en\/wp-json\/wp\/v2\/product_tag?post=1845"}],"curies":[{"name":"wp","href":"https:\/\/api.w.org\/{rel}","templated":true}]}}