{"id":7468,"date":"2021-12-01T11:15:05","date_gmt":"2021-12-01T10:15:05","guid":{"rendered":"https:\/\/nordicdesignshop.lu\/time-magazine-rewards-the-invention-of-tablebed\/"},"modified":"2022-07-29T10:59:08","modified_gmt":"2022-07-29T08:59:08","slug":"time-magazine-rewards-the-invention-of-tablebed","status":"publish","type":"page","link":"https:\/\/nordicdesignshop.lu\/en\/blog\/time-magazine-rewards-the-invention-of-tablebed\/","title":{"rendered":"TIME Magazine rewards the invention of Tablebed"},"content":{"rendered":"\n<div class=\"row\"  id=\"row-1253078884\">\n\n\n\t<div id=\"col-1733301347\" class=\"col small-12 large-12\"  >\n\t\t\t\t<div class=\"col-inner\"  >\n\t\t\t\n\t\t\t\n\n\n  <div class=\"banner has-hover\" id=\"banner-1823397512\">\n          <div class=\"banner-inner fill\">\n        <div class=\"banner-bg fill\" >\n            <div class=\"bg fill bg-fill \"><\/div>\n                                    \n                    <\/div>\n\t\t\n        <div class=\"banner-layers container\">\n            <div class=\"fill banner-link\"><\/div>            \n\n   <div id=\"text-box-984010080\" class=\"text-box banner-layer x50 md-x50 lg-x50 y90 md-y85 lg-y85 res-text\">\n                                <div class=\"text-box-content text dark\">\n              \n              <div class=\"text-inner text-center\">\n                  \n\n<h2 class=\"uppercase\">Tablebed<\/h2>\n<h3 class=\"uppercase\">an innovation driven by Luxembourg investors, awarded by Time Magazine<\/h3>\n<p>18 Nov 2021<\/p>\n\n              <\/div>\n           <\/div>\n                            \n<style>\n#text-box-984010080 {\n  width: 73%;\n}\n#text-box-984010080 .text-box-content {\n  font-size: 100%;\n}\n<\/style>\n    <\/div>\n \n\n        <\/div>\n      <\/div>\n\n            \n<style>\n#banner-1823397512 {\n  padding-top: 300px;\n}\n#banner-1823397512 .bg.bg-loaded {\n  background-image: url(https:\/\/nordicdesignshop.lu\/wp-content\/uploads\/2021\/11\/Tablebed-Nordic-Design-Shop-1-1202x800.webp);\n}\n#banner-1823397512 .bg {\n  background-position: 54% 84%;\n}\n#banner-1823397512 .ux-shape-divider--top svg {\n  height: 150px;\n  --divider-top-width: 100%;\n}\n#banner-1823397512 .ux-shape-divider--bottom svg {\n  height: 150px;\n  --divider-width: 100%;\n}\n<\/style>\n  <\/div>\n\n\n\n\t\t<\/div>\n\t\t\t\t\t<\/div>\n\n\t\n\n<\/div>\n<div class=\"row\"  id=\"row-1991656503\">\n\n\n\t<div id=\"col-370137548\" class=\"col small-12 large-12\"  >\n\t\t\t\t<div class=\"col-inner\"  >\n\t\t\t\n\t\t\t\n\n<p align=\"justify\">TIME magazine rewards Finnish design innovation by <a href=\"https:\/\/nordicdesignshop.lu\/en\/tablebed\/\">Tablebed<\/a>, a new type of Scandinavian furniture, which transforms from table to bed in 10 seconds.<\/p>\n<p align=\"justify\">The Luxembourg influence is very present there. Encouraged by the vision of its investors based in Luxembourg ;<strong> Giacomo Trenz, Lucien Douwes <\/strong>and <strong>Matias M\u00e4enp\u00e4\u00e4<\/strong>.<\/p>\n\n\t\t<\/div>\n\t\t\t\t\t<\/div>\n\n\t\n\n<\/div>\n<div class=\"row\"  id=\"row-1435139265\">\n\n\n\t<div id=\"col-1525527882\" class=\"col medium-6 small-12 large-6\"  >\n\t\t\t\t<div class=\"col-inner\"  >\n\t\t\t\n\t\t\t\n\n<p align=\"justify\"><a href=\"https:\/\/nordicdesignshop.lu\/en\/category\/convertible\/\">Tablebed<\/a>, invention of Finnish design, received a special mention in the list of the best <a href=\"https:\/\/time.com\/collection\/best-inventions-2021\/6115486\/tablebed\/\">TIME 2021 inventions<\/a>. Something to be interested in this innovative Scandinavian furniture : A convertible for all living spaces.<\/p>\n<p align=\"justify\">\u00ab <em>Our first shipment to the United States is about to leave Europe; We could not therefore have asked for better timing for this recognition from TIME. A big thank you to the TIME jury for seeing the ingenuity of Tablebed! The future standard will be flexible spaces in both private homes and <a href=\"https:\/\/nordicdesignshop.lu\/valo-hotel-work-in-helsinki\/\">hotels<\/a>. Versatile, space-saving furniture like Tablebed, which can easily help transform a dining room into a bedroom is ideal for metropolises like New York, London or Tokyo<\/em><i>\u00a0<\/i>\u00bb, said Lucien Douwes, Co-founder of <a href=\"https:\/\/nordicdesignshop.lu\/en\/\">Nordic Design Shop<\/a> in Luxembourg.<\/p>\n\n\n\t\t<\/div>\n\t\t\t\t\t<\/div>\n\n\t\n\n\t<div id=\"col-1775540964\" class=\"col medium-6 small-12 large-6\"  >\n\t\t\t\t<div class=\"col-inner\"  >\n\t\t\t\n\t\t\t\n\n\t<div class=\"img has-hover x md-x lg-x y md-y lg-y\" id=\"image_520278667\">\n\t\t\t\t\t\t\t\t<div class=\"img-inner dark\" >\n\t\t\t<img loading=\"lazy\" decoding=\"async\" width=\"800\" height=\"800\" src=\"https:\/\/nordicdesignshop.lu\/wp-content\/uploads\/2021\/11\/Facebook-NordicDesignShop-Tablebed-2021.11.18-TABLE-800x800.webp\" class=\"attachment-large size-large\" alt=\"Tablebed : une des meilleures inventions 2021 selon Time Magazine\" srcset=\"https:\/\/nordicdesignshop.lu\/wp-content\/uploads\/2021\/11\/Facebook-NordicDesignShop-Tablebed-2021.11.18-TABLE-800x800.webp 800w, https:\/\/nordicdesignshop.lu\/wp-content\/uploads\/2021\/11\/Facebook-NordicDesignShop-Tablebed-2021.11.18-TABLE-400x400.webp 400w, https:\/\/nordicdesignshop.lu\/wp-content\/uploads\/2021\/11\/Facebook-NordicDesignShop-Tablebed-2021.11.18-TABLE-280x280.webp 280w, https:\/\/nordicdesignshop.lu\/wp-content\/uploads\/2021\/11\/Facebook-NordicDesignShop-Tablebed-2021.11.18-TABLE-768x768.webp 768w, https:\/\/nordicdesignshop.lu\/wp-content\/uploads\/2021\/11\/Facebook-NordicDesignShop-Tablebed-2021.11.18-TABLE-700x700.webp 700w, https:\/\/nordicdesignshop.lu\/wp-content\/uploads\/2021\/11\/Facebook-NordicDesignShop-Tablebed-2021.11.18-TABLE-1024x1024.webp 1024w, https:\/\/nordicdesignshop.lu\/wp-content\/uploads\/2021\/11\/Facebook-NordicDesignShop-Tablebed-2021.11.18-TABLE-100x100.webp 100w, https:\/\/nordicdesignshop.lu\/wp-content\/uploads\/2021\/11\/Facebook-NordicDesignShop-Tablebed-2021.11.18-TABLE.webp 1080w\" sizes=\"auto, (max-width: 800px) 100vw, 800px\" \/>\t\t\t\t\t\t\n\t\t\t\t\t<\/div>\n\t\t\t\t\t\t\t\t\n<style>\n#image_520278667 {\n  width: 100%;\n}\n<\/style>\n\t<\/div>\n\t\n\n\n\t\t<\/div>\n\t\t\t\t\t<\/div>\n\n\t\n\n<\/div>\n<div class=\"row\"  id=\"row-1238849870\">\n\n\n\t<div id=\"col-1281480490\" class=\"col small-12 large-12\"  >\n\t\t\t\t<div class=\"col-inner\"  >\n\t\t\t\n\t\t\t\n\n<p class=\"uppercase\"><strong>Nordic well-being, at home<\/strong><\/hp><\/p>\n<p align=\"justify\">Imagine coming home, smelling the smell of solid wood, hearing the fire crackling. You already feel the Nordic well-being. Its large spaces and this feeling of cocooning. It&#8217;s hard to describe this feeling of calm. Even more to transcribe it into its interior. Especially without making any concessions on quality.<\/p>\n<p align=\"justify\">Trust the Scandinavians themselves to bring you that peace of mind. They know these massive, natural materials. They bring their inimitable craftsmanship to it. The Nordic spirit permeates these objects.<\/p>\n<p align=\"justify\">The creators of <a href=\"https:\/\/nordicdesignshop.lu\/en\/\">Nordic Design Shop<\/a> want to share this feeling of comfort, optimization of space, and durability. Their ambition? To offer responsible objects and furniture, built on a solid base of values, and designed to last from generation to generation.<\/p>\n<p align=\"justify\">So don&#8217;t make any concessions : Neither on quality nor on functionality. They keep only the best of Finnish craftsmanship to bring it into your home.<\/p>\n<p align=\"justify\">Discover the story of <a href=\"https:\/\/nordicdesignshop.lu\/en\/category\/convertible\/\">Tablebed<\/a> and let yourself be seduced by the Nordic spirit on their site : <a href=\"https:\/\/nordicdesignshop.lu\/en\/\">www.nordicdesignshop.lu <\/a><\/p>\n\n\n\t\t<\/div>\n\t\t\t\t\t<\/div>\n\n\t\n\n<\/div>\n\n","protected":false},"excerpt":{"rendered":"","protected":false},"author":3,"featured_media":0,"parent":7471,"menu_order":0,"comment_status":"closed","ping_status":"closed","template":"","meta":{"content-type":"","footnotes":""},"class_list":["post-7468","page","type-page","status-publish","hentry"],"yoast_head":"<!-- This site is optimized with the Yoast SEO plugin v23.1 - https:\/\/yoast.com\/wordpress\/plugins\/seo\/ -->\n<title>Time Magazine rewards the convertible Tablebed - Nordic Design Shop<\/title>\n<meta name=\"description\" content=\"The convertible Tablebed has been awarded by Time Magazine. A new type of Scandinavian furniture is available at Nordic Design Shop.\" \/>\n<meta name=\"robots\" content=\"index, follow, max-snippet:-1, max-image-preview:large, max-video-preview:-1\" \/>\n<link rel=\"canonical\" href=\"https:\/\/nordicdesignshop.lu\/en\/blog\/time-magazine-rewards-the-invention-of-tablebed\/\" \/>\n<meta property=\"og:locale\" content=\"en_US\" \/>\n<meta property=\"og:type\" content=\"article\" \/>\n<meta property=\"og:title\" content=\"Time Magazine rewards the convertible Tablebed - Nordic Design Shop\" \/>\n<meta property=\"og:description\" content=\"The convertible Tablebed has been awarded by Time Magazine. A new type of Scandinavian furniture is available at Nordic Design Shop.\" \/>\n<meta property=\"og:url\" content=\"https:\/\/nordicdesignshop.lu\/en\/blog\/time-magazine-rewards-the-invention-of-tablebed\/\" \/>\n<meta property=\"og:site_name\" content=\"Nordic Design Shop\" \/>\n<meta property=\"article:publisher\" content=\"https:\/\/www.facebook.com\/NordicDesignShop\/\" \/>\n<meta property=\"article:modified_time\" content=\"2022-07-29T08:59:08+00:00\" \/>\n<meta property=\"og:image\" content=\"https:\/\/nordicdesignshop.lu\/wp-content\/uploads\/2021\/03\/cropped-Sans-titre-1.jpg\" \/>\n\t<meta property=\"og:image:width\" content=\"512\" \/>\n\t<meta property=\"og:image:height\" content=\"512\" \/>\n\t<meta property=\"og:image:type\" content=\"image\/jpeg\" \/>\n<meta name=\"twitter:card\" content=\"summary_large_image\" \/>\n<meta name=\"twitter:label1\" content=\"Est. reading time\" \/>\n\t<meta name=\"twitter:data1\" content=\"2 minutes\" \/>\n<script type=\"application\/ld+json\" class=\"yoast-schema-graph\">{\"@context\":\"https:\/\/schema.org\",\"@graph\":[{\"@type\":\"WebPage\",\"@id\":\"https:\/\/nordicdesignshop.lu\/en\/blog\/time-magazine-rewards-the-invention-of-tablebed\/\",\"url\":\"https:\/\/nordicdesignshop.lu\/en\/blog\/time-magazine-rewards-the-invention-of-tablebed\/\",\"name\":\"Time Magazine rewards the convertible Tablebed - Nordic Design Shop\",\"isPartOf\":{\"@id\":\"https:\/\/nordicdesignshop.lu\/en\/#website\"},\"datePublished\":\"2021-12-01T10:15:05+00:00\",\"dateModified\":\"2022-07-29T08:59:08+00:00\",\"description\":\"The convertible Tablebed has been awarded by Time Magazine. A new type of Scandinavian furniture is available at Nordic Design Shop.\",\"breadcrumb\":{\"@id\":\"https:\/\/nordicdesignshop.lu\/en\/blog\/time-magazine-rewards-the-invention-of-tablebed\/#breadcrumb\"},\"inLanguage\":\"en-US\",\"potentialAction\":[{\"@type\":\"ReadAction\",\"target\":[\"https:\/\/nordicdesignshop.lu\/en\/blog\/time-magazine-rewards-the-invention-of-tablebed\/\"]}]},{\"@type\":\"BreadcrumbList\",\"@id\":\"https:\/\/nordicdesignshop.lu\/en\/blog\/time-magazine-rewards-the-invention-of-tablebed\/#breadcrumb\",\"itemListElement\":[{\"@type\":\"ListItem\",\"position\":1,\"name\":\"Accueil\",\"item\":\"https:\/\/nordicdesignshop.lu\/en\/\"},{\"@type\":\"ListItem\",\"position\":2,\"name\":\"Blog\",\"item\":\"https:\/\/nordicdesignshop.lu\/en\/blog\/\"},{\"@type\":\"ListItem\",\"position\":3,\"name\":\"TIME Magazine rewards the invention of Tablebed\"}]},{\"@type\":\"WebSite\",\"@id\":\"https:\/\/nordicdesignshop.lu\/en\/#website\",\"url\":\"https:\/\/nordicdesignshop.lu\/en\/\",\"name\":\"Nordic Design Shop\",\"description\":\"Drop | Jacuzzi | Spa\",\"publisher\":{\"@id\":\"https:\/\/nordicdesignshop.lu\/en\/#organization\"},\"potentialAction\":[{\"@type\":\"SearchAction\",\"target\":{\"@type\":\"EntryPoint\",\"urlTemplate\":\"https:\/\/nordicdesignshop.lu\/en\/?s={search_term_string}\"},\"query-input\":\"required name=search_term_string\"}],\"inLanguage\":\"en-US\"},{\"@type\":\"Organization\",\"@id\":\"https:\/\/nordicdesignshop.lu\/en\/#organization\",\"name\":\"Nordic Design Shop\",\"url\":\"https:\/\/nordicdesignshop.lu\/en\/\",\"logo\":{\"@type\":\"ImageObject\",\"inLanguage\":\"en-US\",\"@id\":\"https:\/\/nordicdesignshop.lu\/en\/#\/schema\/logo\/image\/\",\"url\":\"https:\/\/nordicdesignshop.lu\/wp-content\/uploads\/2021\/03\/cropped-Sans-titre-1.jpg\",\"contentUrl\":\"https:\/\/nordicdesignshop.lu\/wp-content\/uploads\/2021\/03\/cropped-Sans-titre-1.jpg\",\"width\":512,\"height\":512,\"caption\":\"Nordic Design Shop\"},\"image\":{\"@id\":\"https:\/\/nordicdesignshop.lu\/en\/#\/schema\/logo\/image\/\"},\"sameAs\":[\"https:\/\/www.facebook.com\/NordicDesignShop\/\",\"https:\/\/www.instagram.com\/Nordic_designshop\/\",\"https:\/\/www.linkedin.com\/company\/nordic-design-shop\/\",\"https:\/\/www.youtube.com\/channel\/UCujh54MhpwQ2rXYscjfdN5Q\"]}]}<\/script>\n<!-- \/ Yoast SEO plugin. -->","yoast_head_json":{"title":"Time Magazine rewards the convertible Tablebed - Nordic Design Shop","description":"The convertible Tablebed has been awarded by Time Magazine. A new type of Scandinavian furniture is available at Nordic Design Shop.","robots":{"index":"index","follow":"follow","max-snippet":"max-snippet:-1","max-image-preview":"max-image-preview:large","max-video-preview":"max-video-preview:-1"},"canonical":"https:\/\/nordicdesignshop.lu\/en\/blog\/time-magazine-rewards-the-invention-of-tablebed\/","og_locale":"en_US","og_type":"article","og_title":"Time Magazine rewards the convertible Tablebed - Nordic Design Shop","og_description":"The convertible Tablebed has been awarded by Time Magazine. A new type of Scandinavian furniture is available at Nordic Design Shop.","og_url":"https:\/\/nordicdesignshop.lu\/en\/blog\/time-magazine-rewards-the-invention-of-tablebed\/","og_site_name":"Nordic Design Shop","article_publisher":"https:\/\/www.facebook.com\/NordicDesignShop\/","article_modified_time":"2022-07-29T08:59:08+00:00","og_image":[{"width":512,"height":512,"url":"https:\/\/nordicdesignshop.lu\/wp-content\/uploads\/2021\/03\/cropped-Sans-titre-1.jpg","type":"image\/jpeg"}],"twitter_card":"summary_large_image","twitter_misc":{"Est. reading time":"2 minutes"},"schema":{"@context":"https:\/\/schema.org","@graph":[{"@type":"WebPage","@id":"https:\/\/nordicdesignshop.lu\/en\/blog\/time-magazine-rewards-the-invention-of-tablebed\/","url":"https:\/\/nordicdesignshop.lu\/en\/blog\/time-magazine-rewards-the-invention-of-tablebed\/","name":"Time Magazine rewards the convertible Tablebed - Nordic Design Shop","isPartOf":{"@id":"https:\/\/nordicdesignshop.lu\/en\/#website"},"datePublished":"2021-12-01T10:15:05+00:00","dateModified":"2022-07-29T08:59:08+00:00","description":"The convertible Tablebed has been awarded by Time Magazine. A new type of Scandinavian furniture is available at Nordic Design Shop.","breadcrumb":{"@id":"https:\/\/nordicdesignshop.lu\/en\/blog\/time-magazine-rewards-the-invention-of-tablebed\/#breadcrumb"},"inLanguage":"en-US","potentialAction":[{"@type":"ReadAction","target":["https:\/\/nordicdesignshop.lu\/en\/blog\/time-magazine-rewards-the-invention-of-tablebed\/"]}]},{"@type":"BreadcrumbList","@id":"https:\/\/nordicdesignshop.lu\/en\/blog\/time-magazine-rewards-the-invention-of-tablebed\/#breadcrumb","itemListElement":[{"@type":"ListItem","position":1,"name":"Accueil","item":"https:\/\/nordicdesignshop.lu\/en\/"},{"@type":"ListItem","position":2,"name":"Blog","item":"https:\/\/nordicdesignshop.lu\/en\/blog\/"},{"@type":"ListItem","position":3,"name":"TIME Magazine rewards the invention of Tablebed"}]},{"@type":"WebSite","@id":"https:\/\/nordicdesignshop.lu\/en\/#website","url":"https:\/\/nordicdesignshop.lu\/en\/","name":"Nordic Design Shop","description":"Drop | Jacuzzi | Spa","publisher":{"@id":"https:\/\/nordicdesignshop.lu\/en\/#organization"},"potentialAction":[{"@type":"SearchAction","target":{"@type":"EntryPoint","urlTemplate":"https:\/\/nordicdesignshop.lu\/en\/?s={search_term_string}"},"query-input":"required name=search_term_string"}],"inLanguage":"en-US"},{"@type":"Organization","@id":"https:\/\/nordicdesignshop.lu\/en\/#organization","name":"Nordic Design Shop","url":"https:\/\/nordicdesignshop.lu\/en\/","logo":{"@type":"ImageObject","inLanguage":"en-US","@id":"https:\/\/nordicdesignshop.lu\/en\/#\/schema\/logo\/image\/","url":"https:\/\/nordicdesignshop.lu\/wp-content\/uploads\/2021\/03\/cropped-Sans-titre-1.jpg","contentUrl":"https:\/\/nordicdesignshop.lu\/wp-content\/uploads\/2021\/03\/cropped-Sans-titre-1.jpg","width":512,"height":512,"caption":"Nordic Design Shop"},"image":{"@id":"https:\/\/nordicdesignshop.lu\/en\/#\/schema\/logo\/image\/"},"sameAs":["https:\/\/www.facebook.com\/NordicDesignShop\/","https:\/\/www.instagram.com\/Nordic_designshop\/","https:\/\/www.linkedin.com\/company\/nordic-design-shop\/","https:\/\/www.youtube.com\/channel\/UCujh54MhpwQ2rXYscjfdN5Q"]}]}},"_links":{"self":[{"href":"https:\/\/nordicdesignshop.lu\/en\/wp-json\/wp\/v2\/pages\/7468","targetHints":{"allow":["GET"]}}],"collection":[{"href":"https:\/\/nordicdesignshop.lu\/en\/wp-json\/wp\/v2\/pages"}],"about":[{"href":"https:\/\/nordicdesignshop.lu\/en\/wp-json\/wp\/v2\/types\/page"}],"author":[{"embeddable":true,"href":"https:\/\/nordicdesignshop.lu\/en\/wp-json\/wp\/v2\/users\/3"}],"replies":[{"embeddable":true,"href":"https:\/\/nordicdesignshop.lu\/en\/wp-json\/wp\/v2\/comments?post=7468"}],"version-history":[{"count":5,"href":"https:\/\/nordicdesignshop.lu\/en\/wp-json\/wp\/v2\/pages\/7468\/revisions"}],"predecessor-version":[{"id":9779,"href":"https:\/\/nordicdesignshop.lu\/en\/wp-json\/wp\/v2\/pages\/7468\/revisions\/9779"}],"up":[{"embeddable":true,"href":"https:\/\/nordicdesignshop.lu\/en\/wp-json\/wp\/v2\/pages\/7471"}],"wp:attachment":[{"href":"https:\/\/nordicdesignshop.lu\/en\/wp-json\/wp\/v2\/media?parent=7468"}],"curies":[{"name":"wp","href":"https:\/\/api.w.org\/{rel}","templated":true}]}}