{"id":1956,"date":"2021-03-15T20:20:20","date_gmt":"2021-03-15T19:20:20","guid":{"rendered":"https:\/\/nordicdesignshop.lu\/legal-disclaimer\/"},"modified":"2021-03-15T20:37:14","modified_gmt":"2021-03-15T19:37:14","slug":"legal-disclaimer","status":"publish","type":"page","link":"https:\/\/nordicdesignshop.lu\/en\/legal-disclaimer\/","title":{"rendered":"Legal disclaimer"},"content":{"rendered":"\n<h1 style=\"text-align: center;\"><strong>Legal disclaimer<\/strong><\/h1>\n<p><strong>Nordic Design Shop Sarl<\/strong><br \/>\nCEO\u00a0; Matias M\u00e4enp\u00e4\u00e4 &amp; Lucien Douwes<br \/>\nCapital of 12 000 \u20ac<br \/>\nHeadquarter :<br \/>\n37, GRAND-RUE<br \/>\nL-9905 TROISVIERGES<br \/>\nVAT : LU32781023<br \/>\nRegistered in the Luxembourg Trade Register under the number B250869<br \/>\nBusiness Permit n\u00b010125092\/0<br \/>\nMatricule : 2021 2401 316<\/p>\n<p><strong><u>General conditions of use of the website and the services on offer<\/u><\/strong><br \/>\nUse of the website <a href=\"https:\/\/www.nordicdesignshop.lu\">https:\/\/www.nordicdesignshop.lu<\/a> \u00a0(hereinafter referred to as the \u201cWebsite\u201d) implies the acceptance without reservation of the general conditions of use and the warning messages described below. These conditions of use may be modified or amended at any time, so users of the Website are invited to consult them regularly.<\/p>\n<p><strong><u>Description of services provided<\/u><\/strong><br \/>\nThis Website is meant for Nordic Design Shop clients and any person interested in the products and\/or services offered by Nordic Design Shop. Its purpose to provide information about all the activities of Nordic Design Shop. All the information indicated on the Website are given indicatively and may change. Furthermore, the information mentioned on the site is not exhaustive. It is given without reservation of any modifications made since the time it is put online.<\/p>\n<p><strong><u>Copyright and intellectual property<\/u><\/strong><br \/>\nThis presentation and the content of the site, including, without limitation, the name and logos of Nordic Design Shop, the text, images, photos and\/or videos, commercial names, databases, products and slogans, comprising together or separately a work protected by copyright and belonging to Nordic Design Shop and partners.<\/p>\n<p><strong><u>Use of cookies<\/u><\/strong><br \/>\nBrowsing the Website may require the installation of one or several cookies onto the user\u2019s computer. A cookie is a small text file that does not identify the user, but records information pertaining to the browsing behavior of a computer on the internet. The date obtained by cookies are meant to facilitate later browsing on the Website. If you do not wish to allow cookies from our site, you can block or delete them via the settings of your browser. However, note that your browsing may be disrupted if you decide to block cookies from our site.<\/p>\n<p><strong><u>Links to third-party websites<\/u><\/strong><br \/>\nThis Website regularly posts links that direct to third-party website that are not under the control of Nordic Design Shop, which as such declines any responsibility whatsoever as to their availability or content.<\/p>\n<p><strong><u>Limitation of liability<\/u><\/strong><br \/>\nAlthough the information presented on the site is considered as accurate and to-date, errors or omissions may still occur. Nordic Design Shop does not guarantee the accuracy, reliability or exhaustiveness of any information obtained directly or indirectly on the site and declines any liability in the event of error or omission. The information communicated on or downloadable from the site, whatever it may be, has no contractual value.<\/p>\n<p><strong><u>Applicable law and jurisdiction<\/u><\/strong><br \/>\nThe Nordic Design Shop website is subject to Luxembourg law and falls under the exclusive competence of Luxembourg tribunals.<\/p>\n\n","protected":false},"excerpt":{"rendered":"","protected":false},"author":7,"featured_media":0,"parent":0,"menu_order":0,"comment_status":"closed","ping_status":"closed","template":"","meta":{"content-type":"","footnotes":""},"class_list":["post-1956","page","type-page","status-publish","hentry"],"yoast_head":"<!-- This site is optimized with the Yoast SEO plugin v23.1 - https:\/\/yoast.com\/wordpress\/plugins\/seo\/ -->\n<title>Legal disclaimer - Nordic Design Shop<\/title>\n<meta name=\"robots\" content=\"index, follow, max-snippet:-1, max-image-preview:large, max-video-preview:-1\" \/>\n<link rel=\"canonical\" href=\"https:\/\/nordicdesignshop.lu\/en\/legal-disclaimer\/\" \/>\n<meta property=\"og:locale\" content=\"en_US\" \/>\n<meta property=\"og:type\" content=\"article\" \/>\n<meta property=\"og:title\" content=\"Legal disclaimer - Nordic Design Shop\" \/>\n<meta property=\"og:url\" content=\"https:\/\/nordicdesignshop.lu\/en\/legal-disclaimer\/\" \/>\n<meta property=\"og:site_name\" content=\"Nordic Design Shop\" \/>\n<meta property=\"article:publisher\" content=\"https:\/\/www.facebook.com\/NordicDesignShop\/\" \/>\n<meta property=\"article:modified_time\" content=\"2021-03-15T19:37:14+00:00\" \/>\n<meta property=\"og:image\" content=\"https:\/\/nordicdesignshop.lu\/wp-content\/uploads\/2021\/03\/cropped-Sans-titre-1.jpg\" \/>\n\t<meta property=\"og:image:width\" content=\"512\" \/>\n\t<meta property=\"og:image:height\" content=\"512\" \/>\n\t<meta property=\"og:image:type\" content=\"image\/jpeg\" \/>\n<meta name=\"twitter:card\" content=\"summary_large_image\" \/>\n<meta name=\"twitter:label1\" content=\"Est. reading time\" \/>\n\t<meta name=\"twitter:data1\" content=\"2 minutes\" \/>\n<script type=\"application\/ld+json\" class=\"yoast-schema-graph\">{\"@context\":\"https:\/\/schema.org\",\"@graph\":[{\"@type\":\"WebPage\",\"@id\":\"https:\/\/nordicdesignshop.lu\/en\/legal-disclaimer\/\",\"url\":\"https:\/\/nordicdesignshop.lu\/en\/legal-disclaimer\/\",\"name\":\"Legal disclaimer - Nordic Design Shop\",\"isPartOf\":{\"@id\":\"https:\/\/nordicdesignshop.lu\/en\/#website\"},\"datePublished\":\"2021-03-15T19:20:20+00:00\",\"dateModified\":\"2021-03-15T19:37:14+00:00\",\"breadcrumb\":{\"@id\":\"https:\/\/nordicdesignshop.lu\/en\/legal-disclaimer\/#breadcrumb\"},\"inLanguage\":\"en-US\",\"potentialAction\":[{\"@type\":\"ReadAction\",\"target\":[\"https:\/\/nordicdesignshop.lu\/en\/legal-disclaimer\/\"]}]},{\"@type\":\"BreadcrumbList\",\"@id\":\"https:\/\/nordicdesignshop.lu\/en\/legal-disclaimer\/#breadcrumb\",\"itemListElement\":[{\"@type\":\"ListItem\",\"position\":1,\"name\":\"Accueil\",\"item\":\"https:\/\/nordicdesignshop.lu\/en\/\"},{\"@type\":\"ListItem\",\"position\":2,\"name\":\"Legal disclaimer\"}]},{\"@type\":\"WebSite\",\"@id\":\"https:\/\/nordicdesignshop.lu\/en\/#website\",\"url\":\"https:\/\/nordicdesignshop.lu\/en\/\",\"name\":\"Nordic Design Shop\",\"description\":\"Drop | Jacuzzi | Spa\",\"publisher\":{\"@id\":\"https:\/\/nordicdesignshop.lu\/en\/#organization\"},\"potentialAction\":[{\"@type\":\"SearchAction\",\"target\":{\"@type\":\"EntryPoint\",\"urlTemplate\":\"https:\/\/nordicdesignshop.lu\/en\/?s={search_term_string}\"},\"query-input\":\"required name=search_term_string\"}],\"inLanguage\":\"en-US\"},{\"@type\":\"Organization\",\"@id\":\"https:\/\/nordicdesignshop.lu\/en\/#organization\",\"name\":\"Nordic Design Shop\",\"url\":\"https:\/\/nordicdesignshop.lu\/en\/\",\"logo\":{\"@type\":\"ImageObject\",\"inLanguage\":\"en-US\",\"@id\":\"https:\/\/nordicdesignshop.lu\/en\/#\/schema\/logo\/image\/\",\"url\":\"https:\/\/nordicdesignshop.lu\/wp-content\/uploads\/2021\/03\/cropped-Sans-titre-1.jpg\",\"contentUrl\":\"https:\/\/nordicdesignshop.lu\/wp-content\/uploads\/2021\/03\/cropped-Sans-titre-1.jpg\",\"width\":512,\"height\":512,\"caption\":\"Nordic Design Shop\"},\"image\":{\"@id\":\"https:\/\/nordicdesignshop.lu\/en\/#\/schema\/logo\/image\/\"},\"sameAs\":[\"https:\/\/www.facebook.com\/NordicDesignShop\/\",\"https:\/\/www.instagram.com\/Nordic_designshop\/\",\"https:\/\/www.linkedin.com\/company\/nordic-design-shop\/\",\"https:\/\/www.youtube.com\/channel\/UCujh54MhpwQ2rXYscjfdN5Q\"]}]}<\/script>\n<!-- \/ Yoast SEO plugin. -->","yoast_head_json":{"title":"Legal disclaimer - Nordic Design Shop","robots":{"index":"index","follow":"follow","max-snippet":"max-snippet:-1","max-image-preview":"max-image-preview:large","max-video-preview":"max-video-preview:-1"},"canonical":"https:\/\/nordicdesignshop.lu\/en\/legal-disclaimer\/","og_locale":"en_US","og_type":"article","og_title":"Legal disclaimer - Nordic Design Shop","og_url":"https:\/\/nordicdesignshop.lu\/en\/legal-disclaimer\/","og_site_name":"Nordic Design Shop","article_publisher":"https:\/\/www.facebook.com\/NordicDesignShop\/","article_modified_time":"2021-03-15T19:37:14+00:00","og_image":[{"width":512,"height":512,"url":"https:\/\/nordicdesignshop.lu\/wp-content\/uploads\/2021\/03\/cropped-Sans-titre-1.jpg","type":"image\/jpeg"}],"twitter_card":"summary_large_image","twitter_misc":{"Est. reading time":"2 minutes"},"schema":{"@context":"https:\/\/schema.org","@graph":[{"@type":"WebPage","@id":"https:\/\/nordicdesignshop.lu\/en\/legal-disclaimer\/","url":"https:\/\/nordicdesignshop.lu\/en\/legal-disclaimer\/","name":"Legal disclaimer - Nordic Design Shop","isPartOf":{"@id":"https:\/\/nordicdesignshop.lu\/en\/#website"},"datePublished":"2021-03-15T19:20:20+00:00","dateModified":"2021-03-15T19:37:14+00:00","breadcrumb":{"@id":"https:\/\/nordicdesignshop.lu\/en\/legal-disclaimer\/#breadcrumb"},"inLanguage":"en-US","potentialAction":[{"@type":"ReadAction","target":["https:\/\/nordicdesignshop.lu\/en\/legal-disclaimer\/"]}]},{"@type":"BreadcrumbList","@id":"https:\/\/nordicdesignshop.lu\/en\/legal-disclaimer\/#breadcrumb","itemListElement":[{"@type":"ListItem","position":1,"name":"Accueil","item":"https:\/\/nordicdesignshop.lu\/en\/"},{"@type":"ListItem","position":2,"name":"Legal disclaimer"}]},{"@type":"WebSite","@id":"https:\/\/nordicdesignshop.lu\/en\/#website","url":"https:\/\/nordicdesignshop.lu\/en\/","name":"Nordic Design Shop","description":"Drop | Jacuzzi | Spa","publisher":{"@id":"https:\/\/nordicdesignshop.lu\/en\/#organization"},"potentialAction":[{"@type":"SearchAction","target":{"@type":"EntryPoint","urlTemplate":"https:\/\/nordicdesignshop.lu\/en\/?s={search_term_string}"},"query-input":"required name=search_term_string"}],"inLanguage":"en-US"},{"@type":"Organization","@id":"https:\/\/nordicdesignshop.lu\/en\/#organization","name":"Nordic Design Shop","url":"https:\/\/nordicdesignshop.lu\/en\/","logo":{"@type":"ImageObject","inLanguage":"en-US","@id":"https:\/\/nordicdesignshop.lu\/en\/#\/schema\/logo\/image\/","url":"https:\/\/nordicdesignshop.lu\/wp-content\/uploads\/2021\/03\/cropped-Sans-titre-1.jpg","contentUrl":"https:\/\/nordicdesignshop.lu\/wp-content\/uploads\/2021\/03\/cropped-Sans-titre-1.jpg","width":512,"height":512,"caption":"Nordic Design Shop"},"image":{"@id":"https:\/\/nordicdesignshop.lu\/en\/#\/schema\/logo\/image\/"},"sameAs":["https:\/\/www.facebook.com\/NordicDesignShop\/","https:\/\/www.instagram.com\/Nordic_designshop\/","https:\/\/www.linkedin.com\/company\/nordic-design-shop\/","https:\/\/www.youtube.com\/channel\/UCujh54MhpwQ2rXYscjfdN5Q"]}]}},"_links":{"self":[{"href":"https:\/\/nordicdesignshop.lu\/en\/wp-json\/wp\/v2\/pages\/1956","targetHints":{"allow":["GET"]}}],"collection":[{"href":"https:\/\/nordicdesignshop.lu\/en\/wp-json\/wp\/v2\/pages"}],"about":[{"href":"https:\/\/nordicdesignshop.lu\/en\/wp-json\/wp\/v2\/types\/page"}],"author":[{"embeddable":true,"href":"https:\/\/nordicdesignshop.lu\/en\/wp-json\/wp\/v2\/users\/7"}],"replies":[{"embeddable":true,"href":"https:\/\/nordicdesignshop.lu\/en\/wp-json\/wp\/v2\/comments?post=1956"}],"version-history":[{"count":3,"href":"https:\/\/nordicdesignshop.lu\/en\/wp-json\/wp\/v2\/pages\/1956\/revisions"}],"predecessor-version":[{"id":1964,"href":"https:\/\/nordicdesignshop.lu\/en\/wp-json\/wp\/v2\/pages\/1956\/revisions\/1964"}],"wp:attachment":[{"href":"https:\/\/nordicdesignshop.lu\/en\/wp-json\/wp\/v2\/media?parent=1956"}],"curies":[{"name":"wp","href":"https:\/\/api.w.org\/{rel}","templated":true}]}}