{"id":5667,"date":"2021-10-14T11:43:59","date_gmt":"2021-10-14T09:43:59","guid":{"rendered":"https:\/\/nordicdesignshop.lu\/shop\/unkategorisiert\/gartenschlauch\/"},"modified":"2022-01-03T14:31:49","modified_gmt":"2022-01-03T13:31:49","slug":"gartenschlauch","status":"publish","type":"product","link":"https:\/\/nordicdesignshop.lu\/de\/shop\/terrasse-garten\/gartenschlauch\/","title":{"rendered":"GARTENSCHLAUCH"},"content":{"rendered":"<p align=\"justify\">Diese Edelsteine sind in einer Reihe von aufregenden Farben erh\u00e4ltlich, die zu Ihrem einzigartigen Stil passen. Sie alle haben eine elegante Verpackung.<\/p>\n<p align=\"justify\">Die um den Schlauch gestrickte Verst\u00e4rkung unserer Schl\u00e4uche macht diese flexibel und knicksicher. Die Kunststoffoberfl\u00e4che ist wischfest und UV-best\u00e4ndig, um ein Ausbleichen durch Sonneneinstrahlung zu verhindern, sodass Ihr Gartenschlauch \u00fcber Jahre hinweg seine perfekte Farbe beh\u00e4lt. Alle Rohre sind aus PVC und frei von Blei, Cadmium und Phthalaten. Die Rosen werden singen, w\u00e4hrend der Schlauch sie mit viel sauberem Wasser verw\u00f6hnt.<\/p>\n<p align=\"justify\">Die Rohre sind in 20 Meterl\u00e4nge erh\u00e4ltlich. Wenn Sie mehr L\u00e4nge ben\u00f6tigen, k\u00f6nnen 2 Schl\u00e4uche miteinander verbunden werden. Den Erweiterungsstecker stellen wir Ihnen kostenlos zur Verf\u00fcgung.<\/p>\n<p align=\"justify\">Hinweis : Unsere Schl\u00e4uche werden ohne Fittings geliefert, daher m\u00fcssen Sie bei der Bestellung des Gartenschlauchs das gew\u00fcnschte D\u00fcsenset hinzuf\u00fcgen.<\/p>\n","protected":false},"excerpt":{"rendered":"<p align=\"justify\">Egal, ob Sie sich f\u00fcr den k\u00fchnen, industriellen Betonstil entscheiden und einen Raum ben\u00f6tigen, um die Dinge weicher zu machen, oder einfach nur an Ihrem bereits \u00fcppigen Garten festhalten m\u00f6chten, dieser Schlauch ist f\u00fcr Sie. Unsere Luxusschl\u00e4uche sind von h\u00f6chster Qualit\u00e4t und passen perfekt zu all unseren Endkappen und Wandhalterungen.<\/p>\n<p><img loading=\"lazy\" decoding=\"async\" class=\"alignnone wp-image-829\" src=\"https:\/\/nordicdesignshop.lu\/wp-content\/uploads\/2021\/10\/Garden-Glory-Logo_Plan-de-travail-1.png\" alt=\"\" width=\"160\" height=\"113\" \/><\/p>\n","protected":false},"featured_media":5114,"template":"","meta":{"content-type":""},"product_cat":[158],"product_tag":[],"class_list":{"0":"post-5667","1":"product","2":"type-product","3":"status-publish","4":"has-post-thumbnail","6":"product_cat-terrasse-garten","8":"first","9":"instock","10":"shipping-taxable","11":"purchasable","12":"product-type-variable"},"yoast_head":"<!-- This site is optimized with the Yoast SEO plugin v23.1 - https:\/\/yoast.com\/wordpress\/plugins\/seo\/ -->\n<title>GARTENSCHLAUCH - Nordic Design Shop<\/title>\n<meta name=\"robots\" content=\"index, follow, max-snippet:-1, max-image-preview:large, max-video-preview:-1\" \/>\n<link rel=\"canonical\" href=\"https:\/\/nordicdesignshop.lu\/de\/shop\/terrasse-garten\/gartenschlauch\/\" \/>\n<meta property=\"og:locale\" content=\"de_DE\" \/>\n<meta property=\"og:type\" content=\"article\" \/>\n<meta property=\"og:title\" content=\"GARTENSCHLAUCH - Nordic Design Shop\" \/>\n<meta property=\"og:description\" content=\"Egal, ob Sie sich f\u00fcr den k\u00fchnen, industriellen Betonstil entscheiden und einen Raum ben\u00f6tigen, um die Dinge weicher zu machen, oder einfach nur an Ihrem bereits \u00fcppigen Garten festhalten m\u00f6chten, dieser Schlauch ist f\u00fcr Sie. Unsere Luxusschl\u00e4uche sind von h\u00f6chster Qualit\u00e4t und passen perfekt zu all unseren Endkappen und Wandhalterungen.\" \/>\n<meta property=\"og:url\" content=\"https:\/\/nordicdesignshop.lu\/de\/shop\/terrasse-garten\/gartenschlauch\/\" \/>\n<meta property=\"og:site_name\" content=\"Nordic Design Shop\" \/>\n<meta property=\"article:publisher\" content=\"https:\/\/www.facebook.com\/NordicDesignShop\/\" \/>\n<meta property=\"article:modified_time\" content=\"2022-01-03T13:31:49+00:00\" \/>\n<meta property=\"og:image\" content=\"https:\/\/nordicdesignshop.lu\/wp-content\/uploads\/2021\/10\/Nordic-design-shop-Garden-Glory-Tuyau-Arrosage-Gris.jpg\" \/>\n\t<meta property=\"og:image:width\" content=\"1024\" \/>\n\t<meta property=\"og:image:height\" content=\"1024\" \/>\n\t<meta property=\"og:image:type\" content=\"image\/jpeg\" \/>\n<meta name=\"twitter:card\" content=\"summary_large_image\" \/>\n<meta name=\"twitter:label1\" content=\"Gesch\u00e4tzte Lesezeit\" \/>\n\t<meta name=\"twitter:data1\" content=\"1\u00a0Minute\" \/>\n<script type=\"application\/ld+json\" class=\"yoast-schema-graph\">{\"@context\":\"https:\/\/schema.org\",\"@graph\":[{\"@type\":\"WebPage\",\"@id\":\"https:\/\/nordicdesignshop.lu\/de\/shop\/terrasse-garten\/gartenschlauch\/\",\"url\":\"https:\/\/nordicdesignshop.lu\/de\/shop\/terrasse-garten\/gartenschlauch\/\",\"name\":\"GARTENSCHLAUCH - Nordic Design Shop\",\"isPartOf\":{\"@id\":\"https:\/\/nordicdesignshop.lu\/de\/#website\"},\"primaryImageOfPage\":{\"@id\":\"https:\/\/nordicdesignshop.lu\/de\/shop\/terrasse-garten\/gartenschlauch\/#primaryimage\"},\"image\":{\"@id\":\"https:\/\/nordicdesignshop.lu\/de\/shop\/terrasse-garten\/gartenschlauch\/#primaryimage\"},\"thumbnailUrl\":\"https:\/\/nordicdesignshop.lu\/wp-content\/uploads\/2021\/10\/Nordic-design-shop-Garden-Glory-Tuyau-Arrosage-Gris.jpg\",\"datePublished\":\"2021-10-14T09:43:59+00:00\",\"dateModified\":\"2022-01-03T13:31:49+00:00\",\"breadcrumb\":{\"@id\":\"https:\/\/nordicdesignshop.lu\/de\/shop\/terrasse-garten\/gartenschlauch\/#breadcrumb\"},\"inLanguage\":\"de\",\"potentialAction\":[{\"@type\":\"ReadAction\",\"target\":[\"https:\/\/nordicdesignshop.lu\/de\/shop\/terrasse-garten\/gartenschlauch\/\"]}]},{\"@type\":\"ImageObject\",\"inLanguage\":\"de\",\"@id\":\"https:\/\/nordicdesignshop.lu\/de\/shop\/terrasse-garten\/gartenschlauch\/#primaryimage\",\"url\":\"https:\/\/nordicdesignshop.lu\/wp-content\/uploads\/2021\/10\/Nordic-design-shop-Garden-Glory-Tuyau-Arrosage-Gris.jpg\",\"contentUrl\":\"https:\/\/nordicdesignshop.lu\/wp-content\/uploads\/2021\/10\/Nordic-design-shop-Garden-Glory-Tuyau-Arrosage-Gris.jpg\",\"width\":1024,\"height\":1024,\"caption\":\"Tuyau d'arrosage - Gris\"},{\"@type\":\"BreadcrumbList\",\"@id\":\"https:\/\/nordicdesignshop.lu\/de\/shop\/terrasse-garten\/gartenschlauch\/#breadcrumb\",\"itemListElement\":[{\"@type\":\"ListItem\",\"position\":1,\"name\":\"Accueil\",\"item\":\"https:\/\/nordicdesignshop.lu\/de\/\"},{\"@type\":\"ListItem\",\"position\":2,\"name\":\"Einkaufen\",\"item\":\"https:\/\/nordicdesignshop.lu\/de\/einkaufen\/\"},{\"@type\":\"ListItem\",\"position\":3,\"name\":\"GARTENSCHLAUCH\"}]},{\"@type\":\"WebSite\",\"@id\":\"https:\/\/nordicdesignshop.lu\/de\/#website\",\"url\":\"https:\/\/nordicdesignshop.lu\/de\/\",\"name\":\"Nordic Design Shop\",\"description\":\"Drop | Jacuzzi | Spa\",\"publisher\":{\"@id\":\"https:\/\/nordicdesignshop.lu\/de\/#organization\"},\"potentialAction\":[{\"@type\":\"SearchAction\",\"target\":{\"@type\":\"EntryPoint\",\"urlTemplate\":\"https:\/\/nordicdesignshop.lu\/de\/?s={search_term_string}\"},\"query-input\":\"required name=search_term_string\"}],\"inLanguage\":\"de\"},{\"@type\":\"Organization\",\"@id\":\"https:\/\/nordicdesignshop.lu\/de\/#organization\",\"name\":\"Nordic Design Shop\",\"url\":\"https:\/\/nordicdesignshop.lu\/de\/\",\"logo\":{\"@type\":\"ImageObject\",\"inLanguage\":\"de\",\"@id\":\"https:\/\/nordicdesignshop.lu\/de\/#\/schema\/logo\/image\/\",\"url\":\"https:\/\/nordicdesignshop.lu\/wp-content\/uploads\/2021\/03\/cropped-Sans-titre-1.jpg\",\"contentUrl\":\"https:\/\/nordicdesignshop.lu\/wp-content\/uploads\/2021\/03\/cropped-Sans-titre-1.jpg\",\"width\":512,\"height\":512,\"caption\":\"Nordic Design Shop\"},\"image\":{\"@id\":\"https:\/\/nordicdesignshop.lu\/de\/#\/schema\/logo\/image\/\"},\"sameAs\":[\"https:\/\/www.facebook.com\/NordicDesignShop\/\",\"https:\/\/www.instagram.com\/Nordic_designshop\/\",\"https:\/\/www.linkedin.com\/company\/nordic-design-shop\/\",\"https:\/\/www.youtube.com\/channel\/UCujh54MhpwQ2rXYscjfdN5Q\"]}]}<\/script>\n<!-- \/ Yoast SEO plugin. -->","yoast_head_json":{"title":"GARTENSCHLAUCH - Nordic Design Shop","robots":{"index":"index","follow":"follow","max-snippet":"max-snippet:-1","max-image-preview":"max-image-preview:large","max-video-preview":"max-video-preview:-1"},"canonical":"https:\/\/nordicdesignshop.lu\/de\/shop\/terrasse-garten\/gartenschlauch\/","og_locale":"de_DE","og_type":"article","og_title":"GARTENSCHLAUCH - Nordic Design Shop","og_description":"Egal, ob Sie sich f\u00fcr den k\u00fchnen, industriellen Betonstil entscheiden und einen Raum ben\u00f6tigen, um die Dinge weicher zu machen, oder einfach nur an Ihrem bereits \u00fcppigen Garten festhalten m\u00f6chten, dieser Schlauch ist f\u00fcr Sie. Unsere Luxusschl\u00e4uche sind von h\u00f6chster Qualit\u00e4t und passen perfekt zu all unseren Endkappen und Wandhalterungen.","og_url":"https:\/\/nordicdesignshop.lu\/de\/shop\/terrasse-garten\/gartenschlauch\/","og_site_name":"Nordic Design Shop","article_publisher":"https:\/\/www.facebook.com\/NordicDesignShop\/","article_modified_time":"2022-01-03T13:31:49+00:00","og_image":[{"width":1024,"height":1024,"url":"https:\/\/nordicdesignshop.lu\/wp-content\/uploads\/2021\/10\/Nordic-design-shop-Garden-Glory-Tuyau-Arrosage-Gris.jpg","type":"image\/jpeg"}],"twitter_card":"summary_large_image","twitter_misc":{"Gesch\u00e4tzte Lesezeit":"1\u00a0Minute"},"schema":{"@context":"https:\/\/schema.org","@graph":[{"@type":"WebPage","@id":"https:\/\/nordicdesignshop.lu\/de\/shop\/terrasse-garten\/gartenschlauch\/","url":"https:\/\/nordicdesignshop.lu\/de\/shop\/terrasse-garten\/gartenschlauch\/","name":"GARTENSCHLAUCH - Nordic Design Shop","isPartOf":{"@id":"https:\/\/nordicdesignshop.lu\/de\/#website"},"primaryImageOfPage":{"@id":"https:\/\/nordicdesignshop.lu\/de\/shop\/terrasse-garten\/gartenschlauch\/#primaryimage"},"image":{"@id":"https:\/\/nordicdesignshop.lu\/de\/shop\/terrasse-garten\/gartenschlauch\/#primaryimage"},"thumbnailUrl":"https:\/\/nordicdesignshop.lu\/wp-content\/uploads\/2021\/10\/Nordic-design-shop-Garden-Glory-Tuyau-Arrosage-Gris.jpg","datePublished":"2021-10-14T09:43:59+00:00","dateModified":"2022-01-03T13:31:49+00:00","breadcrumb":{"@id":"https:\/\/nordicdesignshop.lu\/de\/shop\/terrasse-garten\/gartenschlauch\/#breadcrumb"},"inLanguage":"de","potentialAction":[{"@type":"ReadAction","target":["https:\/\/nordicdesignshop.lu\/de\/shop\/terrasse-garten\/gartenschlauch\/"]}]},{"@type":"ImageObject","inLanguage":"de","@id":"https:\/\/nordicdesignshop.lu\/de\/shop\/terrasse-garten\/gartenschlauch\/#primaryimage","url":"https:\/\/nordicdesignshop.lu\/wp-content\/uploads\/2021\/10\/Nordic-design-shop-Garden-Glory-Tuyau-Arrosage-Gris.jpg","contentUrl":"https:\/\/nordicdesignshop.lu\/wp-content\/uploads\/2021\/10\/Nordic-design-shop-Garden-Glory-Tuyau-Arrosage-Gris.jpg","width":1024,"height":1024,"caption":"Tuyau d'arrosage - Gris"},{"@type":"BreadcrumbList","@id":"https:\/\/nordicdesignshop.lu\/de\/shop\/terrasse-garten\/gartenschlauch\/#breadcrumb","itemListElement":[{"@type":"ListItem","position":1,"name":"Accueil","item":"https:\/\/nordicdesignshop.lu\/de\/"},{"@type":"ListItem","position":2,"name":"Einkaufen","item":"https:\/\/nordicdesignshop.lu\/de\/einkaufen\/"},{"@type":"ListItem","position":3,"name":"GARTENSCHLAUCH"}]},{"@type":"WebSite","@id":"https:\/\/nordicdesignshop.lu\/de\/#website","url":"https:\/\/nordicdesignshop.lu\/de\/","name":"Nordic Design Shop","description":"Drop | Jacuzzi | Spa","publisher":{"@id":"https:\/\/nordicdesignshop.lu\/de\/#organization"},"potentialAction":[{"@type":"SearchAction","target":{"@type":"EntryPoint","urlTemplate":"https:\/\/nordicdesignshop.lu\/de\/?s={search_term_string}"},"query-input":"required name=search_term_string"}],"inLanguage":"de"},{"@type":"Organization","@id":"https:\/\/nordicdesignshop.lu\/de\/#organization","name":"Nordic Design Shop","url":"https:\/\/nordicdesignshop.lu\/de\/","logo":{"@type":"ImageObject","inLanguage":"de","@id":"https:\/\/nordicdesignshop.lu\/de\/#\/schema\/logo\/image\/","url":"https:\/\/nordicdesignshop.lu\/wp-content\/uploads\/2021\/03\/cropped-Sans-titre-1.jpg","contentUrl":"https:\/\/nordicdesignshop.lu\/wp-content\/uploads\/2021\/03\/cropped-Sans-titre-1.jpg","width":512,"height":512,"caption":"Nordic Design Shop"},"image":{"@id":"https:\/\/nordicdesignshop.lu\/de\/#\/schema\/logo\/image\/"},"sameAs":["https:\/\/www.facebook.com\/NordicDesignShop\/","https:\/\/www.instagram.com\/Nordic_designshop\/","https:\/\/www.linkedin.com\/company\/nordic-design-shop\/","https:\/\/www.youtube.com\/channel\/UCujh54MhpwQ2rXYscjfdN5Q"]}]}},"_links":{"self":[{"href":"https:\/\/nordicdesignshop.lu\/de\/wp-json\/wp\/v2\/product\/5667","targetHints":{"allow":["GET"]}}],"collection":[{"href":"https:\/\/nordicdesignshop.lu\/de\/wp-json\/wp\/v2\/product"}],"about":[{"href":"https:\/\/nordicdesignshop.lu\/de\/wp-json\/wp\/v2\/types\/product"}],"wp:featuredmedia":[{"embeddable":true,"href":"https:\/\/nordicdesignshop.lu\/de\/wp-json\/wp\/v2\/media\/5114"}],"wp:attachment":[{"href":"https:\/\/nordicdesignshop.lu\/de\/wp-json\/wp\/v2\/media?parent=5667"}],"wp:term":[{"taxonomy":"product_cat","embeddable":true,"href":"https:\/\/nordicdesignshop.lu\/de\/wp-json\/wp\/v2\/product_cat?post=5667"},{"taxonomy":"product_tag","embeddable":true,"href":"https:\/\/nordicdesignshop.lu\/de\/wp-json\/wp\/v2\/product_tag?post=5667"}],"curies":[{"name":"wp","href":"https:\/\/api.w.org\/{rel}","templated":true}]}}