{"id":5579,"date":"2021-10-21T15:01:01","date_gmt":"2021-10-21T13:01:01","guid":{"rendered":"https:\/\/nordicdesignshop.lu\/shop\/unkategorisiert\/wandhalterung\/"},"modified":"2022-01-03T14:24:48","modified_gmt":"2022-01-03T13:24:48","slug":"wandhalterung","status":"publish","type":"product","link":"https:\/\/nordicdesignshop.lu\/de\/shop\/terrasse-garten\/wandhalterung\/","title":{"rendered":"WANDHALTERUNG"},"content":{"rendered":"<h3>DESIGN<\/h3>\n<p align=\"justify\">In Form eines Geweihs ist der sch\u00f6ne Wandaufh\u00e4nger in Rentierform sowohl dekorativ als auch funktional mit einem farbenfrohen Gartenschlauch Ihrer Wahl. Sowohl zeitlos als auch modern. Es kann auch im Innenbereich als Aufh\u00e4nger verwendet werden, oder warum nicht als Kunstwerk? Die M\u00f6glichkeiten sind endlos. Die in Schweden entworfene und hergestellte Wandhalterung in Rentierform ist aus Aluminium gegossen und h\u00e4lt den Elementen stand.<\/p>\n<p align=\"justify\">5 Jahre Garantie.<\/p>\n","protected":false},"excerpt":{"rendered":"<p align=\"justify\">Der sch\u00f6ne Gartenschlauchhalter in Form eines &#8222;Rentiers&#8220; ist zeitlos und revolution\u00e4r in der Welt der Gartenger\u00e4te. Mit einem farbigen Gartenschlauch Ihrer Wahl erhalten Sie ein avantgardistisches Duo.<\/p>\n<div><img loading=\"lazy\" decoding=\"async\" class=\"alignnone wp-image-829\" src=\"https:\/\/nordicdesignshop.lu\/wp-content\/uploads\/2021\/10\/Garden-Glory-Logo_Plan-de-travail-1.png\" alt=\"\" width=\"160\" height=\"113\" \/><\/div>\n","protected":false},"featured_media":5435,"template":"","meta":{"content-type":""},"product_cat":[158],"product_tag":[],"class_list":{"0":"post-5579","1":"product","2":"type-product","3":"status-publish","4":"has-post-thumbnail","6":"product_cat-terrasse-garten","8":"first","9":"instock","10":"shipping-taxable","11":"purchasable","12":"product-type-variable"},"yoast_head":"<!-- This site is optimized with the Yoast SEO plugin v23.1 - https:\/\/yoast.com\/wordpress\/plugins\/seo\/ -->\n<title>WANDHALTERUNG - Nordic Design Shop<\/title>\n<meta name=\"description\" content=\"Die Wandhalterung in &quot;Rentier&quot;-Form bringt eine originelle Dekoration in Ihr Zuhause ! Erh\u00e4ltlich im Nordic Design Shop.\" \/>\n<meta name=\"robots\" content=\"index, follow, max-snippet:-1, max-image-preview:large, max-video-preview:-1\" \/>\n<link rel=\"canonical\" href=\"https:\/\/nordicdesignshop.lu\/de\/shop\/terrasse-garten\/wandhalterung\/\" \/>\n<meta property=\"og:locale\" content=\"de_DE\" \/>\n<meta property=\"og:type\" content=\"article\" \/>\n<meta property=\"og:title\" content=\"WANDHALTERUNG - Nordic Design Shop\" \/>\n<meta property=\"og:description\" content=\"Die Wandhalterung in &quot;Rentier&quot;-Form bringt eine originelle Dekoration in Ihr Zuhause ! Erh\u00e4ltlich im Nordic Design Shop.\" \/>\n<meta property=\"og:url\" content=\"https:\/\/nordicdesignshop.lu\/de\/shop\/terrasse-garten\/wandhalterung\/\" \/>\n<meta property=\"og:site_name\" content=\"Nordic Design Shop\" \/>\n<meta property=\"article:publisher\" content=\"https:\/\/www.facebook.com\/NordicDesignShop\/\" \/>\n<meta property=\"article:modified_time\" content=\"2022-01-03T13:24:48+00:00\" \/>\n<meta property=\"og:image\" content=\"https:\/\/nordicdesignshop.lu\/wp-content\/uploads\/2021\/10\/Nordic-design-shop-Garden-Glory-Support-Mural-Renne-Noir.webp\" \/>\n\t<meta property=\"og:image:width\" content=\"1024\" \/>\n\t<meta property=\"og:image:height\" content=\"1024\" \/>\n\t<meta property=\"og:image:type\" content=\"image\/webp\" \/>\n<meta name=\"twitter:card\" content=\"summary_large_image\" \/>\n<script type=\"application\/ld+json\" class=\"yoast-schema-graph\">{\"@context\":\"https:\/\/schema.org\",\"@graph\":[{\"@type\":\"WebPage\",\"@id\":\"https:\/\/nordicdesignshop.lu\/de\/shop\/terrasse-garten\/wandhalterung\/\",\"url\":\"https:\/\/nordicdesignshop.lu\/de\/shop\/terrasse-garten\/wandhalterung\/\",\"name\":\"WANDHALTERUNG - Nordic Design Shop\",\"isPartOf\":{\"@id\":\"https:\/\/nordicdesignshop.lu\/de\/#website\"},\"primaryImageOfPage\":{\"@id\":\"https:\/\/nordicdesignshop.lu\/de\/shop\/terrasse-garten\/wandhalterung\/#primaryimage\"},\"image\":{\"@id\":\"https:\/\/nordicdesignshop.lu\/de\/shop\/terrasse-garten\/wandhalterung\/#primaryimage\"},\"thumbnailUrl\":\"https:\/\/nordicdesignshop.lu\/wp-content\/uploads\/2021\/10\/Nordic-design-shop-Garden-Glory-Support-Mural-Renne-Noir.webp\",\"datePublished\":\"2021-10-21T13:01:01+00:00\",\"dateModified\":\"2022-01-03T13:24:48+00:00\",\"description\":\"Die Wandhalterung in \\\"Rentier\\\"-Form bringt eine originelle Dekoration in Ihr Zuhause ! Erh\u00e4ltlich im Nordic Design Shop.\",\"breadcrumb\":{\"@id\":\"https:\/\/nordicdesignshop.lu\/de\/shop\/terrasse-garten\/wandhalterung\/#breadcrumb\"},\"inLanguage\":\"de\",\"potentialAction\":[{\"@type\":\"ReadAction\",\"target\":[\"https:\/\/nordicdesignshop.lu\/de\/shop\/terrasse-garten\/wandhalterung\/\"]}]},{\"@type\":\"ImageObject\",\"inLanguage\":\"de\",\"@id\":\"https:\/\/nordicdesignshop.lu\/de\/shop\/terrasse-garten\/wandhalterung\/#primaryimage\",\"url\":\"https:\/\/nordicdesignshop.lu\/wp-content\/uploads\/2021\/10\/Nordic-design-shop-Garden-Glory-Support-Mural-Renne-Noir.webp\",\"contentUrl\":\"https:\/\/nordicdesignshop.lu\/wp-content\/uploads\/2021\/10\/Nordic-design-shop-Garden-Glory-Support-Mural-Renne-Noir.webp\",\"width\":1024,\"height\":1024,\"caption\":\"WANDHALTERUNG - Rentiers\"},{\"@type\":\"BreadcrumbList\",\"@id\":\"https:\/\/nordicdesignshop.lu\/de\/shop\/terrasse-garten\/wandhalterung\/#breadcrumb\",\"itemListElement\":[{\"@type\":\"ListItem\",\"position\":1,\"name\":\"Accueil\",\"item\":\"https:\/\/nordicdesignshop.lu\/de\/\"},{\"@type\":\"ListItem\",\"position\":2,\"name\":\"Einkaufen\",\"item\":\"https:\/\/nordicdesignshop.lu\/de\/einkaufen\/\"},{\"@type\":\"ListItem\",\"position\":3,\"name\":\"WANDHALTERUNG\"}]},{\"@type\":\"WebSite\",\"@id\":\"https:\/\/nordicdesignshop.lu\/de\/#website\",\"url\":\"https:\/\/nordicdesignshop.lu\/de\/\",\"name\":\"Nordic Design Shop\",\"description\":\"Drop | Jacuzzi | Spa\",\"publisher\":{\"@id\":\"https:\/\/nordicdesignshop.lu\/de\/#organization\"},\"potentialAction\":[{\"@type\":\"SearchAction\",\"target\":{\"@type\":\"EntryPoint\",\"urlTemplate\":\"https:\/\/nordicdesignshop.lu\/de\/?s={search_term_string}\"},\"query-input\":\"required name=search_term_string\"}],\"inLanguage\":\"de\"},{\"@type\":\"Organization\",\"@id\":\"https:\/\/nordicdesignshop.lu\/de\/#organization\",\"name\":\"Nordic Design Shop\",\"url\":\"https:\/\/nordicdesignshop.lu\/de\/\",\"logo\":{\"@type\":\"ImageObject\",\"inLanguage\":\"de\",\"@id\":\"https:\/\/nordicdesignshop.lu\/de\/#\/schema\/logo\/image\/\",\"url\":\"https:\/\/nordicdesignshop.lu\/wp-content\/uploads\/2021\/03\/cropped-Sans-titre-1.jpg\",\"contentUrl\":\"https:\/\/nordicdesignshop.lu\/wp-content\/uploads\/2021\/03\/cropped-Sans-titre-1.jpg\",\"width\":512,\"height\":512,\"caption\":\"Nordic Design Shop\"},\"image\":{\"@id\":\"https:\/\/nordicdesignshop.lu\/de\/#\/schema\/logo\/image\/\"},\"sameAs\":[\"https:\/\/www.facebook.com\/NordicDesignShop\/\",\"https:\/\/www.instagram.com\/Nordic_designshop\/\",\"https:\/\/www.linkedin.com\/company\/nordic-design-shop\/\",\"https:\/\/www.youtube.com\/channel\/UCujh54MhpwQ2rXYscjfdN5Q\"]}]}<\/script>\n<!-- \/ Yoast SEO plugin. -->","yoast_head_json":{"title":"WANDHALTERUNG - Nordic Design Shop","description":"Die Wandhalterung in \"Rentier\"-Form bringt eine originelle Dekoration in Ihr Zuhause ! Erh\u00e4ltlich im Nordic Design Shop.","robots":{"index":"index","follow":"follow","max-snippet":"max-snippet:-1","max-image-preview":"max-image-preview:large","max-video-preview":"max-video-preview:-1"},"canonical":"https:\/\/nordicdesignshop.lu\/de\/shop\/terrasse-garten\/wandhalterung\/","og_locale":"de_DE","og_type":"article","og_title":"WANDHALTERUNG - Nordic Design Shop","og_description":"Die Wandhalterung in \"Rentier\"-Form bringt eine originelle Dekoration in Ihr Zuhause ! Erh\u00e4ltlich im Nordic Design Shop.","og_url":"https:\/\/nordicdesignshop.lu\/de\/shop\/terrasse-garten\/wandhalterung\/","og_site_name":"Nordic Design Shop","article_publisher":"https:\/\/www.facebook.com\/NordicDesignShop\/","article_modified_time":"2022-01-03T13:24:48+00:00","og_image":[{"width":1024,"height":1024,"url":"https:\/\/nordicdesignshop.lu\/wp-content\/uploads\/2021\/10\/Nordic-design-shop-Garden-Glory-Support-Mural-Renne-Noir.webp","type":"image\/webp"}],"twitter_card":"summary_large_image","schema":{"@context":"https:\/\/schema.org","@graph":[{"@type":"WebPage","@id":"https:\/\/nordicdesignshop.lu\/de\/shop\/terrasse-garten\/wandhalterung\/","url":"https:\/\/nordicdesignshop.lu\/de\/shop\/terrasse-garten\/wandhalterung\/","name":"WANDHALTERUNG - Nordic Design Shop","isPartOf":{"@id":"https:\/\/nordicdesignshop.lu\/de\/#website"},"primaryImageOfPage":{"@id":"https:\/\/nordicdesignshop.lu\/de\/shop\/terrasse-garten\/wandhalterung\/#primaryimage"},"image":{"@id":"https:\/\/nordicdesignshop.lu\/de\/shop\/terrasse-garten\/wandhalterung\/#primaryimage"},"thumbnailUrl":"https:\/\/nordicdesignshop.lu\/wp-content\/uploads\/2021\/10\/Nordic-design-shop-Garden-Glory-Support-Mural-Renne-Noir.webp","datePublished":"2021-10-21T13:01:01+00:00","dateModified":"2022-01-03T13:24:48+00:00","description":"Die Wandhalterung in \"Rentier\"-Form bringt eine originelle Dekoration in Ihr Zuhause ! Erh\u00e4ltlich im Nordic Design Shop.","breadcrumb":{"@id":"https:\/\/nordicdesignshop.lu\/de\/shop\/terrasse-garten\/wandhalterung\/#breadcrumb"},"inLanguage":"de","potentialAction":[{"@type":"ReadAction","target":["https:\/\/nordicdesignshop.lu\/de\/shop\/terrasse-garten\/wandhalterung\/"]}]},{"@type":"ImageObject","inLanguage":"de","@id":"https:\/\/nordicdesignshop.lu\/de\/shop\/terrasse-garten\/wandhalterung\/#primaryimage","url":"https:\/\/nordicdesignshop.lu\/wp-content\/uploads\/2021\/10\/Nordic-design-shop-Garden-Glory-Support-Mural-Renne-Noir.webp","contentUrl":"https:\/\/nordicdesignshop.lu\/wp-content\/uploads\/2021\/10\/Nordic-design-shop-Garden-Glory-Support-Mural-Renne-Noir.webp","width":1024,"height":1024,"caption":"WANDHALTERUNG - Rentiers"},{"@type":"BreadcrumbList","@id":"https:\/\/nordicdesignshop.lu\/de\/shop\/terrasse-garten\/wandhalterung\/#breadcrumb","itemListElement":[{"@type":"ListItem","position":1,"name":"Accueil","item":"https:\/\/nordicdesignshop.lu\/de\/"},{"@type":"ListItem","position":2,"name":"Einkaufen","item":"https:\/\/nordicdesignshop.lu\/de\/einkaufen\/"},{"@type":"ListItem","position":3,"name":"WANDHALTERUNG"}]},{"@type":"WebSite","@id":"https:\/\/nordicdesignshop.lu\/de\/#website","url":"https:\/\/nordicdesignshop.lu\/de\/","name":"Nordic Design Shop","description":"Drop | Jacuzzi | Spa","publisher":{"@id":"https:\/\/nordicdesignshop.lu\/de\/#organization"},"potentialAction":[{"@type":"SearchAction","target":{"@type":"EntryPoint","urlTemplate":"https:\/\/nordicdesignshop.lu\/de\/?s={search_term_string}"},"query-input":"required name=search_term_string"}],"inLanguage":"de"},{"@type":"Organization","@id":"https:\/\/nordicdesignshop.lu\/de\/#organization","name":"Nordic Design Shop","url":"https:\/\/nordicdesignshop.lu\/de\/","logo":{"@type":"ImageObject","inLanguage":"de","@id":"https:\/\/nordicdesignshop.lu\/de\/#\/schema\/logo\/image\/","url":"https:\/\/nordicdesignshop.lu\/wp-content\/uploads\/2021\/03\/cropped-Sans-titre-1.jpg","contentUrl":"https:\/\/nordicdesignshop.lu\/wp-content\/uploads\/2021\/03\/cropped-Sans-titre-1.jpg","width":512,"height":512,"caption":"Nordic Design Shop"},"image":{"@id":"https:\/\/nordicdesignshop.lu\/de\/#\/schema\/logo\/image\/"},"sameAs":["https:\/\/www.facebook.com\/NordicDesignShop\/","https:\/\/www.instagram.com\/Nordic_designshop\/","https:\/\/www.linkedin.com\/company\/nordic-design-shop\/","https:\/\/www.youtube.com\/channel\/UCujh54MhpwQ2rXYscjfdN5Q"]}]}},"_links":{"self":[{"href":"https:\/\/nordicdesignshop.lu\/de\/wp-json\/wp\/v2\/product\/5579","targetHints":{"allow":["GET"]}}],"collection":[{"href":"https:\/\/nordicdesignshop.lu\/de\/wp-json\/wp\/v2\/product"}],"about":[{"href":"https:\/\/nordicdesignshop.lu\/de\/wp-json\/wp\/v2\/types\/product"}],"wp:featuredmedia":[{"embeddable":true,"href":"https:\/\/nordicdesignshop.lu\/de\/wp-json\/wp\/v2\/media\/5435"}],"wp:attachment":[{"href":"https:\/\/nordicdesignshop.lu\/de\/wp-json\/wp\/v2\/media?parent=5579"}],"wp:term":[{"taxonomy":"product_cat","embeddable":true,"href":"https:\/\/nordicdesignshop.lu\/de\/wp-json\/wp\/v2\/product_cat?post=5579"},{"taxonomy":"product_tag","embeddable":true,"href":"https:\/\/nordicdesignshop.lu\/de\/wp-json\/wp\/v2\/product_tag?post=5579"}],"curies":[{"name":"wp","href":"https:\/\/api.w.org\/{rel}","templated":true}]}}