{"id":1919,"date":"2021-02-12T13:29:04","date_gmt":"2021-02-12T12:29:04","guid":{"rendered":"https:\/\/nordicdesignshop.lu\/shop\/unkategorisiert\/wolf-shelf-in-metall-weis\/"},"modified":"2022-01-03T13:52:16","modified_gmt":"2022-01-03T12:52:16","slug":"wolf-shelf-in-metall","status":"publish","type":"product","link":"https:\/\/nordicdesignshop.lu\/de\/shop\/home-design\/wolf-shelf-in-metall\/","title":{"rendered":"dekoratives Wandregal aus Metall"},"content":{"rendered":"<div class=\"row\"  id=\"row-1829949623\">\n\n\t<div id=\"col-1338112607\" class=\"col small-12 large-12\"  >\n\t\t\t\t<div class=\"col-inner\"  >\n\t\t\t\n\t\t\t\n<h3 class=\"uppercase\">Natur in finnischen M\u00f6beln<\/h3>\n<p align=\"justify\">Das Wandregal Wolf Shelf besteht aus 9 Boxen und ist sowohl n\u00fctzlich als auch dekorativ.<\/p>\n<p align=\"justify\">Aus n\u00f6rdlichen L\u00e4ndern kommend, scheint dieses Designer-M\u00f6belst\u00fcck wie durch ein Wunder auf der Schnauze zu balancieren.<\/p>\n<p align=\"justify\">Seine aufgerichteten Ohren bleiben wachsam und wachen \u00fcber seinen Stauraum. Fliegende Bl\u00e4tter, B\u00fccher, Wollkn\u00e4uel und Kugeln lagern dort unterwegs, w\u00e4hrend der Wolf Ausschau h\u00e4lt &#8230;<\/p>\n\t\t<\/div>\n\t\t\t\t\t<\/div>\n\n\t\n<\/div>\n<div class=\"row\"  id=\"row-1854605995\">\n\n\t<div id=\"col-273392700\" class=\"col small-12 large-12\"  >\n\t\t\t\t<div class=\"col-inner\"  >\n\t\t\t\n\t\t\t\n<h3 class=\"uppercase\">Das Wolf-Regal aus etall:\u00a0 eine moderne Dekoration<\/h3>\n<p align=\"justify\">Inspiriert von nordischen Trends erg\u00e4nzt dieses Regal die bestehenden M\u00f6bel, indem es einen Hauch finnischer Natur hinzuf\u00fcgt.<\/p>\n<p align=\"justify\">Ein zeitgem\u00e4\u00dfes Interieur ? Eine eher traditionelle Dekoration ? Das Wolf Regal passt sich allen Stilrichtungen an. Dank seiner sehr geometrischen Formen verleiht es sogar einen Hauch von Modernit\u00e4t : Parallelepiped, Dreiecke &#8230;<\/p>\n<p align=\"justify\">Seine Abmessungen erm\u00f6glichen es Ihnen, dieses M\u00f6belst\u00fcck \u00fcberall in Ihrem Zuhause zu integrieren :<\/p>\n<p>\u2022 55,5 cm x 62,7 cm x 21,5 cm<br \/>\n\u2022 21,85\u2032 x 24,68\u2032 x 8,46\u2032<\/p>\n<p align=\"justify\">Ihr <em>Home Design<\/em> l\u00e4sst sich leicht anpassen: Nordische Dekoration erleichtert jede Verwandlung.<\/p>\n\t\t<\/div>\n\t\t\t\t\t<\/div>\n\n\t\n<\/div>\n<div class=\"row\"  id=\"row-1068885664\">\n\n\t<div id=\"col-1671398621\" class=\"col small-12 large-12\"  >\n\t\t\t\t<div class=\"col-inner\"  >\n\t\t\t\n\t\t\t\n<h3 class=\"uppercase\">Bestellen Sie dieses Wandregal im Nordic Design Shop<\/h3>\n<p align=\"justify\">In 2 bis 14 Werktagen nach der Herstellung zu Hause, wird dieses Regal in einem St\u00fcck geliefert. Es erfordert daher keine Montage und ist robuster als herk\u00f6mmliche Regale.<\/p>\n<p align=\"justify\">Der Verpackung liegen Universalschrauben bei, um den Schrank an einer Steinwand zu befestigen. Wir empfehlen Ihnen jedoch, die f\u00fcr Ihre Wand am besten geeigneten Schrauben zu verwenden. Z\u00f6gern Sie nicht, im Zweifelsfall einen \u00f6rtlichen Baumarkt zu konsultieren.<\/p>\n<p align=\"justify\">Ein Echtheitszertifikat mit einer f\u00fcr Ihr Designregal spezifischen Seriennummer wird ebenfalls mitgeliefert.<\/p>\n<p align=\"justify\">Jedes Regal wird auf Bestellung gefertigt.<\/p>\n\t\t<\/div>\n\t\t\t\t\t<\/div>\n\n\t\n<\/div>\n","protected":false},"excerpt":{"rendered":"<p align=\"justify\">Hast du die Seele eines wilden Wolfes ?<\/p>\n<p align=\"justify\">Denken Sie daran mit diesem geometrischen Regal! Das <strong>Wolf Shelf in Wei\u00dfmetall<\/strong> ist ein Hingucker, der Ihre Lieblingsst\u00fccke in Szene setzt. Entworfen und hergestellt in Finnland, ist es jetzt in Luxemburg, Frankreich, Deutschland, den Niederlanden und Belgien \u00fcber Nordic Design Shop erh\u00e4ltlich. Wirst du deine nordische Natur offenbaren ?<\/p>\n<div class=\"row\"  id=\"row-119067484\">\n\n\t<div id=\"col-1951847922\" class=\"col medium-1\/2 large-6\"  >\n\t\t\t\t<div class=\"col-inner\"  >\n\t\t\t\n\t\t\t\n<img loading=\"lazy\" decoding=\"async\" class=\"alignnone wp-image-829\" src=\"https:\/\/nordicdesignshop.lu\/wp-content\/uploads\/2021\/08\/Logo-BEDESIGN-1.jpg\" alt=\"\" width=\"160\" height=\"113\" \/><\/p>\n\t\t<\/div>\n\t\t\t\t\t<\/div>\n\n\t\n\n\t<div id=\"col-1655692128\" class=\"col medium-1\/2 large-6\"  >\n\t\t\t\t<div class=\"col-inner\"  >\n\t\t\t\n\t\t\t\n<img loading=\"lazy\" decoding=\"async\" class=\"alignnone wp-image-829\" src=\"https:\/\/nordicdesignshop.lu\/wp-content\/uploads\/2021\/12\/Icone-livraison-offerte-DE.png\" alt=\"\" width=\"160\" height=\"113\" \/><\/p>\n\t\t<\/div>\n\t\t\t\t\t<\/div>\n\n\t\n<\/div>\n","protected":false},"featured_media":7657,"template":"","meta":{"content-type":""},"product_cat":[125],"product_tag":[],"class_list":{"0":"post-1919","1":"product","2":"type-product","3":"status-publish","4":"has-post-thumbnail","6":"product_cat-home-design","8":"first","9":"instock","10":"shipping-taxable","11":"purchasable","12":"product-type-variable"},"yoast_head":"<!-- This site is optimized with the Yoast SEO plugin v23.1 - https:\/\/yoast.com\/wordpress\/plugins\/seo\/ -->\n<title>dekoratives Wandregal aus Metall | Nordic Design Shop<\/title>\n<meta name=\"description\" content=\"Inspiriert von der finnischen Natur ist das Wofld Shelf aus Metall ein geometrisches Wandregal. Bestellen Sie es im Nordic Design Shop !\" \/>\n<meta name=\"robots\" content=\"index, follow, max-snippet:-1, max-image-preview:large, max-video-preview:-1\" \/>\n<link rel=\"canonical\" href=\"https:\/\/nordicdesignshop.lu\/de\/shop\/home-design\/wolf-shelf-in-metall\/\" \/>\n<meta property=\"og:locale\" content=\"de_DE\" \/>\n<meta property=\"og:type\" content=\"article\" \/>\n<meta property=\"og:title\" content=\"dekoratives Wandregal aus Metall | Nordic Design Shop\" \/>\n<meta property=\"og:description\" content=\"Inspiriert von der finnischen Natur ist das Wofld Shelf aus Metall ein geometrisches Wandregal. Bestellen Sie es im Nordic Design Shop !\" \/>\n<meta property=\"og:url\" content=\"https:\/\/nordicdesignshop.lu\/de\/shop\/home-design\/wolf-shelf-in-metall\/\" \/>\n<meta property=\"og:site_name\" content=\"Nordic Design Shop\" \/>\n<meta property=\"article:publisher\" content=\"https:\/\/www.facebook.com\/NordicDesignShop\/\" \/>\n<meta property=\"article:modified_time\" content=\"2022-01-03T12:52:16+00:00\" \/>\n<meta property=\"og:image\" content=\"https:\/\/nordicdesignshop.lu\/wp-content\/uploads\/2021\/12\/001-copie.webp\" \/>\n\t<meta property=\"og:image:width\" content=\"1024\" \/>\n\t<meta property=\"og:image:height\" content=\"1024\" \/>\n\t<meta property=\"og:image:type\" content=\"image\/webp\" \/>\n<meta name=\"twitter:card\" content=\"summary_large_image\" \/>\n<meta name=\"twitter:label1\" content=\"Gesch\u00e4tzte Lesezeit\" \/>\n\t<meta name=\"twitter:data1\" content=\"1\u00a0Minute\" \/>\n<script type=\"application\/ld+json\" class=\"yoast-schema-graph\">{\"@context\":\"https:\/\/schema.org\",\"@graph\":[{\"@type\":\"WebPage\",\"@id\":\"https:\/\/nordicdesignshop.lu\/de\/shop\/home-design\/wolf-shelf-in-metall\/\",\"url\":\"https:\/\/nordicdesignshop.lu\/de\/shop\/home-design\/wolf-shelf-in-metall\/\",\"name\":\"dekoratives Wandregal aus Metall | Nordic Design Shop\",\"isPartOf\":{\"@id\":\"https:\/\/nordicdesignshop.lu\/de\/#website\"},\"primaryImageOfPage\":{\"@id\":\"https:\/\/nordicdesignshop.lu\/de\/shop\/home-design\/wolf-shelf-in-metall\/#primaryimage\"},\"image\":{\"@id\":\"https:\/\/nordicdesignshop.lu\/de\/shop\/home-design\/wolf-shelf-in-metall\/#primaryimage\"},\"thumbnailUrl\":\"https:\/\/nordicdesignshop.lu\/wp-content\/uploads\/2021\/12\/001-copie.webp\",\"datePublished\":\"2021-02-12T12:29:04+00:00\",\"dateModified\":\"2022-01-03T12:52:16+00:00\",\"description\":\"Inspiriert von der finnischen Natur ist das Wofld Shelf aus Metall ein geometrisches Wandregal. Bestellen Sie es im Nordic Design Shop !\",\"breadcrumb\":{\"@id\":\"https:\/\/nordicdesignshop.lu\/de\/shop\/home-design\/wolf-shelf-in-metall\/#breadcrumb\"},\"inLanguage\":\"de\",\"potentialAction\":[{\"@type\":\"ReadAction\",\"target\":[\"https:\/\/nordicdesignshop.lu\/de\/shop\/home-design\/wolf-shelf-in-metall\/\"]}]},{\"@type\":\"ImageObject\",\"inLanguage\":\"de\",\"@id\":\"https:\/\/nordicdesignshop.lu\/de\/shop\/home-design\/wolf-shelf-in-metall\/#primaryimage\",\"url\":\"https:\/\/nordicdesignshop.lu\/wp-content\/uploads\/2021\/12\/001-copie.webp\",\"contentUrl\":\"https:\/\/nordicdesignshop.lu\/wp-content\/uploads\/2021\/12\/001-copie.webp\",\"width\":1024,\"height\":1024,\"caption\":\"\u00c9tag\u00e8re en m\u00e9tal\"},{\"@type\":\"BreadcrumbList\",\"@id\":\"https:\/\/nordicdesignshop.lu\/de\/shop\/home-design\/wolf-shelf-in-metall\/#breadcrumb\",\"itemListElement\":[{\"@type\":\"ListItem\",\"position\":1,\"name\":\"Accueil\",\"item\":\"https:\/\/nordicdesignshop.lu\/de\/\"},{\"@type\":\"ListItem\",\"position\":2,\"name\":\"Einkaufen\",\"item\":\"https:\/\/nordicdesignshop.lu\/de\/einkaufen\/\"},{\"@type\":\"ListItem\",\"position\":3,\"name\":\"dekoratives Wandregal aus Metall\"}]},{\"@type\":\"WebSite\",\"@id\":\"https:\/\/nordicdesignshop.lu\/de\/#website\",\"url\":\"https:\/\/nordicdesignshop.lu\/de\/\",\"name\":\"Nordic Design Shop\",\"description\":\"Drop | Jacuzzi | Spa\",\"publisher\":{\"@id\":\"https:\/\/nordicdesignshop.lu\/de\/#organization\"},\"potentialAction\":[{\"@type\":\"SearchAction\",\"target\":{\"@type\":\"EntryPoint\",\"urlTemplate\":\"https:\/\/nordicdesignshop.lu\/de\/?s={search_term_string}\"},\"query-input\":\"required name=search_term_string\"}],\"inLanguage\":\"de\"},{\"@type\":\"Organization\",\"@id\":\"https:\/\/nordicdesignshop.lu\/de\/#organization\",\"name\":\"Nordic Design Shop\",\"url\":\"https:\/\/nordicdesignshop.lu\/de\/\",\"logo\":{\"@type\":\"ImageObject\",\"inLanguage\":\"de\",\"@id\":\"https:\/\/nordicdesignshop.lu\/de\/#\/schema\/logo\/image\/\",\"url\":\"https:\/\/nordicdesignshop.lu\/wp-content\/uploads\/2021\/03\/cropped-Sans-titre-1.jpg\",\"contentUrl\":\"https:\/\/nordicdesignshop.lu\/wp-content\/uploads\/2021\/03\/cropped-Sans-titre-1.jpg\",\"width\":512,\"height\":512,\"caption\":\"Nordic Design Shop\"},\"image\":{\"@id\":\"https:\/\/nordicdesignshop.lu\/de\/#\/schema\/logo\/image\/\"},\"sameAs\":[\"https:\/\/www.facebook.com\/NordicDesignShop\/\",\"https:\/\/www.instagram.com\/Nordic_designshop\/\",\"https:\/\/www.linkedin.com\/company\/nordic-design-shop\/\",\"https:\/\/www.youtube.com\/channel\/UCujh54MhpwQ2rXYscjfdN5Q\"]}]}<\/script>\n<!-- \/ Yoast SEO plugin. -->","yoast_head_json":{"title":"dekoratives Wandregal aus Metall | Nordic Design Shop","description":"Inspiriert von der finnischen Natur ist das Wofld Shelf aus Metall ein geometrisches Wandregal. Bestellen Sie es im Nordic Design Shop !","robots":{"index":"index","follow":"follow","max-snippet":"max-snippet:-1","max-image-preview":"max-image-preview:large","max-video-preview":"max-video-preview:-1"},"canonical":"https:\/\/nordicdesignshop.lu\/de\/shop\/home-design\/wolf-shelf-in-metall\/","og_locale":"de_DE","og_type":"article","og_title":"dekoratives Wandregal aus Metall | Nordic Design Shop","og_description":"Inspiriert von der finnischen Natur ist das Wofld Shelf aus Metall ein geometrisches Wandregal. Bestellen Sie es im Nordic Design Shop !","og_url":"https:\/\/nordicdesignshop.lu\/de\/shop\/home-design\/wolf-shelf-in-metall\/","og_site_name":"Nordic Design Shop","article_publisher":"https:\/\/www.facebook.com\/NordicDesignShop\/","article_modified_time":"2022-01-03T12:52:16+00:00","og_image":[{"width":1024,"height":1024,"url":"https:\/\/nordicdesignshop.lu\/wp-content\/uploads\/2021\/12\/001-copie.webp","type":"image\/webp"}],"twitter_card":"summary_large_image","twitter_misc":{"Gesch\u00e4tzte Lesezeit":"1\u00a0Minute"},"schema":{"@context":"https:\/\/schema.org","@graph":[{"@type":"WebPage","@id":"https:\/\/nordicdesignshop.lu\/de\/shop\/home-design\/wolf-shelf-in-metall\/","url":"https:\/\/nordicdesignshop.lu\/de\/shop\/home-design\/wolf-shelf-in-metall\/","name":"dekoratives Wandregal aus Metall | Nordic Design Shop","isPartOf":{"@id":"https:\/\/nordicdesignshop.lu\/de\/#website"},"primaryImageOfPage":{"@id":"https:\/\/nordicdesignshop.lu\/de\/shop\/home-design\/wolf-shelf-in-metall\/#primaryimage"},"image":{"@id":"https:\/\/nordicdesignshop.lu\/de\/shop\/home-design\/wolf-shelf-in-metall\/#primaryimage"},"thumbnailUrl":"https:\/\/nordicdesignshop.lu\/wp-content\/uploads\/2021\/12\/001-copie.webp","datePublished":"2021-02-12T12:29:04+00:00","dateModified":"2022-01-03T12:52:16+00:00","description":"Inspiriert von der finnischen Natur ist das Wofld Shelf aus Metall ein geometrisches Wandregal. Bestellen Sie es im Nordic Design Shop !","breadcrumb":{"@id":"https:\/\/nordicdesignshop.lu\/de\/shop\/home-design\/wolf-shelf-in-metall\/#breadcrumb"},"inLanguage":"de","potentialAction":[{"@type":"ReadAction","target":["https:\/\/nordicdesignshop.lu\/de\/shop\/home-design\/wolf-shelf-in-metall\/"]}]},{"@type":"ImageObject","inLanguage":"de","@id":"https:\/\/nordicdesignshop.lu\/de\/shop\/home-design\/wolf-shelf-in-metall\/#primaryimage","url":"https:\/\/nordicdesignshop.lu\/wp-content\/uploads\/2021\/12\/001-copie.webp","contentUrl":"https:\/\/nordicdesignshop.lu\/wp-content\/uploads\/2021\/12\/001-copie.webp","width":1024,"height":1024,"caption":"\u00c9tag\u00e8re en m\u00e9tal"},{"@type":"BreadcrumbList","@id":"https:\/\/nordicdesignshop.lu\/de\/shop\/home-design\/wolf-shelf-in-metall\/#breadcrumb","itemListElement":[{"@type":"ListItem","position":1,"name":"Accueil","item":"https:\/\/nordicdesignshop.lu\/de\/"},{"@type":"ListItem","position":2,"name":"Einkaufen","item":"https:\/\/nordicdesignshop.lu\/de\/einkaufen\/"},{"@type":"ListItem","position":3,"name":"dekoratives Wandregal aus Metall"}]},{"@type":"WebSite","@id":"https:\/\/nordicdesignshop.lu\/de\/#website","url":"https:\/\/nordicdesignshop.lu\/de\/","name":"Nordic Design Shop","description":"Drop | Jacuzzi | Spa","publisher":{"@id":"https:\/\/nordicdesignshop.lu\/de\/#organization"},"potentialAction":[{"@type":"SearchAction","target":{"@type":"EntryPoint","urlTemplate":"https:\/\/nordicdesignshop.lu\/de\/?s={search_term_string}"},"query-input":"required name=search_term_string"}],"inLanguage":"de"},{"@type":"Organization","@id":"https:\/\/nordicdesignshop.lu\/de\/#organization","name":"Nordic Design Shop","url":"https:\/\/nordicdesignshop.lu\/de\/","logo":{"@type":"ImageObject","inLanguage":"de","@id":"https:\/\/nordicdesignshop.lu\/de\/#\/schema\/logo\/image\/","url":"https:\/\/nordicdesignshop.lu\/wp-content\/uploads\/2021\/03\/cropped-Sans-titre-1.jpg","contentUrl":"https:\/\/nordicdesignshop.lu\/wp-content\/uploads\/2021\/03\/cropped-Sans-titre-1.jpg","width":512,"height":512,"caption":"Nordic Design Shop"},"image":{"@id":"https:\/\/nordicdesignshop.lu\/de\/#\/schema\/logo\/image\/"},"sameAs":["https:\/\/www.facebook.com\/NordicDesignShop\/","https:\/\/www.instagram.com\/Nordic_designshop\/","https:\/\/www.linkedin.com\/company\/nordic-design-shop\/","https:\/\/www.youtube.com\/channel\/UCujh54MhpwQ2rXYscjfdN5Q"]}]}},"_links":{"self":[{"href":"https:\/\/nordicdesignshop.lu\/de\/wp-json\/wp\/v2\/product\/1919","targetHints":{"allow":["GET"]}}],"collection":[{"href":"https:\/\/nordicdesignshop.lu\/de\/wp-json\/wp\/v2\/product"}],"about":[{"href":"https:\/\/nordicdesignshop.lu\/de\/wp-json\/wp\/v2\/types\/product"}],"wp:featuredmedia":[{"embeddable":true,"href":"https:\/\/nordicdesignshop.lu\/de\/wp-json\/wp\/v2\/media\/7657"}],"wp:attachment":[{"href":"https:\/\/nordicdesignshop.lu\/de\/wp-json\/wp\/v2\/media?parent=1919"}],"wp:term":[{"taxonomy":"product_cat","embeddable":true,"href":"https:\/\/nordicdesignshop.lu\/de\/wp-json\/wp\/v2\/product_cat?post=1919"},{"taxonomy":"product_tag","embeddable":true,"href":"https:\/\/nordicdesignshop.lu\/de\/wp-json\/wp\/v2\/product_tag?post=1919"}],"curies":[{"name":"wp","href":"https:\/\/api.w.org\/{rel}","templated":true}]}}