{"id":1916,"date":"2021-02-12T15:35:51","date_gmt":"2021-02-12T14:35:51","guid":{"rendered":"https:\/\/nordicdesignshop.lu\/shop\/unkategorisiert\/schuhschrank-lume-aus-anthrazit-schwarz-stahl\/"},"modified":"2022-01-03T13:45:09","modified_gmt":"2022-01-03T12:45:09","slug":"schuhschrank","status":"publish","type":"product","link":"https:\/\/nordicdesignshop.lu\/de\/shop\/home-design\/schuhschrank\/","title":{"rendered":"Schuhschrank &#8211; Lume"},"content":{"rendered":"<div class=\"row\"  id=\"row-1391170691\">\n\n\t<div id=\"col-1207794319\" class=\"col small-12 large-12\"  >\n\t\t\t\t<div class=\"col-inner\"  >\n\t\t\t\n\t\t\t\n<h3 class=\"uppercase\">Lume Schuhschrank aus Stahl: Eleganz und \u00c4sthetik in minimalistischem Ambiente<\/h3>\n<p align=\"justify\">Ob Einzelperson oder Profi, der Lume Schuhschrank aus Stahl passt sich jedem Raum und jedem Interieur an.<\/p>\n<p align=\"justify\">Geformt aus einem rechteckigen Rahmen, auf dem zwei Dreiecke, eines voll, das andere ausgeh\u00f6hlt, zu liegen kommen, bringt es einen Hauch von Modernit\u00e4t in Ihre Garderobe.<\/p>\n<p align=\"justify\">Dieses Designer-M\u00f6belst\u00fcck kann allein oder in Kombination mit der Lume-Garderobe verwendet werden, um einen minimalistischen und multifunktionalen Stauraum zu schaffen. Dort k\u00f6nnen Stiefel, Pumps oder Turnschuhe ebenso platziert werden, wie Pflanzen und andere Deko-Objekte. Kreieren Sie Ihren eigenen Stil, indem Sie ihn als Beistelltisch oder Zeitschriftenst\u00e4nder verwenden!<\/p>\n\t\t<\/div>\n\t\t\t\t\t<\/div>\n\n\t\n<\/div>\n<div class=\"row\"  id=\"row-1056368846\">\n\n\t<div id=\"col-1319712102\" class=\"col small-12 large-12\"  >\n\t\t\t\t<div class=\"col-inner\"  >\n\t\t\t\n\t\t\t\n<h3 class=\"uppercase\">Ein Designm\u00f6bel f\u00fcr eine trendige nordische Dekoration<\/h3>\n<p align=\"justify\">Dieses in Finnland hergestellte Designer-M\u00f6belst\u00fcck ist so konzipiert, dass es sich in ein nordisch inspiriertes <em>Home Design<\/em> einf\u00fcgt. Erh\u00e4ltlich in unserem Gesch\u00e4ft, wird es innerhalb von 2 bis 14 Werktagen nach Bearbeitung der Bestellung geliefert.<\/p>\n<p align=\"justify\">Er ist auch in wei\u00df erh\u00e4ltlich und hat folgende Ma\u00dfe :<\/p>\n<p>\u2022 30 cm x 90 cm x 30 cm;<br \/>\n\u2022 11,81 Zoll x 35,43 Zoll x 11,81 Zoll.<\/p>\n\t\t<\/div>\n\t\t\t\t\t<\/div>\n\n\t\n<\/div>\n","protected":false},"excerpt":{"rendered":"<p align=\"justify\">Stellen Sie Ihre Garderobe mit dem<strong> Lume Schuhschrank aus Stahl<\/strong> zusammen.<\/p>\n<p align=\"justify\">Unverzichtbares Accessoire des minimalistischen Ankleidezimmers, sein Design ist ein \u00e4sthetischer Hingucker, der die Augen erfreuen wird. Erh\u00e4ltlich im Nordic Design Shop, jetzt bestellen!<\/p>\n<div class=\"row\"  id=\"row-1509691191\">\n\n\t<div id=\"col-476600232\" class=\"col medium-1\/2 large-6\"  >\n\t\t\t\t<div class=\"col-inner\"  >\n\t\t\t\n\t\t\t\n<img loading=\"lazy\" decoding=\"async\" class=\"alignnone wp-image-829\" src=\"https:\/\/nordicdesignshop.lu\/wp-content\/uploads\/2021\/08\/Logo-BEDESIGN-1.jpg\" alt=\"\" width=\"160\" height=\"113\" \/><\/p>\n\t\t<\/div>\n\t\t\t\t\t<\/div>\n\n\t\n\n\t<div id=\"col-1618497403\" class=\"col medium-1\/2 large-6\"  >\n\t\t\t\t<div class=\"col-inner\"  >\n\t\t\t\n\t\t\t\n<img loading=\"lazy\" decoding=\"async\" class=\"alignnone wp-image-829\" src=\"https:\/\/nordicdesignshop.lu\/wp-content\/uploads\/2021\/12\/Icone-livraison-offerte-DE.png\" alt=\"\" width=\"160\" height=\"113\" \/><\/p>\n\t\t<\/div>\n\t\t\t\t\t<\/div>\n\n\t\n<\/div>\n","protected":false},"featured_media":5574,"template":"","meta":{"content-type":""},"product_cat":[125],"product_tag":[],"class_list":{"0":"post-1916","1":"product","2":"type-product","3":"status-publish","4":"has-post-thumbnail","6":"product_cat-home-design","8":"first","9":"instock","10":"shipping-taxable","11":"purchasable","12":"product-type-variable"},"yoast_head":"<!-- This site is optimized with the Yoast SEO plugin v23.1 - https:\/\/yoast.com\/wordpress\/plugins\/seo\/ -->\n<title>Schuhschrank - Lume | Nordic Design Shop<\/title>\n<meta name=\"description\" content=\"Der Lume Schuhschrank aus Stahl bringt Modernit\u00e4t und Minimalismus in Ihr Interieur. Bestellen Sie es jetzt!\" \/>\n<meta name=\"robots\" content=\"index, follow, max-snippet:-1, max-image-preview:large, max-video-preview:-1\" \/>\n<link rel=\"canonical\" href=\"https:\/\/nordicdesignshop.lu\/de\/shop\/home-design\/schuhschrank\/\" \/>\n<meta property=\"og:locale\" content=\"de_DE\" \/>\n<meta property=\"og:type\" content=\"article\" \/>\n<meta property=\"og:title\" content=\"Schuhschrank - Lume | Nordic Design Shop\" \/>\n<meta property=\"og:description\" content=\"Der Lume Schuhschrank aus Stahl bringt Modernit\u00e4t und Minimalismus in Ihr Interieur. Bestellen Sie es jetzt!\" \/>\n<meta property=\"og:url\" content=\"https:\/\/nordicdesignshop.lu\/de\/shop\/home-design\/schuhschrank\/\" \/>\n<meta property=\"og:site_name\" content=\"Nordic Design Shop\" \/>\n<meta property=\"article:publisher\" content=\"https:\/\/www.facebook.com\/NordicDesignShop\/\" \/>\n<meta property=\"article:modified_time\" content=\"2022-01-03T12:45:09+00:00\" \/>\n<meta property=\"og:image\" content=\"https:\/\/nordicdesignshop.lu\/wp-content\/uploads\/2021\/10\/Nordic-design-shop-Decoration-Home-Design.webp\" \/>\n\t<meta property=\"og:image:width\" content=\"1024\" \/>\n\t<meta property=\"og:image:height\" content=\"1024\" \/>\n\t<meta property=\"og:image:type\" content=\"image\/webp\" \/>\n<meta name=\"twitter:card\" content=\"summary_large_image\" \/>\n<meta name=\"twitter:label1\" content=\"Gesch\u00e4tzte Lesezeit\" \/>\n\t<meta name=\"twitter:data1\" content=\"1\u00a0Minute\" \/>\n<script type=\"application\/ld+json\" class=\"yoast-schema-graph\">{\"@context\":\"https:\/\/schema.org\",\"@graph\":[{\"@type\":\"WebPage\",\"@id\":\"https:\/\/nordicdesignshop.lu\/de\/shop\/home-design\/schuhschrank\/\",\"url\":\"https:\/\/nordicdesignshop.lu\/de\/shop\/home-design\/schuhschrank\/\",\"name\":\"Schuhschrank - Lume | Nordic Design Shop\",\"isPartOf\":{\"@id\":\"https:\/\/nordicdesignshop.lu\/de\/#website\"},\"primaryImageOfPage\":{\"@id\":\"https:\/\/nordicdesignshop.lu\/de\/shop\/home-design\/schuhschrank\/#primaryimage\"},\"image\":{\"@id\":\"https:\/\/nordicdesignshop.lu\/de\/shop\/home-design\/schuhschrank\/#primaryimage\"},\"thumbnailUrl\":\"https:\/\/nordicdesignshop.lu\/wp-content\/uploads\/2021\/10\/Nordic-design-shop-Decoration-Home-Design.webp\",\"datePublished\":\"2021-02-12T14:35:51+00:00\",\"dateModified\":\"2022-01-03T12:45:09+00:00\",\"description\":\"Der Lume Schuhschrank aus Stahl bringt Modernit\u00e4t und Minimalismus in Ihr Interieur. Bestellen Sie es jetzt!\",\"breadcrumb\":{\"@id\":\"https:\/\/nordicdesignshop.lu\/de\/shop\/home-design\/schuhschrank\/#breadcrumb\"},\"inLanguage\":\"de\",\"potentialAction\":[{\"@type\":\"ReadAction\",\"target\":[\"https:\/\/nordicdesignshop.lu\/de\/shop\/home-design\/schuhschrank\/\"]}]},{\"@type\":\"ImageObject\",\"inLanguage\":\"de\",\"@id\":\"https:\/\/nordicdesignshop.lu\/de\/shop\/home-design\/schuhschrank\/#primaryimage\",\"url\":\"https:\/\/nordicdesignshop.lu\/wp-content\/uploads\/2021\/10\/Nordic-design-shop-Decoration-Home-Design.webp\",\"contentUrl\":\"https:\/\/nordicdesignshop.lu\/wp-content\/uploads\/2021\/10\/Nordic-design-shop-Decoration-Home-Design.webp\",\"width\":1024,\"height\":1024,\"caption\":\"Home Design - Nordic Design Shop\"},{\"@type\":\"BreadcrumbList\",\"@id\":\"https:\/\/nordicdesignshop.lu\/de\/shop\/home-design\/schuhschrank\/#breadcrumb\",\"itemListElement\":[{\"@type\":\"ListItem\",\"position\":1,\"name\":\"Accueil\",\"item\":\"https:\/\/nordicdesignshop.lu\/de\/\"},{\"@type\":\"ListItem\",\"position\":2,\"name\":\"Einkaufen\",\"item\":\"https:\/\/nordicdesignshop.lu\/de\/einkaufen\/\"},{\"@type\":\"ListItem\",\"position\":3,\"name\":\"Schuhschrank &#8211; Lume\"}]},{\"@type\":\"WebSite\",\"@id\":\"https:\/\/nordicdesignshop.lu\/de\/#website\",\"url\":\"https:\/\/nordicdesignshop.lu\/de\/\",\"name\":\"Nordic Design Shop\",\"description\":\"Drop | Jacuzzi | Spa\",\"publisher\":{\"@id\":\"https:\/\/nordicdesignshop.lu\/de\/#organization\"},\"potentialAction\":[{\"@type\":\"SearchAction\",\"target\":{\"@type\":\"EntryPoint\",\"urlTemplate\":\"https:\/\/nordicdesignshop.lu\/de\/?s={search_term_string}\"},\"query-input\":\"required name=search_term_string\"}],\"inLanguage\":\"de\"},{\"@type\":\"Organization\",\"@id\":\"https:\/\/nordicdesignshop.lu\/de\/#organization\",\"name\":\"Nordic Design Shop\",\"url\":\"https:\/\/nordicdesignshop.lu\/de\/\",\"logo\":{\"@type\":\"ImageObject\",\"inLanguage\":\"de\",\"@id\":\"https:\/\/nordicdesignshop.lu\/de\/#\/schema\/logo\/image\/\",\"url\":\"https:\/\/nordicdesignshop.lu\/wp-content\/uploads\/2021\/03\/cropped-Sans-titre-1.jpg\",\"contentUrl\":\"https:\/\/nordicdesignshop.lu\/wp-content\/uploads\/2021\/03\/cropped-Sans-titre-1.jpg\",\"width\":512,\"height\":512,\"caption\":\"Nordic Design Shop\"},\"image\":{\"@id\":\"https:\/\/nordicdesignshop.lu\/de\/#\/schema\/logo\/image\/\"},\"sameAs\":[\"https:\/\/www.facebook.com\/NordicDesignShop\/\",\"https:\/\/www.instagram.com\/Nordic_designshop\/\",\"https:\/\/www.linkedin.com\/company\/nordic-design-shop\/\",\"https:\/\/www.youtube.com\/channel\/UCujh54MhpwQ2rXYscjfdN5Q\"]}]}<\/script>\n<!-- \/ Yoast SEO plugin. -->","yoast_head_json":{"title":"Schuhschrank - Lume | Nordic Design Shop","description":"Der Lume Schuhschrank aus Stahl bringt Modernit\u00e4t und Minimalismus in Ihr Interieur. Bestellen Sie es jetzt!","robots":{"index":"index","follow":"follow","max-snippet":"max-snippet:-1","max-image-preview":"max-image-preview:large","max-video-preview":"max-video-preview:-1"},"canonical":"https:\/\/nordicdesignshop.lu\/de\/shop\/home-design\/schuhschrank\/","og_locale":"de_DE","og_type":"article","og_title":"Schuhschrank - Lume | Nordic Design Shop","og_description":"Der Lume Schuhschrank aus Stahl bringt Modernit\u00e4t und Minimalismus in Ihr Interieur. Bestellen Sie es jetzt!","og_url":"https:\/\/nordicdesignshop.lu\/de\/shop\/home-design\/schuhschrank\/","og_site_name":"Nordic Design Shop","article_publisher":"https:\/\/www.facebook.com\/NordicDesignShop\/","article_modified_time":"2022-01-03T12:45:09+00:00","og_image":[{"width":1024,"height":1024,"url":"https:\/\/nordicdesignshop.lu\/wp-content\/uploads\/2021\/10\/Nordic-design-shop-Decoration-Home-Design.webp","type":"image\/webp"}],"twitter_card":"summary_large_image","twitter_misc":{"Gesch\u00e4tzte Lesezeit":"1\u00a0Minute"},"schema":{"@context":"https:\/\/schema.org","@graph":[{"@type":"WebPage","@id":"https:\/\/nordicdesignshop.lu\/de\/shop\/home-design\/schuhschrank\/","url":"https:\/\/nordicdesignshop.lu\/de\/shop\/home-design\/schuhschrank\/","name":"Schuhschrank - Lume | Nordic Design Shop","isPartOf":{"@id":"https:\/\/nordicdesignshop.lu\/de\/#website"},"primaryImageOfPage":{"@id":"https:\/\/nordicdesignshop.lu\/de\/shop\/home-design\/schuhschrank\/#primaryimage"},"image":{"@id":"https:\/\/nordicdesignshop.lu\/de\/shop\/home-design\/schuhschrank\/#primaryimage"},"thumbnailUrl":"https:\/\/nordicdesignshop.lu\/wp-content\/uploads\/2021\/10\/Nordic-design-shop-Decoration-Home-Design.webp","datePublished":"2021-02-12T14:35:51+00:00","dateModified":"2022-01-03T12:45:09+00:00","description":"Der Lume Schuhschrank aus Stahl bringt Modernit\u00e4t und Minimalismus in Ihr Interieur. Bestellen Sie es jetzt!","breadcrumb":{"@id":"https:\/\/nordicdesignshop.lu\/de\/shop\/home-design\/schuhschrank\/#breadcrumb"},"inLanguage":"de","potentialAction":[{"@type":"ReadAction","target":["https:\/\/nordicdesignshop.lu\/de\/shop\/home-design\/schuhschrank\/"]}]},{"@type":"ImageObject","inLanguage":"de","@id":"https:\/\/nordicdesignshop.lu\/de\/shop\/home-design\/schuhschrank\/#primaryimage","url":"https:\/\/nordicdesignshop.lu\/wp-content\/uploads\/2021\/10\/Nordic-design-shop-Decoration-Home-Design.webp","contentUrl":"https:\/\/nordicdesignshop.lu\/wp-content\/uploads\/2021\/10\/Nordic-design-shop-Decoration-Home-Design.webp","width":1024,"height":1024,"caption":"Home Design - Nordic Design Shop"},{"@type":"BreadcrumbList","@id":"https:\/\/nordicdesignshop.lu\/de\/shop\/home-design\/schuhschrank\/#breadcrumb","itemListElement":[{"@type":"ListItem","position":1,"name":"Accueil","item":"https:\/\/nordicdesignshop.lu\/de\/"},{"@type":"ListItem","position":2,"name":"Einkaufen","item":"https:\/\/nordicdesignshop.lu\/de\/einkaufen\/"},{"@type":"ListItem","position":3,"name":"Schuhschrank &#8211; Lume"}]},{"@type":"WebSite","@id":"https:\/\/nordicdesignshop.lu\/de\/#website","url":"https:\/\/nordicdesignshop.lu\/de\/","name":"Nordic Design Shop","description":"Drop | Jacuzzi | Spa","publisher":{"@id":"https:\/\/nordicdesignshop.lu\/de\/#organization"},"potentialAction":[{"@type":"SearchAction","target":{"@type":"EntryPoint","urlTemplate":"https:\/\/nordicdesignshop.lu\/de\/?s={search_term_string}"},"query-input":"required name=search_term_string"}],"inLanguage":"de"},{"@type":"Organization","@id":"https:\/\/nordicdesignshop.lu\/de\/#organization","name":"Nordic Design Shop","url":"https:\/\/nordicdesignshop.lu\/de\/","logo":{"@type":"ImageObject","inLanguage":"de","@id":"https:\/\/nordicdesignshop.lu\/de\/#\/schema\/logo\/image\/","url":"https:\/\/nordicdesignshop.lu\/wp-content\/uploads\/2021\/03\/cropped-Sans-titre-1.jpg","contentUrl":"https:\/\/nordicdesignshop.lu\/wp-content\/uploads\/2021\/03\/cropped-Sans-titre-1.jpg","width":512,"height":512,"caption":"Nordic Design Shop"},"image":{"@id":"https:\/\/nordicdesignshop.lu\/de\/#\/schema\/logo\/image\/"},"sameAs":["https:\/\/www.facebook.com\/NordicDesignShop\/","https:\/\/www.instagram.com\/Nordic_designshop\/","https:\/\/www.linkedin.com\/company\/nordic-design-shop\/","https:\/\/www.youtube.com\/channel\/UCujh54MhpwQ2rXYscjfdN5Q"]}]}},"_links":{"self":[{"href":"https:\/\/nordicdesignshop.lu\/de\/wp-json\/wp\/v2\/product\/1916","targetHints":{"allow":["GET"]}}],"collection":[{"href":"https:\/\/nordicdesignshop.lu\/de\/wp-json\/wp\/v2\/product"}],"about":[{"href":"https:\/\/nordicdesignshop.lu\/de\/wp-json\/wp\/v2\/types\/product"}],"wp:featuredmedia":[{"embeddable":true,"href":"https:\/\/nordicdesignshop.lu\/de\/wp-json\/wp\/v2\/media\/5574"}],"wp:attachment":[{"href":"https:\/\/nordicdesignshop.lu\/de\/wp-json\/wp\/v2\/media?parent=1916"}],"wp:term":[{"taxonomy":"product_cat","embeddable":true,"href":"https:\/\/nordicdesignshop.lu\/de\/wp-json\/wp\/v2\/product_cat?post=1916"},{"taxonomy":"product_tag","embeddable":true,"href":"https:\/\/nordicdesignshop.lu\/de\/wp-json\/wp\/v2\/product_tag?post=1916"}],"curies":[{"name":"wp","href":"https:\/\/api.w.org\/{rel}","templated":true}]}}