{"id":1912,"date":"2021-02-15T11:21:43","date_gmt":"2021-02-15T10:21:43","guid":{"rendered":"https:\/\/nordicdesignshop.lu\/shop\/unkategorisiert\/lily-bowl-in-eiche\/"},"modified":"2022-01-03T13:40:54","modified_gmt":"2022-01-03T12:40:54","slug":"fruchtekorb","status":"publish","type":"product","link":"https:\/\/nordicdesignshop.lu\/de\/shop\/home-design\/fruchtekorb\/","title":{"rendered":"Fr\u00fcchtekorb &#8211; Lily"},"content":{"rendered":"<div class=\"row\"  id=\"row-434908709\">\n\n\t<div id=\"col-594121452\" class=\"col small-12 large-12\"  >\n\t\t\t\t<div class=\"col-inner\"  >\n\t\t\t\n\t\t\t\n<h3 class=\"uppercase\">DIE VIELSEITIGE HOLZSCHALE F\u00dcR ALLE INNENR\u00c4UME<\/h3>\n<p align=\"justify\">Ob Sie in einem Loft in Luxemburg-Stadt oder in einem alten Haus wohnen, der Obstkorb aus Eichenholz bringt einen Hauch von Raffinesse und Eleganz in Ihr Interieur. Es ist vielseitig einsetzbar: Tischdekoration, Obstkorb, Halterung f\u00fcr diverse Utensilien (Pinsel und Hefte, Zutaten f\u00fcr ein Kochrezept, Geldb\u00f6rse und Schl\u00fcssel etc.). Aber das ist nicht alles ! Sie k\u00f6nnen es auch als Tablett verwenden, um bestimmte Gegenst\u00e4nde von einem Ort zum anderen zu tragen.<\/p>\n\t\t<\/div>\n\t\t\t\t\t<\/div>\n\n\t\n<\/div>\n<div class=\"row\"  id=\"row-996561217\">\n\n\t<div id=\"col-258812656\" class=\"col small-12 large-12\"  >\n\t\t\t\t<div class=\"col-inner\"  >\n\t\t\t\n\t\t\t\n<h3 class=\"uppercase\">MIT DEM EICHENFRUCHTKORB KOMMT NORDIC DEKOR NACH HAUSE<\/h3>\n<p align=\"justify\">Der Lily Obstkorb aus finnischem Eichensperrholz ist vom nordischen Dekor inspiriert. Mit seinen klaren und nat\u00fcrlichen Formen formt es sich wie Bl\u00fctenbl\u00e4tter, die sich im Fr\u00fchling \u00f6ffnen. Erh\u00e4ltlich in unseren Stores oder in unserem E-Commerce, finden Sie es in Luxemburg, Belgien, Frankreich, Deutschland und den Niederlanden. Ein Geschenk f\u00fcr einen Ihrer Lieben? Der in Finnland hergestellte Obstkorb aus Eichenholz wird in einer Geschenkbox geliefert, die den eleganten Eindruck der Schale verst\u00e4rkt. Garantierte Lieferung zwischen 2 und 14 Werktagen.<\/p>\n\t\t<\/div>\n\t\t\t\t\t<\/div>\n\n\t\n<\/div>\n","protected":false},"excerpt":{"rendered":"<p align=\"justify\">Sie m\u00f6chten es f\u00fcr eine nordische Dekoration adoptieren, wissen aber nicht wie ? Nordic Design Shop bietet verschiedene M\u00f6bel und Dekoartikel f\u00fcr ein minimalistisches <em>Home Design<\/em> ! Insbesondere <strong>der Obstkorb aus Eichenholz<\/strong>\u00a0passt in moderne R\u00e4ume ebenso gut wie in H\u00e4user mit eher traditioneller \u00c4sthetik. Bestellen Sie es jetzt !<\/p>\n<div class=\"row\"  id=\"row-1255086181\">\n\n\t<div id=\"col-331087558\" class=\"col medium-1\/2 large-6\"  >\n\t\t\t\t<div class=\"col-inner\"  >\n\t\t\t\n\t\t\t\n<img loading=\"lazy\" decoding=\"async\" class=\"alignnone wp-image-829\" src=\"https:\/\/nordicdesignshop.lu\/wp-content\/uploads\/2021\/08\/Logo-BEDESIGN-1.jpg\" alt=\"\" width=\"160\" height=\"113\" \/><\/p>\n\t\t<\/div>\n\t\t\t\t\t<\/div>\n\n\t\n\n\t<div id=\"col-328930991\" class=\"col medium-1\/2 large-6\"  >\n\t\t\t\t<div class=\"col-inner\"  >\n\t\t\t\n\t\t\t\n<img loading=\"lazy\" decoding=\"async\" class=\"alignnone wp-image-829\" src=\"https:\/\/nordicdesignshop.lu\/wp-content\/uploads\/2021\/12\/Icone-livraison-offerte-DE.png\" alt=\"\" width=\"160\" height=\"113\" \/><\/p>\n\t\t<\/div>\n\t\t\t\t\t<\/div>\n\n\t\n<\/div>\n","protected":false},"featured_media":7613,"template":"","meta":{"content-type":""},"product_cat":[125],"product_tag":[],"class_list":{"0":"post-1912","1":"product","2":"type-product","3":"status-publish","4":"has-post-thumbnail","6":"product_cat-home-design","8":"first","9":"instock","10":"shipping-taxable","11":"purchasable","12":"product-type-variable"},"yoast_head":"<!-- This site is optimized with the Yoast SEO plugin v23.1 - https:\/\/yoast.com\/wordpress\/plugins\/seo\/ -->\n<title>Fr\u00fcchtekorb - Lily | Nordic Design Shop<\/title>\n<meta name=\"description\" content=\"Der Fr\u00fcchtekorb - Lily ist eine vielseitige Schale, die Alltagsgegenst\u00e4nde aufnehmen oder zu einem dekorativen Element werden kann.\" \/>\n<meta name=\"robots\" content=\"index, follow, max-snippet:-1, max-image-preview:large, max-video-preview:-1\" \/>\n<link rel=\"canonical\" href=\"https:\/\/nordicdesignshop.lu\/de\/shop\/home-design\/fruchtekorb\/\" \/>\n<meta property=\"og:locale\" content=\"de_DE\" \/>\n<meta property=\"og:type\" content=\"article\" \/>\n<meta property=\"og:title\" content=\"Fr\u00fcchtekorb - Lily | Nordic Design Shop\" \/>\n<meta property=\"og:description\" content=\"Der Fr\u00fcchtekorb - Lily ist eine vielseitige Schale, die Alltagsgegenst\u00e4nde aufnehmen oder zu einem dekorativen Element werden kann.\" \/>\n<meta property=\"og:url\" content=\"https:\/\/nordicdesignshop.lu\/de\/shop\/home-design\/fruchtekorb\/\" \/>\n<meta property=\"og:site_name\" content=\"Nordic Design Shop\" \/>\n<meta property=\"article:publisher\" content=\"https:\/\/www.facebook.com\/NordicDesignShop\/\" \/>\n<meta property=\"article:modified_time\" content=\"2022-01-03T12:40:54+00:00\" \/>\n<meta property=\"og:image\" content=\"https:\/\/nordicdesignshop.lu\/wp-content\/uploads\/2021\/02\/Nordic-design-shop-lily-bowl-bol-table-decoration-blanc-white-4.webp\" \/>\n\t<meta property=\"og:image:width\" content=\"1024\" \/>\n\t<meta property=\"og:image:height\" content=\"1024\" \/>\n\t<meta property=\"og:image:type\" content=\"image\/webp\" \/>\n<meta name=\"twitter:card\" content=\"summary_large_image\" \/>\n<meta name=\"twitter:label1\" content=\"Gesch\u00e4tzte Lesezeit\" \/>\n\t<meta name=\"twitter:data1\" content=\"1\u00a0Minute\" \/>\n<script type=\"application\/ld+json\" class=\"yoast-schema-graph\">{\"@context\":\"https:\/\/schema.org\",\"@graph\":[{\"@type\":\"WebPage\",\"@id\":\"https:\/\/nordicdesignshop.lu\/de\/shop\/home-design\/fruchtekorb\/\",\"url\":\"https:\/\/nordicdesignshop.lu\/de\/shop\/home-design\/fruchtekorb\/\",\"name\":\"Fr\u00fcchtekorb - Lily | Nordic Design Shop\",\"isPartOf\":{\"@id\":\"https:\/\/nordicdesignshop.lu\/de\/#website\"},\"primaryImageOfPage\":{\"@id\":\"https:\/\/nordicdesignshop.lu\/de\/shop\/home-design\/fruchtekorb\/#primaryimage\"},\"image\":{\"@id\":\"https:\/\/nordicdesignshop.lu\/de\/shop\/home-design\/fruchtekorb\/#primaryimage\"},\"thumbnailUrl\":\"https:\/\/nordicdesignshop.lu\/wp-content\/uploads\/2021\/02\/Nordic-design-shop-lily-bowl-bol-table-decoration-blanc-white-4.webp\",\"datePublished\":\"2021-02-15T10:21:43+00:00\",\"dateModified\":\"2022-01-03T12:40:54+00:00\",\"description\":\"Der Fr\u00fcchtekorb - Lily ist eine vielseitige Schale, die Alltagsgegenst\u00e4nde aufnehmen oder zu einem dekorativen Element werden kann.\",\"breadcrumb\":{\"@id\":\"https:\/\/nordicdesignshop.lu\/de\/shop\/home-design\/fruchtekorb\/#breadcrumb\"},\"inLanguage\":\"de\",\"potentialAction\":[{\"@type\":\"ReadAction\",\"target\":[\"https:\/\/nordicdesignshop.lu\/de\/shop\/home-design\/fruchtekorb\/\"]}]},{\"@type\":\"ImageObject\",\"inLanguage\":\"de\",\"@id\":\"https:\/\/nordicdesignshop.lu\/de\/shop\/home-design\/fruchtekorb\/#primaryimage\",\"url\":\"https:\/\/nordicdesignshop.lu\/wp-content\/uploads\/2021\/02\/Nordic-design-shop-lily-bowl-bol-table-decoration-blanc-white-4.webp\",\"contentUrl\":\"https:\/\/nordicdesignshop.lu\/wp-content\/uploads\/2021\/02\/Nordic-design-shop-lily-bowl-bol-table-decoration-blanc-white-4.webp\",\"width\":1024,\"height\":1024,\"caption\":\"Corbeille \u00e0 fruits - Rangement de cuisine\"},{\"@type\":\"BreadcrumbList\",\"@id\":\"https:\/\/nordicdesignshop.lu\/de\/shop\/home-design\/fruchtekorb\/#breadcrumb\",\"itemListElement\":[{\"@type\":\"ListItem\",\"position\":1,\"name\":\"Accueil\",\"item\":\"https:\/\/nordicdesignshop.lu\/de\/\"},{\"@type\":\"ListItem\",\"position\":2,\"name\":\"Einkaufen\",\"item\":\"https:\/\/nordicdesignshop.lu\/de\/einkaufen\/\"},{\"@type\":\"ListItem\",\"position\":3,\"name\":\"Fr\u00fcchtekorb &#8211; Lily\"}]},{\"@type\":\"WebSite\",\"@id\":\"https:\/\/nordicdesignshop.lu\/de\/#website\",\"url\":\"https:\/\/nordicdesignshop.lu\/de\/\",\"name\":\"Nordic Design Shop\",\"description\":\"Drop | Jacuzzi | Spa\",\"publisher\":{\"@id\":\"https:\/\/nordicdesignshop.lu\/de\/#organization\"},\"potentialAction\":[{\"@type\":\"SearchAction\",\"target\":{\"@type\":\"EntryPoint\",\"urlTemplate\":\"https:\/\/nordicdesignshop.lu\/de\/?s={search_term_string}\"},\"query-input\":\"required name=search_term_string\"}],\"inLanguage\":\"de\"},{\"@type\":\"Organization\",\"@id\":\"https:\/\/nordicdesignshop.lu\/de\/#organization\",\"name\":\"Nordic Design Shop\",\"url\":\"https:\/\/nordicdesignshop.lu\/de\/\",\"logo\":{\"@type\":\"ImageObject\",\"inLanguage\":\"de\",\"@id\":\"https:\/\/nordicdesignshop.lu\/de\/#\/schema\/logo\/image\/\",\"url\":\"https:\/\/nordicdesignshop.lu\/wp-content\/uploads\/2021\/03\/cropped-Sans-titre-1.jpg\",\"contentUrl\":\"https:\/\/nordicdesignshop.lu\/wp-content\/uploads\/2021\/03\/cropped-Sans-titre-1.jpg\",\"width\":512,\"height\":512,\"caption\":\"Nordic Design Shop\"},\"image\":{\"@id\":\"https:\/\/nordicdesignshop.lu\/de\/#\/schema\/logo\/image\/\"},\"sameAs\":[\"https:\/\/www.facebook.com\/NordicDesignShop\/\",\"https:\/\/www.instagram.com\/Nordic_designshop\/\",\"https:\/\/www.linkedin.com\/company\/nordic-design-shop\/\",\"https:\/\/www.youtube.com\/channel\/UCujh54MhpwQ2rXYscjfdN5Q\"]}]}<\/script>\n<!-- \/ Yoast SEO plugin. -->","yoast_head_json":{"title":"Fr\u00fcchtekorb - Lily | Nordic Design Shop","description":"Der Fr\u00fcchtekorb - Lily ist eine vielseitige Schale, die Alltagsgegenst\u00e4nde aufnehmen oder zu einem dekorativen Element werden kann.","robots":{"index":"index","follow":"follow","max-snippet":"max-snippet:-1","max-image-preview":"max-image-preview:large","max-video-preview":"max-video-preview:-1"},"canonical":"https:\/\/nordicdesignshop.lu\/de\/shop\/home-design\/fruchtekorb\/","og_locale":"de_DE","og_type":"article","og_title":"Fr\u00fcchtekorb - Lily | Nordic Design Shop","og_description":"Der Fr\u00fcchtekorb - Lily ist eine vielseitige Schale, die Alltagsgegenst\u00e4nde aufnehmen oder zu einem dekorativen Element werden kann.","og_url":"https:\/\/nordicdesignshop.lu\/de\/shop\/home-design\/fruchtekorb\/","og_site_name":"Nordic Design Shop","article_publisher":"https:\/\/www.facebook.com\/NordicDesignShop\/","article_modified_time":"2022-01-03T12:40:54+00:00","og_image":[{"width":1024,"height":1024,"url":"https:\/\/nordicdesignshop.lu\/wp-content\/uploads\/2021\/02\/Nordic-design-shop-lily-bowl-bol-table-decoration-blanc-white-4.webp","type":"image\/webp"}],"twitter_card":"summary_large_image","twitter_misc":{"Gesch\u00e4tzte Lesezeit":"1\u00a0Minute"},"schema":{"@context":"https:\/\/schema.org","@graph":[{"@type":"WebPage","@id":"https:\/\/nordicdesignshop.lu\/de\/shop\/home-design\/fruchtekorb\/","url":"https:\/\/nordicdesignshop.lu\/de\/shop\/home-design\/fruchtekorb\/","name":"Fr\u00fcchtekorb - Lily | Nordic Design Shop","isPartOf":{"@id":"https:\/\/nordicdesignshop.lu\/de\/#website"},"primaryImageOfPage":{"@id":"https:\/\/nordicdesignshop.lu\/de\/shop\/home-design\/fruchtekorb\/#primaryimage"},"image":{"@id":"https:\/\/nordicdesignshop.lu\/de\/shop\/home-design\/fruchtekorb\/#primaryimage"},"thumbnailUrl":"https:\/\/nordicdesignshop.lu\/wp-content\/uploads\/2021\/02\/Nordic-design-shop-lily-bowl-bol-table-decoration-blanc-white-4.webp","datePublished":"2021-02-15T10:21:43+00:00","dateModified":"2022-01-03T12:40:54+00:00","description":"Der Fr\u00fcchtekorb - Lily ist eine vielseitige Schale, die Alltagsgegenst\u00e4nde aufnehmen oder zu einem dekorativen Element werden kann.","breadcrumb":{"@id":"https:\/\/nordicdesignshop.lu\/de\/shop\/home-design\/fruchtekorb\/#breadcrumb"},"inLanguage":"de","potentialAction":[{"@type":"ReadAction","target":["https:\/\/nordicdesignshop.lu\/de\/shop\/home-design\/fruchtekorb\/"]}]},{"@type":"ImageObject","inLanguage":"de","@id":"https:\/\/nordicdesignshop.lu\/de\/shop\/home-design\/fruchtekorb\/#primaryimage","url":"https:\/\/nordicdesignshop.lu\/wp-content\/uploads\/2021\/02\/Nordic-design-shop-lily-bowl-bol-table-decoration-blanc-white-4.webp","contentUrl":"https:\/\/nordicdesignshop.lu\/wp-content\/uploads\/2021\/02\/Nordic-design-shop-lily-bowl-bol-table-decoration-blanc-white-4.webp","width":1024,"height":1024,"caption":"Corbeille \u00e0 fruits - Rangement de cuisine"},{"@type":"BreadcrumbList","@id":"https:\/\/nordicdesignshop.lu\/de\/shop\/home-design\/fruchtekorb\/#breadcrumb","itemListElement":[{"@type":"ListItem","position":1,"name":"Accueil","item":"https:\/\/nordicdesignshop.lu\/de\/"},{"@type":"ListItem","position":2,"name":"Einkaufen","item":"https:\/\/nordicdesignshop.lu\/de\/einkaufen\/"},{"@type":"ListItem","position":3,"name":"Fr\u00fcchtekorb &#8211; Lily"}]},{"@type":"WebSite","@id":"https:\/\/nordicdesignshop.lu\/de\/#website","url":"https:\/\/nordicdesignshop.lu\/de\/","name":"Nordic Design Shop","description":"Drop | Jacuzzi | Spa","publisher":{"@id":"https:\/\/nordicdesignshop.lu\/de\/#organization"},"potentialAction":[{"@type":"SearchAction","target":{"@type":"EntryPoint","urlTemplate":"https:\/\/nordicdesignshop.lu\/de\/?s={search_term_string}"},"query-input":"required name=search_term_string"}],"inLanguage":"de"},{"@type":"Organization","@id":"https:\/\/nordicdesignshop.lu\/de\/#organization","name":"Nordic Design Shop","url":"https:\/\/nordicdesignshop.lu\/de\/","logo":{"@type":"ImageObject","inLanguage":"de","@id":"https:\/\/nordicdesignshop.lu\/de\/#\/schema\/logo\/image\/","url":"https:\/\/nordicdesignshop.lu\/wp-content\/uploads\/2021\/03\/cropped-Sans-titre-1.jpg","contentUrl":"https:\/\/nordicdesignshop.lu\/wp-content\/uploads\/2021\/03\/cropped-Sans-titre-1.jpg","width":512,"height":512,"caption":"Nordic Design Shop"},"image":{"@id":"https:\/\/nordicdesignshop.lu\/de\/#\/schema\/logo\/image\/"},"sameAs":["https:\/\/www.facebook.com\/NordicDesignShop\/","https:\/\/www.instagram.com\/Nordic_designshop\/","https:\/\/www.linkedin.com\/company\/nordic-design-shop\/","https:\/\/www.youtube.com\/channel\/UCujh54MhpwQ2rXYscjfdN5Q"]}]}},"_links":{"self":[{"href":"https:\/\/nordicdesignshop.lu\/de\/wp-json\/wp\/v2\/product\/1912","targetHints":{"allow":["GET"]}}],"collection":[{"href":"https:\/\/nordicdesignshop.lu\/de\/wp-json\/wp\/v2\/product"}],"about":[{"href":"https:\/\/nordicdesignshop.lu\/de\/wp-json\/wp\/v2\/types\/product"}],"wp:featuredmedia":[{"embeddable":true,"href":"https:\/\/nordicdesignshop.lu\/de\/wp-json\/wp\/v2\/media\/7613"}],"wp:attachment":[{"href":"https:\/\/nordicdesignshop.lu\/de\/wp-json\/wp\/v2\/media?parent=1912"}],"wp:term":[{"taxonomy":"product_cat","embeddable":true,"href":"https:\/\/nordicdesignshop.lu\/de\/wp-json\/wp\/v2\/product_cat?post=1912"},{"taxonomy":"product_tag","embeddable":true,"href":"https:\/\/nordicdesignshop.lu\/de\/wp-json\/wp\/v2\/product_tag?post=1912"}],"curies":[{"name":"wp","href":"https:\/\/api.w.org\/{rel}","templated":true}]}}