{"id":1909,"date":"2021-02-12T11:19:56","date_gmt":"2021-02-12T10:19:56","guid":{"rendered":"https:\/\/nordicdesignshop.lu\/shop\/unkategorisiert\/deer-shelf-metall-schwarz\/"},"modified":"2022-01-03T13:55:57","modified_gmt":"2022-01-03T12:55:57","slug":"deer-shelf-metall","status":"publish","type":"product","link":"https:\/\/nordicdesignshop.lu\/de\/shop\/home-design\/deer-shelf-metall\/","title":{"rendered":"dekoratives Wandregal aus Metall"},"content":{"rendered":"<div class=\"row\"  id=\"row-1908177699\">\n\n\t<div id=\"col-1539806778\" class=\"col small-12 large-12\"  >\n\t\t\t\t<div class=\"col-inner\"  >\n\t\t\t\n\t\t\t\n<h3 class=\"uppercase\">Deer Shelf aus anthrazitschwarzem Metall f\u00fcr eine nordische Dekoration<\/h3>\n<p align=\"justify\">Das Deer Shelf in Metal ist ein Wandregal in Hirschkopfform, das sowohl an einer Wand befestigt als auch direkt auf den Boden gestellt werden kann. Von den Eklund-Schwestern entworfen und der Ursprung der finnischen Marke BEdesign, lenkt diese Aufbewahrungseinheit die Jagdtroph\u00e4e anmutig um, um sie zu einer \u00e4sthetischen und zeitgem\u00e4\u00dfen Wanddekoration zu machen.<\/p>\n<p align=\"justify\">Dekorationsgegenst\u00e4nde, Schl\u00fcssel, Brieftasche, Post, B\u00fccher und Zeitschriften &#8230; alles wird in den vielen kleinen Schlie\u00dff\u00e4chern aufbewahrt, aus denen es besteht.<\/p>\n\t\t<\/div>\n\t\t\t\t\t<\/div>\n\n\t\n<\/div>\n<div class=\"row\"  id=\"row-515820331\">\n\n\t<div id=\"col-126138313\" class=\"col small-12 large-12\"  >\n\t\t\t\t<div class=\"col-inner\"  >\n\t\t\t\n\t\t\t\n<h3 class=\"uppercase\">Nordisches <em>HOME DESIGN <\/em>im Nordic Design Shop<\/h3>\n<p align=\"justify\">Im Nordic Design Shop bieten wir Designerm\u00f6bel an, die sich an alle Arten von Innenr\u00e4umen anpassen, insbesondere an die nordisch inspirierten.<br \/>\nDeshalb bieten wir viele Arten von M\u00f6beln f\u00fcr eine elegante und raffinierte Dekoration an.<\/p>\n<p align=\"justify\">Das Wandregal Deer Shelf in Metall ist eines seiner Herzst\u00fccke: Seine Farbe verleiht dem Raum eine raffinierte Atmosph\u00e4re, w\u00e4hrend seine geometrischen Formen Ihrem Interieur einen neuen Hauch von Raffinesse verleihen.<\/p>\n\t\t<\/div>\n\t\t\t\t\t<\/div>\n\n\t\n<\/div>\n<div class=\"row\"  id=\"row-1389753361\">\n\n\t<div id=\"col-1929761334\" class=\"col small-12 large-12\"  >\n\t\t\t\t<div class=\"col-inner\"  >\n\t\t\t\n\t\t\t\n<h3 class=\"uppercase\">Von Wildnis zu urbaner Natur<\/h3>\n<p align=\"justify\">Inspiriert vom wilden Hirsch ist dieses Regal ein Hingucker, mit dem Sie Ihre Lieblingsst\u00fccke pr\u00e4sentieren k\u00f6nnen. Entworfen und handgefertigt in Finnland, wird es mit Universalschrauben geliefert, damit es an Steinw\u00e4nden montiert werden kann. Wir empfehlen jedoch, die am besten geeigneten Schrauben f\u00fcr Ihre Trennwand oder Wand zu verwenden.<\/p>\n<p align=\"justify\">Aus pulverbeschichtetem Stahl gefertigt, kann die Bodenstabilit\u00e4t dieser Konsole durch eine Befestigung verst\u00e4rkt werden.<\/p>\n<p align=\"justify\">F\u00fcr die Herstellung sind zwischen 3 und 4 Wochen ab Bearbeitung Ihrer Bestellung erforderlich. Die Lieferung erfordert zus\u00e4tzliche 2-14 Werktage.<\/p>\n<p align=\"justify\">Mit einer Seriennummer gekennzeichnet, wird Ihrem Regal immer ein Echtheitszertifikat beigef\u00fcgt.<\/p>\n\t\t<\/div>\n\t\t\t\t\t<\/div>\n\n\t\n<\/div>\n","protected":false},"excerpt":{"rendered":"<p align=\"justify\">Bei Nordic Design Shop sind wir bestrebt, die sch\u00f6nsten Dekorationsst\u00fccke anzubieten. F\u00fcr ein Interieur mit nordischem Design sind Eleganz und Minimalismus an der Tagesordnung. Aus diesem Grund ist das geometrische Regal <strong>Deer Shelf in Metall<\/strong> vom wilden Hirsch inspiriert. Verleihen Sie Ihrem urbanen Interieur einen Hauch von Natur!<\/p>\n<div class=\"row\"  id=\"row-363221508\">\n\n\t<div id=\"col-321957947\" class=\"col medium-1\/2 large-6\"  >\n\t\t\t\t<div class=\"col-inner\"  >\n\t\t\t\n\t\t\t\n<img loading=\"lazy\" decoding=\"async\" class=\"alignnone wp-image-829\" src=\"https:\/\/nordicdesignshop.lu\/wp-content\/uploads\/2021\/08\/Logo-BEDESIGN-1.jpg\" alt=\"\" width=\"160\" height=\"113\" \/><\/p>\n\t\t<\/div>\n\t\t\t\t\t<\/div>\n\n\t\n\n\t<div id=\"col-1203621870\" class=\"col medium-1\/2 large-6\"  >\n\t\t\t\t<div class=\"col-inner\"  >\n\t\t\t\n\t\t\t\n<img loading=\"lazy\" decoding=\"async\" class=\"alignnone wp-image-829\" src=\"https:\/\/nordicdesignshop.lu\/wp-content\/uploads\/2021\/12\/Icone-livraison-offerte-DE.png\" alt=\"\" width=\"160\" height=\"113\" \/><\/p>\n\t\t<\/div>\n\t\t\t\t\t<\/div>\n\n\t\n<\/div>\n","protected":false},"featured_media":7642,"template":"","meta":{"content-type":""},"product_cat":[125],"product_tag":[],"class_list":{"0":"post-1909","1":"product","2":"type-product","3":"status-publish","4":"has-post-thumbnail","6":"product_cat-home-design","8":"first","9":"instock","10":"shipping-taxable","11":"purchasable","12":"product-type-variable"},"yoast_head":"<!-- This site is optimized with the Yoast SEO plugin v23.1 - https:\/\/yoast.com\/wordpress\/plugins\/seo\/ -->\n<title>dekoratives Wandregal aus Metall | Nordic Design Shop<\/title>\n<meta name=\"description\" content=\"Das Deer Shelf Wandregal in Metall passt in ein Design und ein nordisches Interieur. Bestellen Sie es online im Nordic Design Shop !\" \/>\n<meta name=\"robots\" content=\"index, follow, max-snippet:-1, max-image-preview:large, max-video-preview:-1\" \/>\n<link rel=\"canonical\" href=\"https:\/\/nordicdesignshop.lu\/de\/shop\/home-design\/deer-shelf-metall\/\" \/>\n<meta property=\"og:locale\" content=\"de_DE\" \/>\n<meta property=\"og:type\" content=\"article\" \/>\n<meta property=\"og:title\" content=\"dekoratives Wandregal aus Metall | Nordic Design Shop\" \/>\n<meta property=\"og:description\" content=\"Das Deer Shelf Wandregal in Metall passt in ein Design und ein nordisches Interieur. Bestellen Sie es online im Nordic Design Shop !\" \/>\n<meta property=\"og:url\" content=\"https:\/\/nordicdesignshop.lu\/de\/shop\/home-design\/deer-shelf-metall\/\" \/>\n<meta property=\"og:site_name\" content=\"Nordic Design Shop\" \/>\n<meta property=\"article:publisher\" content=\"https:\/\/www.facebook.com\/NordicDesignShop\/\" \/>\n<meta property=\"article:modified_time\" content=\"2022-01-03T12:55:57+00:00\" \/>\n<meta property=\"og:image\" content=\"https:\/\/nordicdesignshop.lu\/wp-content\/uploads\/2021\/02\/Nordic-design-shop-deer-shelf-etagere-metal-noir.webp\" \/>\n\t<meta property=\"og:image:width\" content=\"1024\" \/>\n\t<meta property=\"og:image:height\" content=\"1024\" \/>\n\t<meta property=\"og:image:type\" content=\"image\/webp\" \/>\n<meta name=\"twitter:card\" content=\"summary_large_image\" \/>\n<meta name=\"twitter:label1\" content=\"Gesch\u00e4tzte Lesezeit\" \/>\n\t<meta name=\"twitter:data1\" content=\"2\u00a0Minuten\" \/>\n<script type=\"application\/ld+json\" class=\"yoast-schema-graph\">{\"@context\":\"https:\/\/schema.org\",\"@graph\":[{\"@type\":\"WebPage\",\"@id\":\"https:\/\/nordicdesignshop.lu\/de\/shop\/home-design\/deer-shelf-metall\/\",\"url\":\"https:\/\/nordicdesignshop.lu\/de\/shop\/home-design\/deer-shelf-metall\/\",\"name\":\"dekoratives Wandregal aus Metall | Nordic Design Shop\",\"isPartOf\":{\"@id\":\"https:\/\/nordicdesignshop.lu\/de\/#website\"},\"primaryImageOfPage\":{\"@id\":\"https:\/\/nordicdesignshop.lu\/de\/shop\/home-design\/deer-shelf-metall\/#primaryimage\"},\"image\":{\"@id\":\"https:\/\/nordicdesignshop.lu\/de\/shop\/home-design\/deer-shelf-metall\/#primaryimage\"},\"thumbnailUrl\":\"https:\/\/nordicdesignshop.lu\/wp-content\/uploads\/2021\/02\/Nordic-design-shop-deer-shelf-etagere-metal-noir.webp\",\"datePublished\":\"2021-02-12T10:19:56+00:00\",\"dateModified\":\"2022-01-03T12:55:57+00:00\",\"description\":\"Das Deer Shelf Wandregal in Metall passt in ein Design und ein nordisches Interieur. Bestellen Sie es online im Nordic Design Shop !\",\"breadcrumb\":{\"@id\":\"https:\/\/nordicdesignshop.lu\/de\/shop\/home-design\/deer-shelf-metall\/#breadcrumb\"},\"inLanguage\":\"de\",\"potentialAction\":[{\"@type\":\"ReadAction\",\"target\":[\"https:\/\/nordicdesignshop.lu\/de\/shop\/home-design\/deer-shelf-metall\/\"]}]},{\"@type\":\"ImageObject\",\"inLanguage\":\"de\",\"@id\":\"https:\/\/nordicdesignshop.lu\/de\/shop\/home-design\/deer-shelf-metall\/#primaryimage\",\"url\":\"https:\/\/nordicdesignshop.lu\/wp-content\/uploads\/2021\/02\/Nordic-design-shop-deer-shelf-etagere-metal-noir.webp\",\"contentUrl\":\"https:\/\/nordicdesignshop.lu\/wp-content\/uploads\/2021\/02\/Nordic-design-shop-deer-shelf-etagere-metal-noir.webp\",\"width\":1024,\"height\":1024,\"caption\":\"L'\u00e9tag\u00e8re murale en m\u00e9tal en forme de t\u00eate de cerf est disponible chez Nordic Design Shop\"},{\"@type\":\"BreadcrumbList\",\"@id\":\"https:\/\/nordicdesignshop.lu\/de\/shop\/home-design\/deer-shelf-metall\/#breadcrumb\",\"itemListElement\":[{\"@type\":\"ListItem\",\"position\":1,\"name\":\"Accueil\",\"item\":\"https:\/\/nordicdesignshop.lu\/de\/\"},{\"@type\":\"ListItem\",\"position\":2,\"name\":\"Einkaufen\",\"item\":\"https:\/\/nordicdesignshop.lu\/de\/einkaufen\/\"},{\"@type\":\"ListItem\",\"position\":3,\"name\":\"dekoratives Wandregal aus Metall\"}]},{\"@type\":\"WebSite\",\"@id\":\"https:\/\/nordicdesignshop.lu\/de\/#website\",\"url\":\"https:\/\/nordicdesignshop.lu\/de\/\",\"name\":\"Nordic Design Shop\",\"description\":\"Drop | Jacuzzi | Spa\",\"publisher\":{\"@id\":\"https:\/\/nordicdesignshop.lu\/de\/#organization\"},\"potentialAction\":[{\"@type\":\"SearchAction\",\"target\":{\"@type\":\"EntryPoint\",\"urlTemplate\":\"https:\/\/nordicdesignshop.lu\/de\/?s={search_term_string}\"},\"query-input\":\"required name=search_term_string\"}],\"inLanguage\":\"de\"},{\"@type\":\"Organization\",\"@id\":\"https:\/\/nordicdesignshop.lu\/de\/#organization\",\"name\":\"Nordic Design Shop\",\"url\":\"https:\/\/nordicdesignshop.lu\/de\/\",\"logo\":{\"@type\":\"ImageObject\",\"inLanguage\":\"de\",\"@id\":\"https:\/\/nordicdesignshop.lu\/de\/#\/schema\/logo\/image\/\",\"url\":\"https:\/\/nordicdesignshop.lu\/wp-content\/uploads\/2021\/03\/cropped-Sans-titre-1.jpg\",\"contentUrl\":\"https:\/\/nordicdesignshop.lu\/wp-content\/uploads\/2021\/03\/cropped-Sans-titre-1.jpg\",\"width\":512,\"height\":512,\"caption\":\"Nordic Design Shop\"},\"image\":{\"@id\":\"https:\/\/nordicdesignshop.lu\/de\/#\/schema\/logo\/image\/\"},\"sameAs\":[\"https:\/\/www.facebook.com\/NordicDesignShop\/\",\"https:\/\/www.instagram.com\/Nordic_designshop\/\",\"https:\/\/www.linkedin.com\/company\/nordic-design-shop\/\",\"https:\/\/www.youtube.com\/channel\/UCujh54MhpwQ2rXYscjfdN5Q\"]}]}<\/script>\n<!-- \/ Yoast SEO plugin. -->","yoast_head_json":{"title":"dekoratives Wandregal aus Metall | Nordic Design Shop","description":"Das Deer Shelf Wandregal in Metall passt in ein Design und ein nordisches Interieur. Bestellen Sie es online im Nordic Design Shop !","robots":{"index":"index","follow":"follow","max-snippet":"max-snippet:-1","max-image-preview":"max-image-preview:large","max-video-preview":"max-video-preview:-1"},"canonical":"https:\/\/nordicdesignshop.lu\/de\/shop\/home-design\/deer-shelf-metall\/","og_locale":"de_DE","og_type":"article","og_title":"dekoratives Wandregal aus Metall | Nordic Design Shop","og_description":"Das Deer Shelf Wandregal in Metall passt in ein Design und ein nordisches Interieur. Bestellen Sie es online im Nordic Design Shop !","og_url":"https:\/\/nordicdesignshop.lu\/de\/shop\/home-design\/deer-shelf-metall\/","og_site_name":"Nordic Design Shop","article_publisher":"https:\/\/www.facebook.com\/NordicDesignShop\/","article_modified_time":"2022-01-03T12:55:57+00:00","og_image":[{"width":1024,"height":1024,"url":"https:\/\/nordicdesignshop.lu\/wp-content\/uploads\/2021\/02\/Nordic-design-shop-deer-shelf-etagere-metal-noir.webp","type":"image\/webp"}],"twitter_card":"summary_large_image","twitter_misc":{"Gesch\u00e4tzte Lesezeit":"2\u00a0Minuten"},"schema":{"@context":"https:\/\/schema.org","@graph":[{"@type":"WebPage","@id":"https:\/\/nordicdesignshop.lu\/de\/shop\/home-design\/deer-shelf-metall\/","url":"https:\/\/nordicdesignshop.lu\/de\/shop\/home-design\/deer-shelf-metall\/","name":"dekoratives Wandregal aus Metall | Nordic Design Shop","isPartOf":{"@id":"https:\/\/nordicdesignshop.lu\/de\/#website"},"primaryImageOfPage":{"@id":"https:\/\/nordicdesignshop.lu\/de\/shop\/home-design\/deer-shelf-metall\/#primaryimage"},"image":{"@id":"https:\/\/nordicdesignshop.lu\/de\/shop\/home-design\/deer-shelf-metall\/#primaryimage"},"thumbnailUrl":"https:\/\/nordicdesignshop.lu\/wp-content\/uploads\/2021\/02\/Nordic-design-shop-deer-shelf-etagere-metal-noir.webp","datePublished":"2021-02-12T10:19:56+00:00","dateModified":"2022-01-03T12:55:57+00:00","description":"Das Deer Shelf Wandregal in Metall passt in ein Design und ein nordisches Interieur. Bestellen Sie es online im Nordic Design Shop !","breadcrumb":{"@id":"https:\/\/nordicdesignshop.lu\/de\/shop\/home-design\/deer-shelf-metall\/#breadcrumb"},"inLanguage":"de","potentialAction":[{"@type":"ReadAction","target":["https:\/\/nordicdesignshop.lu\/de\/shop\/home-design\/deer-shelf-metall\/"]}]},{"@type":"ImageObject","inLanguage":"de","@id":"https:\/\/nordicdesignshop.lu\/de\/shop\/home-design\/deer-shelf-metall\/#primaryimage","url":"https:\/\/nordicdesignshop.lu\/wp-content\/uploads\/2021\/02\/Nordic-design-shop-deer-shelf-etagere-metal-noir.webp","contentUrl":"https:\/\/nordicdesignshop.lu\/wp-content\/uploads\/2021\/02\/Nordic-design-shop-deer-shelf-etagere-metal-noir.webp","width":1024,"height":1024,"caption":"L'\u00e9tag\u00e8re murale en m\u00e9tal en forme de t\u00eate de cerf est disponible chez Nordic Design Shop"},{"@type":"BreadcrumbList","@id":"https:\/\/nordicdesignshop.lu\/de\/shop\/home-design\/deer-shelf-metall\/#breadcrumb","itemListElement":[{"@type":"ListItem","position":1,"name":"Accueil","item":"https:\/\/nordicdesignshop.lu\/de\/"},{"@type":"ListItem","position":2,"name":"Einkaufen","item":"https:\/\/nordicdesignshop.lu\/de\/einkaufen\/"},{"@type":"ListItem","position":3,"name":"dekoratives Wandregal aus Metall"}]},{"@type":"WebSite","@id":"https:\/\/nordicdesignshop.lu\/de\/#website","url":"https:\/\/nordicdesignshop.lu\/de\/","name":"Nordic Design Shop","description":"Drop | Jacuzzi | Spa","publisher":{"@id":"https:\/\/nordicdesignshop.lu\/de\/#organization"},"potentialAction":[{"@type":"SearchAction","target":{"@type":"EntryPoint","urlTemplate":"https:\/\/nordicdesignshop.lu\/de\/?s={search_term_string}"},"query-input":"required name=search_term_string"}],"inLanguage":"de"},{"@type":"Organization","@id":"https:\/\/nordicdesignshop.lu\/de\/#organization","name":"Nordic Design Shop","url":"https:\/\/nordicdesignshop.lu\/de\/","logo":{"@type":"ImageObject","inLanguage":"de","@id":"https:\/\/nordicdesignshop.lu\/de\/#\/schema\/logo\/image\/","url":"https:\/\/nordicdesignshop.lu\/wp-content\/uploads\/2021\/03\/cropped-Sans-titre-1.jpg","contentUrl":"https:\/\/nordicdesignshop.lu\/wp-content\/uploads\/2021\/03\/cropped-Sans-titre-1.jpg","width":512,"height":512,"caption":"Nordic Design Shop"},"image":{"@id":"https:\/\/nordicdesignshop.lu\/de\/#\/schema\/logo\/image\/"},"sameAs":["https:\/\/www.facebook.com\/NordicDesignShop\/","https:\/\/www.instagram.com\/Nordic_designshop\/","https:\/\/www.linkedin.com\/company\/nordic-design-shop\/","https:\/\/www.youtube.com\/channel\/UCujh54MhpwQ2rXYscjfdN5Q"]}]}},"_links":{"self":[{"href":"https:\/\/nordicdesignshop.lu\/de\/wp-json\/wp\/v2\/product\/1909","targetHints":{"allow":["GET"]}}],"collection":[{"href":"https:\/\/nordicdesignshop.lu\/de\/wp-json\/wp\/v2\/product"}],"about":[{"href":"https:\/\/nordicdesignshop.lu\/de\/wp-json\/wp\/v2\/types\/product"}],"wp:featuredmedia":[{"embeddable":true,"href":"https:\/\/nordicdesignshop.lu\/de\/wp-json\/wp\/v2\/media\/7642"}],"wp:attachment":[{"href":"https:\/\/nordicdesignshop.lu\/de\/wp-json\/wp\/v2\/media?parent=1909"}],"wp:term":[{"taxonomy":"product_cat","embeddable":true,"href":"https:\/\/nordicdesignshop.lu\/de\/wp-json\/wp\/v2\/product_cat?post=1909"},{"taxonomy":"product_tag","embeddable":true,"href":"https:\/\/nordicdesignshop.lu\/de\/wp-json\/wp\/v2\/product_tag?post=1909"}],"curies":[{"name":"wp","href":"https:\/\/api.w.org\/{rel}","templated":true}]}}