{"id":1905,"date":"2021-02-12T09:42:52","date_gmt":"2021-02-12T08:42:52","guid":{"rendered":"https:\/\/nordicdesignshop.lu\/shop\/unkategorisiert\/deer-shelf-in-eiche\/"},"modified":"2022-01-03T14:00:01","modified_gmt":"2022-01-03T13:00:01","slug":"deer-shelf-in-eiche","status":"publish","type":"product","link":"https:\/\/nordicdesignshop.lu\/de\/shop\/home-design\/deer-shelf-in-eiche\/","title":{"rendered":"dekoratives Wandregal aus Eichenholz"},"content":{"rendered":"<div class=\"row\"  id=\"row-1416199637\">\n\n\t<div id=\"col-64439894\" class=\"col small-12 large-12\"  >\n\t\t\t\t<div class=\"col-inner\"  >\n\t\t\t\n\t\t\t\n<h3 class=\"uppercase\">Wenn nordisches <em>HOME DESIGN<\/em> nach Luxemburg kommt<\/h3>\n<p align=\"justify\">Der von Lucien Douwes und Matias M\u00e4enp\u00e4\u00e4 entworfene Nordic Design Shop (oder NDS) bietet die sch\u00f6nsten nordischen Kreationen in Luxemburg, Deutschland, Belgien, Frankreich und den Niederlanden.<\/p>\n<p align=\"justify\">Die Innenr\u00e4ume werden \u00fcberfl\u00fcssiges los, um R\u00e4ume zu optimieren und mit Licht zu spielen. Nichts ist zu viel : M\u00f6bel werden zu einem integralen Bestandteil der Innenarchitektur und verbinden Zweckm\u00e4\u00dfigkeit mit \u00c4sthetik.<\/p>\n\t\t<\/div>\n\t\t\t\t\t<\/div>\n\n\t\n<\/div>\n<div class=\"row\"  id=\"row-1417206436\">\n\n\t<div id=\"col-233959890\" class=\"col small-12 large-12\"  >\n\t\t\t\t<div class=\"col-inner\"  >\n\t\t\t\n\t\t\t\n<h3 class=\"uppercase\">Deer Shelf in Eiche : ein finnisch inspiriertes Wandregal<\/h3>\n<p align=\"justify\">Das Deer Shelf Oak Wandregal ist keine Ausnahme. Dank seines nordischen Charmes ist er ein Hingucker, der Sie nicht gleichg\u00fcltig l\u00e4sst.<\/p>\n<p align=\"justify\">Seine geometrischen Formen erinnern an Hirsche, die sich in der Wildnis bewegen. Jede Box, die dieses Design- und moderne M\u00f6belst\u00fcck ausmacht, ist bereit, Alltagsgegenst\u00e4nde aufzunehmen, die im Eingangsbereich oder im Wohnzimmer aufbewahrt werden k\u00f6nnen.<\/p>\n<p align=\"justify\">An einer Wand befestigt oder direkt auf den Boden gestellt, erinnert die massive Eiche, aus der sie besteht, an den Wald, der sie umgibt, und l\u00e4sst sie sich in jede Inneneinrichtung integrieren.<\/p>\n\t\t<\/div>\n\t\t\t\t\t<\/div>\n\n\t\n<\/div>\n<div class=\"row\"  id=\"row-364677465\">\n\n\t<div id=\"col-873425906\" class=\"col small-12 large-12\"  >\n\t\t\t\t<div class=\"col-inner\"  >\n\t\t\t\n\t\t\t\n<h3 class=\"uppercase\">Von der Herstellung bis zur Rezeption dieses Designerm\u00f6bels<\/h3>\n<p align=\"justify\">Entworfen in Finnland von der Marke BEdesign, wird jedes St\u00fcck nach Eingang der Bestellung hergestellt : Bitte erlauben Sie 3 bis 4 Wochen f\u00fcr die Herstellung Ihres Regals, gerechnet ab dem Tag der Bearbeitung Ihrer Bestellung. Erlauben Sie 2 bis 14 Werktage f\u00fcr die Lieferung.<\/p>\n<p align=\"justify\">Gekennzeichnet durch eine eigene Seriennummer wird Ihrem Regal ein Echtheitszertifikat beigelegt.<\/p>\n<p align=\"justify\">Mit Universalschrauben geliefert, ist es ratsam, die Art der Wand in Ihrem Haus zu \u00fcberpr\u00fcfen, um das am besten geeignete Werkzeug zu kaufen.<\/p>\n\t\t<\/div>\n\t\t\t\t\t<\/div>\n\n\t\n<\/div>\n","protected":false},"excerpt":{"rendered":"<p align=\"justify\">Holen Sie sich den finnischen Wald nach Hause ? Mit dem <strong>Deer Shelf in Eiche<\/strong>, das sich jedem Interieur anpasst, ist dies jetzt m\u00f6glich ! Elegant, raffiniert und wild l\u00e4dt Sie dieses Reh ein, Ihren pers\u00f6nlichen Raum neu zu entdecken &#8230;<\/p>\n<div class=\"row\"  id=\"row-1185097356\">\n\n\t<div id=\"col-1880097784\" class=\"col medium-1\/2 large-6\"  >\n\t\t\t\t<div class=\"col-inner\"  >\n\t\t\t\n\t\t\t\n<img loading=\"lazy\" decoding=\"async\" class=\"alignnone wp-image-829\" src=\"https:\/\/nordicdesignshop.lu\/wp-content\/uploads\/2021\/08\/Logo-BEDESIGN-1.jpg\" alt=\"\" width=\"160\" height=\"113\" \/><\/p>\n\t\t<\/div>\n\t\t\t\t\t<\/div>\n\n\t\n\n\t<div id=\"col-633778921\" class=\"col medium-1\/2 large-6\"  >\n\t\t\t\t<div class=\"col-inner\"  >\n\t\t\t\n\t\t\t\n<img loading=\"lazy\" decoding=\"async\" class=\"alignnone wp-image-829\" src=\"https:\/\/nordicdesignshop.lu\/wp-content\/uploads\/2021\/12\/Icone-livraison-offerte-DE.png\" alt=\"\" width=\"160\" height=\"113\" \/><\/p>\n\t\t<\/div>\n\t\t\t\t\t<\/div>\n\n\t\n<\/div>\n","protected":false},"featured_media":7624,"template":"","meta":{"content-type":""},"product_cat":[125],"product_tag":[],"class_list":{"0":"post-1905","1":"product","2":"type-product","3":"status-publish","4":"has-post-thumbnail","6":"product_cat-home-design","8":"first","9":"instock","10":"shipping-taxable","11":"purchasable","12":"product-type-simple"},"yoast_head":"<!-- This site is optimized with the Yoast SEO plugin v23.1 - https:\/\/yoast.com\/wordpress\/plugins\/seo\/ -->\n<title>dekoratives Wandregal aus Eichenholz | Nordic Design Shop<\/title>\n<meta name=\"description\" content=\"Das Deer Shelf in Eiche ist ein vom nordischen Hirsch inspiriertes Wandregal. Bestellen Sie dieses M\u00f6belst\u00fcck jetzt im Nordic Design Shop !\" \/>\n<meta name=\"robots\" content=\"index, follow, max-snippet:-1, max-image-preview:large, max-video-preview:-1\" \/>\n<link rel=\"canonical\" href=\"https:\/\/nordicdesignshop.lu\/de\/shop\/home-design\/deer-shelf-in-eiche\/\" \/>\n<meta property=\"og:locale\" content=\"de_DE\" \/>\n<meta property=\"og:type\" content=\"article\" \/>\n<meta property=\"og:title\" content=\"dekoratives Wandregal aus Eichenholz | Nordic Design Shop\" \/>\n<meta property=\"og:description\" content=\"Das Deer Shelf in Eiche ist ein vom nordischen Hirsch inspiriertes Wandregal. Bestellen Sie dieses M\u00f6belst\u00fcck jetzt im Nordic Design Shop !\" \/>\n<meta property=\"og:url\" content=\"https:\/\/nordicdesignshop.lu\/de\/shop\/home-design\/deer-shelf-in-eiche\/\" \/>\n<meta property=\"og:site_name\" content=\"Nordic Design Shop\" \/>\n<meta property=\"article:publisher\" content=\"https:\/\/www.facebook.com\/NordicDesignShop\/\" \/>\n<meta property=\"article:modified_time\" content=\"2022-01-03T13:00:01+00:00\" \/>\n<meta property=\"og:image\" content=\"https:\/\/nordicdesignshop.lu\/wp-content\/uploads\/2021\/02\/Nordic-design-shop-etagere-murale-cerf-1.webp\" \/>\n\t<meta property=\"og:image:width\" content=\"1024\" \/>\n\t<meta property=\"og:image:height\" content=\"1024\" \/>\n\t<meta property=\"og:image:type\" content=\"image\/webp\" \/>\n<meta name=\"twitter:card\" content=\"summary_large_image\" \/>\n<meta name=\"twitter:label1\" content=\"Gesch\u00e4tzte Lesezeit\" \/>\n\t<meta name=\"twitter:data1\" content=\"2\u00a0Minuten\" \/>\n<script type=\"application\/ld+json\" class=\"yoast-schema-graph\">{\"@context\":\"https:\/\/schema.org\",\"@graph\":[{\"@type\":\"WebPage\",\"@id\":\"https:\/\/nordicdesignshop.lu\/de\/shop\/home-design\/deer-shelf-in-eiche\/\",\"url\":\"https:\/\/nordicdesignshop.lu\/de\/shop\/home-design\/deer-shelf-in-eiche\/\",\"name\":\"dekoratives Wandregal aus Eichenholz | Nordic Design Shop\",\"isPartOf\":{\"@id\":\"https:\/\/nordicdesignshop.lu\/de\/#website\"},\"primaryImageOfPage\":{\"@id\":\"https:\/\/nordicdesignshop.lu\/de\/shop\/home-design\/deer-shelf-in-eiche\/#primaryimage\"},\"image\":{\"@id\":\"https:\/\/nordicdesignshop.lu\/de\/shop\/home-design\/deer-shelf-in-eiche\/#primaryimage\"},\"thumbnailUrl\":\"https:\/\/nordicdesignshop.lu\/wp-content\/uploads\/2021\/02\/Nordic-design-shop-etagere-murale-cerf-1.webp\",\"datePublished\":\"2021-02-12T08:42:52+00:00\",\"dateModified\":\"2022-01-03T13:00:01+00:00\",\"description\":\"Das Deer Shelf in Eiche ist ein vom nordischen Hirsch inspiriertes Wandregal. Bestellen Sie dieses M\u00f6belst\u00fcck jetzt im Nordic Design Shop !\",\"breadcrumb\":{\"@id\":\"https:\/\/nordicdesignshop.lu\/de\/shop\/home-design\/deer-shelf-in-eiche\/#breadcrumb\"},\"inLanguage\":\"de\",\"potentialAction\":[{\"@type\":\"ReadAction\",\"target\":[\"https:\/\/nordicdesignshop.lu\/de\/shop\/home-design\/deer-shelf-in-eiche\/\"]}]},{\"@type\":\"ImageObject\",\"inLanguage\":\"de\",\"@id\":\"https:\/\/nordicdesignshop.lu\/de\/shop\/home-design\/deer-shelf-in-eiche\/#primaryimage\",\"url\":\"https:\/\/nordicdesignshop.lu\/wp-content\/uploads\/2021\/02\/Nordic-design-shop-etagere-murale-cerf-1.webp\",\"contentUrl\":\"https:\/\/nordicdesignshop.lu\/wp-content\/uploads\/2021\/02\/Nordic-design-shop-etagere-murale-cerf-1.webp\",\"width\":1024,\"height\":1024,\"caption\":\"D\u00e9coration murale - Etag\u00e8re en ch\u00eane\"},{\"@type\":\"BreadcrumbList\",\"@id\":\"https:\/\/nordicdesignshop.lu\/de\/shop\/home-design\/deer-shelf-in-eiche\/#breadcrumb\",\"itemListElement\":[{\"@type\":\"ListItem\",\"position\":1,\"name\":\"Accueil\",\"item\":\"https:\/\/nordicdesignshop.lu\/de\/\"},{\"@type\":\"ListItem\",\"position\":2,\"name\":\"Einkaufen\",\"item\":\"https:\/\/nordicdesignshop.lu\/de\/einkaufen\/\"},{\"@type\":\"ListItem\",\"position\":3,\"name\":\"dekoratives Wandregal aus Eichenholz\"}]},{\"@type\":\"WebSite\",\"@id\":\"https:\/\/nordicdesignshop.lu\/de\/#website\",\"url\":\"https:\/\/nordicdesignshop.lu\/de\/\",\"name\":\"Nordic Design Shop\",\"description\":\"Drop | Jacuzzi | Spa\",\"publisher\":{\"@id\":\"https:\/\/nordicdesignshop.lu\/de\/#organization\"},\"potentialAction\":[{\"@type\":\"SearchAction\",\"target\":{\"@type\":\"EntryPoint\",\"urlTemplate\":\"https:\/\/nordicdesignshop.lu\/de\/?s={search_term_string}\"},\"query-input\":\"required name=search_term_string\"}],\"inLanguage\":\"de\"},{\"@type\":\"Organization\",\"@id\":\"https:\/\/nordicdesignshop.lu\/de\/#organization\",\"name\":\"Nordic Design Shop\",\"url\":\"https:\/\/nordicdesignshop.lu\/de\/\",\"logo\":{\"@type\":\"ImageObject\",\"inLanguage\":\"de\",\"@id\":\"https:\/\/nordicdesignshop.lu\/de\/#\/schema\/logo\/image\/\",\"url\":\"https:\/\/nordicdesignshop.lu\/wp-content\/uploads\/2021\/03\/cropped-Sans-titre-1.jpg\",\"contentUrl\":\"https:\/\/nordicdesignshop.lu\/wp-content\/uploads\/2021\/03\/cropped-Sans-titre-1.jpg\",\"width\":512,\"height\":512,\"caption\":\"Nordic Design Shop\"},\"image\":{\"@id\":\"https:\/\/nordicdesignshop.lu\/de\/#\/schema\/logo\/image\/\"},\"sameAs\":[\"https:\/\/www.facebook.com\/NordicDesignShop\/\",\"https:\/\/www.instagram.com\/Nordic_designshop\/\",\"https:\/\/www.linkedin.com\/company\/nordic-design-shop\/\",\"https:\/\/www.youtube.com\/channel\/UCujh54MhpwQ2rXYscjfdN5Q\"]}]}<\/script>\n<!-- \/ Yoast SEO plugin. -->","yoast_head_json":{"title":"dekoratives Wandregal aus Eichenholz | Nordic Design Shop","description":"Das Deer Shelf in Eiche ist ein vom nordischen Hirsch inspiriertes Wandregal. Bestellen Sie dieses M\u00f6belst\u00fcck jetzt im Nordic Design Shop !","robots":{"index":"index","follow":"follow","max-snippet":"max-snippet:-1","max-image-preview":"max-image-preview:large","max-video-preview":"max-video-preview:-1"},"canonical":"https:\/\/nordicdesignshop.lu\/de\/shop\/home-design\/deer-shelf-in-eiche\/","og_locale":"de_DE","og_type":"article","og_title":"dekoratives Wandregal aus Eichenholz | Nordic Design Shop","og_description":"Das Deer Shelf in Eiche ist ein vom nordischen Hirsch inspiriertes Wandregal. Bestellen Sie dieses M\u00f6belst\u00fcck jetzt im Nordic Design Shop !","og_url":"https:\/\/nordicdesignshop.lu\/de\/shop\/home-design\/deer-shelf-in-eiche\/","og_site_name":"Nordic Design Shop","article_publisher":"https:\/\/www.facebook.com\/NordicDesignShop\/","article_modified_time":"2022-01-03T13:00:01+00:00","og_image":[{"width":1024,"height":1024,"url":"https:\/\/nordicdesignshop.lu\/wp-content\/uploads\/2021\/02\/Nordic-design-shop-etagere-murale-cerf-1.webp","type":"image\/webp"}],"twitter_card":"summary_large_image","twitter_misc":{"Gesch\u00e4tzte Lesezeit":"2\u00a0Minuten"},"schema":{"@context":"https:\/\/schema.org","@graph":[{"@type":"WebPage","@id":"https:\/\/nordicdesignshop.lu\/de\/shop\/home-design\/deer-shelf-in-eiche\/","url":"https:\/\/nordicdesignshop.lu\/de\/shop\/home-design\/deer-shelf-in-eiche\/","name":"dekoratives Wandregal aus Eichenholz | Nordic Design Shop","isPartOf":{"@id":"https:\/\/nordicdesignshop.lu\/de\/#website"},"primaryImageOfPage":{"@id":"https:\/\/nordicdesignshop.lu\/de\/shop\/home-design\/deer-shelf-in-eiche\/#primaryimage"},"image":{"@id":"https:\/\/nordicdesignshop.lu\/de\/shop\/home-design\/deer-shelf-in-eiche\/#primaryimage"},"thumbnailUrl":"https:\/\/nordicdesignshop.lu\/wp-content\/uploads\/2021\/02\/Nordic-design-shop-etagere-murale-cerf-1.webp","datePublished":"2021-02-12T08:42:52+00:00","dateModified":"2022-01-03T13:00:01+00:00","description":"Das Deer Shelf in Eiche ist ein vom nordischen Hirsch inspiriertes Wandregal. Bestellen Sie dieses M\u00f6belst\u00fcck jetzt im Nordic Design Shop !","breadcrumb":{"@id":"https:\/\/nordicdesignshop.lu\/de\/shop\/home-design\/deer-shelf-in-eiche\/#breadcrumb"},"inLanguage":"de","potentialAction":[{"@type":"ReadAction","target":["https:\/\/nordicdesignshop.lu\/de\/shop\/home-design\/deer-shelf-in-eiche\/"]}]},{"@type":"ImageObject","inLanguage":"de","@id":"https:\/\/nordicdesignshop.lu\/de\/shop\/home-design\/deer-shelf-in-eiche\/#primaryimage","url":"https:\/\/nordicdesignshop.lu\/wp-content\/uploads\/2021\/02\/Nordic-design-shop-etagere-murale-cerf-1.webp","contentUrl":"https:\/\/nordicdesignshop.lu\/wp-content\/uploads\/2021\/02\/Nordic-design-shop-etagere-murale-cerf-1.webp","width":1024,"height":1024,"caption":"D\u00e9coration murale - Etag\u00e8re en ch\u00eane"},{"@type":"BreadcrumbList","@id":"https:\/\/nordicdesignshop.lu\/de\/shop\/home-design\/deer-shelf-in-eiche\/#breadcrumb","itemListElement":[{"@type":"ListItem","position":1,"name":"Accueil","item":"https:\/\/nordicdesignshop.lu\/de\/"},{"@type":"ListItem","position":2,"name":"Einkaufen","item":"https:\/\/nordicdesignshop.lu\/de\/einkaufen\/"},{"@type":"ListItem","position":3,"name":"dekoratives Wandregal aus Eichenholz"}]},{"@type":"WebSite","@id":"https:\/\/nordicdesignshop.lu\/de\/#website","url":"https:\/\/nordicdesignshop.lu\/de\/","name":"Nordic Design Shop","description":"Drop | Jacuzzi | Spa","publisher":{"@id":"https:\/\/nordicdesignshop.lu\/de\/#organization"},"potentialAction":[{"@type":"SearchAction","target":{"@type":"EntryPoint","urlTemplate":"https:\/\/nordicdesignshop.lu\/de\/?s={search_term_string}"},"query-input":"required name=search_term_string"}],"inLanguage":"de"},{"@type":"Organization","@id":"https:\/\/nordicdesignshop.lu\/de\/#organization","name":"Nordic Design Shop","url":"https:\/\/nordicdesignshop.lu\/de\/","logo":{"@type":"ImageObject","inLanguage":"de","@id":"https:\/\/nordicdesignshop.lu\/de\/#\/schema\/logo\/image\/","url":"https:\/\/nordicdesignshop.lu\/wp-content\/uploads\/2021\/03\/cropped-Sans-titre-1.jpg","contentUrl":"https:\/\/nordicdesignshop.lu\/wp-content\/uploads\/2021\/03\/cropped-Sans-titre-1.jpg","width":512,"height":512,"caption":"Nordic Design Shop"},"image":{"@id":"https:\/\/nordicdesignshop.lu\/de\/#\/schema\/logo\/image\/"},"sameAs":["https:\/\/www.facebook.com\/NordicDesignShop\/","https:\/\/www.instagram.com\/Nordic_designshop\/","https:\/\/www.linkedin.com\/company\/nordic-design-shop\/","https:\/\/www.youtube.com\/channel\/UCujh54MhpwQ2rXYscjfdN5Q"]}]}},"_links":{"self":[{"href":"https:\/\/nordicdesignshop.lu\/de\/wp-json\/wp\/v2\/product\/1905","targetHints":{"allow":["GET"]}}],"collection":[{"href":"https:\/\/nordicdesignshop.lu\/de\/wp-json\/wp\/v2\/product"}],"about":[{"href":"https:\/\/nordicdesignshop.lu\/de\/wp-json\/wp\/v2\/types\/product"}],"wp:featuredmedia":[{"embeddable":true,"href":"https:\/\/nordicdesignshop.lu\/de\/wp-json\/wp\/v2\/media\/7624"}],"wp:attachment":[{"href":"https:\/\/nordicdesignshop.lu\/de\/wp-json\/wp\/v2\/media?parent=1905"}],"wp:term":[{"taxonomy":"product_cat","embeddable":true,"href":"https:\/\/nordicdesignshop.lu\/de\/wp-json\/wp\/v2\/product_cat?post=1905"},{"taxonomy":"product_tag","embeddable":true,"href":"https:\/\/nordicdesignshop.lu\/de\/wp-json\/wp\/v2\/product_tag?post=1905"}],"curies":[{"name":"wp","href":"https:\/\/api.w.org\/{rel}","templated":true}]}}