{"id":1334,"date":"2021-01-15T17:50:57","date_gmt":"2021-02-02T13:05:29","guid":{"rendered":"http:\/\/nordicdesignshop.be\/shop\/unkategorisiert\/drop-design-fire\/"},"modified":"2022-01-04T10:41:53","modified_gmt":"2022-01-04T09:41:53","slug":"drop-design-fire","status":"publish","type":"product","link":"https:\/\/nordicdesignshop.lu\/de\/shop\/drop-design-fire\/drop-design-fire\/","title":{"rendered":"Brasero &#8211; Drop Fire"},"content":{"rendered":"<p align=\"justify\">Suchen Sie ein langlebiges Feuer im Freien ? Unser <strong>Drop Design Fire<\/strong> besteht aus 3 mm kaltgewalztem Stahl und seine Oberfl\u00e4che ist mit einer hochhitzebest\u00e4ndigen Pulverfarbe behandelt. Das Material dieser Au\u00dfenleuchte ist Edelstahl. Im Fu\u00df befindet sich ein Hitzeschild mit verbrannter Wolle; Dadurch wird verhindert, dass die Hitze des Kamins zum Beispiel bis zum Fu\u00df oder bis auf die Terrasse geht.<\/p>\n<p align=\"justify\">Das offene Feuer von Drop Design Fire beinhaltet :<\/p>\n<ul>\n<li>Der Fu\u00df des offenen Feuers<\/li>\n<li>Eine quadratische Abdeckung, die f\u00fcr ein offenes Feuer geeignet ist, was dieses Au\u00dfenfeuer zu einem eleganten Tisch f\u00fcr die Terrasse macht.<\/li>\n<\/ul>\n<p align=\"justify\">Das Produkt wird in den Hinterhof geliefert. Das Produkt muss zusammengebaut werden.<\/p>\n<div class=\"row\"  id=\"row-1184638384\">\r\n\r\n\n\t<div id=\"col-1578075477\" class=\"col medium-6 small-12 large-6\"  >\n\t\t\t\t<div class=\"col-inner\"  >\n\t\t\t\n\t\t\t\r\n\r\n\t<div class=\"img has-hover x md-x lg-x y md-y lg-y\" id=\"image_1009756387\">\n\t\t\t\t\t\t\t\t<div class=\"img-inner dark\" >\n\t\t\t<img loading=\"lazy\" decoding=\"async\" width=\"693\" height=\"800\" src=\"https:\/\/nordicdesignshop.lu\/wp-content\/uploads\/2021\/02\/IMG_3804-2-693x800.jpg\" class=\"attachment-large size-large\" alt=\"Drop Design Fire, Brasero Design Ext\u00e9rieur - Fire Pit - Nordic Design Shop\" srcset=\"https:\/\/nordicdesignshop.lu\/wp-content\/uploads\/2021\/02\/IMG_3804-2-693x800.jpg 693w, https:\/\/nordicdesignshop.lu\/wp-content\/uploads\/2021\/02\/IMG_3804-2-346x400.jpg 346w, https:\/\/nordicdesignshop.lu\/wp-content\/uploads\/2021\/02\/IMG_3804-2-768x887.jpg 768w, https:\/\/nordicdesignshop.lu\/wp-content\/uploads\/2021\/02\/IMG_3804-2-1331x1536.jpg 1331w, https:\/\/nordicdesignshop.lu\/wp-content\/uploads\/2021\/02\/IMG_3804-2-1774x2048.jpg 1774w, https:\/\/nordicdesignshop.lu\/wp-content\/uploads\/2021\/02\/IMG_3804-2-1024x1182.jpg 1024w\" sizes=\"auto, (max-width: 693px) 100vw, 693px\" \/>\t\t\t\t\t\t\n\t\t\t\t\t<\/div>\n\t\t\t\t\t\t\t\t\n<style>\n#image_1009756387 {\n  width: 100%;\n}\n<\/style>\n\t<\/div>\n\t\r\n\r\n\t\t<\/div>\n\t\t\t\t\t<\/div>\n\n\t\r\n\n\t<div id=\"col-619934351\" class=\"col medium-6 small-12 large-6\"  >\n\t\t\t\t<div class=\"col-inner\"  >\n\t\t\t\n\t\t\t\r\n\r\n<div class=\"container section-title-container\" ><h3 class=\"section-title section-title-center\"><b><\/b><span class=\"section-title-main\" >Kontaktiere uns<\/span><b><\/b><\/h3><\/div>\r\n\r\n\n<div class=\"wpcf7 no-js\" id=\"wpcf7-f1885-o1\" lang=\"de-DE\" dir=\"ltr\">\n<div class=\"screen-reader-response\"><p role=\"status\" aria-live=\"polite\" aria-atomic=\"true\"><\/p> <ul><\/ul><\/div>\n<form action=\"\/de\/wp-json\/wp\/v2\/product\/1334#wpcf7-f1885-o1\" method=\"post\" class=\"wpcf7-form init\" aria-label=\"Kontaktformular\" novalidate=\"novalidate\" data-status=\"init\">\n<div style=\"display: none;\">\n<input type=\"hidden\" name=\"_wpcf7\" value=\"1885\" \/>\n<input type=\"hidden\" name=\"_wpcf7_version\" value=\"5.9.8\" \/>\n<input type=\"hidden\" name=\"_wpcf7_locale\" value=\"de_DE\" \/>\n<input type=\"hidden\" name=\"_wpcf7_unit_tag\" value=\"wpcf7-f1885-o1\" \/>\n<input type=\"hidden\" name=\"_wpcf7_container_post\" value=\"0\" \/>\n<input type=\"hidden\" name=\"_wpcf7_posted_data_hash\" value=\"\" \/>\n<input type=\"hidden\" name=\"_wpcf7_recaptcha_response\" value=\"\" \/>\n<\/div>\n<p><label> Nachname<br \/>\n<span class=\"wpcf7-form-control-wrap\" data-name=\"your-name\"><input size=\"40\" maxlength=\"400\" class=\"wpcf7-form-control wpcf7-text wpcf7-validates-as-required\" aria-required=\"true\" aria-invalid=\"false\" value=\"\" type=\"text\" name=\"your-name\" \/><\/span> <\/label>\n<\/p>\n<p><label> Email<br \/>\n<span class=\"wpcf7-form-control-wrap\" data-name=\"your-email\"><input size=\"40\" maxlength=\"400\" class=\"wpcf7-form-control wpcf7-email wpcf7-validates-as-required wpcf7-text wpcf7-validates-as-email\" aria-required=\"true\" aria-invalid=\"false\" value=\"\" type=\"email\" name=\"your-email\" \/><\/span> <\/label>\n<\/p>\n<p><label> Telefon<br \/>\n<span class=\"wpcf7-form-control-wrap\" data-name=\"your-phone\"><input size=\"40\" maxlength=\"400\" class=\"wpcf7-form-control wpcf7-tel wpcf7-validates-as-required wpcf7-text wpcf7-validates-as-tel\" aria-required=\"true\" aria-invalid=\"false\" value=\"\" type=\"tel\" name=\"your-phone\" \/><\/span> <\/label>\n<\/p>\n<p><label> Betreff<br \/>\n<span class=\"wpcf7-form-control-wrap\" data-name=\"your-subject\"><input size=\"40\" maxlength=\"400\" class=\"wpcf7-form-control wpcf7-text wpcf7-validates-as-required\" aria-required=\"true\" aria-invalid=\"false\" value=\"\" type=\"text\" name=\"your-subject\" \/><\/span> <\/label>\n<\/p>\n<p><label> Nachricht<br \/>\n<span class=\"wpcf7-form-control-wrap\" data-name=\"your-message\"><textarea cols=\"40\" rows=\"10\" maxlength=\"2000\" class=\"wpcf7-form-control wpcf7-textarea\" aria-invalid=\"false\" name=\"your-message\"><\/textarea><\/span> <\/label>\n<\/p>\n<p><input class=\"wpcf7-form-control wpcf7-submit has-spinner\" type=\"submit\" value=\"SENDEN\" \/>\n<\/p><div class=\"wpcf7-response-output\" aria-hidden=\"true\"><\/div>\n<\/form>\n<\/div>\n\r\n\r\n\t\t<\/div>\n\t\t\t\t\t<\/div>\n\n\t\r\n\r\n<\/div>\n","protected":false},"excerpt":{"rendered":"<p align=\"justify\">Drop Design Fire ist ein herrliches offenes Feuer, das mit Stil und Charakter perfekt zur Form des <a href=\"https:\/\/nordicdesignshop.lu\/de\/shop\/drop-pools\/drop-whirlpool\/\">Spa Drop Jacuzzi<\/a>\u00a0passt. Er wurde insbesondere mit dem finnischen Designpreis ausgezeichnet. Unser Design Fire offenes Feuer ist bekannt f\u00fcr seine hohe Qualit\u00e4t : Es wird in Finnland entworfen und handgefertigt. Ein echter Hingucker pr\u00e4sentiert sich dieser Au\u00dfenkamin als spektakul\u00e4res Gestaltungselement f\u00fcr Ihre Terrasse oder Ihren Garten.<\/p>\n<p align=\"justify\">Besonders vielseitig einsetzbar im Au\u00dfenbereich mit Brennholz oder Holzkohle. Der Drop Design Fire wird mit einer schwarzen quadratischen Abdeckung geliefert und l\u00e4sst sich in einen Tisch verwandeln. Dies verhindert das Eindringen von Wasser und Abfall bei Nichtgebrauch.<\/p>\n","protected":false},"featured_media":5834,"template":"","meta":{"content-type":""},"product_cat":[122],"product_tag":[],"class_list":{"0":"post-1334","1":"product","2":"type-product","3":"status-publish","4":"has-post-thumbnail","6":"product_cat-drop-design-fire","8":"first","9":"instock","10":"shipping-taxable","11":"purchasable","12":"product-type-simple"},"yoast_head":"<!-- This site is optimized with the Yoast SEO plugin v23.1 - https:\/\/yoast.com\/wordpress\/plugins\/seo\/ -->\n<title>Brasero - Drop Fire - Nordic Design Shop<\/title>\n<meta name=\"description\" content=\"Entdecken Sie das wundersch\u00f6ne Drop Design Open Fire, das in Finnland entworfen und handgefertigt wurde. Ein beeindruckendes Element f\u00fcr Ihre Terrasse.\" \/>\n<meta name=\"robots\" content=\"index, follow, max-snippet:-1, max-image-preview:large, max-video-preview:-1\" \/>\n<link rel=\"canonical\" href=\"https:\/\/nordicdesignshop.lu\/de\/shop\/drop-design-fire\/drop-design-fire\/\" \/>\n<meta property=\"og:locale\" content=\"de_DE\" \/>\n<meta property=\"og:type\" content=\"article\" \/>\n<meta property=\"og:title\" content=\"Brasero - Drop Fire - Nordic Design Shop\" \/>\n<meta property=\"og:description\" content=\"Entdecken Sie das wundersch\u00f6ne Drop Design Open Fire, das in Finnland entworfen und handgefertigt wurde. Ein beeindruckendes Element f\u00fcr Ihre Terrasse.\" \/>\n<meta property=\"og:url\" content=\"https:\/\/nordicdesignshop.lu\/de\/shop\/drop-design-fire\/drop-design-fire\/\" \/>\n<meta property=\"og:site_name\" content=\"Nordic Design Shop\" \/>\n<meta property=\"article:publisher\" content=\"https:\/\/www.facebook.com\/NordicDesignShop\/\" \/>\n<meta property=\"article:modified_time\" content=\"2022-01-04T09:41:53+00:00\" \/>\n<meta property=\"og:image\" content=\"https:\/\/nordicdesignshop.lu\/wp-content\/uploads\/2021\/01\/Nordic-design-shop-Drop-Design-Fire-Feu-ouvert-1.webp\" \/>\n\t<meta property=\"og:image:width\" content=\"1024\" \/>\n\t<meta property=\"og:image:height\" content=\"1024\" \/>\n\t<meta property=\"og:image:type\" content=\"image\/webp\" \/>\n<meta name=\"twitter:card\" content=\"summary_large_image\" \/>\n<meta name=\"twitter:label1\" content=\"Gesch\u00e4tzte Lesezeit\" \/>\n\t<meta name=\"twitter:data1\" content=\"1\u00a0Minute\" \/>\n<script type=\"application\/ld+json\" class=\"yoast-schema-graph\">{\"@context\":\"https:\/\/schema.org\",\"@graph\":[{\"@type\":\"WebPage\",\"@id\":\"https:\/\/nordicdesignshop.lu\/de\/shop\/drop-design-fire\/drop-design-fire\/\",\"url\":\"https:\/\/nordicdesignshop.lu\/de\/shop\/drop-design-fire\/drop-design-fire\/\",\"name\":\"Brasero - Drop Fire - Nordic Design Shop\",\"isPartOf\":{\"@id\":\"https:\/\/nordicdesignshop.lu\/de\/#website\"},\"primaryImageOfPage\":{\"@id\":\"https:\/\/nordicdesignshop.lu\/de\/shop\/drop-design-fire\/drop-design-fire\/#primaryimage\"},\"image\":{\"@id\":\"https:\/\/nordicdesignshop.lu\/de\/shop\/drop-design-fire\/drop-design-fire\/#primaryimage\"},\"thumbnailUrl\":\"https:\/\/nordicdesignshop.lu\/wp-content\/uploads\/2021\/01\/Nordic-design-shop-Drop-Design-Fire-Feu-ouvert-1.webp\",\"datePublished\":\"2021-02-02T13:05:29+00:00\",\"dateModified\":\"2022-01-04T09:41:53+00:00\",\"description\":\"Entdecken Sie das wundersch\u00f6ne Drop Design Open Fire, das in Finnland entworfen und handgefertigt wurde. Ein beeindruckendes Element f\u00fcr Ihre Terrasse.\",\"breadcrumb\":{\"@id\":\"https:\/\/nordicdesignshop.lu\/de\/shop\/drop-design-fire\/drop-design-fire\/#breadcrumb\"},\"inLanguage\":\"de\",\"potentialAction\":[{\"@type\":\"ReadAction\",\"target\":[\"https:\/\/nordicdesignshop.lu\/de\/shop\/drop-design-fire\/drop-design-fire\/\"]}]},{\"@type\":\"ImageObject\",\"inLanguage\":\"de\",\"@id\":\"https:\/\/nordicdesignshop.lu\/de\/shop\/drop-design-fire\/drop-design-fire\/#primaryimage\",\"url\":\"https:\/\/nordicdesignshop.lu\/wp-content\/uploads\/2021\/01\/Nordic-design-shop-Drop-Design-Fire-Feu-ouvert-1.webp\",\"contentUrl\":\"https:\/\/nordicdesignshop.lu\/wp-content\/uploads\/2021\/01\/Nordic-design-shop-Drop-Design-Fire-Feu-ouvert-1.webp\",\"width\":1024,\"height\":1024,\"caption\":\"Brasero - Drop Design Fire\"},{\"@type\":\"BreadcrumbList\",\"@id\":\"https:\/\/nordicdesignshop.lu\/de\/shop\/drop-design-fire\/drop-design-fire\/#breadcrumb\",\"itemListElement\":[{\"@type\":\"ListItem\",\"position\":1,\"name\":\"Accueil\",\"item\":\"https:\/\/nordicdesignshop.lu\/de\/\"},{\"@type\":\"ListItem\",\"position\":2,\"name\":\"Einkaufen\",\"item\":\"https:\/\/nordicdesignshop.lu\/de\/einkaufen\/\"},{\"@type\":\"ListItem\",\"position\":3,\"name\":\"Brasero &#8211; Drop Fire\"}]},{\"@type\":\"WebSite\",\"@id\":\"https:\/\/nordicdesignshop.lu\/de\/#website\",\"url\":\"https:\/\/nordicdesignshop.lu\/de\/\",\"name\":\"Nordic Design Shop\",\"description\":\"Drop | Jacuzzi | Spa\",\"publisher\":{\"@id\":\"https:\/\/nordicdesignshop.lu\/de\/#organization\"},\"potentialAction\":[{\"@type\":\"SearchAction\",\"target\":{\"@type\":\"EntryPoint\",\"urlTemplate\":\"https:\/\/nordicdesignshop.lu\/de\/?s={search_term_string}\"},\"query-input\":\"required name=search_term_string\"}],\"inLanguage\":\"de\"},{\"@type\":\"Organization\",\"@id\":\"https:\/\/nordicdesignshop.lu\/de\/#organization\",\"name\":\"Nordic Design Shop\",\"url\":\"https:\/\/nordicdesignshop.lu\/de\/\",\"logo\":{\"@type\":\"ImageObject\",\"inLanguage\":\"de\",\"@id\":\"https:\/\/nordicdesignshop.lu\/de\/#\/schema\/logo\/image\/\",\"url\":\"https:\/\/nordicdesignshop.lu\/wp-content\/uploads\/2021\/03\/cropped-Sans-titre-1.jpg\",\"contentUrl\":\"https:\/\/nordicdesignshop.lu\/wp-content\/uploads\/2021\/03\/cropped-Sans-titre-1.jpg\",\"width\":512,\"height\":512,\"caption\":\"Nordic Design Shop\"},\"image\":{\"@id\":\"https:\/\/nordicdesignshop.lu\/de\/#\/schema\/logo\/image\/\"},\"sameAs\":[\"https:\/\/www.facebook.com\/NordicDesignShop\/\",\"https:\/\/www.instagram.com\/Nordic_designshop\/\",\"https:\/\/www.linkedin.com\/company\/nordic-design-shop\/\",\"https:\/\/www.youtube.com\/channel\/UCujh54MhpwQ2rXYscjfdN5Q\"]}]}<\/script>\n<!-- \/ Yoast SEO plugin. -->","yoast_head_json":{"title":"Brasero - Drop Fire - Nordic Design Shop","description":"Entdecken Sie das wundersch\u00f6ne Drop Design Open Fire, das in Finnland entworfen und handgefertigt wurde. Ein beeindruckendes Element f\u00fcr Ihre Terrasse.","robots":{"index":"index","follow":"follow","max-snippet":"max-snippet:-1","max-image-preview":"max-image-preview:large","max-video-preview":"max-video-preview:-1"},"canonical":"https:\/\/nordicdesignshop.lu\/de\/shop\/drop-design-fire\/drop-design-fire\/","og_locale":"de_DE","og_type":"article","og_title":"Brasero - Drop Fire - Nordic Design Shop","og_description":"Entdecken Sie das wundersch\u00f6ne Drop Design Open Fire, das in Finnland entworfen und handgefertigt wurde. Ein beeindruckendes Element f\u00fcr Ihre Terrasse.","og_url":"https:\/\/nordicdesignshop.lu\/de\/shop\/drop-design-fire\/drop-design-fire\/","og_site_name":"Nordic Design Shop","article_publisher":"https:\/\/www.facebook.com\/NordicDesignShop\/","article_modified_time":"2022-01-04T09:41:53+00:00","og_image":[{"width":1024,"height":1024,"url":"https:\/\/nordicdesignshop.lu\/wp-content\/uploads\/2021\/01\/Nordic-design-shop-Drop-Design-Fire-Feu-ouvert-1.webp","type":"image\/webp"}],"twitter_card":"summary_large_image","twitter_misc":{"Gesch\u00e4tzte Lesezeit":"1\u00a0Minute"},"schema":{"@context":"https:\/\/schema.org","@graph":[{"@type":"WebPage","@id":"https:\/\/nordicdesignshop.lu\/de\/shop\/drop-design-fire\/drop-design-fire\/","url":"https:\/\/nordicdesignshop.lu\/de\/shop\/drop-design-fire\/drop-design-fire\/","name":"Brasero - Drop Fire - Nordic Design Shop","isPartOf":{"@id":"https:\/\/nordicdesignshop.lu\/de\/#website"},"primaryImageOfPage":{"@id":"https:\/\/nordicdesignshop.lu\/de\/shop\/drop-design-fire\/drop-design-fire\/#primaryimage"},"image":{"@id":"https:\/\/nordicdesignshop.lu\/de\/shop\/drop-design-fire\/drop-design-fire\/#primaryimage"},"thumbnailUrl":"https:\/\/nordicdesignshop.lu\/wp-content\/uploads\/2021\/01\/Nordic-design-shop-Drop-Design-Fire-Feu-ouvert-1.webp","datePublished":"2021-02-02T13:05:29+00:00","dateModified":"2022-01-04T09:41:53+00:00","description":"Entdecken Sie das wundersch\u00f6ne Drop Design Open Fire, das in Finnland entworfen und handgefertigt wurde. Ein beeindruckendes Element f\u00fcr Ihre Terrasse.","breadcrumb":{"@id":"https:\/\/nordicdesignshop.lu\/de\/shop\/drop-design-fire\/drop-design-fire\/#breadcrumb"},"inLanguage":"de","potentialAction":[{"@type":"ReadAction","target":["https:\/\/nordicdesignshop.lu\/de\/shop\/drop-design-fire\/drop-design-fire\/"]}]},{"@type":"ImageObject","inLanguage":"de","@id":"https:\/\/nordicdesignshop.lu\/de\/shop\/drop-design-fire\/drop-design-fire\/#primaryimage","url":"https:\/\/nordicdesignshop.lu\/wp-content\/uploads\/2021\/01\/Nordic-design-shop-Drop-Design-Fire-Feu-ouvert-1.webp","contentUrl":"https:\/\/nordicdesignshop.lu\/wp-content\/uploads\/2021\/01\/Nordic-design-shop-Drop-Design-Fire-Feu-ouvert-1.webp","width":1024,"height":1024,"caption":"Brasero - Drop Design Fire"},{"@type":"BreadcrumbList","@id":"https:\/\/nordicdesignshop.lu\/de\/shop\/drop-design-fire\/drop-design-fire\/#breadcrumb","itemListElement":[{"@type":"ListItem","position":1,"name":"Accueil","item":"https:\/\/nordicdesignshop.lu\/de\/"},{"@type":"ListItem","position":2,"name":"Einkaufen","item":"https:\/\/nordicdesignshop.lu\/de\/einkaufen\/"},{"@type":"ListItem","position":3,"name":"Brasero &#8211; Drop Fire"}]},{"@type":"WebSite","@id":"https:\/\/nordicdesignshop.lu\/de\/#website","url":"https:\/\/nordicdesignshop.lu\/de\/","name":"Nordic Design Shop","description":"Drop | Jacuzzi | Spa","publisher":{"@id":"https:\/\/nordicdesignshop.lu\/de\/#organization"},"potentialAction":[{"@type":"SearchAction","target":{"@type":"EntryPoint","urlTemplate":"https:\/\/nordicdesignshop.lu\/de\/?s={search_term_string}"},"query-input":"required name=search_term_string"}],"inLanguage":"de"},{"@type":"Organization","@id":"https:\/\/nordicdesignshop.lu\/de\/#organization","name":"Nordic Design Shop","url":"https:\/\/nordicdesignshop.lu\/de\/","logo":{"@type":"ImageObject","inLanguage":"de","@id":"https:\/\/nordicdesignshop.lu\/de\/#\/schema\/logo\/image\/","url":"https:\/\/nordicdesignshop.lu\/wp-content\/uploads\/2021\/03\/cropped-Sans-titre-1.jpg","contentUrl":"https:\/\/nordicdesignshop.lu\/wp-content\/uploads\/2021\/03\/cropped-Sans-titre-1.jpg","width":512,"height":512,"caption":"Nordic Design Shop"},"image":{"@id":"https:\/\/nordicdesignshop.lu\/de\/#\/schema\/logo\/image\/"},"sameAs":["https:\/\/www.facebook.com\/NordicDesignShop\/","https:\/\/www.instagram.com\/Nordic_designshop\/","https:\/\/www.linkedin.com\/company\/nordic-design-shop\/","https:\/\/www.youtube.com\/channel\/UCujh54MhpwQ2rXYscjfdN5Q"]}]}},"_links":{"self":[{"href":"https:\/\/nordicdesignshop.lu\/de\/wp-json\/wp\/v2\/product\/1334","targetHints":{"allow":["GET"]}}],"collection":[{"href":"https:\/\/nordicdesignshop.lu\/de\/wp-json\/wp\/v2\/product"}],"about":[{"href":"https:\/\/nordicdesignshop.lu\/de\/wp-json\/wp\/v2\/types\/product"}],"wp:featuredmedia":[{"embeddable":true,"href":"https:\/\/nordicdesignshop.lu\/de\/wp-json\/wp\/v2\/media\/5834"}],"wp:attachment":[{"href":"https:\/\/nordicdesignshop.lu\/de\/wp-json\/wp\/v2\/media?parent=1334"}],"wp:term":[{"taxonomy":"product_cat","embeddable":true,"href":"https:\/\/nordicdesignshop.lu\/de\/wp-json\/wp\/v2\/product_cat?post=1334"},{"taxonomy":"product_tag","embeddable":true,"href":"https:\/\/nordicdesignshop.lu\/de\/wp-json\/wp\/v2\/product_tag?post=1334"}],"curies":[{"name":"wp","href":"https:\/\/api.w.org\/{rel}","templated":true}]}}