{"id":7023,"date":"2021-11-22T15:55:19","date_gmt":"2021-11-22T14:55:19","guid":{"rendered":"https:\/\/nordicdesignshop.lu\/time-magazine-belohnt-die-erfindung-von-tablebed\/"},"modified":"2022-07-29T10:58:02","modified_gmt":"2022-07-29T08:58:02","slug":"time-magazine-belohnt-die-erfindung-von-tablebed","status":"publish","type":"page","link":"https:\/\/nordicdesignshop.lu\/de\/blog\/time-magazine-belohnt-die-erfindung-von-tablebed\/","title":{"rendered":"TIME Magazine belohnt die Erfindung von Tablebed"},"content":{"rendered":"\n<div class=\"row\"  id=\"row-1050733359\">\n\n\n\t<div id=\"col-1410850510\" class=\"col small-12 large-12\"  >\n\t\t\t\t<div class=\"col-inner\"  >\n\t\t\t\n\t\t\t\n\n\n  <div class=\"banner has-hover\" id=\"banner-1208152413\">\n          <div class=\"banner-inner fill\">\n        <div class=\"banner-bg fill\" >\n            <div class=\"bg fill bg-fill \"><\/div>\n                                    \n                    <\/div>\n\t\t\n        <div class=\"banner-layers container\">\n            <div class=\"fill banner-link\"><\/div>            \n\n   <div id=\"text-box-1827278659\" class=\"text-box banner-layer x50 md-x50 lg-x50 y90 md-y85 lg-y85 res-text\">\n                                <div class=\"text-box-content text dark\">\n              \n              <div class=\"text-inner text-center\">\n                  \n\n<h2 class=\"uppercase\"><strong>TABLEBED<\/h2>\n<h3 class=\"uppercase\">EINE INNOVATION LUXEMBURGISCHER INVESTOREN, AUSGEZEICHNET VOM TIME MAGAZIN<\/h3>\n<p>18.11.2021<\/p>\n\n              <\/div>\n           <\/div>\n                            \n<style>\n#text-box-1827278659 {\n  width: 89%;\n}\n#text-box-1827278659 .text-box-content {\n  font-size: 100%;\n}\n<\/style>\n    <\/div>\n \n\n        <\/div>\n      <\/div>\n\n            \n<style>\n#banner-1208152413 {\n  padding-top: 300px;\n}\n#banner-1208152413 .bg.bg-loaded {\n  background-image: url(https:\/\/nordicdesignshop.lu\/wp-content\/uploads\/2021\/11\/Tablebed-Nordic-Design-Shop-1-1202x800.webp);\n}\n#banner-1208152413 .bg {\n  background-position: 54% 84%;\n}\n#banner-1208152413 .ux-shape-divider--top svg {\n  height: 150px;\n  --divider-top-width: 100%;\n}\n#banner-1208152413 .ux-shape-divider--bottom svg {\n  height: 150px;\n  --divider-width: 100%;\n}\n<\/style>\n  <\/div>\n\n\n\n\t\t<\/div>\n\t\t\t\t\t<\/div>\n\n\t\n\n<\/div>\n<div class=\"row\"  id=\"row-1920687792\">\n\n\n\t<div id=\"col-124470486\" class=\"col small-12 large-12\"  >\n\t\t\t\t<div class=\"col-inner\"  >\n\t\t\t\n\t\t\t\n\n<p>Das TIME-Magazin hebt die finnische Designinnovation <a href=\"https:\/\/nordicdesignshop.lu\/de\/category\/umbaubar\/\">Tablebed<\/a> hervor, eine neue Art skandinavischer M\u00f6bel, verwandelbar vom Tisch zum Bett innerhalb von 10 Sekunden.<\/p>\n<p>Der luxemburgische Einfluss ist dort sehr pr\u00e4sent, angetrieben durch die Vision seiner in Luxemburg ans\u00e4ssigen Investoren; <strong>Giacomo Trenz,<\/strong> <strong>Lucien Douwes<\/strong> und <strong>Matias M\u00e4enp\u00e4\u00e4.<\/strong><\/p>\n\n\t\t<\/div>\n\t\t\t\t\t<\/div>\n\n\t\n\n<\/div>\n<div class=\"row\"  id=\"row-185409179\">\n\n\n\t<div id=\"col-129156221\" class=\"col medium-6 small-12 large-6\"  >\n\t\t\t\t<div class=\"col-inner\"  >\n\t\t\t\n\t\t\t\n\n<p align=\"justify\"><a href=\"https:\/\/nordicdesignshop.lu\/de\/category\/umbaubar\/\">Tablebed<\/a>, eine Erfindung des finnischen Designs, erhielt eine besondere Erw\u00e4hnung in der Liste der besten <a href=\"https:\/\/time.com\/collection\/best-inventions-2021\/6115486\/tablebed\/\">\u201eErfindungen von TIME 2021\u201c<\/a>. Hat dieses innovative skandinavische M\u00f6bel Ihr Interesse geweckt? Ein Verwandlungsk\u00fcnstler f\u00fcr alle Wohnr\u00e4ume.<\/p>\n<p align=\"justify\">\u00ab <i>\u201eUnsere erste Lieferung in die USA ist auf dem Weg Europa zu verlassen; Wir h\u00e4tten uns also keinen besseren Zeitpunkt f\u00fcr diese Anerkennung von TIME w\u00fcnschen k\u00f6nnen. Ein gro\u00dfes Dankesch\u00f6n an die TIME-Jury, die den Einfallsreichtum von Tablebed gesehen hat! Der zuk\u00fcnftige Trend wird zu flexiblen R\u00e4umen sowohl in Privath\u00e4usern als auch in Hotels gehen. Vielseitige, platzsparende M\u00f6bel wie Tablebed, die ein Esszimmer leicht in ein Schlafzimmer verwandeln k\u00f6nnen, sind ideal f\u00fcr Metropolen wie New York, London oder Tokio\u201c,<\/i> sagt Lucien Douwes, Mitbegr\u00fcnder von <a href=\"https:\/\/nordicdesignshop.lu\/de\/\">Nordic Design Shop<\/a> in Luxemburg.<\/p>\n\n\n\t\t<\/div>\n\t\t\t\t\t<\/div>\n\n\t\n\n\t<div id=\"col-1082796898\" class=\"col medium-6 small-12 large-6\"  >\n\t\t\t\t<div class=\"col-inner\"  >\n\t\t\t\n\t\t\t\n\n\t<div class=\"img has-hover x md-x lg-x y md-y lg-y\" id=\"image_2117716478\">\n\t\t\t\t\t\t\t\t<div class=\"img-inner dark\" >\n\t\t\t<img loading=\"lazy\" decoding=\"async\" width=\"800\" height=\"800\" src=\"https:\/\/nordicdesignshop.lu\/wp-content\/uploads\/2021\/11\/Facebook-NordicDesignShop-Tablebed-2021.11.18-TABLE-800x800.webp\" class=\"attachment-large size-large\" alt=\"Tablebed : une des meilleures inventions 2021 selon Time Magazine\" srcset=\"https:\/\/nordicdesignshop.lu\/wp-content\/uploads\/2021\/11\/Facebook-NordicDesignShop-Tablebed-2021.11.18-TABLE-800x800.webp 800w, https:\/\/nordicdesignshop.lu\/wp-content\/uploads\/2021\/11\/Facebook-NordicDesignShop-Tablebed-2021.11.18-TABLE-400x400.webp 400w, https:\/\/nordicdesignshop.lu\/wp-content\/uploads\/2021\/11\/Facebook-NordicDesignShop-Tablebed-2021.11.18-TABLE-280x280.webp 280w, https:\/\/nordicdesignshop.lu\/wp-content\/uploads\/2021\/11\/Facebook-NordicDesignShop-Tablebed-2021.11.18-TABLE-768x768.webp 768w, https:\/\/nordicdesignshop.lu\/wp-content\/uploads\/2021\/11\/Facebook-NordicDesignShop-Tablebed-2021.11.18-TABLE-700x700.webp 700w, https:\/\/nordicdesignshop.lu\/wp-content\/uploads\/2021\/11\/Facebook-NordicDesignShop-Tablebed-2021.11.18-TABLE-1024x1024.webp 1024w, https:\/\/nordicdesignshop.lu\/wp-content\/uploads\/2021\/11\/Facebook-NordicDesignShop-Tablebed-2021.11.18-TABLE-100x100.webp 100w, https:\/\/nordicdesignshop.lu\/wp-content\/uploads\/2021\/11\/Facebook-NordicDesignShop-Tablebed-2021.11.18-TABLE.webp 1080w\" sizes=\"auto, (max-width: 800px) 100vw, 800px\" \/>\t\t\t\t\t\t\n\t\t\t\t\t<\/div>\n\t\t\t\t\t\t\t\t\n<style>\n#image_2117716478 {\n  width: 100%;\n}\n<\/style>\n\t<\/div>\n\t\n\n\n\t\t<\/div>\n\t\t\t\t\t<\/div>\n\n\t\n\n<\/div>\n<div class=\"row\"  id=\"row-815790095\">\n\n\n\t<div id=\"col-1627918232\" class=\"col small-12 large-12\"  >\n\t\t\t\t<div class=\"col-inner\"  >\n\t\t\t\n\t\t\t\n\n<p class=\"uppercase\"><strong>NORDISCHES WOHLBEFINDEN, ZU HAUSE<\/strong><\/p>\n<p align=\"justify\">Stellen Sie sich vor, Sie kommen nach Hause, riechen den Geruch von Massivholz und h\u00f6ren das Knistern des Feuers. Sie sp\u00fcren bereits das nordische Wohlbefinden. Seine gro\u00dfen R\u00e4ume und dieses Gef\u00fchl von daheim ankommen. Dieses Gef\u00fchl der Ruhe ist schwer zu beschreiben. Noch schwerer ist es, sie in sein Inneres zu \u00fcbertragen. Vor allem ohne Abstriche bei der Qualit\u00e4t zu machen.<\/p>\n<p align=\"justify\">Vertrauen Sie den Skandinaviern! Sie kennen diese massiven, nat\u00fcrlichen Materialien. Sie bringen ihre unnachahmliche Handwerkskunst ein. Der nordische Geist durchdringt diese Objekte.<\/p>\n<p align=\"justify\">Die Macher von Nordic Design Shop m\u00f6chten dieses Gef\u00fchl von Komfort, Raumoptimierung und Langlebigkeit teilen. Ihre Ziele? Verantwortungsvolle Objekte und M\u00f6bel anzubieten, die auf einer soliden Basis von Werten aufgebaut sind und dies \u00fcber Generationen.<\/p>\n<p align=\"justify\">Machen Sie also keine Zugest\u00e4ndnisse : Weder bei der Qualit\u00e4t noch bei der Funktionalit\u00e4t. <a href=\"https:\/\/nordicdesignshop.lu\/de\/\">Nordic Design Shop<\/a> bringt das Beste der finnischen Handwerkskunst in Ihr Zuhause.<\/p>\n<p align=\"justify\">Entdecken Sie die Geschichte von <a href=\"https:\/\/nordicdesignshop.lu\/de\/category\/umbaubar\/\">Tablebed<\/a> und lassen Sie sich auf der Website vom nordischen Geist inspirieren : <\/a><a href=\"https:\/\/nordicdesignshop.lu\/de\/\">www.nordicdesignshop.lu<\/a><\/p>\n\n\n\t\t<\/div>\n\t\t\t\t\t<\/div>\n\n\t\n\n<\/div>\n\n","protected":false},"excerpt":{"rendered":"","protected":false},"author":3,"featured_media":0,"parent":7026,"menu_order":0,"comment_status":"closed","ping_status":"closed","template":"","meta":{"content-type":"","footnotes":""},"class_list":["post-7023","page","type-page","status-publish","hentry"],"yoast_head":"<!-- This site is optimized with the Yoast SEO plugin v23.1 - https:\/\/yoast.com\/wordpress\/plugins\/seo\/ -->\n<title>Time Magazine pr\u00e4miert das wandelbare Tablebed - Nordic Design Shop<\/title>\n<meta name=\"description\" content=\"Das wandelbare Tablebed wurde vom Time Magazine ausgezeichnet. Eine neue Art skandinavischer M\u00f6bel ist im Nordic Design Shop erh\u00e4ltlich.\" \/>\n<meta name=\"robots\" content=\"index, follow, max-snippet:-1, max-image-preview:large, max-video-preview:-1\" \/>\n<link rel=\"canonical\" href=\"https:\/\/nordicdesignshop.lu\/de\/blog\/time-magazine-belohnt-die-erfindung-von-tablebed\/\" \/>\n<meta property=\"og:locale\" content=\"de_DE\" \/>\n<meta property=\"og:type\" content=\"article\" \/>\n<meta property=\"og:title\" content=\"Time Magazine pr\u00e4miert das wandelbare Tablebed - Nordic Design Shop\" \/>\n<meta property=\"og:description\" content=\"Das wandelbare Tablebed wurde vom Time Magazine ausgezeichnet. Eine neue Art skandinavischer M\u00f6bel ist im Nordic Design Shop erh\u00e4ltlich.\" \/>\n<meta property=\"og:url\" content=\"https:\/\/nordicdesignshop.lu\/de\/blog\/time-magazine-belohnt-die-erfindung-von-tablebed\/\" \/>\n<meta property=\"og:site_name\" content=\"Nordic Design Shop\" \/>\n<meta property=\"article:publisher\" content=\"https:\/\/www.facebook.com\/NordicDesignShop\/\" \/>\n<meta property=\"article:modified_time\" content=\"2022-07-29T08:58:02+00:00\" \/>\n<meta property=\"og:image\" content=\"https:\/\/nordicdesignshop.lu\/wp-content\/uploads\/2021\/03\/cropped-Sans-titre-1.jpg\" \/>\n\t<meta property=\"og:image:width\" content=\"512\" \/>\n\t<meta property=\"og:image:height\" content=\"512\" \/>\n\t<meta property=\"og:image:type\" content=\"image\/jpeg\" \/>\n<meta name=\"twitter:card\" content=\"summary_large_image\" \/>\n<meta name=\"twitter:label1\" content=\"Gesch\u00e4tzte Lesezeit\" \/>\n\t<meta name=\"twitter:data1\" content=\"2\u00a0Minuten\" \/>\n<script type=\"application\/ld+json\" class=\"yoast-schema-graph\">{\"@context\":\"https:\/\/schema.org\",\"@graph\":[{\"@type\":\"WebPage\",\"@id\":\"https:\/\/nordicdesignshop.lu\/de\/blog\/time-magazine-belohnt-die-erfindung-von-tablebed\/\",\"url\":\"https:\/\/nordicdesignshop.lu\/de\/blog\/time-magazine-belohnt-die-erfindung-von-tablebed\/\",\"name\":\"Time Magazine pr\u00e4miert das wandelbare Tablebed - Nordic Design Shop\",\"isPartOf\":{\"@id\":\"https:\/\/nordicdesignshop.lu\/de\/#website\"},\"datePublished\":\"2021-11-22T14:55:19+00:00\",\"dateModified\":\"2022-07-29T08:58:02+00:00\",\"description\":\"Das wandelbare Tablebed wurde vom Time Magazine ausgezeichnet. Eine neue Art skandinavischer M\u00f6bel ist im Nordic Design Shop erh\u00e4ltlich.\",\"breadcrumb\":{\"@id\":\"https:\/\/nordicdesignshop.lu\/de\/blog\/time-magazine-belohnt-die-erfindung-von-tablebed\/#breadcrumb\"},\"inLanguage\":\"de\",\"potentialAction\":[{\"@type\":\"ReadAction\",\"target\":[\"https:\/\/nordicdesignshop.lu\/de\/blog\/time-magazine-belohnt-die-erfindung-von-tablebed\/\"]}]},{\"@type\":\"BreadcrumbList\",\"@id\":\"https:\/\/nordicdesignshop.lu\/de\/blog\/time-magazine-belohnt-die-erfindung-von-tablebed\/#breadcrumb\",\"itemListElement\":[{\"@type\":\"ListItem\",\"position\":1,\"name\":\"Accueil\",\"item\":\"https:\/\/nordicdesignshop.lu\/de\/\"},{\"@type\":\"ListItem\",\"position\":2,\"name\":\"Blog\",\"item\":\"https:\/\/nordicdesignshop.lu\/de\/blog\/\"},{\"@type\":\"ListItem\",\"position\":3,\"name\":\"TIME Magazine belohnt die Erfindung von Tablebed\"}]},{\"@type\":\"WebSite\",\"@id\":\"https:\/\/nordicdesignshop.lu\/de\/#website\",\"url\":\"https:\/\/nordicdesignshop.lu\/de\/\",\"name\":\"Nordic Design Shop\",\"description\":\"Drop | Jacuzzi | Spa\",\"publisher\":{\"@id\":\"https:\/\/nordicdesignshop.lu\/de\/#organization\"},\"potentialAction\":[{\"@type\":\"SearchAction\",\"target\":{\"@type\":\"EntryPoint\",\"urlTemplate\":\"https:\/\/nordicdesignshop.lu\/de\/?s={search_term_string}\"},\"query-input\":\"required name=search_term_string\"}],\"inLanguage\":\"de\"},{\"@type\":\"Organization\",\"@id\":\"https:\/\/nordicdesignshop.lu\/de\/#organization\",\"name\":\"Nordic Design Shop\",\"url\":\"https:\/\/nordicdesignshop.lu\/de\/\",\"logo\":{\"@type\":\"ImageObject\",\"inLanguage\":\"de\",\"@id\":\"https:\/\/nordicdesignshop.lu\/de\/#\/schema\/logo\/image\/\",\"url\":\"https:\/\/nordicdesignshop.lu\/wp-content\/uploads\/2021\/03\/cropped-Sans-titre-1.jpg\",\"contentUrl\":\"https:\/\/nordicdesignshop.lu\/wp-content\/uploads\/2021\/03\/cropped-Sans-titre-1.jpg\",\"width\":512,\"height\":512,\"caption\":\"Nordic Design Shop\"},\"image\":{\"@id\":\"https:\/\/nordicdesignshop.lu\/de\/#\/schema\/logo\/image\/\"},\"sameAs\":[\"https:\/\/www.facebook.com\/NordicDesignShop\/\",\"https:\/\/www.instagram.com\/Nordic_designshop\/\",\"https:\/\/www.linkedin.com\/company\/nordic-design-shop\/\",\"https:\/\/www.youtube.com\/channel\/UCujh54MhpwQ2rXYscjfdN5Q\"]}]}<\/script>\n<!-- \/ Yoast SEO plugin. -->","yoast_head_json":{"title":"Time Magazine pr\u00e4miert das wandelbare Tablebed - Nordic Design Shop","description":"Das wandelbare Tablebed wurde vom Time Magazine ausgezeichnet. Eine neue Art skandinavischer M\u00f6bel ist im Nordic Design Shop erh\u00e4ltlich.","robots":{"index":"index","follow":"follow","max-snippet":"max-snippet:-1","max-image-preview":"max-image-preview:large","max-video-preview":"max-video-preview:-1"},"canonical":"https:\/\/nordicdesignshop.lu\/de\/blog\/time-magazine-belohnt-die-erfindung-von-tablebed\/","og_locale":"de_DE","og_type":"article","og_title":"Time Magazine pr\u00e4miert das wandelbare Tablebed - Nordic Design Shop","og_description":"Das wandelbare Tablebed wurde vom Time Magazine ausgezeichnet. Eine neue Art skandinavischer M\u00f6bel ist im Nordic Design Shop erh\u00e4ltlich.","og_url":"https:\/\/nordicdesignshop.lu\/de\/blog\/time-magazine-belohnt-die-erfindung-von-tablebed\/","og_site_name":"Nordic Design Shop","article_publisher":"https:\/\/www.facebook.com\/NordicDesignShop\/","article_modified_time":"2022-07-29T08:58:02+00:00","og_image":[{"width":512,"height":512,"url":"https:\/\/nordicdesignshop.lu\/wp-content\/uploads\/2021\/03\/cropped-Sans-titre-1.jpg","type":"image\/jpeg"}],"twitter_card":"summary_large_image","twitter_misc":{"Gesch\u00e4tzte Lesezeit":"2\u00a0Minuten"},"schema":{"@context":"https:\/\/schema.org","@graph":[{"@type":"WebPage","@id":"https:\/\/nordicdesignshop.lu\/de\/blog\/time-magazine-belohnt-die-erfindung-von-tablebed\/","url":"https:\/\/nordicdesignshop.lu\/de\/blog\/time-magazine-belohnt-die-erfindung-von-tablebed\/","name":"Time Magazine pr\u00e4miert das wandelbare Tablebed - Nordic Design Shop","isPartOf":{"@id":"https:\/\/nordicdesignshop.lu\/de\/#website"},"datePublished":"2021-11-22T14:55:19+00:00","dateModified":"2022-07-29T08:58:02+00:00","description":"Das wandelbare Tablebed wurde vom Time Magazine ausgezeichnet. Eine neue Art skandinavischer M\u00f6bel ist im Nordic Design Shop erh\u00e4ltlich.","breadcrumb":{"@id":"https:\/\/nordicdesignshop.lu\/de\/blog\/time-magazine-belohnt-die-erfindung-von-tablebed\/#breadcrumb"},"inLanguage":"de","potentialAction":[{"@type":"ReadAction","target":["https:\/\/nordicdesignshop.lu\/de\/blog\/time-magazine-belohnt-die-erfindung-von-tablebed\/"]}]},{"@type":"BreadcrumbList","@id":"https:\/\/nordicdesignshop.lu\/de\/blog\/time-magazine-belohnt-die-erfindung-von-tablebed\/#breadcrumb","itemListElement":[{"@type":"ListItem","position":1,"name":"Accueil","item":"https:\/\/nordicdesignshop.lu\/de\/"},{"@type":"ListItem","position":2,"name":"Blog","item":"https:\/\/nordicdesignshop.lu\/de\/blog\/"},{"@type":"ListItem","position":3,"name":"TIME Magazine belohnt die Erfindung von Tablebed"}]},{"@type":"WebSite","@id":"https:\/\/nordicdesignshop.lu\/de\/#website","url":"https:\/\/nordicdesignshop.lu\/de\/","name":"Nordic Design Shop","description":"Drop | Jacuzzi | Spa","publisher":{"@id":"https:\/\/nordicdesignshop.lu\/de\/#organization"},"potentialAction":[{"@type":"SearchAction","target":{"@type":"EntryPoint","urlTemplate":"https:\/\/nordicdesignshop.lu\/de\/?s={search_term_string}"},"query-input":"required name=search_term_string"}],"inLanguage":"de"},{"@type":"Organization","@id":"https:\/\/nordicdesignshop.lu\/de\/#organization","name":"Nordic Design Shop","url":"https:\/\/nordicdesignshop.lu\/de\/","logo":{"@type":"ImageObject","inLanguage":"de","@id":"https:\/\/nordicdesignshop.lu\/de\/#\/schema\/logo\/image\/","url":"https:\/\/nordicdesignshop.lu\/wp-content\/uploads\/2021\/03\/cropped-Sans-titre-1.jpg","contentUrl":"https:\/\/nordicdesignshop.lu\/wp-content\/uploads\/2021\/03\/cropped-Sans-titre-1.jpg","width":512,"height":512,"caption":"Nordic Design Shop"},"image":{"@id":"https:\/\/nordicdesignshop.lu\/de\/#\/schema\/logo\/image\/"},"sameAs":["https:\/\/www.facebook.com\/NordicDesignShop\/","https:\/\/www.instagram.com\/Nordic_designshop\/","https:\/\/www.linkedin.com\/company\/nordic-design-shop\/","https:\/\/www.youtube.com\/channel\/UCujh54MhpwQ2rXYscjfdN5Q"]}]}},"_links":{"self":[{"href":"https:\/\/nordicdesignshop.lu\/de\/wp-json\/wp\/v2\/pages\/7023","targetHints":{"allow":["GET"]}}],"collection":[{"href":"https:\/\/nordicdesignshop.lu\/de\/wp-json\/wp\/v2\/pages"}],"about":[{"href":"https:\/\/nordicdesignshop.lu\/de\/wp-json\/wp\/v2\/types\/page"}],"author":[{"embeddable":true,"href":"https:\/\/nordicdesignshop.lu\/de\/wp-json\/wp\/v2\/users\/3"}],"replies":[{"embeddable":true,"href":"https:\/\/nordicdesignshop.lu\/de\/wp-json\/wp\/v2\/comments?post=7023"}],"version-history":[{"count":6,"href":"https:\/\/nordicdesignshop.lu\/de\/wp-json\/wp\/v2\/pages\/7023\/revisions"}],"predecessor-version":[{"id":9778,"href":"https:\/\/nordicdesignshop.lu\/de\/wp-json\/wp\/v2\/pages\/7023\/revisions\/9778"}],"up":[{"embeddable":true,"href":"https:\/\/nordicdesignshop.lu\/de\/wp-json\/wp\/v2\/pages\/7026"}],"wp:attachment":[{"href":"https:\/\/nordicdesignshop.lu\/de\/wp-json\/wp\/v2\/media?parent=7023"}],"curies":[{"name":"wp","href":"https:\/\/api.w.org\/{rel}","templated":true}]}}