{"id":5315,"date":"2021-10-19T08:59:24","date_gmt":"2021-10-19T06:59:24","guid":{"rendered":"https:\/\/nordicdesignshop.lu\/garden-glory\/"},"modified":"2021-10-22T15:37:57","modified_gmt":"2021-10-22T13:37:57","slug":"garden-glory","status":"publish","type":"page","link":"https:\/\/nordicdesignshop.lu\/de\/garden-glory\/","title":{"rendered":"Garden Glory"},"content":{"rendered":"\n<div class=\"row\"  id=\"row-1515321890\">\n\n\n\t<div id=\"col-1569311560\" class=\"col small-12 large-12\"  >\n\t\t\t\t<div class=\"col-inner\"  >\n\t\t\t\n\t\t\t\n\n\n  <div class=\"banner has-hover\" id=\"banner-1363367530\">\n          <div class=\"banner-inner fill\">\n        <div class=\"banner-bg fill\" >\n            <div class=\"bg fill bg-fill \"><\/div>\n                                    \n                    <\/div>\n\t\t\n        <div class=\"banner-layers container\">\n            <div class=\"fill banner-link\"><\/div>            \n\n   <div id=\"text-box-2043496813\" class=\"text-box banner-layer x50 md-x50 lg-x50 y15 md-y15 lg-y15 res-text\">\n                                <div class=\"text-box-content text dark\">\n              \n              <div class=\"text-inner text-center\">\n                  \n\n\t<div class=\"img has-hover x md-x lg-x y md-y lg-y\" id=\"image_1905830719\">\n\t\t\t\t\t\t\t\t<div class=\"img-inner dark\" >\n\t\t\t<img loading=\"lazy\" decoding=\"async\" width=\"800\" height=\"800\" src=\"https:\/\/nordicdesignshop.lu\/wp-content\/uploads\/2021\/10\/Garden-Glory-Logo-800x800.webp\" class=\"attachment-large size-large\" alt=\"Nordic Design Shop\" srcset=\"https:\/\/nordicdesignshop.lu\/wp-content\/uploads\/2021\/10\/Garden-Glory-Logo-800x800.webp 800w, https:\/\/nordicdesignshop.lu\/wp-content\/uploads\/2021\/10\/Garden-Glory-Logo-400x400.webp 400w, https:\/\/nordicdesignshop.lu\/wp-content\/uploads\/2021\/10\/Garden-Glory-Logo-280x280.webp 280w, https:\/\/nordicdesignshop.lu\/wp-content\/uploads\/2021\/10\/Garden-Glory-Logo-768x768.webp 768w, https:\/\/nordicdesignshop.lu\/wp-content\/uploads\/2021\/10\/Garden-Glory-Logo-1536x1536.webp 1536w, https:\/\/nordicdesignshop.lu\/wp-content\/uploads\/2021\/10\/Garden-Glory-Logo-2048x2048.webp 2048w, https:\/\/nordicdesignshop.lu\/wp-content\/uploads\/2021\/10\/Garden-Glory-Logo-700x700.webp 700w, https:\/\/nordicdesignshop.lu\/wp-content\/uploads\/2021\/10\/Garden-Glory-Logo-1024x1024.webp 1024w, https:\/\/nordicdesignshop.lu\/wp-content\/uploads\/2021\/10\/Garden-Glory-Logo-100x100.webp 100w\" sizes=\"(max-width: 800px) 100vw, 800px\" \/>\t\t\t\t\t\t\n\t\t\t\t\t<\/div>\n\t\t\t\t\t\t\t\t\n<style>\n#image_1905830719 {\n  width: 69%;\n}\n@media (min-width:550px) {\n  #image_1905830719 {\n    width: 37%;\n  }\n}\n<\/style>\n\t<\/div>\n\t\n\n\n              <\/div>\n           <\/div>\n                            \n<style>\n#text-box-2043496813 {\n  width: 60%;\n}\n#text-box-2043496813 .text-box-content {\n  font-size: 100%;\n}\n<\/style>\n    <\/div>\n \n\n        <\/div>\n      <\/div>\n\n            \n<style>\n#banner-1363367530 {\n  padding-top: 500px;\n}\n#banner-1363367530 .bg.bg-loaded {\n  background-image: url(https:\/\/nordicdesignshop.lu\/wp-content\/uploads\/2021\/10\/Garden-Glory-1200x800.webp);\n}\n#banner-1363367530 .bg {\n  background-position: 73% 66%;\n}\n#banner-1363367530 .ux-shape-divider--top svg {\n  height: 150px;\n  --divider-top-width: 100%;\n}\n#banner-1363367530 .ux-shape-divider--bottom svg {\n  height: 150px;\n  --divider-width: 100%;\n}\n<\/style>\n  <\/div>\n\n\n\n\t\t<\/div>\n\t\t\t\t\t<\/div>\n\n\t\n\n<\/div>\n<div class=\"row\"  id=\"row-1281871945\">\n\n\n\t<div id=\"col-1948124024\" class=\"col small-12 large-12\"  >\n\t\t\t\t<div class=\"col-inner\"  >\n\t\t\t\n\t\t\t\n\n<h1>\u00dcBER GARDEN GLORY<\/h1>\n<p><i><q> Die Idee kam mir, als wir unser allererstes Eigenheim an der schwedischen Westk\u00fcste bezogen. <\/q><\/i> Linda Brattl\u00f6f, Gr\u00fcnderin von Garden Glory, erkl\u00e4rt, wie Garden Glory geboren wurde.<\/p>\n<div class=\"row\"  id=\"row-27957764\">\n\n\n\t<div id=\"col-1707628711\" class=\"col medium-6 small-12 large-6\"  >\n\t\t\t\t<div class=\"col-inner\"  >\n\t\t\t\n\t\t\t\n\n<p align=\"justify\">Als wir das Haus sahen, waren wir sofort schockverliebt. Charmant und einladend, es hatte eine sch\u00f6ne Terrasse und einen wundersch\u00f6nen Garten. Eine tolle Umgebung, in der wir uns von der W\u00e4rme von Freunden und Familie umgeben sehen konnten.<\/p>\n<p align=\"justify\">Aber dann entdeckte ich ihn &#8211; diesen grauen gr\u00fcnen Gartenschlauch mit seinen orangefarbenen Anschl\u00fcssen und der rostigen Wandhalterung, einfach nur &#8222;h\u00e4sslich!&#8220; h\u00e4sslich! h\u00e4sslich! &#8222;. Dieser Anblick hat mich aus meinen Tr\u00e4umereien gerissen.<\/p>\n<p align=\"justify\">Wir entschieden uns, das Haus unter einer Bedingung zu kaufen: Der Gartenschlauch musste ein neues Zuhause finden. Mein Rat: in den M\u00fcll&#8230; Ich hatte beschlossen einen neuen Schlauch anzuschaffen.<\/p>\n<p align=\"justify\">Ich suchte \u00fcberall nach einem d\u00fcnneren, wei\u00dfen Schlauch, von dem ich dachte, dass er perfekt zu unserem Hause passen w\u00fcrde.<\/p>\n<p align=\"justify\">Meine Suche blieb erfolglos: \u00fcberall gab es Schlauch in gr\u00fcn, gr\u00fcn, gr\u00fcn und orange und riesige h\u00e4ssliche Wandhalterungen.<\/p>\n\n\n\t\t<\/div>\n\t\t\t\t\t<\/div>\n\n\t\n\n\t<div id=\"col-1635685831\" class=\"col medium-6 small-12 large-6\"  >\n\t\t\t\t<div class=\"col-inner text-center\"  >\n\t\t\t\n\t\t\t\n\n\t<div class=\"img has-hover x md-x lg-x y md-y lg-y\" id=\"image_2126174184\">\n\t\t\t\t\t\t\t\t<div class=\"img-inner dark\" >\n\t\t\t<img loading=\"lazy\" decoding=\"async\" width=\"599\" height=\"800\" src=\"https:\/\/nordicdesignshop.lu\/wp-content\/uploads\/2021\/10\/Fondatrice_Linda_-599x800.webp\" class=\"attachment-large size-large\" alt=\"Nordic Design Shop\" srcset=\"https:\/\/nordicdesignshop.lu\/wp-content\/uploads\/2021\/10\/Fondatrice_Linda_-599x800.webp 599w, https:\/\/nordicdesignshop.lu\/wp-content\/uploads\/2021\/10\/Fondatrice_Linda_-300x400.webp 300w, https:\/\/nordicdesignshop.lu\/wp-content\/uploads\/2021\/10\/Fondatrice_Linda_-768x1025.webp 768w, https:\/\/nordicdesignshop.lu\/wp-content\/uploads\/2021\/10\/Fondatrice_Linda_-1151x1536.webp 1151w, https:\/\/nordicdesignshop.lu\/wp-content\/uploads\/2021\/10\/Fondatrice_Linda_-1024x1366.webp 1024w, https:\/\/nordicdesignshop.lu\/wp-content\/uploads\/2021\/10\/Fondatrice_Linda_.webp 1181w\" sizes=\"(max-width: 599px) 100vw, 599px\" \/>\t\t\t\t\t\t\n\t\t\t\t\t<\/div>\n\t\t\t\t\t\t\t\t\n<style>\n#image_2126174184 {\n  width: 65%;\n}\n<\/style>\n\t<\/div>\n\t\n\n<div class=\"row\"  id=\"row-1622129512\">\n\n\n\t<div id=\"col-1064045776\" class=\"col small-12 large-12\"  >\n\t\t\t\t<div class=\"col-inner\"  >\n\t\t\t\n\t\t\t\n\n<p><em>Garden Glory-Gr\u00fcnderin Linda Brattl\u00f6f.<\/em><\/p>\n\n\t\t<\/div>\n\t\t\t\t\t<\/div>\n\n\t\n\n<\/div>\n\n\t\t<\/div>\n\t\t\t\t\t<\/div>\n\n\t\n\n<\/div>\n<div class=\"row\"  id=\"row-743137825\">\n\n\n\t<div id=\"col-1512345561\" class=\"col small-12 large-12\"  >\n\t\t\t\t<div class=\"col-inner\"  >\n\t\t\t\n\t\t\t\n\n<p align=\"justify\">Aber ich konnte die Idee eines wei\u00dfen Gartenschlauchs einfach nicht aufgeben. Ich wollte unbedingt einen. Also grub ich tiefer und stellte zu meiner \u00dcberraschung fest, dass es schlichte Gartenschl\u00e4uche einfach nicht gab. Wieso hat sie niemand produziert?<\/p>\n<p align=\"justify\">Zumal die Nachfrage in Blogs und Gartenforen riesig war.<\/p>\n<p align=\"justify\">Also beschloss ich, es selbst zu tun. Ich hatte nun eine Mission: luxuri\u00f6se alternative Gartenger\u00e4te zu entwerfen. Und Garden Glory war geboren.<\/p>\n<p>Warum sich mit dem Gew\u00f6hnlichen zufriedengeben ?<\/p>\n\n\n\t\t<\/div>\n\t\t\t\t\t<\/div>\n\n\t\n\n<\/div>\n\n\t\t<\/div>\n\t\t\t\t\t<\/div>\n\n\t\n\n<\/div>\n\n","protected":false},"excerpt":{"rendered":"","protected":false},"author":3,"featured_media":0,"parent":0,"menu_order":0,"comment_status":"closed","ping_status":"closed","template":"","meta":{"content-type":"","footnotes":""},"class_list":["post-5315","page","type-page","status-publish","hentry"],"yoast_head":"<!-- This site is optimized with the Yoast SEO plugin v23.1 - https:\/\/yoast.com\/wordpress\/plugins\/seo\/ -->\n<title>Garden Glory - Nordic Design Shop<\/title>\n<meta name=\"robots\" content=\"index, follow, max-snippet:-1, max-image-preview:large, max-video-preview:-1\" \/>\n<link rel=\"canonical\" href=\"https:\/\/nordicdesignshop.lu\/de\/garden-glory\/\" \/>\n<meta property=\"og:locale\" content=\"de_DE\" \/>\n<meta property=\"og:type\" content=\"article\" \/>\n<meta property=\"og:title\" content=\"Garden Glory - Nordic Design Shop\" \/>\n<meta property=\"og:url\" content=\"https:\/\/nordicdesignshop.lu\/de\/garden-glory\/\" \/>\n<meta property=\"og:site_name\" content=\"Nordic Design Shop\" \/>\n<meta property=\"article:publisher\" content=\"https:\/\/www.facebook.com\/NordicDesignShop\/\" \/>\n<meta property=\"article:modified_time\" content=\"2021-10-22T13:37:57+00:00\" \/>\n<meta property=\"og:image\" content=\"https:\/\/nordicdesignshop.lu\/wp-content\/uploads\/2021\/03\/cropped-Sans-titre-1.jpg\" \/>\n\t<meta property=\"og:image:width\" content=\"512\" \/>\n\t<meta property=\"og:image:height\" content=\"512\" \/>\n\t<meta property=\"og:image:type\" content=\"image\/jpeg\" \/>\n<meta name=\"twitter:card\" content=\"summary_large_image\" \/>\n<meta name=\"twitter:label1\" content=\"Gesch\u00e4tzte Lesezeit\" \/>\n\t<meta name=\"twitter:data1\" content=\"2\u00a0Minuten\" \/>\n<script type=\"application\/ld+json\" class=\"yoast-schema-graph\">{\"@context\":\"https:\/\/schema.org\",\"@graph\":[{\"@type\":\"WebPage\",\"@id\":\"https:\/\/nordicdesignshop.lu\/de\/garden-glory\/\",\"url\":\"https:\/\/nordicdesignshop.lu\/de\/garden-glory\/\",\"name\":\"Garden Glory - Nordic Design Shop\",\"isPartOf\":{\"@id\":\"https:\/\/nordicdesignshop.lu\/de\/#website\"},\"datePublished\":\"2021-10-19T06:59:24+00:00\",\"dateModified\":\"2021-10-22T13:37:57+00:00\",\"breadcrumb\":{\"@id\":\"https:\/\/nordicdesignshop.lu\/de\/garden-glory\/#breadcrumb\"},\"inLanguage\":\"de\",\"potentialAction\":[{\"@type\":\"ReadAction\",\"target\":[\"https:\/\/nordicdesignshop.lu\/de\/garden-glory\/\"]}]},{\"@type\":\"BreadcrumbList\",\"@id\":\"https:\/\/nordicdesignshop.lu\/de\/garden-glory\/#breadcrumb\",\"itemListElement\":[{\"@type\":\"ListItem\",\"position\":1,\"name\":\"Accueil\",\"item\":\"https:\/\/nordicdesignshop.lu\/de\/\"},{\"@type\":\"ListItem\",\"position\":2,\"name\":\"Garden Glory\"}]},{\"@type\":\"WebSite\",\"@id\":\"https:\/\/nordicdesignshop.lu\/de\/#website\",\"url\":\"https:\/\/nordicdesignshop.lu\/de\/\",\"name\":\"Nordic Design Shop\",\"description\":\"Drop | Jacuzzi | Spa\",\"publisher\":{\"@id\":\"https:\/\/nordicdesignshop.lu\/de\/#organization\"},\"potentialAction\":[{\"@type\":\"SearchAction\",\"target\":{\"@type\":\"EntryPoint\",\"urlTemplate\":\"https:\/\/nordicdesignshop.lu\/de\/?s={search_term_string}\"},\"query-input\":\"required name=search_term_string\"}],\"inLanguage\":\"de\"},{\"@type\":\"Organization\",\"@id\":\"https:\/\/nordicdesignshop.lu\/de\/#organization\",\"name\":\"Nordic Design Shop\",\"url\":\"https:\/\/nordicdesignshop.lu\/de\/\",\"logo\":{\"@type\":\"ImageObject\",\"inLanguage\":\"de\",\"@id\":\"https:\/\/nordicdesignshop.lu\/de\/#\/schema\/logo\/image\/\",\"url\":\"https:\/\/nordicdesignshop.lu\/wp-content\/uploads\/2021\/03\/cropped-Sans-titre-1.jpg\",\"contentUrl\":\"https:\/\/nordicdesignshop.lu\/wp-content\/uploads\/2021\/03\/cropped-Sans-titre-1.jpg\",\"width\":512,\"height\":512,\"caption\":\"Nordic Design Shop\"},\"image\":{\"@id\":\"https:\/\/nordicdesignshop.lu\/de\/#\/schema\/logo\/image\/\"},\"sameAs\":[\"https:\/\/www.facebook.com\/NordicDesignShop\/\",\"https:\/\/www.instagram.com\/Nordic_designshop\/\",\"https:\/\/www.linkedin.com\/company\/nordic-design-shop\/\",\"https:\/\/www.youtube.com\/channel\/UCujh54MhpwQ2rXYscjfdN5Q\"]}]}<\/script>\n<!-- \/ Yoast SEO plugin. -->","yoast_head_json":{"title":"Garden Glory - Nordic Design Shop","robots":{"index":"index","follow":"follow","max-snippet":"max-snippet:-1","max-image-preview":"max-image-preview:large","max-video-preview":"max-video-preview:-1"},"canonical":"https:\/\/nordicdesignshop.lu\/de\/garden-glory\/","og_locale":"de_DE","og_type":"article","og_title":"Garden Glory - Nordic Design Shop","og_url":"https:\/\/nordicdesignshop.lu\/de\/garden-glory\/","og_site_name":"Nordic Design Shop","article_publisher":"https:\/\/www.facebook.com\/NordicDesignShop\/","article_modified_time":"2021-10-22T13:37:57+00:00","og_image":[{"width":512,"height":512,"url":"https:\/\/nordicdesignshop.lu\/wp-content\/uploads\/2021\/03\/cropped-Sans-titre-1.jpg","type":"image\/jpeg"}],"twitter_card":"summary_large_image","twitter_misc":{"Gesch\u00e4tzte Lesezeit":"2\u00a0Minuten"},"schema":{"@context":"https:\/\/schema.org","@graph":[{"@type":"WebPage","@id":"https:\/\/nordicdesignshop.lu\/de\/garden-glory\/","url":"https:\/\/nordicdesignshop.lu\/de\/garden-glory\/","name":"Garden Glory - Nordic Design Shop","isPartOf":{"@id":"https:\/\/nordicdesignshop.lu\/de\/#website"},"datePublished":"2021-10-19T06:59:24+00:00","dateModified":"2021-10-22T13:37:57+00:00","breadcrumb":{"@id":"https:\/\/nordicdesignshop.lu\/de\/garden-glory\/#breadcrumb"},"inLanguage":"de","potentialAction":[{"@type":"ReadAction","target":["https:\/\/nordicdesignshop.lu\/de\/garden-glory\/"]}]},{"@type":"BreadcrumbList","@id":"https:\/\/nordicdesignshop.lu\/de\/garden-glory\/#breadcrumb","itemListElement":[{"@type":"ListItem","position":1,"name":"Accueil","item":"https:\/\/nordicdesignshop.lu\/de\/"},{"@type":"ListItem","position":2,"name":"Garden Glory"}]},{"@type":"WebSite","@id":"https:\/\/nordicdesignshop.lu\/de\/#website","url":"https:\/\/nordicdesignshop.lu\/de\/","name":"Nordic Design Shop","description":"Drop | Jacuzzi | Spa","publisher":{"@id":"https:\/\/nordicdesignshop.lu\/de\/#organization"},"potentialAction":[{"@type":"SearchAction","target":{"@type":"EntryPoint","urlTemplate":"https:\/\/nordicdesignshop.lu\/de\/?s={search_term_string}"},"query-input":"required name=search_term_string"}],"inLanguage":"de"},{"@type":"Organization","@id":"https:\/\/nordicdesignshop.lu\/de\/#organization","name":"Nordic Design Shop","url":"https:\/\/nordicdesignshop.lu\/de\/","logo":{"@type":"ImageObject","inLanguage":"de","@id":"https:\/\/nordicdesignshop.lu\/de\/#\/schema\/logo\/image\/","url":"https:\/\/nordicdesignshop.lu\/wp-content\/uploads\/2021\/03\/cropped-Sans-titre-1.jpg","contentUrl":"https:\/\/nordicdesignshop.lu\/wp-content\/uploads\/2021\/03\/cropped-Sans-titre-1.jpg","width":512,"height":512,"caption":"Nordic Design Shop"},"image":{"@id":"https:\/\/nordicdesignshop.lu\/de\/#\/schema\/logo\/image\/"},"sameAs":["https:\/\/www.facebook.com\/NordicDesignShop\/","https:\/\/www.instagram.com\/Nordic_designshop\/","https:\/\/www.linkedin.com\/company\/nordic-design-shop\/","https:\/\/www.youtube.com\/channel\/UCujh54MhpwQ2rXYscjfdN5Q"]}]}},"_links":{"self":[{"href":"https:\/\/nordicdesignshop.lu\/de\/wp-json\/wp\/v2\/pages\/5315"}],"collection":[{"href":"https:\/\/nordicdesignshop.lu\/de\/wp-json\/wp\/v2\/pages"}],"about":[{"href":"https:\/\/nordicdesignshop.lu\/de\/wp-json\/wp\/v2\/types\/page"}],"author":[{"embeddable":true,"href":"https:\/\/nordicdesignshop.lu\/de\/wp-json\/wp\/v2\/users\/3"}],"replies":[{"embeddable":true,"href":"https:\/\/nordicdesignshop.lu\/de\/wp-json\/wp\/v2\/comments?post=5315"}],"version-history":[{"count":4,"href":"https:\/\/nordicdesignshop.lu\/de\/wp-json\/wp\/v2\/pages\/5315\/revisions"}],"predecessor-version":[{"id":5590,"href":"https:\/\/nordicdesignshop.lu\/de\/wp-json\/wp\/v2\/pages\/5315\/revisions\/5590"}],"wp:attachment":[{"href":"https:\/\/nordicdesignshop.lu\/de\/wp-json\/wp\/v2\/media?parent=5315"}],"curies":[{"name":"wp","href":"https:\/\/api.w.org\/{rel}","templated":true}]}}