{"id":4435,"date":"2021-08-16T13:51:22","date_gmt":"2021-08-16T11:51:22","guid":{"rendered":"https:\/\/nordicdesignshop.lu\/whiskey-chair\/"},"modified":"2021-08-19T13:29:18","modified_gmt":"2021-08-19T11:29:18","slug":"whiskey-chair","status":"publish","type":"page","link":"https:\/\/nordicdesignshop.lu\/de\/whiskey-chair\/","title":{"rendered":"Whiskey Chair"},"content":{"rendered":"\n<div class=\"row\"  id=\"row-491612096\">\n\n\n\t<div id=\"col-947342282\" class=\"col small-12 large-12\"  >\n\t\t\t\t<div class=\"col-inner\"  >\n\t\t\t\n\t\t\t\n\n\n  <div class=\"banner has-hover\" id=\"banner-1549782005\">\n          <div class=\"banner-inner fill\">\n        <div class=\"banner-bg fill\" >\n            <div class=\"bg fill bg-fill \"><\/div>\n                        <div class=\"overlay\"><\/div>            \n                    <\/div>\n\t\t\n        <div class=\"banner-layers container\">\n            <div class=\"fill banner-link\"><\/div>            \n\n   <div id=\"text-box-930775699\" class=\"text-box banner-layer x50 md-x50 lg-x50 y50 md-y50 lg-y50 res-text\">\n                                <div class=\"text-box-content text dark\">\n              \n              <div class=\"text-inner text-center\">\n                  \n\n\t<div id=\"text-2102994200\" class=\"text\">\n\t\t\n\n<h2 class=\"uppercase\">WHISKEY CHAIR<\/h2><h4>VON EVA WAHLSTR\u00d6M<\/h4>\n\t\t\n<style>\n#text-2102994200 {\n  text-align: center;\n}\n<\/style>\n\t<\/div>\n\t\n\t<div class=\"img has-hover x md-x lg-x y md-y lg-y\" id=\"image_946629954\">\n\t\t\t\t\t\t\t\t<div class=\"img-inner dark\" >\n\t\t\t<img loading=\"lazy\" decoding=\"async\" width=\"964\" height=\"800\" src=\"https:\/\/nordicdesignshop.lu\/wp-content\/uploads\/2021\/08\/LOGO-blanc-01-1-964x800.png\" class=\"attachment-large size-large\" alt=\"Nordic Design Shop\" srcset=\"https:\/\/nordicdesignshop.lu\/wp-content\/uploads\/2021\/08\/LOGO-blanc-01-1-964x800.png 964w, https:\/\/nordicdesignshop.lu\/wp-content\/uploads\/2021\/08\/LOGO-blanc-01-1-482x400.png 482w, https:\/\/nordicdesignshop.lu\/wp-content\/uploads\/2021\/08\/LOGO-blanc-01-1-768x637.png 768w, https:\/\/nordicdesignshop.lu\/wp-content\/uploads\/2021\/08\/LOGO-blanc-01-1-1024x849.png 1024w, https:\/\/nordicdesignshop.lu\/wp-content\/uploads\/2021\/08\/LOGO-blanc-01-1.png 1302w\" sizes=\"auto, (max-width: 964px) 100vw, 964px\" \/>\t\t\t\t\t\t\n\t\t\t\t\t<\/div>\n\t\t\t\t\t\t\t\t\n<style>\n#image_946629954 {\n  width: 24%;\n}\n<\/style>\n\t<\/div>\n\t\n\n\n              <\/div>\n           <\/div>\n                            \n<style>\n#text-box-930775699 {\n  width: 60%;\n}\n#text-box-930775699 .text-box-content {\n  font-size: 100%;\n}\n<\/style>\n    <\/div>\n \n\n        <\/div>\n      <\/div>\n\n            \n<style>\n#banner-1549782005 {\n  padding-top: 500px;\n}\n#banner-1549782005 .bg.bg-loaded {\n  background-image: url(https:\/\/nordicdesignshop.lu\/wp-content\/uploads\/2021\/08\/Haber-5-1-1067x800.jpg);\n}\n#banner-1549782005 .overlay {\n  background-color: rgba(0, 0, 0, 0.17);\n}\n#banner-1549782005 .bg {\n  background-position: 63% 37%;\n}\n#banner-1549782005 .ux-shape-divider--top svg {\n  height: 150px;\n  --divider-top-width: 100%;\n}\n#banner-1549782005 .ux-shape-divider--bottom svg {\n  height: 150px;\n  --divider-width: 100%;\n}\n<\/style>\n  <\/div>\n\n\n\n\t\t<\/div>\n\t\t\t\t\t<\/div>\n\n\t\n\n<\/div>\n\t<div id=\"gap-1812165713\" class=\"gap-element clearfix\" style=\"display:block; height:auto;\">\n\t\t\n<style>\n#gap-1812165713 {\n  padding-top: 30px;\n}\n<\/style>\n\t<\/div>\n\t\n\n<div class=\"row\"  id=\"row-6998103\">\n\n\n\t<div id=\"col-1930281155\" class=\"col small-12 large-12\"  >\n\t\t\t\t<div class=\"col-inner\"  >\n\t\t\t\n\t\t\t\n\n<h3>\u00dcBER EVA WAHLSTR\u00d6M<\/h3>\n<div class=\"row\"  id=\"row-1407243822\">\n\n\n\t<div id=\"col-227417959\" class=\"col medium-6 small-12 large-6\"  >\n\t\t\t\t<div class=\"col-inner\"  >\n\t\t\t\n\t\t\t\n\n<p>Eva Wahlstr\u00f6m ist eine sechsmalige Weltmeisterin im Profiboxsport. Neben ihrer sportlichen Karriere studierte sie Raumgestaltung und M\u00f6beldesign an der Aalto University. Sie erhielt 2018 ihren Bachelor of Arts und arbeitet heute als M\u00f6beldesignerin, K\u00fcnstlerin und Corporate Trainerin.<\/p>\n\t<div id=\"text-3453816618\" class=\"text\">\n\t\t\n\n<blockquote>\u201eIch sehe viele Gemeinsamkeiten mit Design und Sport. Boxen ist f\u00fcr mich eine Kunst. Ich wollte, dass mein Boxen sch\u00f6n und \u00e4sthetisch ist, wie beim Tanzen. In den M\u00f6beln kann ich Kanten und Richtungen sehen, die denen \u00e4hnlich sind, die ich beim Boxen gesehen habe; mit Schl\u00e4gen und Bewegungen gibt es eine Richtung, sie zielen in bestimmten Winkeln auf den Gegner und alles passiert in einem geschlossenen Seil. Bei M\u00f6beln ist es dasselbe: die Struktur, die sich unter bestimmten Randbedingungen aufeinander bezieht. Beim Sport habe ich Positionen verstanden, in denen der K\u00f6rper stark ist und \u00e4hnliche Arten von &#8222;Positionen&#8220; sind auch als Strukturen eines M\u00f6belst\u00fccks stark. Mein Weg zum M\u00f6beldesigner ist au\u00dfergew\u00f6hnlich und ich hoffe, dass sich meine Geschichte in meinen Produkten widerspiegelt. Es ist mir wichtig, qualitativ hochwertige und zeitlose Produkte zu entwerfen, die einen Mehrwert im t\u00e4glichen Leben der Menschen schaffen.\u201c<\/blockquote>\n\t\t\n<style>\n#text-3453816618 {\n  font-size: 0.9rem;\n  line-height: 1.4;\n}\n<\/style>\n\t<\/div>\n\t\n\n\t\t<\/div>\n\t\t\t\t\t<\/div>\n\n\t\n\n\t<div id=\"col-1994019470\" class=\"col medium-6 small-12 large-6\"  >\n\t\t\t\t<div class=\"col-inner\"  >\n\t\t\t\n\t\t\t\n\n\t<div class=\"img has-hover x md-x lg-x y md-y lg-y\" id=\"image_520185698\">\n\t\t\t\t\t\t\t\t<div class=\"img-inner dark\" >\n\t\t\t<img loading=\"lazy\" decoding=\"async\" width=\"600\" height=\"800\" src=\"https:\/\/nordicdesignshop.lu\/wp-content\/uploads\/2021\/08\/Whiskey-Chair-25-ok-600x800.jpg\" class=\"attachment-large size-large\" alt=\"Chaise scandinave design - Scandinave chair - Nordic Design Shop\" srcset=\"https:\/\/nordicdesignshop.lu\/wp-content\/uploads\/2021\/08\/Whiskey-Chair-25-ok-600x800.jpg 600w, https:\/\/nordicdesignshop.lu\/wp-content\/uploads\/2021\/08\/Whiskey-Chair-25-ok-300x400.jpg 300w, https:\/\/nordicdesignshop.lu\/wp-content\/uploads\/2021\/08\/Whiskey-Chair-25-ok-768x1025.jpg 768w, https:\/\/nordicdesignshop.lu\/wp-content\/uploads\/2021\/08\/Whiskey-Chair-25-ok-1151x1536.jpg 1151w, https:\/\/nordicdesignshop.lu\/wp-content\/uploads\/2021\/08\/Whiskey-Chair-25-ok-1535x2048.jpg 1535w, https:\/\/nordicdesignshop.lu\/wp-content\/uploads\/2021\/08\/Whiskey-Chair-25-ok-1024x1366.jpg 1024w, https:\/\/nordicdesignshop.lu\/wp-content\/uploads\/2021\/08\/Whiskey-Chair-25-ok-scaled.jpg 1919w\" sizes=\"auto, (max-width: 600px) 100vw, 600px\" \/>\t\t\t\t\t\t\n\t\t\t\t\t<\/div>\n\t\t\t\t\t\t\t\t\n<style>\n#image_520185698 {\n  width: 100%;\n}\n<\/style>\n\t<\/div>\n\t\n\n\n\t\t<\/div>\n\t\t\t\t\t<\/div>\n\n\t\n\n<\/div>\n<div class=\"text-center\"><div class=\"is-divider divider clearfix\" style=\"max-width:250px;\"><\/div><\/div>\n\n\n\t\t<\/div>\n\t\t\t\t\t<\/div>\n\n\t\n\n<\/div>\n<div class=\"row\"  id=\"row-182619598\">\n\n\n\t<div id=\"col-1128290072\" class=\"col medium-6 small-12 large-6\"  >\n\t\t\t\t<div class=\"col-inner\"  >\n\t\t\t\n\t\t\t\n\n<h3>\u00dcBER DEN STUHL<\/h3><p>Der Whiskey Chair wurde in verantwortungsvoller Handarbeit aus hochwertiger Ulme \/ Eiche und wundersch\u00f6n gef\u00e4rbtem finnischem chromgegerbtem Leder hergestellt.<\/br><\/br>Dank der charaktervollen Ulme\/Eiche ist jeder Stuhl ein Unikat. Mit Produktionsmethoden und Materialauswahl haben wir versucht, den CO2-Fu\u00dfabdruck zu minimieren, ohne Kompromisse bei der Qualit\u00e4t einzugehen.<\/p>\n\t<div id=\"gap-1283461038\" class=\"gap-element clearfix\" style=\"display:block; height:auto;\">\n\t\t\n<style>\n#gap-1283461038 {\n  padding-top: 30px;\n}\n<\/style>\n\t<\/div>\n\t\n\n<div class=\"row\"  id=\"row-32074073\">\n\n\n\t<div id=\"col-74874078\" class=\"col medium-6 small-12 large-6\"  >\n\t\t\t\t<div class=\"col-inner\"  >\n\t\t\t\n\t\t\t\n\n\t<div id=\"text-2581374484\" class=\"text\">\n\t\t\n\n<h3>1950,00 \u20ac TTC<\/h3>\n\t\t\n<style>\n#text-2581374484 {\n  text-align: center;\n}\n<\/style>\n\t<\/div>\n\t\n\n\t\t<\/div>\n\t\t\t\t\t<\/div>\n\n\t\n\n\t<div id=\"col-756722103\" class=\"col medium-6 small-12 large-6\"  >\n\t\t\t\t<div class=\"col-inner\"  >\n\t\t\t\n\t\t\t\n\n<a rel=\"noopener noreferrer\" href=\"https:\/\/nordicdesignshop.lu\/de\/shop\/stuhle\/whiskey-stuhl\/\" target=\"_blank\" class=\"button primary\"  style=\"border-radius:99px;\">\n    <span>BESTELLEN<\/span>\n  <\/a>\n\n\n\n\t\t<\/div>\n\t\t\t\t\t<\/div>\n\n\t\n\n<\/div>\n\n\t\t<\/div>\n\t\t\t\t\t<\/div>\n\n\t\n\n\t<div id=\"col-1080252541\" class=\"col medium-6 small-12 large-6\"  >\n\t\t\t\t<div class=\"col-inner\"  >\n\t\t\t\n\t\t\t\n\n\t<div class=\"img has-hover x md-x lg-x y md-y lg-y\" id=\"image_1026572085\">\n\t\t\t\t\t\t\t\t<div class=\"img-inner dark\" >\n\t\t\t<img loading=\"lazy\" decoding=\"async\" width=\"1020\" height=\"765\" src=\"https:\/\/nordicdesignshop.lu\/wp-content\/uploads\/2021\/08\/Whiskey-Chair-3-1067x800.jpg\" class=\"attachment-large size-large\" alt=\"Chaise scandinave design - Scandinave chair - Nordic Design Shop\" srcset=\"https:\/\/nordicdesignshop.lu\/wp-content\/uploads\/2021\/08\/Whiskey-Chair-3-1067x800.jpg 1067w, https:\/\/nordicdesignshop.lu\/wp-content\/uploads\/2021\/08\/Whiskey-Chair-3-534x400.jpg 534w, https:\/\/nordicdesignshop.lu\/wp-content\/uploads\/2021\/08\/Whiskey-Chair-3-768x576.jpg 768w, https:\/\/nordicdesignshop.lu\/wp-content\/uploads\/2021\/08\/Whiskey-Chair-3-1536x1151.jpg 1536w, https:\/\/nordicdesignshop.lu\/wp-content\/uploads\/2021\/08\/Whiskey-Chair-3-2048x1535.jpg 2048w, https:\/\/nordicdesignshop.lu\/wp-content\/uploads\/2021\/08\/Whiskey-Chair-3-1024x768.jpg 1024w\" sizes=\"auto, (max-width: 1020px) 100vw, 1020px\" \/>\t\t\t\t\t\t\n\t\t\t\t\t<\/div>\n\t\t\t\t\t\t\t\t\n<style>\n#image_1026572085 {\n  width: 77%;\n}\n<\/style>\n\t<\/div>\n\t\n\n\n\t\t<\/div>\n\t\t\t\t\t<\/div>\n\n\t\n\n<\/div>\n<div class=\"row\"  id=\"row-524812492\">\n\n\n\t<div id=\"col-155695929\" class=\"col small-12 large-12\"  >\n\t\t\t\t<div class=\"col-inner\"  >\n\t\t\t\n\t\t\t\n\n\t<div id=\"text-3155941869\" class=\"text\">\n\t\t\n\n<h3 class=\"uppercase\">Inspiration<\/h3>\n\t\t\n<style>\n#text-3155941869 {\n  text-align: center;\n}\n<\/style>\n\t<\/div>\n\t\n\n\t\t<\/div>\n\t\t\t\t\t<\/div>\n\n\t\n\n<\/div>\n<div class=\"row\"  id=\"row-1956484615\">\n\n\n\t<div id=\"col-658824958\" class=\"col medium-3 small-6 large-3\"  >\n\t\t\t\t<div class=\"col-inner\"  >\n\t\t\t\n\t\t\t\n\n\t<div class=\"img has-hover x md-x lg-x y md-y lg-y\" id=\"image_718634631\">\n\t\t\t\t\t\t\t\t<div class=\"img-inner dark\" >\n\t\t\t<img loading=\"lazy\" decoding=\"async\" width=\"800\" height=\"800\" src=\"https:\/\/nordicdesignshop.lu\/wp-content\/uploads\/2021\/08\/Whiskey-Chair-001-800x800.jpg\" class=\"attachment-large size-large\" alt=\"Chaise scandinave design - Scandinave chair - Nordic Design Shop\" srcset=\"https:\/\/nordicdesignshop.lu\/wp-content\/uploads\/2021\/08\/Whiskey-Chair-001-800x800.jpg 800w, https:\/\/nordicdesignshop.lu\/wp-content\/uploads\/2021\/08\/Whiskey-Chair-001-400x400.jpg 400w, https:\/\/nordicdesignshop.lu\/wp-content\/uploads\/2021\/08\/Whiskey-Chair-001-280x280.jpg 280w, https:\/\/nordicdesignshop.lu\/wp-content\/uploads\/2021\/08\/Whiskey-Chair-001-768x768.jpg 768w, https:\/\/nordicdesignshop.lu\/wp-content\/uploads\/2021\/08\/Whiskey-Chair-001-700x700.jpg 700w, https:\/\/nordicdesignshop.lu\/wp-content\/uploads\/2021\/08\/Whiskey-Chair-001-1024x1024.jpg 1024w, https:\/\/nordicdesignshop.lu\/wp-content\/uploads\/2021\/08\/Whiskey-Chair-001-100x100.jpg 100w, https:\/\/nordicdesignshop.lu\/wp-content\/uploads\/2021\/08\/Whiskey-Chair-001.jpg 1080w\" sizes=\"auto, (max-width: 800px) 100vw, 800px\" \/>\t\t\t\t\t\t\n\t\t\t\t\t<\/div>\n\t\t\t\t\t\t\t\t\n<style>\n#image_718634631 {\n  width: 100%;\n}\n<\/style>\n\t<\/div>\n\t\n\n\n\t\t<\/div>\n\t\t\t\t\t<\/div>\n\n\t\n\n\t<div id=\"col-80137655\" class=\"col medium-3 small-6 large-3\"  >\n\t\t\t\t<div class=\"col-inner\"  >\n\t\t\t\n\t\t\t\n\n\t<div class=\"img has-hover x md-x lg-x y md-y lg-y\" id=\"image_1697794891\">\n\t\t\t\t\t\t\t\t<div class=\"img-inner dark\" >\n\t\t\t<img loading=\"lazy\" decoding=\"async\" width=\"800\" height=\"800\" src=\"https:\/\/nordicdesignshop.lu\/wp-content\/uploads\/2021\/08\/Whiskey-Chair-002-800x800.jpg\" class=\"attachment-large size-large\" alt=\"Chaise scandinave design - Scandinave chair - Nordic Design Shop\" srcset=\"https:\/\/nordicdesignshop.lu\/wp-content\/uploads\/2021\/08\/Whiskey-Chair-002-800x800.jpg 800w, https:\/\/nordicdesignshop.lu\/wp-content\/uploads\/2021\/08\/Whiskey-Chair-002-400x400.jpg 400w, https:\/\/nordicdesignshop.lu\/wp-content\/uploads\/2021\/08\/Whiskey-Chair-002-280x280.jpg 280w, https:\/\/nordicdesignshop.lu\/wp-content\/uploads\/2021\/08\/Whiskey-Chair-002-768x768.jpg 768w, https:\/\/nordicdesignshop.lu\/wp-content\/uploads\/2021\/08\/Whiskey-Chair-002-700x700.jpg 700w, https:\/\/nordicdesignshop.lu\/wp-content\/uploads\/2021\/08\/Whiskey-Chair-002-1024x1024.jpg 1024w, https:\/\/nordicdesignshop.lu\/wp-content\/uploads\/2021\/08\/Whiskey-Chair-002-100x100.jpg 100w, https:\/\/nordicdesignshop.lu\/wp-content\/uploads\/2021\/08\/Whiskey-Chair-002.jpg 1080w\" sizes=\"auto, (max-width: 800px) 100vw, 800px\" \/>\t\t\t\t\t\t\n\t\t\t\t\t<\/div>\n\t\t\t\t\t\t\t\t\n<style>\n#image_1697794891 {\n  width: 100%;\n}\n<\/style>\n\t<\/div>\n\t\n\n\n\t\t<\/div>\n\t\t\t\t\t<\/div>\n\n\t\n\n\t<div id=\"col-604863003\" class=\"col medium-3 small-6 large-3\"  >\n\t\t\t\t<div class=\"col-inner\"  >\n\t\t\t\n\t\t\t\n\n\t<div class=\"img has-hover x md-x lg-x y md-y lg-y\" id=\"image_36858194\">\n\t\t\t\t\t\t\t\t<div class=\"img-inner dark\" >\n\t\t\t<img loading=\"lazy\" decoding=\"async\" width=\"800\" height=\"800\" src=\"https:\/\/nordicdesignshop.lu\/wp-content\/uploads\/2021\/08\/Whiskey-Chair-003-800x800.jpg\" class=\"attachment-large size-large\" alt=\"Chaise scandinave design - Scandinave chair - Nordic Design Shop\" srcset=\"https:\/\/nordicdesignshop.lu\/wp-content\/uploads\/2021\/08\/Whiskey-Chair-003-800x800.jpg 800w, https:\/\/nordicdesignshop.lu\/wp-content\/uploads\/2021\/08\/Whiskey-Chair-003-400x400.jpg 400w, https:\/\/nordicdesignshop.lu\/wp-content\/uploads\/2021\/08\/Whiskey-Chair-003-280x280.jpg 280w, https:\/\/nordicdesignshop.lu\/wp-content\/uploads\/2021\/08\/Whiskey-Chair-003-768x768.jpg 768w, https:\/\/nordicdesignshop.lu\/wp-content\/uploads\/2021\/08\/Whiskey-Chair-003-700x700.jpg 700w, https:\/\/nordicdesignshop.lu\/wp-content\/uploads\/2021\/08\/Whiskey-Chair-003-1024x1024.jpg 1024w, https:\/\/nordicdesignshop.lu\/wp-content\/uploads\/2021\/08\/Whiskey-Chair-003-100x100.jpg 100w, https:\/\/nordicdesignshop.lu\/wp-content\/uploads\/2021\/08\/Whiskey-Chair-003.jpg 1080w\" sizes=\"auto, (max-width: 800px) 100vw, 800px\" \/>\t\t\t\t\t\t\n\t\t\t\t\t<\/div>\n\t\t\t\t\t\t\t\t\n<style>\n#image_36858194 {\n  width: 100%;\n}\n<\/style>\n\t<\/div>\n\t\n\n\n\t\t<\/div>\n\t\t\t\t\t<\/div>\n\n\t\n\n\t<div id=\"col-1957263445\" class=\"col medium-3 small-6 large-3\"  >\n\t\t\t\t<div class=\"col-inner\"  >\n\t\t\t\n\t\t\t\n\n\t<div class=\"img has-hover x md-x lg-x y md-y lg-y\" id=\"image_1150636932\">\n\t\t\t\t\t\t\t\t<div class=\"img-inner dark\" >\n\t\t\t<img loading=\"lazy\" decoding=\"async\" width=\"800\" height=\"800\" src=\"https:\/\/nordicdesignshop.lu\/wp-content\/uploads\/2021\/08\/Whiskey-Chair-004-800x800.jpg\" class=\"attachment-large size-large\" alt=\"Chaise scandinave design - Scandinave chair - Nordic Design Shop\" srcset=\"https:\/\/nordicdesignshop.lu\/wp-content\/uploads\/2021\/08\/Whiskey-Chair-004-800x800.jpg 800w, https:\/\/nordicdesignshop.lu\/wp-content\/uploads\/2021\/08\/Whiskey-Chair-004-400x400.jpg 400w, https:\/\/nordicdesignshop.lu\/wp-content\/uploads\/2021\/08\/Whiskey-Chair-004-280x280.jpg 280w, https:\/\/nordicdesignshop.lu\/wp-content\/uploads\/2021\/08\/Whiskey-Chair-004-768x768.jpg 768w, https:\/\/nordicdesignshop.lu\/wp-content\/uploads\/2021\/08\/Whiskey-Chair-004-700x700.jpg 700w, https:\/\/nordicdesignshop.lu\/wp-content\/uploads\/2021\/08\/Whiskey-Chair-004-1024x1024.jpg 1024w, https:\/\/nordicdesignshop.lu\/wp-content\/uploads\/2021\/08\/Whiskey-Chair-004-100x100.jpg 100w, https:\/\/nordicdesignshop.lu\/wp-content\/uploads\/2021\/08\/Whiskey-Chair-004.jpg 1080w\" sizes=\"auto, (max-width: 800px) 100vw, 800px\" \/>\t\t\t\t\t\t\n\t\t\t\t\t<\/div>\n\t\t\t\t\t\t\t\t\n<style>\n#image_1150636932 {\n  width: 100%;\n}\n<\/style>\n\t<\/div>\n\t\n\n\n\t\t<\/div>\n\t\t\t\t\t<\/div>\n\n\t\n\n<\/div>\n\t<div id=\"gap-1600360905\" class=\"gap-element clearfix\" style=\"display:block; height:auto;\">\n\t\t\n<style>\n#gap-1600360905 {\n  padding-top: 30px;\n}\n<\/style>\n\t<\/div>\n\t\n\n\n","protected":false},"excerpt":{"rendered":"","protected":false},"author":3,"featured_media":0,"parent":0,"menu_order":0,"comment_status":"closed","ping_status":"closed","template":"","meta":{"content-type":"","footnotes":""},"class_list":["post-4435","page","type-page","status-publish","hentry"],"yoast_head":"<!-- This site is optimized with the Yoast SEO plugin v23.1 - https:\/\/yoast.com\/wordpress\/plugins\/seo\/ -->\n<title>Whiskey Chair - Nordic Design Shop<\/title>\n<meta name=\"robots\" content=\"index, follow, max-snippet:-1, max-image-preview:large, max-video-preview:-1\" \/>\n<link rel=\"canonical\" href=\"https:\/\/nordicdesignshop.lu\/de\/whiskey-chair\/\" \/>\n<meta property=\"og:locale\" content=\"de_DE\" \/>\n<meta property=\"og:type\" content=\"article\" \/>\n<meta property=\"og:title\" content=\"Whiskey Chair - Nordic Design Shop\" \/>\n<meta property=\"og:url\" content=\"https:\/\/nordicdesignshop.lu\/de\/whiskey-chair\/\" \/>\n<meta property=\"og:site_name\" content=\"Nordic Design Shop\" \/>\n<meta property=\"article:publisher\" content=\"https:\/\/www.facebook.com\/NordicDesignShop\/\" \/>\n<meta property=\"article:modified_time\" content=\"2021-08-19T11:29:18+00:00\" \/>\n<meta property=\"og:image\" content=\"https:\/\/nordicdesignshop.lu\/wp-content\/uploads\/2021\/03\/cropped-Sans-titre-1.jpg\" \/>\n\t<meta property=\"og:image:width\" content=\"512\" \/>\n\t<meta property=\"og:image:height\" content=\"512\" \/>\n\t<meta property=\"og:image:type\" content=\"image\/jpeg\" \/>\n<meta name=\"twitter:card\" content=\"summary_large_image\" \/>\n<meta name=\"twitter:label1\" content=\"Gesch\u00e4tzte Lesezeit\" \/>\n\t<meta name=\"twitter:data1\" content=\"2\u00a0Minuten\" \/>\n<script type=\"application\/ld+json\" class=\"yoast-schema-graph\">{\"@context\":\"https:\/\/schema.org\",\"@graph\":[{\"@type\":\"WebPage\",\"@id\":\"https:\/\/nordicdesignshop.lu\/de\/whiskey-chair\/\",\"url\":\"https:\/\/nordicdesignshop.lu\/de\/whiskey-chair\/\",\"name\":\"Whiskey Chair - Nordic Design Shop\",\"isPartOf\":{\"@id\":\"https:\/\/nordicdesignshop.lu\/de\/#website\"},\"datePublished\":\"2021-08-16T11:51:22+00:00\",\"dateModified\":\"2021-08-19T11:29:18+00:00\",\"breadcrumb\":{\"@id\":\"https:\/\/nordicdesignshop.lu\/de\/whiskey-chair\/#breadcrumb\"},\"inLanguage\":\"de\",\"potentialAction\":[{\"@type\":\"ReadAction\",\"target\":[\"https:\/\/nordicdesignshop.lu\/de\/whiskey-chair\/\"]}]},{\"@type\":\"BreadcrumbList\",\"@id\":\"https:\/\/nordicdesignshop.lu\/de\/whiskey-chair\/#breadcrumb\",\"itemListElement\":[{\"@type\":\"ListItem\",\"position\":1,\"name\":\"Accueil\",\"item\":\"https:\/\/nordicdesignshop.lu\/de\/\"},{\"@type\":\"ListItem\",\"position\":2,\"name\":\"Whiskey Chair\"}]},{\"@type\":\"WebSite\",\"@id\":\"https:\/\/nordicdesignshop.lu\/de\/#website\",\"url\":\"https:\/\/nordicdesignshop.lu\/de\/\",\"name\":\"Nordic Design Shop\",\"description\":\"Drop | Jacuzzi | Spa\",\"publisher\":{\"@id\":\"https:\/\/nordicdesignshop.lu\/de\/#organization\"},\"potentialAction\":[{\"@type\":\"SearchAction\",\"target\":{\"@type\":\"EntryPoint\",\"urlTemplate\":\"https:\/\/nordicdesignshop.lu\/de\/?s={search_term_string}\"},\"query-input\":\"required name=search_term_string\"}],\"inLanguage\":\"de\"},{\"@type\":\"Organization\",\"@id\":\"https:\/\/nordicdesignshop.lu\/de\/#organization\",\"name\":\"Nordic Design Shop\",\"url\":\"https:\/\/nordicdesignshop.lu\/de\/\",\"logo\":{\"@type\":\"ImageObject\",\"inLanguage\":\"de\",\"@id\":\"https:\/\/nordicdesignshop.lu\/de\/#\/schema\/logo\/image\/\",\"url\":\"https:\/\/nordicdesignshop.lu\/wp-content\/uploads\/2021\/03\/cropped-Sans-titre-1.jpg\",\"contentUrl\":\"https:\/\/nordicdesignshop.lu\/wp-content\/uploads\/2021\/03\/cropped-Sans-titre-1.jpg\",\"width\":512,\"height\":512,\"caption\":\"Nordic Design Shop\"},\"image\":{\"@id\":\"https:\/\/nordicdesignshop.lu\/de\/#\/schema\/logo\/image\/\"},\"sameAs\":[\"https:\/\/www.facebook.com\/NordicDesignShop\/\",\"https:\/\/www.instagram.com\/Nordic_designshop\/\",\"https:\/\/www.linkedin.com\/company\/nordic-design-shop\/\",\"https:\/\/www.youtube.com\/channel\/UCujh54MhpwQ2rXYscjfdN5Q\"]}]}<\/script>\n<!-- \/ Yoast SEO plugin. -->","yoast_head_json":{"title":"Whiskey Chair - Nordic Design Shop","robots":{"index":"index","follow":"follow","max-snippet":"max-snippet:-1","max-image-preview":"max-image-preview:large","max-video-preview":"max-video-preview:-1"},"canonical":"https:\/\/nordicdesignshop.lu\/de\/whiskey-chair\/","og_locale":"de_DE","og_type":"article","og_title":"Whiskey Chair - Nordic Design Shop","og_url":"https:\/\/nordicdesignshop.lu\/de\/whiskey-chair\/","og_site_name":"Nordic Design Shop","article_publisher":"https:\/\/www.facebook.com\/NordicDesignShop\/","article_modified_time":"2021-08-19T11:29:18+00:00","og_image":[{"width":512,"height":512,"url":"https:\/\/nordicdesignshop.lu\/wp-content\/uploads\/2021\/03\/cropped-Sans-titre-1.jpg","type":"image\/jpeg"}],"twitter_card":"summary_large_image","twitter_misc":{"Gesch\u00e4tzte Lesezeit":"2\u00a0Minuten"},"schema":{"@context":"https:\/\/schema.org","@graph":[{"@type":"WebPage","@id":"https:\/\/nordicdesignshop.lu\/de\/whiskey-chair\/","url":"https:\/\/nordicdesignshop.lu\/de\/whiskey-chair\/","name":"Whiskey Chair - Nordic Design Shop","isPartOf":{"@id":"https:\/\/nordicdesignshop.lu\/de\/#website"},"datePublished":"2021-08-16T11:51:22+00:00","dateModified":"2021-08-19T11:29:18+00:00","breadcrumb":{"@id":"https:\/\/nordicdesignshop.lu\/de\/whiskey-chair\/#breadcrumb"},"inLanguage":"de","potentialAction":[{"@type":"ReadAction","target":["https:\/\/nordicdesignshop.lu\/de\/whiskey-chair\/"]}]},{"@type":"BreadcrumbList","@id":"https:\/\/nordicdesignshop.lu\/de\/whiskey-chair\/#breadcrumb","itemListElement":[{"@type":"ListItem","position":1,"name":"Accueil","item":"https:\/\/nordicdesignshop.lu\/de\/"},{"@type":"ListItem","position":2,"name":"Whiskey Chair"}]},{"@type":"WebSite","@id":"https:\/\/nordicdesignshop.lu\/de\/#website","url":"https:\/\/nordicdesignshop.lu\/de\/","name":"Nordic Design Shop","description":"Drop | Jacuzzi | Spa","publisher":{"@id":"https:\/\/nordicdesignshop.lu\/de\/#organization"},"potentialAction":[{"@type":"SearchAction","target":{"@type":"EntryPoint","urlTemplate":"https:\/\/nordicdesignshop.lu\/de\/?s={search_term_string}"},"query-input":"required name=search_term_string"}],"inLanguage":"de"},{"@type":"Organization","@id":"https:\/\/nordicdesignshop.lu\/de\/#organization","name":"Nordic Design Shop","url":"https:\/\/nordicdesignshop.lu\/de\/","logo":{"@type":"ImageObject","inLanguage":"de","@id":"https:\/\/nordicdesignshop.lu\/de\/#\/schema\/logo\/image\/","url":"https:\/\/nordicdesignshop.lu\/wp-content\/uploads\/2021\/03\/cropped-Sans-titre-1.jpg","contentUrl":"https:\/\/nordicdesignshop.lu\/wp-content\/uploads\/2021\/03\/cropped-Sans-titre-1.jpg","width":512,"height":512,"caption":"Nordic Design Shop"},"image":{"@id":"https:\/\/nordicdesignshop.lu\/de\/#\/schema\/logo\/image\/"},"sameAs":["https:\/\/www.facebook.com\/NordicDesignShop\/","https:\/\/www.instagram.com\/Nordic_designshop\/","https:\/\/www.linkedin.com\/company\/nordic-design-shop\/","https:\/\/www.youtube.com\/channel\/UCujh54MhpwQ2rXYscjfdN5Q"]}]}},"_links":{"self":[{"href":"https:\/\/nordicdesignshop.lu\/de\/wp-json\/wp\/v2\/pages\/4435","targetHints":{"allow":["GET"]}}],"collection":[{"href":"https:\/\/nordicdesignshop.lu\/de\/wp-json\/wp\/v2\/pages"}],"about":[{"href":"https:\/\/nordicdesignshop.lu\/de\/wp-json\/wp\/v2\/types\/page"}],"author":[{"embeddable":true,"href":"https:\/\/nordicdesignshop.lu\/de\/wp-json\/wp\/v2\/users\/3"}],"replies":[{"embeddable":true,"href":"https:\/\/nordicdesignshop.lu\/de\/wp-json\/wp\/v2\/comments?post=4435"}],"version-history":[{"count":7,"href":"https:\/\/nordicdesignshop.lu\/de\/wp-json\/wp\/v2\/pages\/4435\/revisions"}],"predecessor-version":[{"id":4608,"href":"https:\/\/nordicdesignshop.lu\/de\/wp-json\/wp\/v2\/pages\/4435\/revisions\/4608"}],"wp:attachment":[{"href":"https:\/\/nordicdesignshop.lu\/de\/wp-json\/wp\/v2\/media?parent=4435"}],"curies":[{"name":"wp","href":"https:\/\/api.w.org\/{rel}","templated":true}]}}