{"id":4410,"date":"2021-08-16T10:40:07","date_gmt":"2021-08-16T08:40:07","guid":{"rendered":"https:\/\/nordicdesignshop.lu\/tablebed\/"},"modified":"2021-08-19T13:26:23","modified_gmt":"2021-08-19T11:26:23","slug":"tablebed","status":"publish","type":"page","link":"https:\/\/nordicdesignshop.lu\/de\/tablebed\/","title":{"rendered":"Tablebed"},"content":{"rendered":"\n<div class=\"row\"  id=\"row-979796908\">\n\n\n\t<div id=\"col-1467545688\" class=\"col small-12 large-12\"  >\n\t\t\t\t<div class=\"col-inner\"  >\n\t\t\t\n\t\t\t\n\n\n  <div class=\"banner has-hover\" id=\"banner-1872028240\">\n          <div class=\"banner-inner fill\">\n        <div class=\"banner-bg fill\" >\n            <div class=\"bg fill bg-fill \"><\/div>\n                                    \n                    <\/div>\n\t\t\n        <div class=\"banner-layers container\">\n            <div class=\"fill banner-link\"><\/div>            \n\n   <div id=\"text-box-212068010\" class=\"text-box banner-layer x50 md-x50 lg-x50 y25 md-y25 lg-y25 res-text\">\n                                <div class=\"text-box-content text dark\">\n              \n              <div class=\"text-inner text-center\">\n                  \n\n\t<div id=\"text-1224827642\" class=\"text\">\n\t\t\n\n<h4>OPTIMIEREN SIE IHRE QUADRATMETER UND SCHAFFEN SIE MEHR PLATZ F\u00dcR SICH<\/h4>\n\t\t\n<style>\n#text-1224827642 {\n  color: rgb(0, 0, 0);\n}\n#text-1224827642 > * {\n  color: rgb(0, 0, 0);\n}\n<\/style>\n\t<\/div>\n\t\n\t<div id=\"gap-1796467789\" class=\"gap-element clearfix\" style=\"display:block; height:auto;\">\n\t\t\n<style>\n#gap-1796467789 {\n  padding-top: 100px;\n}\n<\/style>\n\t<\/div>\n\t\n\n\t<div class=\"img has-hover x md-x lg-x y md-y lg-y\" id=\"image_505389059\">\n\t\t\t\t\t\t\t\t<div class=\"img-inner dark\" >\n\t\t\t<img loading=\"lazy\" decoding=\"async\" width=\"1020\" height=\"751\" src=\"https:\/\/nordicdesignshop.lu\/wp-content\/uploads\/2021\/08\/Tablebed-Horizontal-Black-1086x800.png\" class=\"attachment-large size-large\" alt=\"Nordic Design Shop\" srcset=\"https:\/\/nordicdesignshop.lu\/wp-content\/uploads\/2021\/08\/Tablebed-Horizontal-Black-1086x800.png 1086w, https:\/\/nordicdesignshop.lu\/wp-content\/uploads\/2021\/08\/Tablebed-Horizontal-Black-543x400.png 543w, https:\/\/nordicdesignshop.lu\/wp-content\/uploads\/2021\/08\/Tablebed-Horizontal-Black-768x566.png 768w, https:\/\/nordicdesignshop.lu\/wp-content\/uploads\/2021\/08\/Tablebed-Horizontal-Black-1536x1131.png 1536w, https:\/\/nordicdesignshop.lu\/wp-content\/uploads\/2021\/08\/Tablebed-Horizontal-Black-1024x754.png 1024w, https:\/\/nordicdesignshop.lu\/wp-content\/uploads\/2021\/08\/Tablebed-Horizontal-Black.png 1552w\" sizes=\"auto, (max-width: 1020px) 100vw, 1020px\" \/>\t\t\t\t\t\t\n\t\t\t\t\t<\/div>\n\t\t\t\t\t\t\t\t\n<style>\n#image_505389059 {\n  width: 49%;\n}\n<\/style>\n\t<\/div>\n\t\n\n\n              <\/div>\n           <\/div>\n                            \n<style>\n#text-box-212068010 {\n  width: 60%;\n}\n#text-box-212068010 .text-box-content {\n  font-size: 100%;\n}\n<\/style>\n    <\/div>\n \n\n        <\/div>\n      <\/div>\n\n            \n<style>\n#banner-1872028240 {\n  padding-top: 500px;\n}\n#banner-1872028240 .bg.bg-loaded {\n  background-image: url(https:\/\/nordicdesignshop.lu\/wp-content\/uploads\/2021\/08\/Tablebed-White-Open-Space-1-1400x787.jpg);\n}\n#banner-1872028240 .ux-shape-divider--top svg {\n  height: 150px;\n  --divider-top-width: 100%;\n}\n#banner-1872028240 .ux-shape-divider--bottom svg {\n  height: 150px;\n  --divider-width: 100%;\n}\n<\/style>\n  <\/div>\n\n\n\n\t\t<\/div>\n\t\t\t\t\t<\/div>\n\n\t\n\n<\/div>\n<div class=\"row\"  id=\"row-327850362\">\n\n\n\t<div id=\"col-582233745\" class=\"col small-12 large-12\"  >\n\t\t\t\t<div class=\"col-inner\"  >\n\t\t\t\n\t\t\t\n\n<h3 class=\"uppercase\">VOM TISCH ZUM BETT IN 10 SEKUNDEN<\/h3><strong>TABLEBED <\/strong>ist eine clevere L\u00f6sung, wenn Sie die Quadratmeter in Ihrer Wohnung oder Ihrem Haus effizient nutzen m\u00f6chten. Dank des innovativen patentierten Mechanismus lassen sich die M\u00f6bel ganz einfach vom Tisch in ein Bett verwandeln und umgekehrt.\n\n\t\t<\/div>\n\t\t\t\t\t<\/div>\n\n\t\n\n<\/div>\n<div class=\"row\"  id=\"row-1461260226\">\n\n\n\t<div id=\"col-764051762\" class=\"col small-12 large-12\"  >\n\t\t\t\t<div class=\"col-inner\"  >\n\t\t\t\n\t\t\t\n\n\t<div id=\"text-2844404649\" class=\"text\">\n\t\t\n\n<h3 class=\"uppercase\">ENTDECKEN SIE DIE GESCHICHTE VON TABLEBED<\/h3><h4class=\"uppercase\"><strong>LANGEWEILE + MINIMALISMUS = NEUE IDEE<\/strong><\/br><\/br>\n<p>Im Jahr 2015 hatte Dine Renfors viel zus\u00e4tzliche Zeit. F\u00fcr einen Personal Trainer und Wellness-Experten gab es damals nicht genug Arbeit. Als die Langeweile einsetzte, begann Dine nachzudenken und Dinge zu hinterfragen : Warum haben wir so viele Dinge? Wie kann ich Wohnraum und Geld sparen ?<\/br><\/br>Es dauerte nicht lange, bis Dine ihre Sachen durchsuchte. Die nicht ben\u00f6tigten wurden entsorgt oder verschenkt. Er hatte auch nicht den Mut, die Sachen seiner Frau wegzuwerfen. Wie weiter optimieren ?<\/br><\/br>Und so fing alles an. Sowohl ein Tisch als auch ein Bett nehmen viel Platz ein. Normalerweise werden diese M\u00f6belst\u00fccke nicht gleichzeitig verwendet. Sie zu kombinieren w\u00e4re eine M\u00f6glichkeit, ein ganz neues Gef\u00fchl von Freiheit zu schaffen. Aber wie w\u00fcrde das funktionieren ? <\/p>\n\t\t\n<style>\n#text-2844404649 {\n  text-align: left;\n}\n<\/style>\n\t<\/div>\n\t\n<div class=\"row\"  id=\"row-1907851457\">\n\n\n\t<div id=\"col-1569657507\" class=\"col small-12 large-12\"  >\n\t\t\t\t<div class=\"col-inner\"  >\n\t\t\t\n\t\t\t\n\n\t<div id=\"text-16371261\" class=\"text\">\n\t\t\n\n<h4class=\"uppercase\"><strong>DIE ERSTEN PROTOTYPEN WURDEN IN EINER SCHEUNE HERSGESTELLT<\/strong><\/h4>\n\t\t\n<style>\n#text-16371261 {\n  text-align: left;\n}\n<\/style>\n\t<\/div>\n\t\n\n\t\t<\/div>\n\t\t\t\t\t<\/div>\n\n\t\n\n<\/div>\n<div class=\"row\"  id=\"row-1010745094\">\n\n\n\t<div id=\"col-1336667568\" class=\"col medium-6 small-12 large-6\"  >\n\t\t\t\t<div class=\"col-inner\"  >\n\t\t\t\n\t\t\t\n\n<p>Tischskizzen wurden auf ein Blatt Papier gezeichnet. Dine Renfors begann mit seinem Vater mit dem Bau eines Prototyps. Die Arbeit wurde in Dines Elternhaus, genauer gesagt, auf dem Dachboden einer Scheune auf der finnischen Insel Kimito durchgef\u00fchrt. <\/p>\n\n\t\t<\/div>\n\t\t\t\t\t<\/div>\n\n\t\n\n\t<div id=\"col-1915814105\" class=\"col medium-6 small-12 large-6\"  >\n\t\t\t\t<div class=\"col-inner\"  >\n\t\t\t\n\t\t\t\n\n\t<div class=\"box has-hover   has-hover box-text-bottom\" >\n\n\t\t<div class=\"box-image\" style=\"width:70%;\">\n\t\t\t\t\t\t<div class=\"\" >\n\t\t\t\t<img loading=\"lazy\" decoding=\"async\" width=\"1200\" height=\"800\" src=\"https:\/\/nordicdesignshop.lu\/wp-content\/uploads\/2021\/07\/tablebed-first-protorype-combined.jpg\" class=\"attachment- size-\" alt=\"Tablebed, Lit convertible en table - Convertible Table Bed - Nordic Design Shop\" srcset=\"https:\/\/nordicdesignshop.lu\/wp-content\/uploads\/2021\/07\/tablebed-first-protorype-combined.jpg 1200w, https:\/\/nordicdesignshop.lu\/wp-content\/uploads\/2021\/07\/tablebed-first-protorype-combined-600x400.jpg 600w, https:\/\/nordicdesignshop.lu\/wp-content\/uploads\/2021\/07\/tablebed-first-protorype-combined-768x512.jpg 768w, https:\/\/nordicdesignshop.lu\/wp-content\/uploads\/2021\/07\/tablebed-first-protorype-combined-1024x683.jpg 1024w\" sizes=\"auto, (max-width: 1200px) 100vw, 1200px\" \/>\t\t\t\t\t\t\t\t\t\t\t<\/div>\n\t\t\t\t\t<\/div>\n\n\t\t<div class=\"box-text text-center\" >\n\t\t\t<div class=\"box-text-inner\">\n\t\t\t\t\n\n<em>Das weltweit erste Tablebed.<\/em>\n\n\t\t\t<\/div>\n\t\t<\/div>\n\t<\/div>\n\t\n\n\t\t<\/div>\n\t\t\t\t\t<\/div>\n\n\t\n\n<\/div>\n<div class=\"row\"  id=\"row-1825269083\">\n\n\n\t<div id=\"col-268866460\" class=\"col small-12 large-12\"  >\n\t\t\t\t<div class=\"col-inner\"  >\n\t\t\t\n\t\t\t\n\n<h4class=\"uppercase\"><strong>EIN FREUND, ERMUTIGT ZURGESCH\u00c4FTSGR\u00dcNDUNG<\/strong><\/h4>\n\n\t\t<\/div>\n\t\t\t\t\t<\/div>\n\n\t\n\n<\/div>\n<div class=\"row\"  id=\"row-598154387\">\n\n\n\t<div id=\"col-1212556469\" class=\"col medium-6 small-12 large-6\"  >\n\t\t\t\t<div class=\"col-inner\"  >\n\t\t\t\n\t\t\t\n\n<p>Die zweite Version des Prototyps wurde 2016 fertiggestellt. Johan, ein Freund von Dine, schlug vor, ein Unternehmen zu gr\u00fcnden. Dazu m\u00fcsste der Prototyp zu einem funktionalen Produkt entwickelt werden, das zudem einfach herzustellen ist.<\/br><\/br>TABLEBED Ltd. wurde im Fr\u00fchjahr 2017 gegr\u00fcndet. Es waren etwa zwei Jahre, nachdem die erste Idee auf ein Blatt Papier gezeichnet wurde. Allerdings war das Produkt noch nicht verkaufsfertig.<\/br><\/br>Dine pr\u00e4sentierte seinen Prototyp Business Finland, der finnischen Regierungsorganisation zur Finanzierung von Innovationen und zur F\u00f6rderung von Handel, Reisen und Investitionen. Sie erkannten das Potenzial von Tablebed und stellten dem Unternehmen 50.000 \u20ac Startkapital zur Weiterentwicklung der Innovation zur Verf\u00fcgung.<\/p>\n\n\t\t<\/div>\n\t\t\t\t\t<\/div>\n\n\t\n\n\t<div id=\"col-934757998\" class=\"col medium-6 small-12 large-6\"  >\n\t\t\t\t<div class=\"col-inner\"  >\n\t\t\t\n\t\t\t\n\n\t<div class=\"box has-hover   has-hover box-text-bottom\" >\n\n\t\t<div class=\"box-image\" >\n\t\t\t\t\t\t<div class=\"\" >\n\t\t\t\t<img loading=\"lazy\" decoding=\"async\" width=\"1200\" height=\"674\" src=\"https:\/\/nordicdesignshop.lu\/wp-content\/uploads\/2021\/07\/proto-2-1200px.jpg\" class=\"attachment- size-\" alt=\"Tablebed, Lit convertible en table - Convertible Table Bed - Nordic Design Shop\" srcset=\"https:\/\/nordicdesignshop.lu\/wp-content\/uploads\/2021\/07\/proto-2-1200px.jpg 1200w, https:\/\/nordicdesignshop.lu\/wp-content\/uploads\/2021\/07\/proto-2-1200px-712x400.jpg 712w, https:\/\/nordicdesignshop.lu\/wp-content\/uploads\/2021\/07\/proto-2-1200px-768x431.jpg 768w, https:\/\/nordicdesignshop.lu\/wp-content\/uploads\/2021\/07\/proto-2-1200px-1024x575.jpg 1024w\" sizes=\"auto, (max-width: 1200px) 100vw, 1200px\" \/>\t\t\t\t\t\t\t\t\t\t\t<\/div>\n\t\t\t\t\t<\/div>\n\n\t\t<div class=\"box-text text-center\" >\n\t\t\t<div class=\"box-text-inner\">\n\t\t\t\t\n\n<em>Der zweite Prototyp befindet sich noch auf dem Dachboden der Scheune, in der er gebaut wurde.<\/em>\n\n\t\t\t<\/div>\n\t\t<\/div>\n\t<\/div>\n\t\n\n\t\t<\/div>\n\t\t\t\t\t<\/div>\n\n\t\n\n<\/div>\n<div class=\"row\"  id=\"row-859456735\">\n\n\n\t<div id=\"col-375648264\" class=\"col small-12 large-12\"  >\n\t\t\t\t<div class=\"col-inner\"  >\n\t\t\t\n\t\t\t\n\n<h4class=\"uppercase\"><strong>DER ERSTE EINF\u00dcHRUNG IN EINEM MUSIKFESTIVAL<\/strong><\/br><\/br> <p>Mit Hilfe von Drittdesignern, einigen Sidesteps und ein paar kreativen Schimpfw\u00f6rtern war das Produkt Anfang 2018 endlich startklar.<\/br><\/br>Baltic Jazz ist ein j\u00e4hrliches Musikfestival auf der Insel Kimito. Dine und Johan waren dort, um Tablebed vorzustellen und Feedback zu bekommen. Die Idee war, dass es bei einem Festival wie diesem leicht ist, alle m\u00f6glichen Leute zu treffen. Sie waren begeistert, denn Tablebed hat einen sehr einladenden Start bekommen. <\/p>\n<div class=\"row\"  id=\"row-934688729\">\n\n\n\t<div id=\"col-234285223\" class=\"col small-12 large-12\"  >\n\t\t\t\t<div class=\"col-inner\"  >\n\t\t\t\n\t\t\t\n\n<h4class=\"uppercase\"><strong>DER VERKAUFSSTART<\/strong><\/br><\/br><p>Es brauchte mehr Hilfe und mehr Geld. Investoren mussten kontaktiert werden. Die ersten Investitionen gingen Anfang 2019 ein, nachdem nur f\u00fcnf Investoren kontaktiert wurden. Dies ist f\u00fcr ein Start-up IN DER Gr\u00fcndungsphase ohne Umsatz sehr selten und schnell.<\/br><\/br>Der allererste Verkauf fand im April 2019 statt. Ein Tischbett wurde an eine Person aus der Umgebung von Helsinki verkauft, die das Produkt zugegebenerma\u00dfen beim Baltic Jazz Festival gesehen hatte. Etwa zur gleichen Zeit erhielt das Unternehmen auch seinen ersten gewerblichen Kunden. Das Unternehmen begann mit dem Aufbau eines H\u00e4ndlernetzes, und es wurde auch ein Online-Shop ver\u00f6ffentlicht.<\/br><\/br>Die Entwicklung von Tablebed wurde fortgesetzt. Zuerst wurden die Komponenten und der Produktionsprozess verbessert. Tabledeb Single, eine Einzelbett-Version von Tablebed, wurde ebenfalls im Jahr 2020 ver\u00f6ffentlicht.<\/p>\n\n\t\t<\/div>\n\t\t\t\t\t<\/div>\n\n\t\n\n<\/div>\n<div class=\"row\"  id=\"row-1435312363\">\n\n\n\t<div id=\"col-1403269971\" class=\"col small-12 large-12\"  >\n\t\t\t\t<div class=\"col-inner\"  >\n\t\t\t\n\t\t\t\n\n\t<div id=\"text-530996363\" class=\"text\">\n\t\t\n\n<h2 class=\"uppercase\">INSPIRATION<\/h2>\n\t\t\n<style>\n#text-530996363 {\n  text-align: center;\n}\n<\/style>\n\t<\/div>\n\t\n\n\t\t<\/div>\n\t\t\t\t\t<\/div>\n\n\t\n\n<\/div>\n<div class=\"row\"  id=\"row-2060087050\">\n\n\n\t<div id=\"col-516417812\" class=\"col medium-3 small-6 large-3\"  >\n\t\t\t\t<div class=\"col-inner\"  >\n\t\t\t\n\t\t\t\n\n\t<div class=\"img has-hover x md-x lg-x y md-y lg-y\" id=\"image_1676252298\">\n\t\t\t\t\t\t\t\t<div class=\"img-inner dark\" >\n\t\t\t<img loading=\"lazy\" decoding=\"async\" width=\"800\" height=\"800\" src=\"https:\/\/nordicdesignshop.lu\/wp-content\/uploads\/2021\/07\/Double1-800x800.jpg\" class=\"attachment-large size-large\" alt=\"Tablebed, Lit convertible en table - Convertible Table Bed - Nordic Design Shop\" srcset=\"https:\/\/nordicdesignshop.lu\/wp-content\/uploads\/2021\/07\/Double1-800x800.jpg 800w, https:\/\/nordicdesignshop.lu\/wp-content\/uploads\/2021\/07\/Double1-400x400.jpg 400w, https:\/\/nordicdesignshop.lu\/wp-content\/uploads\/2021\/07\/Double1-280x280.jpg 280w, https:\/\/nordicdesignshop.lu\/wp-content\/uploads\/2021\/07\/Double1-768x768.jpg 768w, https:\/\/nordicdesignshop.lu\/wp-content\/uploads\/2021\/07\/Double1-700x700.jpg 700w, https:\/\/nordicdesignshop.lu\/wp-content\/uploads\/2021\/07\/Double1-1024x1024.jpg 1024w, https:\/\/nordicdesignshop.lu\/wp-content\/uploads\/2021\/07\/Double1-100x100.jpg 100w, https:\/\/nordicdesignshop.lu\/wp-content\/uploads\/2021\/07\/Double1.jpg 1080w\" sizes=\"auto, (max-width: 800px) 100vw, 800px\" \/>\t\t\t\t\t\t\n\t\t\t\t\t<\/div>\n\t\t\t\t\t\t\t\t\n<style>\n#image_1676252298 {\n  width: 100%;\n}\n<\/style>\n\t<\/div>\n\t\n\n\n\t\t<\/div>\n\t\t\t\t\t<\/div>\n\n\t\n\n\t<div id=\"col-57025453\" class=\"col medium-3 small-6 large-3\"  >\n\t\t\t\t<div class=\"col-inner\"  >\n\t\t\t\n\t\t\t\n\n\t<div class=\"img has-hover x md-x lg-x y md-y lg-y\" id=\"image_1046888991\">\n\t\t\t\t\t\t\t\t<div class=\"img-inner dark\" >\n\t\t\t<img loading=\"lazy\" decoding=\"async\" width=\"800\" height=\"800\" src=\"https:\/\/nordicdesignshop.lu\/wp-content\/uploads\/2021\/07\/Double2-800x800.jpg\" class=\"attachment-large size-large\" alt=\"Tablebed, Lit convertible en table - Convertible Table Bed - Nordic Design Shop\" srcset=\"https:\/\/nordicdesignshop.lu\/wp-content\/uploads\/2021\/07\/Double2-800x800.jpg 800w, https:\/\/nordicdesignshop.lu\/wp-content\/uploads\/2021\/07\/Double2-400x400.jpg 400w, https:\/\/nordicdesignshop.lu\/wp-content\/uploads\/2021\/07\/Double2-280x280.jpg 280w, https:\/\/nordicdesignshop.lu\/wp-content\/uploads\/2021\/07\/Double2-768x768.jpg 768w, https:\/\/nordicdesignshop.lu\/wp-content\/uploads\/2021\/07\/Double2-700x700.jpg 700w, https:\/\/nordicdesignshop.lu\/wp-content\/uploads\/2021\/07\/Double2-1024x1024.jpg 1024w, https:\/\/nordicdesignshop.lu\/wp-content\/uploads\/2021\/07\/Double2-100x100.jpg 100w, https:\/\/nordicdesignshop.lu\/wp-content\/uploads\/2021\/07\/Double2.jpg 1080w\" sizes=\"auto, (max-width: 800px) 100vw, 800px\" \/>\t\t\t\t\t\t\n\t\t\t\t\t<\/div>\n\t\t\t\t\t\t\t\t\n<style>\n#image_1046888991 {\n  width: 100%;\n}\n<\/style>\n\t<\/div>\n\t\n\n\n\t\t<\/div>\n\t\t\t\t\t<\/div>\n\n\t\n\n\t<div id=\"col-1857814897\" class=\"col medium-3 small-6 large-3\"  >\n\t\t\t\t<div class=\"col-inner\"  >\n\t\t\t\n\t\t\t\n\n\t<div class=\"img has-hover x md-x lg-x y md-y lg-y\" id=\"image_1147072599\">\n\t\t\t\t\t\t\t\t<div class=\"img-inner dark\" >\n\t\t\t<img loading=\"lazy\" decoding=\"async\" width=\"800\" height=\"800\" src=\"https:\/\/nordicdesignshop.lu\/wp-content\/uploads\/2021\/07\/Single1-800x800.jpg\" class=\"attachment-large size-large\" alt=\"Tablebed, Lit convertible en table - Convertible Table Bed - Nordic Design Shop\" srcset=\"https:\/\/nordicdesignshop.lu\/wp-content\/uploads\/2021\/07\/Single1-800x800.jpg 800w, https:\/\/nordicdesignshop.lu\/wp-content\/uploads\/2021\/07\/Single1-400x400.jpg 400w, https:\/\/nordicdesignshop.lu\/wp-content\/uploads\/2021\/07\/Single1-280x280.jpg 280w, https:\/\/nordicdesignshop.lu\/wp-content\/uploads\/2021\/07\/Single1-768x768.jpg 768w, https:\/\/nordicdesignshop.lu\/wp-content\/uploads\/2021\/07\/Single1-700x700.jpg 700w, https:\/\/nordicdesignshop.lu\/wp-content\/uploads\/2021\/07\/Single1-1024x1024.jpg 1024w, https:\/\/nordicdesignshop.lu\/wp-content\/uploads\/2021\/07\/Single1-100x100.jpg 100w, https:\/\/nordicdesignshop.lu\/wp-content\/uploads\/2021\/07\/Single1.jpg 1080w\" sizes=\"auto, (max-width: 800px) 100vw, 800px\" \/>\t\t\t\t\t\t\n\t\t\t\t\t<\/div>\n\t\t\t\t\t\t\t\t\n<style>\n#image_1147072599 {\n  width: 100%;\n}\n<\/style>\n\t<\/div>\n\t\n\n\n\t\t<\/div>\n\t\t\t\t\t<\/div>\n\n\t\n\n\t<div id=\"col-1321610191\" class=\"col medium-3 small-6 large-3\"  >\n\t\t\t\t<div class=\"col-inner\"  >\n\t\t\t\n\t\t\t\n\n\t<div class=\"img has-hover x md-x lg-x y md-y lg-y\" id=\"image_932029948\">\n\t\t\t\t\t\t\t\t<div class=\"img-inner dark\" >\n\t\t\t<img loading=\"lazy\" decoding=\"async\" width=\"800\" height=\"800\" src=\"https:\/\/nordicdesignshop.lu\/wp-content\/uploads\/2021\/07\/Single2-800x800.jpg\" class=\"attachment-large size-large\" alt=\"Tablebed, Lit convertible en table - Convertible Table Bed - Nordic Design Shop\" srcset=\"https:\/\/nordicdesignshop.lu\/wp-content\/uploads\/2021\/07\/Single2-800x800.jpg 800w, https:\/\/nordicdesignshop.lu\/wp-content\/uploads\/2021\/07\/Single2-400x400.jpg 400w, https:\/\/nordicdesignshop.lu\/wp-content\/uploads\/2021\/07\/Single2-280x280.jpg 280w, https:\/\/nordicdesignshop.lu\/wp-content\/uploads\/2021\/07\/Single2-768x768.jpg 768w, https:\/\/nordicdesignshop.lu\/wp-content\/uploads\/2021\/07\/Single2-700x700.jpg 700w, https:\/\/nordicdesignshop.lu\/wp-content\/uploads\/2021\/07\/Single2-1024x1024.jpg 1024w, https:\/\/nordicdesignshop.lu\/wp-content\/uploads\/2021\/07\/Single2-100x100.jpg 100w, https:\/\/nordicdesignshop.lu\/wp-content\/uploads\/2021\/07\/Single2.jpg 1080w\" sizes=\"auto, (max-width: 800px) 100vw, 800px\" \/>\t\t\t\t\t\t\n\t\t\t\t\t<\/div>\n\t\t\t\t\t\t\t\t\n<style>\n#image_932029948 {\n  width: 100%;\n}\n<\/style>\n\t<\/div>\n\t\n\n\n\t\t<\/div>\n\t\t\t\t\t<\/div>\n\n\t\n\n<\/div>\n\t<div id=\"gap-1712964358\" class=\"gap-element clearfix\" style=\"display:block; height:auto;\">\n\t\t\n<style>\n#gap-1712964358 {\n  padding-top: 30px;\n}\n<\/style>\n\t<\/div>\n\t\n\n<div class=\"row\"  id=\"row-1728298473\">\n\n\n\t<div id=\"col-39173522\" class=\"col small-12 large-12\"  >\n\t\t\t\t<div class=\"col-inner text-center\"  >\n\t\t\t\n\t\t\t\n\n<a rel=\"noopener noreferrer\" href=\"https:\/\/nordicdesignshop.lu\/projets-tablebed\/\" target=\"_blank\" class=\"button primary\"  style=\"border-radius:99px;\">\n    <span>Entdecken Sie Tablebed-Projekte<\/span>\n  <\/a>\n\n\n\n\t\t<\/div>\n\t\t\t\t\t<\/div>\n\n\t\n\n<\/div>\n\n\t\t<\/div>\n\t\t\t\t\t<\/div>\n\n\t\n\n<\/div>\n\n\t\t<\/div>\n\t\t\t\t\t<\/div>\n\n\t\n\n<\/div>\n\n","protected":false},"excerpt":{"rendered":"","protected":false},"author":3,"featured_media":0,"parent":0,"menu_order":0,"comment_status":"closed","ping_status":"closed","template":"","meta":{"content-type":"","footnotes":""},"class_list":["post-4410","page","type-page","status-publish","hentry"],"yoast_head":"<!-- This site is optimized with the Yoast SEO plugin v23.1 - https:\/\/yoast.com\/wordpress\/plugins\/seo\/ -->\n<title>Tablebed - Nordic Design Shop<\/title>\n<meta name=\"robots\" content=\"index, follow, max-snippet:-1, max-image-preview:large, max-video-preview:-1\" \/>\n<link rel=\"canonical\" href=\"https:\/\/nordicdesignshop.lu\/de\/tablebed\/\" \/>\n<meta property=\"og:locale\" content=\"de_DE\" \/>\n<meta property=\"og:type\" content=\"article\" \/>\n<meta property=\"og:title\" content=\"Tablebed - Nordic Design Shop\" \/>\n<meta property=\"og:url\" content=\"https:\/\/nordicdesignshop.lu\/de\/tablebed\/\" \/>\n<meta property=\"og:site_name\" content=\"Nordic Design Shop\" \/>\n<meta property=\"article:publisher\" content=\"https:\/\/www.facebook.com\/NordicDesignShop\/\" \/>\n<meta property=\"article:modified_time\" content=\"2021-08-19T11:26:23+00:00\" \/>\n<meta property=\"og:image\" content=\"https:\/\/nordicdesignshop.lu\/wp-content\/uploads\/2021\/03\/cropped-Sans-titre-1.jpg\" \/>\n\t<meta property=\"og:image:width\" content=\"512\" \/>\n\t<meta property=\"og:image:height\" content=\"512\" \/>\n\t<meta property=\"og:image:type\" content=\"image\/jpeg\" \/>\n<meta name=\"twitter:card\" content=\"summary_large_image\" \/>\n<meta name=\"twitter:label1\" content=\"Gesch\u00e4tzte Lesezeit\" \/>\n\t<meta name=\"twitter:data1\" content=\"4\u00a0Minuten\" \/>\n<script type=\"application\/ld+json\" class=\"yoast-schema-graph\">{\"@context\":\"https:\/\/schema.org\",\"@graph\":[{\"@type\":\"WebPage\",\"@id\":\"https:\/\/nordicdesignshop.lu\/de\/tablebed\/\",\"url\":\"https:\/\/nordicdesignshop.lu\/de\/tablebed\/\",\"name\":\"Tablebed - Nordic Design Shop\",\"isPartOf\":{\"@id\":\"https:\/\/nordicdesignshop.lu\/de\/#website\"},\"datePublished\":\"2021-08-16T08:40:07+00:00\",\"dateModified\":\"2021-08-19T11:26:23+00:00\",\"breadcrumb\":{\"@id\":\"https:\/\/nordicdesignshop.lu\/de\/tablebed\/#breadcrumb\"},\"inLanguage\":\"de\",\"potentialAction\":[{\"@type\":\"ReadAction\",\"target\":[\"https:\/\/nordicdesignshop.lu\/de\/tablebed\/\"]}]},{\"@type\":\"BreadcrumbList\",\"@id\":\"https:\/\/nordicdesignshop.lu\/de\/tablebed\/#breadcrumb\",\"itemListElement\":[{\"@type\":\"ListItem\",\"position\":1,\"name\":\"Accueil\",\"item\":\"https:\/\/nordicdesignshop.lu\/de\/\"},{\"@type\":\"ListItem\",\"position\":2,\"name\":\"Tablebed\"}]},{\"@type\":\"WebSite\",\"@id\":\"https:\/\/nordicdesignshop.lu\/de\/#website\",\"url\":\"https:\/\/nordicdesignshop.lu\/de\/\",\"name\":\"Nordic Design Shop\",\"description\":\"Drop | Jacuzzi | Spa\",\"publisher\":{\"@id\":\"https:\/\/nordicdesignshop.lu\/de\/#organization\"},\"potentialAction\":[{\"@type\":\"SearchAction\",\"target\":{\"@type\":\"EntryPoint\",\"urlTemplate\":\"https:\/\/nordicdesignshop.lu\/de\/?s={search_term_string}\"},\"query-input\":\"required name=search_term_string\"}],\"inLanguage\":\"de\"},{\"@type\":\"Organization\",\"@id\":\"https:\/\/nordicdesignshop.lu\/de\/#organization\",\"name\":\"Nordic Design Shop\",\"url\":\"https:\/\/nordicdesignshop.lu\/de\/\",\"logo\":{\"@type\":\"ImageObject\",\"inLanguage\":\"de\",\"@id\":\"https:\/\/nordicdesignshop.lu\/de\/#\/schema\/logo\/image\/\",\"url\":\"https:\/\/nordicdesignshop.lu\/wp-content\/uploads\/2021\/03\/cropped-Sans-titre-1.jpg\",\"contentUrl\":\"https:\/\/nordicdesignshop.lu\/wp-content\/uploads\/2021\/03\/cropped-Sans-titre-1.jpg\",\"width\":512,\"height\":512,\"caption\":\"Nordic Design Shop\"},\"image\":{\"@id\":\"https:\/\/nordicdesignshop.lu\/de\/#\/schema\/logo\/image\/\"},\"sameAs\":[\"https:\/\/www.facebook.com\/NordicDesignShop\/\",\"https:\/\/www.instagram.com\/Nordic_designshop\/\",\"https:\/\/www.linkedin.com\/company\/nordic-design-shop\/\",\"https:\/\/www.youtube.com\/channel\/UCujh54MhpwQ2rXYscjfdN5Q\"]}]}<\/script>\n<!-- \/ Yoast SEO plugin. -->","yoast_head_json":{"title":"Tablebed - Nordic Design Shop","robots":{"index":"index","follow":"follow","max-snippet":"max-snippet:-1","max-image-preview":"max-image-preview:large","max-video-preview":"max-video-preview:-1"},"canonical":"https:\/\/nordicdesignshop.lu\/de\/tablebed\/","og_locale":"de_DE","og_type":"article","og_title":"Tablebed - Nordic Design Shop","og_url":"https:\/\/nordicdesignshop.lu\/de\/tablebed\/","og_site_name":"Nordic Design Shop","article_publisher":"https:\/\/www.facebook.com\/NordicDesignShop\/","article_modified_time":"2021-08-19T11:26:23+00:00","og_image":[{"width":512,"height":512,"url":"https:\/\/nordicdesignshop.lu\/wp-content\/uploads\/2021\/03\/cropped-Sans-titre-1.jpg","type":"image\/jpeg"}],"twitter_card":"summary_large_image","twitter_misc":{"Gesch\u00e4tzte Lesezeit":"4\u00a0Minuten"},"schema":{"@context":"https:\/\/schema.org","@graph":[{"@type":"WebPage","@id":"https:\/\/nordicdesignshop.lu\/de\/tablebed\/","url":"https:\/\/nordicdesignshop.lu\/de\/tablebed\/","name":"Tablebed - Nordic Design Shop","isPartOf":{"@id":"https:\/\/nordicdesignshop.lu\/de\/#website"},"datePublished":"2021-08-16T08:40:07+00:00","dateModified":"2021-08-19T11:26:23+00:00","breadcrumb":{"@id":"https:\/\/nordicdesignshop.lu\/de\/tablebed\/#breadcrumb"},"inLanguage":"de","potentialAction":[{"@type":"ReadAction","target":["https:\/\/nordicdesignshop.lu\/de\/tablebed\/"]}]},{"@type":"BreadcrumbList","@id":"https:\/\/nordicdesignshop.lu\/de\/tablebed\/#breadcrumb","itemListElement":[{"@type":"ListItem","position":1,"name":"Accueil","item":"https:\/\/nordicdesignshop.lu\/de\/"},{"@type":"ListItem","position":2,"name":"Tablebed"}]},{"@type":"WebSite","@id":"https:\/\/nordicdesignshop.lu\/de\/#website","url":"https:\/\/nordicdesignshop.lu\/de\/","name":"Nordic Design Shop","description":"Drop | Jacuzzi | Spa","publisher":{"@id":"https:\/\/nordicdesignshop.lu\/de\/#organization"},"potentialAction":[{"@type":"SearchAction","target":{"@type":"EntryPoint","urlTemplate":"https:\/\/nordicdesignshop.lu\/de\/?s={search_term_string}"},"query-input":"required name=search_term_string"}],"inLanguage":"de"},{"@type":"Organization","@id":"https:\/\/nordicdesignshop.lu\/de\/#organization","name":"Nordic Design Shop","url":"https:\/\/nordicdesignshop.lu\/de\/","logo":{"@type":"ImageObject","inLanguage":"de","@id":"https:\/\/nordicdesignshop.lu\/de\/#\/schema\/logo\/image\/","url":"https:\/\/nordicdesignshop.lu\/wp-content\/uploads\/2021\/03\/cropped-Sans-titre-1.jpg","contentUrl":"https:\/\/nordicdesignshop.lu\/wp-content\/uploads\/2021\/03\/cropped-Sans-titre-1.jpg","width":512,"height":512,"caption":"Nordic Design Shop"},"image":{"@id":"https:\/\/nordicdesignshop.lu\/de\/#\/schema\/logo\/image\/"},"sameAs":["https:\/\/www.facebook.com\/NordicDesignShop\/","https:\/\/www.instagram.com\/Nordic_designshop\/","https:\/\/www.linkedin.com\/company\/nordic-design-shop\/","https:\/\/www.youtube.com\/channel\/UCujh54MhpwQ2rXYscjfdN5Q"]}]}},"_links":{"self":[{"href":"https:\/\/nordicdesignshop.lu\/de\/wp-json\/wp\/v2\/pages\/4410","targetHints":{"allow":["GET"]}}],"collection":[{"href":"https:\/\/nordicdesignshop.lu\/de\/wp-json\/wp\/v2\/pages"}],"about":[{"href":"https:\/\/nordicdesignshop.lu\/de\/wp-json\/wp\/v2\/types\/page"}],"author":[{"embeddable":true,"href":"https:\/\/nordicdesignshop.lu\/de\/wp-json\/wp\/v2\/users\/3"}],"replies":[{"embeddable":true,"href":"https:\/\/nordicdesignshop.lu\/de\/wp-json\/wp\/v2\/comments?post=4410"}],"version-history":[{"count":9,"href":"https:\/\/nordicdesignshop.lu\/de\/wp-json\/wp\/v2\/pages\/4410\/revisions"}],"predecessor-version":[{"id":4600,"href":"https:\/\/nordicdesignshop.lu\/de\/wp-json\/wp\/v2\/pages\/4410\/revisions\/4600"}],"wp:attachment":[{"href":"https:\/\/nordicdesignshop.lu\/de\/wp-json\/wp\/v2\/media?parent=4410"}],"curies":[{"name":"wp","href":"https:\/\/api.w.org\/{rel}","templated":true}]}}