{"id":2888,"date":"2021-06-28T14:28:31","date_gmt":"2021-06-28T12:28:31","guid":{"rendered":"https:\/\/nordicdesignshop.lu\/entdecken-sie-die-kolho-serie\/"},"modified":"2021-06-28T15:11:13","modified_gmt":"2021-06-28T13:11:13","slug":"entdecken-sie-die-kolho-serie","status":"publish","type":"page","link":"https:\/\/nordicdesignshop.lu\/de\/entdecken-sie-die-kolho-serie\/","title":{"rendered":"Entdecken Sie die KOLHO-Serie"},"content":{"rendered":"\n<div class=\"row\"  id=\"row-1076155823\">\n\n\n\t<div id=\"col-1149269172\" class=\"col small-12 large-12\"  >\n\t\t\t\t<div class=\"col-inner\"  >\n\t\t\t\n\t\t\t\n\n\t<div class=\"img has-hover x md-x lg-x y md-y lg-y\" id=\"image_360178699\">\n\t\t\t\t\t\t\t\t<div class=\"img-inner image-cover dark\" style=\"padding-top:29%;\">\n\t\t\t<img loading=\"lazy\" decoding=\"async\" width=\"1020\" height=\"680\" src=\"https:\/\/nordicdesignshop.lu\/wp-content\/uploads\/2021\/06\/20190610_1DX_9856_3000px_sRGB_web-1200x800.jpg\" class=\"attachment-large size-large\" alt=\"Chaise scandinave design - Scandinave chair - Nordic Design Shop\" srcset=\"https:\/\/nordicdesignshop.lu\/wp-content\/uploads\/2021\/06\/20190610_1DX_9856_3000px_sRGB_web-1200x800.jpg 1200w, https:\/\/nordicdesignshop.lu\/wp-content\/uploads\/2021\/06\/20190610_1DX_9856_3000px_sRGB_web-600x400.jpg 600w, https:\/\/nordicdesignshop.lu\/wp-content\/uploads\/2021\/06\/20190610_1DX_9856_3000px_sRGB_web-768x512.jpg 768w, https:\/\/nordicdesignshop.lu\/wp-content\/uploads\/2021\/06\/20190610_1DX_9856_3000px_sRGB_web-1536x1024.jpg 1536w, https:\/\/nordicdesignshop.lu\/wp-content\/uploads\/2021\/06\/20190610_1DX_9856_3000px_sRGB_web-2048x1365.jpg 2048w, https:\/\/nordicdesignshop.lu\/wp-content\/uploads\/2021\/06\/20190610_1DX_9856_3000px_sRGB_web-1024x683.jpg 1024w\" sizes=\"auto, (max-width: 1020px) 100vw, 1020px\" \/>\t\t\t\t\t\t\n\t\t\t\t\t<\/div>\n\t\t\t\t\t\t\t\t\n<style>\n#image_360178699 {\n  width: 100%;\n}\n<\/style>\n\t<\/div>\n\t\n\n\n\t\t<\/div>\n\t\t\t\t\t<\/div>\n\n\t\n\n<\/div>\n<div class=\"row\"  id=\"row-950745237\">\n\n\n\t<div id=\"col-252614496\" class=\"col small-12 large-12\"  >\n\t\t\t\t<div class=\"col-inner\"  >\n\t\t\t\n\t\t\t\n\n\t<div id=\"text-365021110\" class=\"text\">\n\t\t\n\n<div>Matthew Day Jackson ist ein amerikanischer K\u00fcnstler, dessen vielseitige Praxis Skulptur, Malerei, Collage, Fotografie, Zeichnung, Video, Performance und Installation umfasst.<\/div> <br\/>\n<div><\/div>\n<div>1974 in Panorama City, Kalifornien, geboren und lebt und arbeitet derzeit an der Ostk\u00fcste. Seine Kunst setzt sich mit gro\u00dfen Ideen wie der Evolution des menschlichen Denkens, der fatalen Zugkraft der Grenze und dem Glauben an den Platz des Menschen im technologischen Fortschritt auseinander . Seine Arbeit thematisiert den Mythos des amerikanischen Traums und erforscht die Kr\u00e4fte der Sch\u00f6pfung, des Wachstums, der Transzendenz und des Todes durch Visionen seiner gescheiterten Utopie.<\/div>\n\t\t\n<style>\n#text-365021110 {\n  text-align: center;\n}\n<\/style>\n\t<\/div>\n\t\n\n\t\t<\/div>\n\t\t\t\t\t<\/div>\n\n\t\n\n<\/div>\n<div class=\"row\"  id=\"row-1306691856\">\n\n\n\t<div id=\"col-1743961894\" class=\"col small-12 large-12\"  >\n\t\t\t\t<div class=\"col-inner\"  >\n\t\t\t\n\t\t\t\n\n<div class=\"video video-fit mb\" style=\"padding-top:53%;\"><iframe loading=\"lazy\" title=\"Kolho Series - with Matthew Day Jackson\" width=\"1020\" height=\"574\" src=\"https:\/\/www.youtube.com\/embed\/nwUd_ogi40E?feature=oembed\" frameborder=\"0\" allow=\"accelerometer; autoplay; clipboard-write; encrypted-media; gyroscope; picture-in-picture\" allowfullscreen><\/iframe><\/div>\n\n\n\t\t<\/div>\n\t\t\t\t\t<\/div>\n\n\t\n\n<\/div>\n<div class=\"row\"  id=\"row-486235560\">\n\n\n\t<div id=\"col-962362661\" class=\"col small-12 large-12\"  >\n\t\t\t\t<div class=\"col-inner\"  >\n\t\t\t\n\t\t\t\n\n\t<div id=\"text-3677796337\" class=\"text\">\n\t\t\n\n<h3>Matthew Day Jackson auf Kolho<\/h3>\n<div>&#8222;Kolho, eine kleine Stadt in Finnland, und ein Wort, das sich der Definition im Englischen entzieht, aber als leer, hohl oder sogar be\u00e4ngstigend bezeichnet werden kann. Ich bin auf Kolho gesto\u00dfen, als ich das Serlachius-Museum besuchte, wo eine Ausstellung meiner Gem\u00e4lde und Skulpturen, Maa , er\u00f6ffnet im Mai 2019. Ein Gespr\u00e4ch mit dem Kurator Timo Valjakka f\u00fchrte zu einer Besichtigung der nahegelegenen Formica-Fabrik, die zu einem Treffen mit Niclas, Sebastian und Lasse von Made By Choice f\u00fchrte, was zu einem Treffen mit Phil, Eva und Virginie von Formica f\u00fchrte\u2026 Diese zuf\u00e4lligen Treffen wurden zu einer Besessenheit, ein Esszimmer zu schaffen.<\/div>\n<div><\/div> <br\/>\n<div>Die Geschichte von Apollo, sowohl eine NASA-Mission als auch ein griechischer Gott der Vernunft, ist der Ursprung dieses Projekts. Apollos Bruder Dionysos herrscht \u00fcber rituellen Wahnsinn, Drama, Vergn\u00fcgen, Fruchtbarkeit und nat\u00fcrlich Wein. An diesem Tisch treffen die beiden gegens\u00e4tzlichen Temperamente aufeinander: Der flache und rationale Grundriss des Tisches ruht auf F\u00fc\u00dfen, die sich wie eine Schlange oder eine Ranke biegen und zusammenrollen.<\/div>\n<div><\/div> <br\/>\n<div>Die Tische und St\u00fchle sind Skulpturen, die wie ein Theater an das Esszimmer erinnern. Sie schaffen einen Raum zum Teilen und Erschaffen von Geschichten, mit einer Resopal-Oberfl\u00e4che, die verspricht, immer gereinigt zu werden. Beim Entwerfen dieses M\u00f6belst\u00fccks suchte ich nach dem Raum zwischen Vernunft und Chaos: dem Zustand des Spiels. Dies ist der Raum, in dem unser menschliches Tier sein gr\u00f6\u00dferes Selbst zeigt.<\/div>\n\t\t\n<style>\n#text-3677796337 {\n  text-align: center;\n}\n<\/style>\n\t<\/div>\n\t\n\n\t\t<\/div>\n\t\t\t\t\t<\/div>\n\n\t\n\n<\/div>\n<div class=\"row\"  id=\"row-299598644\">\n\n\n\t<div id=\"col-497057535\" class=\"col medium-4 small-12 large-4\"  >\n\t\t\t\t<div class=\"col-inner\"  >\n\t\t\t\n\t\t\t\n\n\t<div class=\"box has-hover   has-hover box-text-bottom\" >\n\n\t\t<div class=\"box-image\" >\n\t\t\t<a href=\"https:\/\/nordicdesignshop.lu\/de\/shop\/stuehle\/kolho-loungesessel-aus-eichenholz\/\" target=\"_blank\" rel=\"noopener noreferrer\" >\t\t\t<div class=\"\" >\n\t\t\t\t<img loading=\"lazy\" decoding=\"async\" width=\"1024\" height=\"1024\" src=\"https:\/\/nordicdesignshop.lu\/wp-content\/uploads\/2021\/06\/Nordic-design-shop-Chaises-Seating-Made-by-Choice-KOLHO-lounge-chairs-1-1.jpg\" class=\"attachment- size-\" alt=\"Chaise scandinave design - Scandinave chair - Nordic Design Shop\" srcset=\"https:\/\/nordicdesignshop.lu\/wp-content\/uploads\/2021\/06\/Nordic-design-shop-Chaises-Seating-Made-by-Choice-KOLHO-lounge-chairs-1-1.jpg 1024w, https:\/\/nordicdesignshop.lu\/wp-content\/uploads\/2021\/06\/Nordic-design-shop-Chaises-Seating-Made-by-Choice-KOLHO-lounge-chairs-1-1-400x400.jpg 400w, https:\/\/nordicdesignshop.lu\/wp-content\/uploads\/2021\/06\/Nordic-design-shop-Chaises-Seating-Made-by-Choice-KOLHO-lounge-chairs-1-1-800x800.jpg 800w, https:\/\/nordicdesignshop.lu\/wp-content\/uploads\/2021\/06\/Nordic-design-shop-Chaises-Seating-Made-by-Choice-KOLHO-lounge-chairs-1-1-280x280.jpg 280w, https:\/\/nordicdesignshop.lu\/wp-content\/uploads\/2021\/06\/Nordic-design-shop-Chaises-Seating-Made-by-Choice-KOLHO-lounge-chairs-1-1-768x768.jpg 768w, https:\/\/nordicdesignshop.lu\/wp-content\/uploads\/2021\/06\/Nordic-design-shop-Chaises-Seating-Made-by-Choice-KOLHO-lounge-chairs-1-1-700x700.jpg 700w, https:\/\/nordicdesignshop.lu\/wp-content\/uploads\/2021\/06\/Nordic-design-shop-Chaises-Seating-Made-by-Choice-KOLHO-lounge-chairs-1-1-100x100.jpg 100w\" sizes=\"auto, (max-width: 1024px) 100vw, 1024px\" \/>\t\t\t\t\t\t\t\t\t\t\t<\/div>\n\t\t\t<\/a>\t\t<\/div>\n\n\t\t<div class=\"box-text text-center\" >\n\t\t\t<div class=\"box-text-inner\">\n\t\t\t\t\n\n<p>KOLHO<br \/>\nLoungesessel aus Eiche<\/p>\n\n\t\t\t<\/div>\n\t\t<\/div>\n\t<\/div>\n\t\n\n\t\t<\/div>\n\t\t\t\t\t<\/div>\n\n\t\n\n\t<div id=\"col-1059641077\" class=\"col medium-4 small-12 large-4\"  >\n\t\t\t\t<div class=\"col-inner\"  >\n\t\t\t\n\t\t\t\n\n\t<div class=\"box has-hover   has-hover box-text-bottom\" >\n\n\t\t<div class=\"box-image\" >\n\t\t\t<a href=\"https:\/\/nordicdesignshop.lu\/de\/shop\/stuehle\/kolho-loungesessel-in-schwarz\/\" target=\"_blank\" rel=\"noopener noreferrer\" >\t\t\t<div class=\"\" >\n\t\t\t\t<img loading=\"lazy\" decoding=\"async\" width=\"1024\" height=\"1024\" src=\"https:\/\/nordicdesignshop.lu\/wp-content\/uploads\/2021\/06\/Nordic-design-shop-Chaises-Seating-Made-by-Choice-KOLHO-lounge-chairs-black-1-1.jpg\" class=\"attachment- size-\" alt=\"Chaise scandinave design - Scandinave chair - Nordic Design Shop\" srcset=\"https:\/\/nordicdesignshop.lu\/wp-content\/uploads\/2021\/06\/Nordic-design-shop-Chaises-Seating-Made-by-Choice-KOLHO-lounge-chairs-black-1-1.jpg 1024w, https:\/\/nordicdesignshop.lu\/wp-content\/uploads\/2021\/06\/Nordic-design-shop-Chaises-Seating-Made-by-Choice-KOLHO-lounge-chairs-black-1-1-400x400.jpg 400w, https:\/\/nordicdesignshop.lu\/wp-content\/uploads\/2021\/06\/Nordic-design-shop-Chaises-Seating-Made-by-Choice-KOLHO-lounge-chairs-black-1-1-800x800.jpg 800w, https:\/\/nordicdesignshop.lu\/wp-content\/uploads\/2021\/06\/Nordic-design-shop-Chaises-Seating-Made-by-Choice-KOLHO-lounge-chairs-black-1-1-280x280.jpg 280w, https:\/\/nordicdesignshop.lu\/wp-content\/uploads\/2021\/06\/Nordic-design-shop-Chaises-Seating-Made-by-Choice-KOLHO-lounge-chairs-black-1-1-768x768.jpg 768w, https:\/\/nordicdesignshop.lu\/wp-content\/uploads\/2021\/06\/Nordic-design-shop-Chaises-Seating-Made-by-Choice-KOLHO-lounge-chairs-black-1-1-700x700.jpg 700w, https:\/\/nordicdesignshop.lu\/wp-content\/uploads\/2021\/06\/Nordic-design-shop-Chaises-Seating-Made-by-Choice-KOLHO-lounge-chairs-black-1-1-100x100.jpg 100w\" sizes=\"auto, (max-width: 1024px) 100vw, 1024px\" \/>\t\t\t\t\t\t\t\t\t\t\t<\/div>\n\t\t\t<\/a>\t\t<\/div>\n\n\t\t<div class=\"box-text text-center\" >\n\t\t\t<div class=\"box-text-inner\">\n\t\t\t\t\n\n<p>KOLHO<br \/>\nLoungesessel in Schwarz<\/p>\n\n\t\t\t<\/div>\n\t\t<\/div>\n\t<\/div>\n\t\n\n\t\t<\/div>\n\t\t\t\t\t<\/div>\n\n\t\n\n\t<div id=\"col-1130996618\" class=\"col medium-4 small-12 large-4\"  >\n\t\t\t\t<div class=\"col-inner\"  >\n\t\t\t\n\t\t\t\n\n\t<div class=\"box has-hover   has-hover box-text-bottom\" >\n\n\t\t<div class=\"box-image\" >\n\t\t\t<a href=\"https:\/\/nordicdesignshop.lu\/de\/shop\/stuehle\/kolho-zweisitzer-loungesessel-cognac-leder\/\" target=\"_blank\" rel=\"noopener noreferrer\" >\t\t\t<div class=\"\" >\n\t\t\t\t<img loading=\"lazy\" decoding=\"async\" width=\"1024\" height=\"1024\" src=\"https:\/\/nordicdesignshop.lu\/wp-content\/uploads\/2021\/06\/Nordic-design-shop-Chaises-Seating-Made-by-Choice-KOLHO-lounge-biplace-1.jpg\" class=\"attachment- size-\" alt=\"Chaise scandinave design - Scandinave chair - Nordic Design Shop\" srcset=\"https:\/\/nordicdesignshop.lu\/wp-content\/uploads\/2021\/06\/Nordic-design-shop-Chaises-Seating-Made-by-Choice-KOLHO-lounge-biplace-1.jpg 1024w, https:\/\/nordicdesignshop.lu\/wp-content\/uploads\/2021\/06\/Nordic-design-shop-Chaises-Seating-Made-by-Choice-KOLHO-lounge-biplace-1-400x400.jpg 400w, https:\/\/nordicdesignshop.lu\/wp-content\/uploads\/2021\/06\/Nordic-design-shop-Chaises-Seating-Made-by-Choice-KOLHO-lounge-biplace-1-800x800.jpg 800w, https:\/\/nordicdesignshop.lu\/wp-content\/uploads\/2021\/06\/Nordic-design-shop-Chaises-Seating-Made-by-Choice-KOLHO-lounge-biplace-1-280x280.jpg 280w, https:\/\/nordicdesignshop.lu\/wp-content\/uploads\/2021\/06\/Nordic-design-shop-Chaises-Seating-Made-by-Choice-KOLHO-lounge-biplace-1-768x768.jpg 768w, https:\/\/nordicdesignshop.lu\/wp-content\/uploads\/2021\/06\/Nordic-design-shop-Chaises-Seating-Made-by-Choice-KOLHO-lounge-biplace-1-700x700.jpg 700w, https:\/\/nordicdesignshop.lu\/wp-content\/uploads\/2021\/06\/Nordic-design-shop-Chaises-Seating-Made-by-Choice-KOLHO-lounge-biplace-1-100x100.jpg 100w\" sizes=\"auto, (max-width: 1024px) 100vw, 1024px\" \/>\t\t\t\t\t\t\t\t\t\t\t<\/div>\n\t\t\t<\/a>\t\t<\/div>\n\n\t\t<div class=\"box-text text-center\" >\n\t\t\t<div class=\"box-text-inner\">\n\t\t\t\t\n\n<p>KOLHO<br \/>\nZweisitzer-Loungesessel &#8211; Cognac-Leder<\/p>\n\n\t\t\t<\/div>\n\t\t<\/div>\n\t<\/div>\n\t\n\n\t\t<\/div>\n\t\t\t\t\t<\/div>\n\n\t\n\n<\/div>\n\n","protected":false},"excerpt":{"rendered":"","protected":false},"author":3,"featured_media":0,"parent":0,"menu_order":0,"comment_status":"closed","ping_status":"closed","template":"","meta":{"content-type":"","footnotes":""},"class_list":["post-2888","page","type-page","status-publish","hentry"],"yoast_head":"<!-- This site is optimized with the Yoast SEO plugin v23.1 - https:\/\/yoast.com\/wordpress\/plugins\/seo\/ -->\n<title>Entdecken Sie die KOLHO-Serie - Nordic Design Shop<\/title>\n<meta name=\"robots\" content=\"index, follow, max-snippet:-1, max-image-preview:large, max-video-preview:-1\" \/>\n<link rel=\"canonical\" href=\"https:\/\/nordicdesignshop.lu\/de\/entdecken-sie-die-kolho-serie\/\" \/>\n<meta property=\"og:locale\" content=\"de_DE\" \/>\n<meta property=\"og:type\" content=\"article\" \/>\n<meta property=\"og:title\" content=\"Entdecken Sie die KOLHO-Serie - Nordic Design Shop\" \/>\n<meta property=\"og:url\" content=\"https:\/\/nordicdesignshop.lu\/de\/entdecken-sie-die-kolho-serie\/\" \/>\n<meta property=\"og:site_name\" content=\"Nordic Design Shop\" \/>\n<meta property=\"article:publisher\" content=\"https:\/\/www.facebook.com\/NordicDesignShop\/\" \/>\n<meta property=\"article:modified_time\" content=\"2021-06-28T13:11:13+00:00\" \/>\n<meta property=\"og:image\" content=\"https:\/\/nordicdesignshop.lu\/wp-content\/uploads\/2021\/03\/cropped-Sans-titre-1.jpg\" \/>\n\t<meta property=\"og:image:width\" content=\"512\" \/>\n\t<meta property=\"og:image:height\" content=\"512\" \/>\n\t<meta property=\"og:image:type\" content=\"image\/jpeg\" \/>\n<meta name=\"twitter:card\" content=\"summary_large_image\" \/>\n<meta name=\"twitter:label1\" content=\"Gesch\u00e4tzte Lesezeit\" \/>\n\t<meta name=\"twitter:data1\" content=\"2\u00a0Minuten\" \/>\n<script type=\"application\/ld+json\" class=\"yoast-schema-graph\">{\"@context\":\"https:\/\/schema.org\",\"@graph\":[{\"@type\":\"WebPage\",\"@id\":\"https:\/\/nordicdesignshop.lu\/de\/entdecken-sie-die-kolho-serie\/\",\"url\":\"https:\/\/nordicdesignshop.lu\/de\/entdecken-sie-die-kolho-serie\/\",\"name\":\"Entdecken Sie die KOLHO-Serie - Nordic Design Shop\",\"isPartOf\":{\"@id\":\"https:\/\/nordicdesignshop.lu\/de\/#website\"},\"datePublished\":\"2021-06-28T12:28:31+00:00\",\"dateModified\":\"2021-06-28T13:11:13+00:00\",\"breadcrumb\":{\"@id\":\"https:\/\/nordicdesignshop.lu\/de\/entdecken-sie-die-kolho-serie\/#breadcrumb\"},\"inLanguage\":\"de\",\"potentialAction\":[{\"@type\":\"ReadAction\",\"target\":[\"https:\/\/nordicdesignshop.lu\/de\/entdecken-sie-die-kolho-serie\/\"]}]},{\"@type\":\"BreadcrumbList\",\"@id\":\"https:\/\/nordicdesignshop.lu\/de\/entdecken-sie-die-kolho-serie\/#breadcrumb\",\"itemListElement\":[{\"@type\":\"ListItem\",\"position\":1,\"name\":\"Accueil\",\"item\":\"https:\/\/nordicdesignshop.lu\/de\/\"},{\"@type\":\"ListItem\",\"position\":2,\"name\":\"Entdecken Sie die KOLHO-Serie\"}]},{\"@type\":\"WebSite\",\"@id\":\"https:\/\/nordicdesignshop.lu\/de\/#website\",\"url\":\"https:\/\/nordicdesignshop.lu\/de\/\",\"name\":\"Nordic Design Shop\",\"description\":\"Drop | Jacuzzi | Spa\",\"publisher\":{\"@id\":\"https:\/\/nordicdesignshop.lu\/de\/#organization\"},\"potentialAction\":[{\"@type\":\"SearchAction\",\"target\":{\"@type\":\"EntryPoint\",\"urlTemplate\":\"https:\/\/nordicdesignshop.lu\/de\/?s={search_term_string}\"},\"query-input\":\"required name=search_term_string\"}],\"inLanguage\":\"de\"},{\"@type\":\"Organization\",\"@id\":\"https:\/\/nordicdesignshop.lu\/de\/#organization\",\"name\":\"Nordic Design Shop\",\"url\":\"https:\/\/nordicdesignshop.lu\/de\/\",\"logo\":{\"@type\":\"ImageObject\",\"inLanguage\":\"de\",\"@id\":\"https:\/\/nordicdesignshop.lu\/de\/#\/schema\/logo\/image\/\",\"url\":\"https:\/\/nordicdesignshop.lu\/wp-content\/uploads\/2021\/03\/cropped-Sans-titre-1.jpg\",\"contentUrl\":\"https:\/\/nordicdesignshop.lu\/wp-content\/uploads\/2021\/03\/cropped-Sans-titre-1.jpg\",\"width\":512,\"height\":512,\"caption\":\"Nordic Design Shop\"},\"image\":{\"@id\":\"https:\/\/nordicdesignshop.lu\/de\/#\/schema\/logo\/image\/\"},\"sameAs\":[\"https:\/\/www.facebook.com\/NordicDesignShop\/\",\"https:\/\/www.instagram.com\/Nordic_designshop\/\",\"https:\/\/www.linkedin.com\/company\/nordic-design-shop\/\",\"https:\/\/www.youtube.com\/channel\/UCujh54MhpwQ2rXYscjfdN5Q\"]}]}<\/script>\n<!-- \/ Yoast SEO plugin. -->","yoast_head_json":{"title":"Entdecken Sie die KOLHO-Serie - Nordic Design Shop","robots":{"index":"index","follow":"follow","max-snippet":"max-snippet:-1","max-image-preview":"max-image-preview:large","max-video-preview":"max-video-preview:-1"},"canonical":"https:\/\/nordicdesignshop.lu\/de\/entdecken-sie-die-kolho-serie\/","og_locale":"de_DE","og_type":"article","og_title":"Entdecken Sie die KOLHO-Serie - Nordic Design Shop","og_url":"https:\/\/nordicdesignshop.lu\/de\/entdecken-sie-die-kolho-serie\/","og_site_name":"Nordic Design Shop","article_publisher":"https:\/\/www.facebook.com\/NordicDesignShop\/","article_modified_time":"2021-06-28T13:11:13+00:00","og_image":[{"width":512,"height":512,"url":"https:\/\/nordicdesignshop.lu\/wp-content\/uploads\/2021\/03\/cropped-Sans-titre-1.jpg","type":"image\/jpeg"}],"twitter_card":"summary_large_image","twitter_misc":{"Gesch\u00e4tzte Lesezeit":"2\u00a0Minuten"},"schema":{"@context":"https:\/\/schema.org","@graph":[{"@type":"WebPage","@id":"https:\/\/nordicdesignshop.lu\/de\/entdecken-sie-die-kolho-serie\/","url":"https:\/\/nordicdesignshop.lu\/de\/entdecken-sie-die-kolho-serie\/","name":"Entdecken Sie die KOLHO-Serie - Nordic Design Shop","isPartOf":{"@id":"https:\/\/nordicdesignshop.lu\/de\/#website"},"datePublished":"2021-06-28T12:28:31+00:00","dateModified":"2021-06-28T13:11:13+00:00","breadcrumb":{"@id":"https:\/\/nordicdesignshop.lu\/de\/entdecken-sie-die-kolho-serie\/#breadcrumb"},"inLanguage":"de","potentialAction":[{"@type":"ReadAction","target":["https:\/\/nordicdesignshop.lu\/de\/entdecken-sie-die-kolho-serie\/"]}]},{"@type":"BreadcrumbList","@id":"https:\/\/nordicdesignshop.lu\/de\/entdecken-sie-die-kolho-serie\/#breadcrumb","itemListElement":[{"@type":"ListItem","position":1,"name":"Accueil","item":"https:\/\/nordicdesignshop.lu\/de\/"},{"@type":"ListItem","position":2,"name":"Entdecken Sie die KOLHO-Serie"}]},{"@type":"WebSite","@id":"https:\/\/nordicdesignshop.lu\/de\/#website","url":"https:\/\/nordicdesignshop.lu\/de\/","name":"Nordic Design Shop","description":"Drop | Jacuzzi | Spa","publisher":{"@id":"https:\/\/nordicdesignshop.lu\/de\/#organization"},"potentialAction":[{"@type":"SearchAction","target":{"@type":"EntryPoint","urlTemplate":"https:\/\/nordicdesignshop.lu\/de\/?s={search_term_string}"},"query-input":"required name=search_term_string"}],"inLanguage":"de"},{"@type":"Organization","@id":"https:\/\/nordicdesignshop.lu\/de\/#organization","name":"Nordic Design Shop","url":"https:\/\/nordicdesignshop.lu\/de\/","logo":{"@type":"ImageObject","inLanguage":"de","@id":"https:\/\/nordicdesignshop.lu\/de\/#\/schema\/logo\/image\/","url":"https:\/\/nordicdesignshop.lu\/wp-content\/uploads\/2021\/03\/cropped-Sans-titre-1.jpg","contentUrl":"https:\/\/nordicdesignshop.lu\/wp-content\/uploads\/2021\/03\/cropped-Sans-titre-1.jpg","width":512,"height":512,"caption":"Nordic Design Shop"},"image":{"@id":"https:\/\/nordicdesignshop.lu\/de\/#\/schema\/logo\/image\/"},"sameAs":["https:\/\/www.facebook.com\/NordicDesignShop\/","https:\/\/www.instagram.com\/Nordic_designshop\/","https:\/\/www.linkedin.com\/company\/nordic-design-shop\/","https:\/\/www.youtube.com\/channel\/UCujh54MhpwQ2rXYscjfdN5Q"]}]}},"_links":{"self":[{"href":"https:\/\/nordicdesignshop.lu\/de\/wp-json\/wp\/v2\/pages\/2888","targetHints":{"allow":["GET"]}}],"collection":[{"href":"https:\/\/nordicdesignshop.lu\/de\/wp-json\/wp\/v2\/pages"}],"about":[{"href":"https:\/\/nordicdesignshop.lu\/de\/wp-json\/wp\/v2\/types\/page"}],"author":[{"embeddable":true,"href":"https:\/\/nordicdesignshop.lu\/de\/wp-json\/wp\/v2\/users\/3"}],"replies":[{"embeddable":true,"href":"https:\/\/nordicdesignshop.lu\/de\/wp-json\/wp\/v2\/comments?post=2888"}],"version-history":[{"count":6,"href":"https:\/\/nordicdesignshop.lu\/de\/wp-json\/wp\/v2\/pages\/2888\/revisions"}],"predecessor-version":[{"id":2902,"href":"https:\/\/nordicdesignshop.lu\/de\/wp-json\/wp\/v2\/pages\/2888\/revisions\/2902"}],"wp:attachment":[{"href":"https:\/\/nordicdesignshop.lu\/de\/wp-json\/wp\/v2\/media?parent=2888"}],"curies":[{"name":"wp","href":"https:\/\/api.w.org\/{rel}","templated":true}]}}