{"id":2735,"date":"2021-06-22T13:53:07","date_gmt":"2021-06-22T11:53:07","guid":{"rendered":"https:\/\/nordicdesignshop.lu\/entdecken-sie-den-nude-stuhl\/"},"modified":"2021-06-22T13:58:16","modified_gmt":"2021-06-22T11:58:16","slug":"entdecken-sie-den-nude-stuhl","status":"publish","type":"page","link":"https:\/\/nordicdesignshop.lu\/de\/entdecken-sie-den-nude-stuhl\/","title":{"rendered":"Entdecken Sie den NUDE Stuhl"},"content":{"rendered":"\n<div class=\"row\"  id=\"row-443376783\">\n\n\n\t<div id=\"col-664935017\" class=\"col small-12 large-12\"  >\n\t\t\t\t<div class=\"col-inner\"  >\n\t\t\t\n\t\t\t\n\n<div class=\"slider-wrapper relative\" id=\"slider-1232606836\" >\n    <div class=\"slider slider-nav-circle slider-nav-large slider-nav-light slider-style-normal\"\n        data-flickity-options='{\n            \"cellAlign\": \"center\",\n            \"imagesLoaded\": true,\n            \"lazyLoad\": 1,\n            \"freeScroll\": false,\n            \"wrapAround\": true,\n            \"autoPlay\": 6000,\n            \"pauseAutoPlayOnHover\" : true,\n            \"prevNextButtons\": true,\n            \"contain\" : true,\n            \"adaptiveHeight\" : true,\n            \"dragThreshold\" : 10,\n            \"percentPosition\": true,\n            \"pageDots\": true,\n            \"rightToLeft\": false,\n            \"draggable\": true,\n            \"selectedAttraction\": 0.1,\n            \"parallax\" : 0,\n            \"friction\": 0.6        }'\n        >\n        \n\n\t<div class=\"img has-hover x md-x lg-x y md-y lg-y\" id=\"image_841000822\">\n\t\t\t\t\t\t\t\t<div class=\"img-inner image-cover dark\" style=\"padding-top:35%;\">\n\t\t\t<img loading=\"lazy\" decoding=\"async\" width=\"1020\" height=\"666\" src=\"https:\/\/nordicdesignshop.lu\/wp-content\/uploads\/2021\/06\/Nude-restaurant-1225x800.jpg\" class=\"attachment-large size-large\" alt=\"Table Scandinave - Scandinave table - Nordic Design Shop\" srcset=\"https:\/\/nordicdesignshop.lu\/wp-content\/uploads\/2021\/06\/Nude-restaurant-1225x800.jpg 1225w, https:\/\/nordicdesignshop.lu\/wp-content\/uploads\/2021\/06\/Nude-restaurant-612x400.jpg 612w, https:\/\/nordicdesignshop.lu\/wp-content\/uploads\/2021\/06\/Nude-restaurant-768x502.jpg 768w, https:\/\/nordicdesignshop.lu\/wp-content\/uploads\/2021\/06\/Nude-restaurant-1536x1003.jpg 1536w, https:\/\/nordicdesignshop.lu\/wp-content\/uploads\/2021\/06\/Nude-restaurant-1024x669.jpg 1024w, https:\/\/nordicdesignshop.lu\/wp-content\/uploads\/2021\/06\/Nude-restaurant.jpg 1920w\" sizes=\"auto, (max-width: 1020px) 100vw, 1020px\" \/>\t\t\t\t\t\t\n\t\t\t\t\t<\/div>\n\t\t\t\t\t\t\t\t\n<style>\n#image_841000822 {\n  width: 100%;\n}\n<\/style>\n\t<\/div>\n\t\n\n\n     <\/div>\n\n     <div class=\"loading-spin dark large centered\"><\/div>\n\n     \t<\/div>\n\n\n\n\t\t<\/div>\n\t\t\t\t\t<\/div>\n\n\t\n\n<\/div>\n\t<div id=\"text-3151900550\" class=\"text\">\n\t\t\n\n<h3>Ein gut gestalteter, einzigartiger und vielseitiger Esszimmerstuhl<\/h3><p>Der\u00a0<strong>Nude Chair<\/strong>\u00a0wurde urspr\u00fcnglich f\u00fcr einen der produktivsten K\u00f6che und Gastronomen Finnlands entworfen, das Nude Restaurant von Pekka Ter\u00e4v\u00e4 in Helsinki, Finnland. Made by Choice wurde beauftragt, das Interieur an dieses moderne nordische Restaurant anzupassen und lud die Innenarchitekten Marianna Sorsa und Salla Kantokorpi ein, das Interieur zu gestalten.<br\/><br\/>So wurden optimale Voraussetzungen geschaffen, diesen einzigartigen und vielseitigen Esszimmerstuhl zu gestalten, dieser ist stapelbar, l\u00e4sst sich jedoch auch an den Tisch h\u00e4ngen, um den Raum m\u00fchelos zu pflegen. <\/p> <br\/>\n\t\t\n<style>\n#text-3151900550 {\n  text-align: center;\n}\n<\/style>\n\t<\/div>\n\t\n<div class=\"row row-collapse row-full-width align-middle\"  id=\"row-1527829585\">\n\n\n\t<div id=\"col-1612976264\" class=\"col medium-6 small-12 large-6\"  >\n\t\t\t\t<div class=\"col-inner\"  >\n\t\t\t\n\t\t\t\n\n\t<div class=\"img has-hover x md-x lg-x y md-y lg-y\" id=\"image_1473656273\">\n\t\t\t\t\t\t\t\t<div class=\"img-inner dark\" >\n\t\t\t<img loading=\"lazy\" decoding=\"async\" width=\"564\" height=\"800\" src=\"https:\/\/nordicdesignshop.lu\/wp-content\/uploads\/2021\/06\/Nude8_DSC_0025-564x800.jpg\" class=\"attachment-large size-large\" alt=\"Chaise scandinave design - Scandinave chair - Nordic Design Shop\" srcset=\"https:\/\/nordicdesignshop.lu\/wp-content\/uploads\/2021\/06\/Nude8_DSC_0025-564x800.jpg 564w, https:\/\/nordicdesignshop.lu\/wp-content\/uploads\/2021\/06\/Nude8_DSC_0025-282x400.jpg 282w, https:\/\/nordicdesignshop.lu\/wp-content\/uploads\/2021\/06\/Nude8_DSC_0025-768x1090.jpg 768w, https:\/\/nordicdesignshop.lu\/wp-content\/uploads\/2021\/06\/Nude8_DSC_0025-1082x1536.jpg 1082w, https:\/\/nordicdesignshop.lu\/wp-content\/uploads\/2021\/06\/Nude8_DSC_0025-1443x2048.jpg 1443w, https:\/\/nordicdesignshop.lu\/wp-content\/uploads\/2021\/06\/Nude8_DSC_0025-1024x1453.jpg 1024w, https:\/\/nordicdesignshop.lu\/wp-content\/uploads\/2021\/06\/Nude8_DSC_0025-scaled.jpg 1804w\" sizes=\"auto, (max-width: 564px) 100vw, 564px\" \/>\t\t\t\t\t\t\n\t\t\t\t\t<\/div>\n\t\t\t\t\t\t\t\t\n<style>\n#image_1473656273 {\n  width: 72%;\n}\n<\/style>\n\t<\/div>\n\t\n\n\n\t\t<\/div>\n\t\t\t\t\t<\/div>\n\n\t\n\n\t<div id=\"col-298936865\" class=\"col medium-6 small-12 large-6\"  >\n\t\t\t\t<div class=\"col-inner\" style=\"max-width:520px;\" >\n\t\t\t\n\t\t\t\n\n\t<div id=\"text-1389831515\" class=\"text\">\n\t\t\n\n<h5 class=\"uppercase\">TECHNISCHE INFORMATIONEN<\/h5>&nbsp;<br\/><strong>Material :<\/strong>\u00a0Eiche<br\/><br\/><strong>Ma\u00dfe :<\/strong>\u00a049 x 53 x 82 cm<br\/><br\/><strong>Breite :<\/strong>\u00a053 cm<br\/><br\/><strong>Tiefe :<\/strong>\u00a049 cm<br\/><br\/><strong>H\u00f6he :<\/strong>\u00a082 cm<br\/><br\/><strong>Sitzh\u00f6he :<\/strong>\u00a045 cm<br\/><br\/>\n\t\t\n<style>\n#text-1389831515 {\n  text-align: left;\n}\n<\/style>\n\t<\/div>\n\t\n<a href=\"https:\/\/nordicdesignshop.lu\/de\/shop\/stuehle\/nude-stuhl-fur-das-esszimmer-in-eiche\/\" target=\"_self\" class=\"button primary\"  style=\"border-radius:10px;\">\n    <span>Ich kaufe den Stuhl<\/span>\n  <\/a>\n\n\n<a href=\"https:\/\/nordicdesignshop.lu\/quote-chairs\/\" target=\"_self\" class=\"button primary\"  style=\"border-radius:10px;\">\n    <span>Ich m\u00f6chte ein Angebot<\/span>\n  <\/a>\n\n\n\n\t\t<\/div>\n\t\t\t\t\n<style>\n#col-298936865 > .col-inner {\n  padding: 5% 5% 5% 5%;\n}\n<\/style>\n\t<\/div>\n\n\t\n\n<\/div>\n\n","protected":false},"excerpt":{"rendered":"","protected":false},"author":3,"featured_media":0,"parent":0,"menu_order":0,"comment_status":"closed","ping_status":"closed","template":"","meta":{"content-type":"","footnotes":""},"class_list":["post-2735","page","type-page","status-publish","hentry"],"yoast_head":"<!-- This site is optimized with the Yoast SEO plugin v23.1 - https:\/\/yoast.com\/wordpress\/plugins\/seo\/ -->\n<title>Entdecken Sie den NUDE Stuhl - Nordic Design Shop<\/title>\n<meta name=\"robots\" content=\"index, follow, max-snippet:-1, max-image-preview:large, max-video-preview:-1\" \/>\n<link rel=\"canonical\" href=\"https:\/\/nordicdesignshop.lu\/de\/entdecken-sie-den-nude-stuhl\/\" \/>\n<meta property=\"og:locale\" content=\"de_DE\" \/>\n<meta property=\"og:type\" content=\"article\" \/>\n<meta property=\"og:title\" content=\"Entdecken Sie den NUDE Stuhl - Nordic Design Shop\" \/>\n<meta property=\"og:url\" content=\"https:\/\/nordicdesignshop.lu\/de\/entdecken-sie-den-nude-stuhl\/\" \/>\n<meta property=\"og:site_name\" content=\"Nordic Design Shop\" \/>\n<meta property=\"article:publisher\" content=\"https:\/\/www.facebook.com\/NordicDesignShop\/\" \/>\n<meta property=\"article:modified_time\" content=\"2021-06-22T11:58:16+00:00\" \/>\n<meta property=\"og:image\" content=\"https:\/\/nordicdesignshop.lu\/wp-content\/uploads\/2021\/03\/cropped-Sans-titre-1.jpg\" \/>\n\t<meta property=\"og:image:width\" content=\"512\" \/>\n\t<meta property=\"og:image:height\" content=\"512\" \/>\n\t<meta property=\"og:image:type\" content=\"image\/jpeg\" \/>\n<meta name=\"twitter:card\" content=\"summary_large_image\" \/>\n<meta name=\"twitter:label1\" content=\"Gesch\u00e4tzte Lesezeit\" \/>\n\t<meta name=\"twitter:data1\" content=\"1\u00a0Minute\" \/>\n<script type=\"application\/ld+json\" class=\"yoast-schema-graph\">{\"@context\":\"https:\/\/schema.org\",\"@graph\":[{\"@type\":\"WebPage\",\"@id\":\"https:\/\/nordicdesignshop.lu\/de\/entdecken-sie-den-nude-stuhl\/\",\"url\":\"https:\/\/nordicdesignshop.lu\/de\/entdecken-sie-den-nude-stuhl\/\",\"name\":\"Entdecken Sie den NUDE Stuhl - Nordic Design Shop\",\"isPartOf\":{\"@id\":\"https:\/\/nordicdesignshop.lu\/de\/#website\"},\"datePublished\":\"2021-06-22T11:53:07+00:00\",\"dateModified\":\"2021-06-22T11:58:16+00:00\",\"breadcrumb\":{\"@id\":\"https:\/\/nordicdesignshop.lu\/de\/entdecken-sie-den-nude-stuhl\/#breadcrumb\"},\"inLanguage\":\"de\",\"potentialAction\":[{\"@type\":\"ReadAction\",\"target\":[\"https:\/\/nordicdesignshop.lu\/de\/entdecken-sie-den-nude-stuhl\/\"]}]},{\"@type\":\"BreadcrumbList\",\"@id\":\"https:\/\/nordicdesignshop.lu\/de\/entdecken-sie-den-nude-stuhl\/#breadcrumb\",\"itemListElement\":[{\"@type\":\"ListItem\",\"position\":1,\"name\":\"Accueil\",\"item\":\"https:\/\/nordicdesignshop.lu\/de\/\"},{\"@type\":\"ListItem\",\"position\":2,\"name\":\"Entdecken Sie den NUDE Stuhl\"}]},{\"@type\":\"WebSite\",\"@id\":\"https:\/\/nordicdesignshop.lu\/de\/#website\",\"url\":\"https:\/\/nordicdesignshop.lu\/de\/\",\"name\":\"Nordic Design Shop\",\"description\":\"Drop | Jacuzzi | Spa\",\"publisher\":{\"@id\":\"https:\/\/nordicdesignshop.lu\/de\/#organization\"},\"potentialAction\":[{\"@type\":\"SearchAction\",\"target\":{\"@type\":\"EntryPoint\",\"urlTemplate\":\"https:\/\/nordicdesignshop.lu\/de\/?s={search_term_string}\"},\"query-input\":\"required name=search_term_string\"}],\"inLanguage\":\"de\"},{\"@type\":\"Organization\",\"@id\":\"https:\/\/nordicdesignshop.lu\/de\/#organization\",\"name\":\"Nordic Design Shop\",\"url\":\"https:\/\/nordicdesignshop.lu\/de\/\",\"logo\":{\"@type\":\"ImageObject\",\"inLanguage\":\"de\",\"@id\":\"https:\/\/nordicdesignshop.lu\/de\/#\/schema\/logo\/image\/\",\"url\":\"https:\/\/nordicdesignshop.lu\/wp-content\/uploads\/2021\/03\/cropped-Sans-titre-1.jpg\",\"contentUrl\":\"https:\/\/nordicdesignshop.lu\/wp-content\/uploads\/2021\/03\/cropped-Sans-titre-1.jpg\",\"width\":512,\"height\":512,\"caption\":\"Nordic Design Shop\"},\"image\":{\"@id\":\"https:\/\/nordicdesignshop.lu\/de\/#\/schema\/logo\/image\/\"},\"sameAs\":[\"https:\/\/www.facebook.com\/NordicDesignShop\/\",\"https:\/\/www.instagram.com\/Nordic_designshop\/\",\"https:\/\/www.linkedin.com\/company\/nordic-design-shop\/\",\"https:\/\/www.youtube.com\/channel\/UCujh54MhpwQ2rXYscjfdN5Q\"]}]}<\/script>\n<!-- \/ Yoast SEO plugin. -->","yoast_head_json":{"title":"Entdecken Sie den NUDE Stuhl - Nordic Design Shop","robots":{"index":"index","follow":"follow","max-snippet":"max-snippet:-1","max-image-preview":"max-image-preview:large","max-video-preview":"max-video-preview:-1"},"canonical":"https:\/\/nordicdesignshop.lu\/de\/entdecken-sie-den-nude-stuhl\/","og_locale":"de_DE","og_type":"article","og_title":"Entdecken Sie den NUDE Stuhl - Nordic Design Shop","og_url":"https:\/\/nordicdesignshop.lu\/de\/entdecken-sie-den-nude-stuhl\/","og_site_name":"Nordic Design Shop","article_publisher":"https:\/\/www.facebook.com\/NordicDesignShop\/","article_modified_time":"2021-06-22T11:58:16+00:00","og_image":[{"width":512,"height":512,"url":"https:\/\/nordicdesignshop.lu\/wp-content\/uploads\/2021\/03\/cropped-Sans-titre-1.jpg","type":"image\/jpeg"}],"twitter_card":"summary_large_image","twitter_misc":{"Gesch\u00e4tzte Lesezeit":"1\u00a0Minute"},"schema":{"@context":"https:\/\/schema.org","@graph":[{"@type":"WebPage","@id":"https:\/\/nordicdesignshop.lu\/de\/entdecken-sie-den-nude-stuhl\/","url":"https:\/\/nordicdesignshop.lu\/de\/entdecken-sie-den-nude-stuhl\/","name":"Entdecken Sie den NUDE Stuhl - Nordic Design Shop","isPartOf":{"@id":"https:\/\/nordicdesignshop.lu\/de\/#website"},"datePublished":"2021-06-22T11:53:07+00:00","dateModified":"2021-06-22T11:58:16+00:00","breadcrumb":{"@id":"https:\/\/nordicdesignshop.lu\/de\/entdecken-sie-den-nude-stuhl\/#breadcrumb"},"inLanguage":"de","potentialAction":[{"@type":"ReadAction","target":["https:\/\/nordicdesignshop.lu\/de\/entdecken-sie-den-nude-stuhl\/"]}]},{"@type":"BreadcrumbList","@id":"https:\/\/nordicdesignshop.lu\/de\/entdecken-sie-den-nude-stuhl\/#breadcrumb","itemListElement":[{"@type":"ListItem","position":1,"name":"Accueil","item":"https:\/\/nordicdesignshop.lu\/de\/"},{"@type":"ListItem","position":2,"name":"Entdecken Sie den NUDE Stuhl"}]},{"@type":"WebSite","@id":"https:\/\/nordicdesignshop.lu\/de\/#website","url":"https:\/\/nordicdesignshop.lu\/de\/","name":"Nordic Design Shop","description":"Drop | Jacuzzi | Spa","publisher":{"@id":"https:\/\/nordicdesignshop.lu\/de\/#organization"},"potentialAction":[{"@type":"SearchAction","target":{"@type":"EntryPoint","urlTemplate":"https:\/\/nordicdesignshop.lu\/de\/?s={search_term_string}"},"query-input":"required name=search_term_string"}],"inLanguage":"de"},{"@type":"Organization","@id":"https:\/\/nordicdesignshop.lu\/de\/#organization","name":"Nordic Design Shop","url":"https:\/\/nordicdesignshop.lu\/de\/","logo":{"@type":"ImageObject","inLanguage":"de","@id":"https:\/\/nordicdesignshop.lu\/de\/#\/schema\/logo\/image\/","url":"https:\/\/nordicdesignshop.lu\/wp-content\/uploads\/2021\/03\/cropped-Sans-titre-1.jpg","contentUrl":"https:\/\/nordicdesignshop.lu\/wp-content\/uploads\/2021\/03\/cropped-Sans-titre-1.jpg","width":512,"height":512,"caption":"Nordic Design Shop"},"image":{"@id":"https:\/\/nordicdesignshop.lu\/de\/#\/schema\/logo\/image\/"},"sameAs":["https:\/\/www.facebook.com\/NordicDesignShop\/","https:\/\/www.instagram.com\/Nordic_designshop\/","https:\/\/www.linkedin.com\/company\/nordic-design-shop\/","https:\/\/www.youtube.com\/channel\/UCujh54MhpwQ2rXYscjfdN5Q"]}]}},"_links":{"self":[{"href":"https:\/\/nordicdesignshop.lu\/de\/wp-json\/wp\/v2\/pages\/2735","targetHints":{"allow":["GET"]}}],"collection":[{"href":"https:\/\/nordicdesignshop.lu\/de\/wp-json\/wp\/v2\/pages"}],"about":[{"href":"https:\/\/nordicdesignshop.lu\/de\/wp-json\/wp\/v2\/types\/page"}],"author":[{"embeddable":true,"href":"https:\/\/nordicdesignshop.lu\/de\/wp-json\/wp\/v2\/users\/3"}],"replies":[{"embeddable":true,"href":"https:\/\/nordicdesignshop.lu\/de\/wp-json\/wp\/v2\/comments?post=2735"}],"version-history":[{"count":4,"href":"https:\/\/nordicdesignshop.lu\/de\/wp-json\/wp\/v2\/pages\/2735\/revisions"}],"predecessor-version":[{"id":2740,"href":"https:\/\/nordicdesignshop.lu\/de\/wp-json\/wp\/v2\/pages\/2735\/revisions\/2740"}],"wp:attachment":[{"href":"https:\/\/nordicdesignshop.lu\/de\/wp-json\/wp\/v2\/media?parent=2735"}],"curies":[{"name":"wp","href":"https:\/\/api.w.org\/{rel}","templated":true}]}}