{"id":1958,"date":"2021-03-15T20:22:00","date_gmt":"2021-03-15T19:22:00","guid":{"rendered":"https:\/\/nordicdesignshop.lu\/legal-disclaimer\/"},"modified":"2021-03-15T21:04:38","modified_gmt":"2021-03-15T20:04:38","slug":"legal-disclaimer","status":"publish","type":"page","link":"https:\/\/nordicdesignshop.lu\/de\/legal-disclaimer\/","title":{"rendered":"Legal disclaimer"},"content":{"rendered":"\n<h1 style=\"text-align: center;\"><strong>Haftungsausschluss<\/strong><\/h1>\n<p><strong>Nordic Design Shop Sarl<\/strong><br \/>\nCEO; Matias M\u00e4enp\u00e4\u00e4 &amp; Lucien Douwes<br \/>\nKapital 12 000 \u20ac<br \/>\nNiederlassung:<br \/>\n37, GRAND-RUE<br \/>\nL-9905 TROISVIERGES<br \/>\nMwSt.: LU32781023<br \/>\nEingetragen im Luxemburger Handelsregister unter die Nummer B250869<br \/>\nNiederlassungsgenehmigung n\u00b010125092\/0<br \/>\nMatricule : 2021 2401 316<\/p>\n<p><strong><u>Rahmenbedingungen f\u00fcr die Nutzung der Webseite und der angebotenen Dienste<\/u><\/strong><br \/>\nDie Nutzung der Webseite <a href=\"https:\/\/www.nordicdesignshop.lu\">https:\/\/www.nordicdesignshop.lu<\/a> (nachstehend der \u201cWebseite\u201d) beinhaltet die vorbehaltlose Akzeptanz der Rahmenbedingungen der Nutzung und der unten beschriebenen Warnhinweise. Diese Bedingungen k\u00f6nnen jederzeit ge\u00e4ndert oder erg\u00e4nzt werden, daher werden die Nutzer der Webseite gebeten, sie regelm\u00e4\u00dfig zu konsultieren.<\/p>\n<p><strong><u>Beschreibung der gebotenen Dienste<\/u><\/strong><br \/>\nDiese Webseite ist f\u00fcr Kunden von Nordic Design Shop und jede Person bestimmt, die an den Produkten und\/oder Diensten interessiert ist, die von Nordic Design Shop angeboten werden. Ihr Zweck ist es, Informationen \u00fcber alle Aktivit\u00e4ten von Nordic Design Shop zu liefern.<br \/>\nAlle Informationen, die auf der Webseite angegeben werden, werden indikativisch gegeben und k\u00f6nnen sich \u00e4ndern. Au\u00dferdem sind die Informationen, die auf der Webseite erw\u00e4hnt werden, nicht ersch\u00f6pfend. Sie werden ohne Vorbehalt jeglicher \u00c4nderungen gegeben, die seit der Zeit, zu der sie online gestellt wurden, vorgenommen wurden.<\/p>\n<p><strong><u>Copyright und geistiges Eigentum<\/u><\/strong><br \/>\nDiese Pr\u00e4sentation und der Inhalt der Webseite, einschlie\u00dflich, ohne Begrenzung, des Namens und der Logos von Nordic Design Shop, des Textes, der Bilder, Fotos und\/oder Videos, kommerzieller Namen, Datenbanken, Produkte und Slogans, die zusammen oder separat ein Werk umfassen, das durch Copyright gesch\u00fctzt ist und Nordic Design Shop geh\u00f6rt.<\/p>\n<p><strong><u>Nutzung von Cookies<\/u><\/strong><br \/>\nDas Surfen auf der Webseite mag die Installation von einem oder mehrerem Cookies auf dem Computer des Nutzers erfordern. Ein Cookie ist eine kleine Textdatei, die nicht den Nutzer identifiziert, aber Informationen aufzeichnet, die das Surfverhalten eines Computers im Internet betreffen. Die Daten, die durch Cookies gewonnen werden, sind dazu gedacht, sp\u00e4teres Surfen auf der Webseite zu erleichtern. Wenn Sie keine Cookies von unserer Seite zulassen m\u00f6chten, k\u00f6nnen Sie sie in den Einstellungen Ihres Browsers blockieren oder l\u00f6schen. Beachten Sie jedoch, dass Ihr Surfen unterbrochen werden kann, wenn Sie beschlie\u00dfen, Cookies von unserer Webseite zu blockieren.<\/p>\n<p><strong><u>Links zu Webseiten Dritter<\/u><\/strong><br \/>\nDiese Webseite postet regelm\u00e4\u00dfig Links, die zu Webseiten Dritter f\u00fchren, die nicht unter der Kontrolle von Nordic Design Shop sind, die als solche jegliche Verantwortung, die ihre Verf\u00fcgbarkeit oder ihren Inhalt betrifft, ablehnt.<\/p>\n<p><strong><u>Haftungsbegrenzung<\/u><\/strong><br \/>\nObwohl die Informationen, die auf der Webseite pr\u00e4sentiert werden, f\u00fcr genau und aktuell gehalten werden, k\u00f6nnen trotzdem Fehler passieren. Nordic Design Shop garantiert nicht die Genauigkeit, Verl\u00e4sslichkeit oder Ausf\u00fchrlichkeit jeglicher Informationen, die direkt oder indirekt auf der Webseite bezogen werden und lehnt jede Haftung im Falle von Fehler oder Auslassung ab. Die Informationen, die kommuniziert oder von der Seite heruntergeladen werden, haben keinen vertraglichen Wert.<\/p>\n<p><strong><u>Anwendbares Recht und Gerichtsbarkeit<\/u><\/strong><br \/>\nDie NordicDesignShop-Webseite ist Gegenstand Luxemburger Rechts und f\u00e4llt unter die ausschlie\u00dfliche Zust\u00e4ndigkeit von Luxemburger Gerichten.<\/p>\n\n","protected":false},"excerpt":{"rendered":"","protected":false},"author":7,"featured_media":0,"parent":0,"menu_order":0,"comment_status":"closed","ping_status":"closed","template":"","meta":{"content-type":"","footnotes":""},"class_list":["post-1958","page","type-page","status-publish","hentry"],"yoast_head":"<!-- This site is optimized with the Yoast SEO plugin v23.1 - https:\/\/yoast.com\/wordpress\/plugins\/seo\/ -->\n<title>Legal disclaimer - Nordic Design Shop<\/title>\n<meta name=\"robots\" content=\"index, follow, max-snippet:-1, max-image-preview:large, max-video-preview:-1\" \/>\n<link rel=\"canonical\" href=\"https:\/\/nordicdesignshop.lu\/de\/legal-disclaimer\/\" \/>\n<meta property=\"og:locale\" content=\"de_DE\" \/>\n<meta property=\"og:type\" content=\"article\" \/>\n<meta property=\"og:title\" content=\"Legal disclaimer - Nordic Design Shop\" \/>\n<meta property=\"og:url\" content=\"https:\/\/nordicdesignshop.lu\/de\/legal-disclaimer\/\" \/>\n<meta property=\"og:site_name\" content=\"Nordic Design Shop\" \/>\n<meta property=\"article:publisher\" content=\"https:\/\/www.facebook.com\/NordicDesignShop\/\" \/>\n<meta property=\"article:modified_time\" content=\"2021-03-15T20:04:38+00:00\" \/>\n<meta property=\"og:image\" content=\"https:\/\/nordicdesignshop.lu\/wp-content\/uploads\/2021\/03\/cropped-Sans-titre-1.jpg\" \/>\n\t<meta property=\"og:image:width\" content=\"512\" \/>\n\t<meta property=\"og:image:height\" content=\"512\" \/>\n\t<meta property=\"og:image:type\" content=\"image\/jpeg\" \/>\n<meta name=\"twitter:card\" content=\"summary_large_image\" \/>\n<meta name=\"twitter:label1\" content=\"Gesch\u00e4tzte Lesezeit\" \/>\n\t<meta name=\"twitter:data1\" content=\"2\u00a0Minuten\" \/>\n<script type=\"application\/ld+json\" class=\"yoast-schema-graph\">{\"@context\":\"https:\/\/schema.org\",\"@graph\":[{\"@type\":\"WebPage\",\"@id\":\"https:\/\/nordicdesignshop.lu\/de\/legal-disclaimer\/\",\"url\":\"https:\/\/nordicdesignshop.lu\/de\/legal-disclaimer\/\",\"name\":\"Legal disclaimer - Nordic Design Shop\",\"isPartOf\":{\"@id\":\"https:\/\/nordicdesignshop.lu\/de\/#website\"},\"datePublished\":\"2021-03-15T19:22:00+00:00\",\"dateModified\":\"2021-03-15T20:04:38+00:00\",\"breadcrumb\":{\"@id\":\"https:\/\/nordicdesignshop.lu\/de\/legal-disclaimer\/#breadcrumb\"},\"inLanguage\":\"de\",\"potentialAction\":[{\"@type\":\"ReadAction\",\"target\":[\"https:\/\/nordicdesignshop.lu\/de\/legal-disclaimer\/\"]}]},{\"@type\":\"BreadcrumbList\",\"@id\":\"https:\/\/nordicdesignshop.lu\/de\/legal-disclaimer\/#breadcrumb\",\"itemListElement\":[{\"@type\":\"ListItem\",\"position\":1,\"name\":\"Accueil\",\"item\":\"https:\/\/nordicdesignshop.lu\/de\/\"},{\"@type\":\"ListItem\",\"position\":2,\"name\":\"Legal disclaimer\"}]},{\"@type\":\"WebSite\",\"@id\":\"https:\/\/nordicdesignshop.lu\/de\/#website\",\"url\":\"https:\/\/nordicdesignshop.lu\/de\/\",\"name\":\"Nordic Design Shop\",\"description\":\"Drop | Jacuzzi | Spa\",\"publisher\":{\"@id\":\"https:\/\/nordicdesignshop.lu\/de\/#organization\"},\"potentialAction\":[{\"@type\":\"SearchAction\",\"target\":{\"@type\":\"EntryPoint\",\"urlTemplate\":\"https:\/\/nordicdesignshop.lu\/de\/?s={search_term_string}\"},\"query-input\":\"required name=search_term_string\"}],\"inLanguage\":\"de\"},{\"@type\":\"Organization\",\"@id\":\"https:\/\/nordicdesignshop.lu\/de\/#organization\",\"name\":\"Nordic Design Shop\",\"url\":\"https:\/\/nordicdesignshop.lu\/de\/\",\"logo\":{\"@type\":\"ImageObject\",\"inLanguage\":\"de\",\"@id\":\"https:\/\/nordicdesignshop.lu\/de\/#\/schema\/logo\/image\/\",\"url\":\"https:\/\/nordicdesignshop.lu\/wp-content\/uploads\/2021\/03\/cropped-Sans-titre-1.jpg\",\"contentUrl\":\"https:\/\/nordicdesignshop.lu\/wp-content\/uploads\/2021\/03\/cropped-Sans-titre-1.jpg\",\"width\":512,\"height\":512,\"caption\":\"Nordic Design Shop\"},\"image\":{\"@id\":\"https:\/\/nordicdesignshop.lu\/de\/#\/schema\/logo\/image\/\"},\"sameAs\":[\"https:\/\/www.facebook.com\/NordicDesignShop\/\",\"https:\/\/www.instagram.com\/Nordic_designshop\/\",\"https:\/\/www.linkedin.com\/company\/nordic-design-shop\/\",\"https:\/\/www.youtube.com\/channel\/UCujh54MhpwQ2rXYscjfdN5Q\"]}]}<\/script>\n<!-- \/ Yoast SEO plugin. -->","yoast_head_json":{"title":"Legal disclaimer - Nordic Design Shop","robots":{"index":"index","follow":"follow","max-snippet":"max-snippet:-1","max-image-preview":"max-image-preview:large","max-video-preview":"max-video-preview:-1"},"canonical":"https:\/\/nordicdesignshop.lu\/de\/legal-disclaimer\/","og_locale":"de_DE","og_type":"article","og_title":"Legal disclaimer - Nordic Design Shop","og_url":"https:\/\/nordicdesignshop.lu\/de\/legal-disclaimer\/","og_site_name":"Nordic Design Shop","article_publisher":"https:\/\/www.facebook.com\/NordicDesignShop\/","article_modified_time":"2021-03-15T20:04:38+00:00","og_image":[{"width":512,"height":512,"url":"https:\/\/nordicdesignshop.lu\/wp-content\/uploads\/2021\/03\/cropped-Sans-titre-1.jpg","type":"image\/jpeg"}],"twitter_card":"summary_large_image","twitter_misc":{"Gesch\u00e4tzte Lesezeit":"2\u00a0Minuten"},"schema":{"@context":"https:\/\/schema.org","@graph":[{"@type":"WebPage","@id":"https:\/\/nordicdesignshop.lu\/de\/legal-disclaimer\/","url":"https:\/\/nordicdesignshop.lu\/de\/legal-disclaimer\/","name":"Legal disclaimer - Nordic Design Shop","isPartOf":{"@id":"https:\/\/nordicdesignshop.lu\/de\/#website"},"datePublished":"2021-03-15T19:22:00+00:00","dateModified":"2021-03-15T20:04:38+00:00","breadcrumb":{"@id":"https:\/\/nordicdesignshop.lu\/de\/legal-disclaimer\/#breadcrumb"},"inLanguage":"de","potentialAction":[{"@type":"ReadAction","target":["https:\/\/nordicdesignshop.lu\/de\/legal-disclaimer\/"]}]},{"@type":"BreadcrumbList","@id":"https:\/\/nordicdesignshop.lu\/de\/legal-disclaimer\/#breadcrumb","itemListElement":[{"@type":"ListItem","position":1,"name":"Accueil","item":"https:\/\/nordicdesignshop.lu\/de\/"},{"@type":"ListItem","position":2,"name":"Legal disclaimer"}]},{"@type":"WebSite","@id":"https:\/\/nordicdesignshop.lu\/de\/#website","url":"https:\/\/nordicdesignshop.lu\/de\/","name":"Nordic Design Shop","description":"Drop | Jacuzzi | Spa","publisher":{"@id":"https:\/\/nordicdesignshop.lu\/de\/#organization"},"potentialAction":[{"@type":"SearchAction","target":{"@type":"EntryPoint","urlTemplate":"https:\/\/nordicdesignshop.lu\/de\/?s={search_term_string}"},"query-input":"required name=search_term_string"}],"inLanguage":"de"},{"@type":"Organization","@id":"https:\/\/nordicdesignshop.lu\/de\/#organization","name":"Nordic Design Shop","url":"https:\/\/nordicdesignshop.lu\/de\/","logo":{"@type":"ImageObject","inLanguage":"de","@id":"https:\/\/nordicdesignshop.lu\/de\/#\/schema\/logo\/image\/","url":"https:\/\/nordicdesignshop.lu\/wp-content\/uploads\/2021\/03\/cropped-Sans-titre-1.jpg","contentUrl":"https:\/\/nordicdesignshop.lu\/wp-content\/uploads\/2021\/03\/cropped-Sans-titre-1.jpg","width":512,"height":512,"caption":"Nordic Design Shop"},"image":{"@id":"https:\/\/nordicdesignshop.lu\/de\/#\/schema\/logo\/image\/"},"sameAs":["https:\/\/www.facebook.com\/NordicDesignShop\/","https:\/\/www.instagram.com\/Nordic_designshop\/","https:\/\/www.linkedin.com\/company\/nordic-design-shop\/","https:\/\/www.youtube.com\/channel\/UCujh54MhpwQ2rXYscjfdN5Q"]}]}},"_links":{"self":[{"href":"https:\/\/nordicdesignshop.lu\/de\/wp-json\/wp\/v2\/pages\/1958","targetHints":{"allow":["GET"]}}],"collection":[{"href":"https:\/\/nordicdesignshop.lu\/de\/wp-json\/wp\/v2\/pages"}],"about":[{"href":"https:\/\/nordicdesignshop.lu\/de\/wp-json\/wp\/v2\/types\/page"}],"author":[{"embeddable":true,"href":"https:\/\/nordicdesignshop.lu\/de\/wp-json\/wp\/v2\/users\/7"}],"replies":[{"embeddable":true,"href":"https:\/\/nordicdesignshop.lu\/de\/wp-json\/wp\/v2\/comments?post=1958"}],"version-history":[{"count":2,"href":"https:\/\/nordicdesignshop.lu\/de\/wp-json\/wp\/v2\/pages\/1958\/revisions"}],"predecessor-version":[{"id":1973,"href":"https:\/\/nordicdesignshop.lu\/de\/wp-json\/wp\/v2\/pages\/1958\/revisions\/1973"}],"wp:attachment":[{"href":"https:\/\/nordicdesignshop.lu\/de\/wp-json\/wp\/v2\/media?parent=1958"}],"curies":[{"name":"wp","href":"https:\/\/api.w.org\/{rel}","templated":true}]}}