{"id":10777,"date":"2022-12-13T14:26:25","date_gmt":"2022-12-13T13:26:25","guid":{"rendered":"https:\/\/nordicdesignshop.lu\/sera-helsinki\/"},"modified":"2023-02-28T20:22:57","modified_gmt":"2023-02-28T19:22:57","slug":"sera-helsinki","status":"publish","type":"page","link":"https:\/\/nordicdesignshop.lu\/de\/sera-helsinki\/","title":{"rendered":"SERA HELSINKI DIE MARKE F\u00dcR DESIGNTEPPICHE UND 100 % NATUR"},"content":{"rendered":"\n  <div id=\"page-header-1055059790\" class=\"page-header-wrapper\">\n  <div class=\"page-title clean-header dark featured-title has-parallax\">\n\n        <div class=\"page-title-bg\">\n      <div class=\"title-bg fill bg-fill\"\n        data-parallax-container=\".page-title\"\n        data-parallax-background\n        data-parallax=\"-6\">\n      <\/div>\n      <div class=\"title-overlay fill\"><\/div>\n    <\/div>\n    \n    <div class=\"page-title-inner container align-center text-center flex-row-col medium-flex-wrap\" data-parallax-fade=\"true\" data-parallax=\"-4\">\n              <div class=\"title-wrapper is-xxlarge flex-col\">\n          <h1 class=\"entry-title mb-0\">\n            SERA HELSINKI<br\/>DIE MARKE F\u00dcR DESIGNTEPPICHE UND 100 % NATUR          <\/h1>\n        <\/div>\n                    <div class=\"title-content flex-col\">\n              <\/div>\n    <\/div>\n\n     \n<style>\n#page-header-1055059790 .page-title-inner {\n  min-height: 600px;\n}\n#page-header-1055059790 {\n  margin-bottom: 50px;\n}\n#page-header-1055059790 .title-bg {\n  background-image: url(https:\/\/nordicdesignshop.lu\/wp-content\/uploads\/2022\/12\/Sera_Banneri.jpg);\n}\n#page-header-1055059790 .featured-title {\n  background-color: rgb(255,255,255);\n}\n<\/style>\n  <\/div>\n    <\/div>\n  \n\n<div class=\"row\"  id=\"row-1548185533\">\n\n\n\t<div id=\"col-304051272\" class=\"col small-12 large-12\"  >\n\t\t\t\t<div class=\"col-inner text-center\"  >\n\t\t\t\n\t\t\t\n\n\t<div id=\"text-3666804208\" class=\"text\">\n\t\t\n\n<p>Im skandinavischen Design verleihen Teppiche der Inneneinrichtung eine einzigartige Note und sorgen f\u00fcr ein warmes Ambiente. Helle Farben und schlichte Muster erinnern an die nordische Natur.<\/p>\n<p>Sera Helsinki bietet Teppiche aus reiner Schafwolle, vollst\u00e4ndig handgefertigt. Die Inklusivmarke wurde 2016 von Anna Suoheimo in \u00c4thiopien gegr\u00fcndet, dem Land, zu dem die Gr\u00fcnderin eine starke Bindung aufgebaut hat. Sie verbindet finnische Inspiration mit traditioneller \u00e4thiopischer Handwerkskunst. Das Hauptziel der Marke ist es, zum Wandel hin zu einer integrativeren Gesellschaft beizutragen. Ihre revolution\u00e4re Idee entstand aus der Liebe zu Design und Kunsthandwerk. Die St\u00e4rkung von Menschen mit Behinderungen, die in extremer Armut leben, bleibt ihre gr\u00f6\u00dfte Motivation.<\/p>\n<p><a href=\"tel:+35227808988\">Kontaktieren Sie uns<\/a>, um weitere Informationen \u00fcber die Teppiche von Sera Helsinki zu erhalten oder um einen Termin f\u00fcr einen Besuch im Showroom in Luxemburg-Stadt zu vereinbaren. Wenn wir Ihre Kontaktdaten weitergeben, werden wir uns so schnell wie m\u00f6glich mit Ihnen in Verbindung setzen.<\/p>\n\t\t\n<style>\n#text-3666804208 {\n  font-size: 1rem;\n  text-align: left;\n}\n<\/style>\n\t<\/div>\n\t\n\t<div id=\"text-4290407179\" class=\"text\">\n\t\t\n\n<p style=\"text-align: center;\">\n\t\t\t\t\t\t<script>\n\t\t\t\t\t\t\twindow.hsFormsOnReady = window.hsFormsOnReady || [];\n\t\t\t\t\t\t\twindow.hsFormsOnReady.push(()=>{\n\t\t\t\t\t\t\t\thbspt.forms.create({\n\t\t\t\t\t\t\t\t\tportalId: 20023619,\n\t\t\t\t\t\t\t\t\tformId: \"28433cb5-f652-4753-bd66-2c77423965ce\",\n\t\t\t\t\t\t\t\t\ttarget: \"#hbspt-form-1776172490000-2236894605\",\n\t\t\t\t\t\t\t\t\tregion: \"na1\",\n\t\t\t\t\t\t\t\t\t\n\t\t\t\t\t\t\t})});\n\t\t\t\t\t\t<\/script>\n\t\t\t\t\t\t<div class=\"hbspt-form\" id=\"hbspt-form-1776172490000-2236894605\"><\/div>\n\t\t\n<style>\n#text-4290407179 {\n  text-align: center;\n}\n<\/style>\n\t<\/div>\n\t\n\n\t\t<\/div>\n\t\t\t\t\n<style>\n#col-304051272 > .col-inner {\n  margin: 12px 0px 16px 0px;\n}\n<\/style>\n\t<\/div>\n\n\t\n\n<\/div>\n<div class=\"row align-middle\"  id=\"row-220042552\">\n\n\n\t<div id=\"col-1390047721\" class=\"col medium-6 small-12 large-6\"  >\n\t\t\t\t<div class=\"col-inner\"  >\n\t\t\t\n\t\t\t\n\n\t<div class=\"img has-hover x md-x lg-x y md-y lg-y\" id=\"image_440762536\">\n\t\t\t\t\t\t<div data-animate=\"blurIn\">\t\t<div class=\"img-inner dark\" >\n\t\t\t<img loading=\"lazy\" decoding=\"async\" width=\"800\" height=\"600\" src=\"https:\/\/nordicdesignshop.lu\/wp-content\/uploads\/2022\/12\/Sera_1.jpg\" class=\"attachment-large size-large\" alt=\"\" srcset=\"https:\/\/nordicdesignshop.lu\/wp-content\/uploads\/2022\/12\/Sera_1.jpg 800w, https:\/\/nordicdesignshop.lu\/wp-content\/uploads\/2022\/12\/Sera_1-533x400.jpg 533w, https:\/\/nordicdesignshop.lu\/wp-content\/uploads\/2022\/12\/Sera_1-768x576.jpg 768w\" sizes=\"auto, (max-width: 800px) 100vw, 800px\" \/>\t\t\t\t\t\t\n\t\t\t\t\t<\/div>\n\t\t<\/div>\t\t\t\t\t\t\n<style>\n#image_440762536 {\n  width: 100%;\n}\n<\/style>\n\t<\/div>\n\t\n\n\n\t\t<\/div>\n\t\t\t\t\t<\/div>\n\n\t\n\n\t<div id=\"col-938949487\" class=\"col medium-6 small-12 large-6\"  >\n\t\t\t\t<div class=\"col-inner\"  >\n\t\t\t\n\t\t\t\n\n\t<div id=\"text-1170693957\" class=\"text\">\n\t\t\n\n<h2 style=\"text-align: center;\">SERA HELSINKI: EINE ETHISCHE UND \u00d6KOLOGISCH VERANTWORTLICHE MARKE<\/h2>\n<p align=\"justify\">Der Schwerpunkt der Marke liegt auf skandinavischem Design, authentischen Materialien und ihrer Nachhaltigkeit. Die Teppiche sind in einem minimalistischen und zeitlosen skandinavischen Design gestaltet, um langlebige und funktionale Produkte anzubieten. Die einfachen Linien und hellen Farbt\u00f6ne f\u00fcgen sich nat\u00fcrlich in die Wohnr\u00e4ume ein. Die Teppiche bestehen aus reiner Schafwolle und sind frei von Chemikalien. Dieser ethische und umweltbewusste Ansatz hat seine Wurzeln im \u00e4thiopischen Handwerkserbe.<\/p>\n\t\t\n<style>\n#text-1170693957 {\n  font-size: 1rem;\n  line-height: 1.85;\n  text-align: center;\n}\n<\/style>\n\t<\/div>\n\t\n\n\t\t<\/div>\n\t\t\t\t\t<\/div>\n\n\t\n\n\n<style>\n#row-220042552 > .col > .col-inner {\n  padding: 30px 0px 30px 0px;\n}\n<\/style>\n<\/div>\n<div class=\"row align-middle mobile-reverse-column\"  id=\"row-572946040\">\n\n\n\t<div id=\"col-33132727\" class=\"col medium-6 small-12 large-6\"  >\n\t\t\t\t<div class=\"col-inner\"  >\n\t\t\t\n\t\t\t\n\n\t<div id=\"text-1539918153\" class=\"text\">\n\t\t\n\n<h2 style=\"text-align: center;\">EINE TRANSPARENTE PRODUKTIONSKETTE<\/h2>\n<p align=\"justify\">Die verwendeten Materialien sind nat\u00fcrlichen und biologischen Ursprungs. Die Wolle stammt von Schafen, die im Freien von Hirten gehalten werden, die im Hochland von \u00c4thiopien leben. Es handelt sich dabei gr\u00f6\u00dftenteils um Menschen mit eingeschr\u00e4nkter Mobilit\u00e4t. Das Spinnen erfolgt in l\u00e4ndlichen D\u00f6rfern und unter Einhaltung der althergebrachten \u00e4thiopischen Traditionen. Das Weben wird in lokalen Werkst\u00e4tten durchgef\u00fchrt. Die Weberinnen wurden in den verschiedenen Techniken des Webens von Wollfasern ausgebildet.<\/p>\n<p align=\"justify\">Als Beweis f\u00fcr die Transparenz k\u00f6nnen die Kunden der Marke in einem Video sehen, wie ihr Teppich hergestellt wird.<\/p>\n\t\t\n<style>\n#text-1539918153 {\n  font-size: 1rem;\n}\n<\/style>\n\t<\/div>\n\t\n\n\t\t<\/div>\n\t\t\t\t\t<\/div>\n\n\t\n\n\t<div id=\"col-1418860510\" class=\"col medium-6 small-12 large-6 small-col-first\"  >\n\t\t\t\t<div class=\"col-inner\"  >\n\t\t\t\n\t\t\t\n\n\t<div class=\"img has-hover x md-x lg-x y md-y lg-y\" id=\"image_329863932\">\n\t\t\t\t\t\t<div data-animate=\"blurIn\">\t\t<div class=\"img-inner dark\" >\n\t\t\t<img loading=\"lazy\" decoding=\"async\" width=\"800\" height=\"800\" src=\"https:\/\/nordicdesignshop.lu\/wp-content\/uploads\/2022\/12\/Sera_5.jpg\" class=\"attachment-large size-large\" alt=\"\" srcset=\"https:\/\/nordicdesignshop.lu\/wp-content\/uploads\/2022\/12\/Sera_5.jpg 800w, https:\/\/nordicdesignshop.lu\/wp-content\/uploads\/2022\/12\/Sera_5-400x400.jpg 400w, https:\/\/nordicdesignshop.lu\/wp-content\/uploads\/2022\/12\/Sera_5-280x280.jpg 280w, https:\/\/nordicdesignshop.lu\/wp-content\/uploads\/2022\/12\/Sera_5-768x768.jpg 768w, https:\/\/nordicdesignshop.lu\/wp-content\/uploads\/2022\/12\/Sera_5-700x700.jpg 700w, https:\/\/nordicdesignshop.lu\/wp-content\/uploads\/2022\/12\/Sera_5-100x100.jpg 100w\" sizes=\"auto, (max-width: 800px) 100vw, 800px\" \/>\t\t\t\t\t\t\n\t\t\t\t\t<\/div>\n\t\t<\/div>\t\t\t\t\t\t\n<style>\n#image_329863932 {\n  width: 100%;\n}\n<\/style>\n\t<\/div>\n\t\n\n\n\t\t<\/div>\n\t\t\t\t\t<\/div>\n\n\t\n\n\n<style>\n#row-572946040 > .col > .col-inner {\n  padding: 30px 0px 30px 0px;\n}\n<\/style>\n<\/div>\n<div class=\"row align-middle\"  id=\"row-1939282004\">\n\n\n\t<div id=\"col-2104746144\" class=\"col medium-6 small-12 large-6\"  >\n\t\t\t\t<div class=\"col-inner\"  >\n\t\t\t\n\t\t\t\n\n\t<div class=\"img has-hover x md-x lg-x y md-y lg-y\" id=\"image_277820309\">\n\t\t\t\t\t\t<div data-animate=\"blurIn\">\t\t<div class=\"img-inner dark\" >\n\t\t\t<img loading=\"lazy\" decoding=\"async\" width=\"1020\" height=\"765\" src=\"https:\/\/nordicdesignshop.lu\/wp-content\/uploads\/2022\/12\/Sera_4.jpg\" class=\"attachment-large size-large\" alt=\"\" srcset=\"https:\/\/nordicdesignshop.lu\/wp-content\/uploads\/2022\/12\/Sera_4.jpg 1024w, https:\/\/nordicdesignshop.lu\/wp-content\/uploads\/2022\/12\/Sera_4-533x400.jpg 533w, https:\/\/nordicdesignshop.lu\/wp-content\/uploads\/2022\/12\/Sera_4-768x576.jpg 768w\" sizes=\"auto, (max-width: 1020px) 100vw, 1020px\" \/>\t\t\t\t\t\t\n\t\t\t\t\t<\/div>\n\t\t<\/div>\t\t\t\t\t\t\n<style>\n#image_277820309 {\n  width: 100%;\n}\n<\/style>\n\t<\/div>\n\t\n\n\n\t\t<\/div>\n\t\t\t\t\t<\/div>\n\n\t\n\n\t<div id=\"col-1072885789\" class=\"col medium-6 small-12 large-6\"  >\n\t\t\t\t<div class=\"col-inner\"  >\n\t\t\t\n\t\t\t\n\n\t<div id=\"text-16010382\" class=\"text\">\n\t\t\n\n<h2 style=\"text-align: center;\">GERINGE UMWELTBELASTUNG<\/h2>\n<p align=\"justify\">Sera Helsinki verwendet ausschlie\u00dflich traditionelle Methoden zur Herstellung von Teppichen. Die Wollgarne sind rein und organisch. W\u00e4hrend des gesamten Prozesses verwenden die Handwerker weder Elektrizit\u00e4t, noch chemische Komponenten oder Farbstoffe. Die Farben der Teppiche sind v\u00f6llig nat\u00fcrlich. Bei der Reinigung der Garne verwenden die Handwerker Seife und Wasser.<\/p>\n\n\t\t\n<style>\n#text-16010382 {\n  font-size: 1rem;\n  text-align: center;\n}\n<\/style>\n\t<\/div>\n\t\n\n\t\t<\/div>\n\t\t\t\t\t<\/div>\n\n\t\n\n\n<style>\n#row-1939282004 > .col > .col-inner {\n  padding: 30px 0px 30px 0px;\n}\n<\/style>\n<\/div>\n<div class=\"row align-middle mobile-reverse-column\"  id=\"row-155515251\">\n\n\n\t<div id=\"col-1279442348\" class=\"col medium-6 small-12 large-6\"  >\n\t\t\t\t<div class=\"col-inner text-center\"  >\n\t\t\t\n\t\t\t\n\n\t<div id=\"text-1550095147\" class=\"text\">\n\t\t\n\n<h2 style=\"text-align: center;\">HANDGEFERTIGTE PRODUKTE<\/h2>\n<p align=\"justify\">F\u00fcr die Herstellung der Teppiche werden keine Maschinen verwendet. Vom Spinnen bis zum Weben wird alles in Handarbeit nach biologischen und althergebrachten Verfahren hergestellt. Die Z\u00fcchter ernten die Wolle und achten dabei darauf, die Schafe nicht zu verletzen.<\/p>\n<p><strong>BESUCHEN SIE UNSEREN SHOWROOM UND ENTDECKEN SIE DIE 100 % NAT\u00dcRLICHEN TEPPICHE VON SERA HELSINKI<\/strong><\/p>\n\n\t\t\n<style>\n#text-1550095147 {\n  font-size: 1rem;\n}\n<\/style>\n\t<\/div>\n\t\n\n\t\t<\/div>\n\t\t\t\t\t<\/div>\n\n\t\n\n\t<div id=\"col-858281032\" class=\"col medium-6 small-12 large-6 small-col-first\"  >\n\t\t\t\t<div class=\"col-inner\"  >\n\t\t\t\n\t\t\t\n\n\t<div class=\"img has-hover x md-x lg-x y md-y lg-y\" id=\"image_712151262\">\n\t\t\t\t\t\t<div data-animate=\"blurIn\">\t\t<div class=\"img-inner dark\" >\n\t\t\t<img loading=\"lazy\" decoding=\"async\" width=\"800\" height=\"600\" src=\"https:\/\/nordicdesignshop.lu\/wp-content\/uploads\/2022\/12\/Sera_2.jpg\" class=\"attachment-large size-large\" alt=\"\" srcset=\"https:\/\/nordicdesignshop.lu\/wp-content\/uploads\/2022\/12\/Sera_2.jpg 800w, https:\/\/nordicdesignshop.lu\/wp-content\/uploads\/2022\/12\/Sera_2-533x400.jpg 533w, https:\/\/nordicdesignshop.lu\/wp-content\/uploads\/2022\/12\/Sera_2-768x576.jpg 768w\" sizes=\"auto, (max-width: 800px) 100vw, 800px\" \/>\t\t\t\t\t\t\n\t\t\t\t\t<\/div>\n\t\t<\/div>\t\t\t\t\t\t\n<style>\n#image_712151262 {\n  width: 100%;\n}\n<\/style>\n\t<\/div>\n\t\n\n\n\t\t<\/div>\n\t\t\t\t\n<style>\n#col-858281032 > .col-inner {\n  margin: 0px 0px 0px 0px;\n}\n<\/style>\n\t<\/div>\n\n\t\n\n\n<style>\n#row-155515251 > .col > .col-inner {\n  padding: 30px 0px 30px 0px;\n}\n<\/style>\n<\/div>\n<div class=\"row\"  id=\"row-1576823866\">\n\n\n\t<div id=\"col-144852063\" class=\"col small-12 large-12\"  >\n\t\t\t\t<div class=\"col-inner\"  >\n\t\t\t\n\t\t\t\n\n<div class=\"video video-fit mb\" style=\"padding-top:56.25%;\"><iframe loading=\"lazy\" title=\"Sera Helsinki available in Belgium, Luxembourg and the Netherlands\" width=\"1020\" height=\"574\" src=\"https:\/\/www.youtube.com\/embed\/7mKdMtdpB-0?feature=oembed\" frameborder=\"0\" allow=\"accelerometer; autoplay; clipboard-write; encrypted-media; gyroscope; picture-in-picture\" allowfullscreen><\/iframe><\/div>\n\n\t<div id=\"text-3583623498\" class=\"text\">\n\t\t\n\n<h2 style=\"text-align: center;\" align=\"justify\">AUTHENTISCHE TEPPICHE VON SERA HELSINKI<\/h2>\n<p align=\"justify\">Die Teppiche und L\u00e4ufer werden von finnischen Designern wie Samu-Jussi Koski und Anna Pirkola entworfen. Die Artikel sind in verschiedenen Gr\u00f6\u00dfen, mit geometrischen oder Reliefmustern erh\u00e4ltlich. Hinter jedem Teppich in jeder Kollektion verbirgt sich eine wunderbare Geschichte.<\/p>\n<p align=\"justify\">Neben der traditionellen \u00e4thiopischen Handwerkskunst sind es die nat\u00fcrlichen Farben, die die Teppiche von Sera Helsinki authentisch machen. Jeder Teppich ist einzigartig, die Farben \u00e4ndern sich mit der Farbe des Garns, die wiederum von der Farbe des Schafvlieses abh\u00e4ngt. So wie die Farben des Vlieses, k\u00f6nnen die St\u00fccke in drei Farben existieren: wei\u00df, schwarz und braun.<\/p>\n<p align=\"justify\">Da die Teppiche aus nat\u00fcrlichem Lanolin bestehen, sind sie sehr pflegeleicht. Ein gro\u00dfer Vorteil, um sie \u00fcber viele, viele Jahre hinweg sauber zu halten.<\/p>\n\t\t\n<style>\n#text-3583623498 {\n  font-size: 1rem;\n  text-align: center;\n}\n<\/style>\n\t<\/div>\n\t\n\n\t\t\t\t\t\t<script>\n\t\t\t\t\t\t\twindow.hsFormsOnReady = window.hsFormsOnReady || [];\n\t\t\t\t\t\t\twindow.hsFormsOnReady.push(()=>{\n\t\t\t\t\t\t\t\thbspt.forms.create({\n\t\t\t\t\t\t\t\t\tportalId: 20023619,\n\t\t\t\t\t\t\t\t\tformId: \"adbf3670-6a51-42c1-a726-05890c746c90\",\n\t\t\t\t\t\t\t\t\ttarget: \"#hbspt-form-1776172490000-7164958152\",\n\t\t\t\t\t\t\t\t\tregion: \"na1\",\n\t\t\t\t\t\t\t\t\t\n\t\t\t\t\t\t\t})});\n\t\t\t\t\t\t<\/script>\n\t\t\t\t\t\t<div class=\"hbspt-form\" id=\"hbspt-form-1776172490000-7164958152\"><\/div>\n\n\t\t<\/div>\n\t\t\t\t\t<\/div>\n\n\t\n\n\n<style>\n#row-1576823866 > .col > .col-inner {\n  padding: 25px 0px 27px 0px;\n}\n<\/style>\n<\/div>\n\n","protected":false},"excerpt":{"rendered":"","protected":false},"author":11,"featured_media":0,"parent":0,"menu_order":0,"comment_status":"closed","ping_status":"closed","template":"page-blank.php","meta":{"content-type":"","footnotes":""},"class_list":["post-10777","page","type-page","status-publish","hentry"],"yoast_head":"<!-- This site is optimized with the Yoast SEO plugin v23.1 - https:\/\/yoast.com\/wordpress\/plugins\/seo\/ -->\n<title>SERA HELSINKI DIE MARKE F\u00dcR DESIGNTEPPICHE UND 100 % NATUR - Nordic Design Shop<\/title>\n<meta name=\"robots\" content=\"index, follow, max-snippet:-1, max-image-preview:large, max-video-preview:-1\" \/>\n<link rel=\"canonical\" href=\"https:\/\/nordicdesignshop.lu\/de\/sera-helsinki\/\" \/>\n<meta property=\"og:locale\" content=\"de_DE\" \/>\n<meta property=\"og:type\" content=\"article\" \/>\n<meta property=\"og:title\" content=\"SERA HELSINKI DIE MARKE F\u00dcR DESIGNTEPPICHE UND 100 % NATUR - Nordic Design Shop\" \/>\n<meta property=\"og:url\" content=\"https:\/\/nordicdesignshop.lu\/de\/sera-helsinki\/\" \/>\n<meta property=\"og:site_name\" content=\"Nordic Design Shop\" \/>\n<meta property=\"article:publisher\" content=\"https:\/\/www.facebook.com\/NordicDesignShop\/\" \/>\n<meta property=\"article:modified_time\" content=\"2023-02-28T19:22:57+00:00\" \/>\n<meta property=\"og:image\" content=\"https:\/\/nordicdesignshop.lu\/wp-content\/uploads\/2021\/03\/cropped-Sans-titre-1.jpg\" \/>\n\t<meta property=\"og:image:width\" content=\"512\" \/>\n\t<meta property=\"og:image:height\" content=\"512\" \/>\n\t<meta property=\"og:image:type\" content=\"image\/jpeg\" \/>\n<meta name=\"twitter:card\" content=\"summary_large_image\" \/>\n<meta name=\"twitter:label1\" content=\"Gesch\u00e4tzte Lesezeit\" \/>\n\t<meta name=\"twitter:data1\" content=\"4\u00a0Minuten\" \/>\n<script type=\"application\/ld+json\" class=\"yoast-schema-graph\">{\"@context\":\"https:\/\/schema.org\",\"@graph\":[{\"@type\":\"WebPage\",\"@id\":\"https:\/\/nordicdesignshop.lu\/de\/sera-helsinki\/\",\"url\":\"https:\/\/nordicdesignshop.lu\/de\/sera-helsinki\/\",\"name\":\"SERA HELSINKI DIE MARKE F\u00dcR DESIGNTEPPICHE UND 100 % NATUR - Nordic Design Shop\",\"isPartOf\":{\"@id\":\"https:\/\/nordicdesignshop.lu\/de\/#website\"},\"datePublished\":\"2022-12-13T13:26:25+00:00\",\"dateModified\":\"2023-02-28T19:22:57+00:00\",\"breadcrumb\":{\"@id\":\"https:\/\/nordicdesignshop.lu\/de\/sera-helsinki\/#breadcrumb\"},\"inLanguage\":\"de\",\"potentialAction\":[{\"@type\":\"ReadAction\",\"target\":[\"https:\/\/nordicdesignshop.lu\/de\/sera-helsinki\/\"]}]},{\"@type\":\"BreadcrumbList\",\"@id\":\"https:\/\/nordicdesignshop.lu\/de\/sera-helsinki\/#breadcrumb\",\"itemListElement\":[{\"@type\":\"ListItem\",\"position\":1,\"name\":\"Accueil\",\"item\":\"https:\/\/nordicdesignshop.lu\/de\/\"},{\"@type\":\"ListItem\",\"position\":2,\"name\":\"SERA HELSINKI DIE MARKE F\u00dcR DESIGNTEPPICHE UND 100 % NATUR\"}]},{\"@type\":\"WebSite\",\"@id\":\"https:\/\/nordicdesignshop.lu\/de\/#website\",\"url\":\"https:\/\/nordicdesignshop.lu\/de\/\",\"name\":\"Nordic Design Shop\",\"description\":\"Drop | Jacuzzi | Spa\",\"publisher\":{\"@id\":\"https:\/\/nordicdesignshop.lu\/de\/#organization\"},\"potentialAction\":[{\"@type\":\"SearchAction\",\"target\":{\"@type\":\"EntryPoint\",\"urlTemplate\":\"https:\/\/nordicdesignshop.lu\/de\/?s={search_term_string}\"},\"query-input\":\"required name=search_term_string\"}],\"inLanguage\":\"de\"},{\"@type\":\"Organization\",\"@id\":\"https:\/\/nordicdesignshop.lu\/de\/#organization\",\"name\":\"Nordic Design Shop\",\"url\":\"https:\/\/nordicdesignshop.lu\/de\/\",\"logo\":{\"@type\":\"ImageObject\",\"inLanguage\":\"de\",\"@id\":\"https:\/\/nordicdesignshop.lu\/de\/#\/schema\/logo\/image\/\",\"url\":\"https:\/\/nordicdesignshop.lu\/wp-content\/uploads\/2021\/03\/cropped-Sans-titre-1.jpg\",\"contentUrl\":\"https:\/\/nordicdesignshop.lu\/wp-content\/uploads\/2021\/03\/cropped-Sans-titre-1.jpg\",\"width\":512,\"height\":512,\"caption\":\"Nordic Design Shop\"},\"image\":{\"@id\":\"https:\/\/nordicdesignshop.lu\/de\/#\/schema\/logo\/image\/\"},\"sameAs\":[\"https:\/\/www.facebook.com\/NordicDesignShop\/\",\"https:\/\/www.instagram.com\/Nordic_designshop\/\",\"https:\/\/www.linkedin.com\/company\/nordic-design-shop\/\",\"https:\/\/www.youtube.com\/channel\/UCujh54MhpwQ2rXYscjfdN5Q\"]}]}<\/script>\n<!-- \/ Yoast SEO plugin. -->","yoast_head_json":{"title":"SERA HELSINKI DIE MARKE F\u00dcR DESIGNTEPPICHE UND 100 % NATUR - Nordic Design Shop","robots":{"index":"index","follow":"follow","max-snippet":"max-snippet:-1","max-image-preview":"max-image-preview:large","max-video-preview":"max-video-preview:-1"},"canonical":"https:\/\/nordicdesignshop.lu\/de\/sera-helsinki\/","og_locale":"de_DE","og_type":"article","og_title":"SERA HELSINKI DIE MARKE F\u00dcR DESIGNTEPPICHE UND 100 % NATUR - Nordic Design Shop","og_url":"https:\/\/nordicdesignshop.lu\/de\/sera-helsinki\/","og_site_name":"Nordic Design Shop","article_publisher":"https:\/\/www.facebook.com\/NordicDesignShop\/","article_modified_time":"2023-02-28T19:22:57+00:00","og_image":[{"width":512,"height":512,"url":"https:\/\/nordicdesignshop.lu\/wp-content\/uploads\/2021\/03\/cropped-Sans-titre-1.jpg","type":"image\/jpeg"}],"twitter_card":"summary_large_image","twitter_misc":{"Gesch\u00e4tzte Lesezeit":"4\u00a0Minuten"},"schema":{"@context":"https:\/\/schema.org","@graph":[{"@type":"WebPage","@id":"https:\/\/nordicdesignshop.lu\/de\/sera-helsinki\/","url":"https:\/\/nordicdesignshop.lu\/de\/sera-helsinki\/","name":"SERA HELSINKI DIE MARKE F\u00dcR DESIGNTEPPICHE UND 100 % NATUR - Nordic Design Shop","isPartOf":{"@id":"https:\/\/nordicdesignshop.lu\/de\/#website"},"datePublished":"2022-12-13T13:26:25+00:00","dateModified":"2023-02-28T19:22:57+00:00","breadcrumb":{"@id":"https:\/\/nordicdesignshop.lu\/de\/sera-helsinki\/#breadcrumb"},"inLanguage":"de","potentialAction":[{"@type":"ReadAction","target":["https:\/\/nordicdesignshop.lu\/de\/sera-helsinki\/"]}]},{"@type":"BreadcrumbList","@id":"https:\/\/nordicdesignshop.lu\/de\/sera-helsinki\/#breadcrumb","itemListElement":[{"@type":"ListItem","position":1,"name":"Accueil","item":"https:\/\/nordicdesignshop.lu\/de\/"},{"@type":"ListItem","position":2,"name":"SERA HELSINKI DIE MARKE F\u00dcR DESIGNTEPPICHE UND 100 % NATUR"}]},{"@type":"WebSite","@id":"https:\/\/nordicdesignshop.lu\/de\/#website","url":"https:\/\/nordicdesignshop.lu\/de\/","name":"Nordic Design Shop","description":"Drop | Jacuzzi | Spa","publisher":{"@id":"https:\/\/nordicdesignshop.lu\/de\/#organization"},"potentialAction":[{"@type":"SearchAction","target":{"@type":"EntryPoint","urlTemplate":"https:\/\/nordicdesignshop.lu\/de\/?s={search_term_string}"},"query-input":"required name=search_term_string"}],"inLanguage":"de"},{"@type":"Organization","@id":"https:\/\/nordicdesignshop.lu\/de\/#organization","name":"Nordic Design Shop","url":"https:\/\/nordicdesignshop.lu\/de\/","logo":{"@type":"ImageObject","inLanguage":"de","@id":"https:\/\/nordicdesignshop.lu\/de\/#\/schema\/logo\/image\/","url":"https:\/\/nordicdesignshop.lu\/wp-content\/uploads\/2021\/03\/cropped-Sans-titre-1.jpg","contentUrl":"https:\/\/nordicdesignshop.lu\/wp-content\/uploads\/2021\/03\/cropped-Sans-titre-1.jpg","width":512,"height":512,"caption":"Nordic Design Shop"},"image":{"@id":"https:\/\/nordicdesignshop.lu\/de\/#\/schema\/logo\/image\/"},"sameAs":["https:\/\/www.facebook.com\/NordicDesignShop\/","https:\/\/www.instagram.com\/Nordic_designshop\/","https:\/\/www.linkedin.com\/company\/nordic-design-shop\/","https:\/\/www.youtube.com\/channel\/UCujh54MhpwQ2rXYscjfdN5Q"]}]}},"_links":{"self":[{"href":"https:\/\/nordicdesignshop.lu\/de\/wp-json\/wp\/v2\/pages\/10777","targetHints":{"allow":["GET"]}}],"collection":[{"href":"https:\/\/nordicdesignshop.lu\/de\/wp-json\/wp\/v2\/pages"}],"about":[{"href":"https:\/\/nordicdesignshop.lu\/de\/wp-json\/wp\/v2\/types\/page"}],"author":[{"embeddable":true,"href":"https:\/\/nordicdesignshop.lu\/de\/wp-json\/wp\/v2\/users\/11"}],"replies":[{"embeddable":true,"href":"https:\/\/nordicdesignshop.lu\/de\/wp-json\/wp\/v2\/comments?post=10777"}],"version-history":[{"count":4,"href":"https:\/\/nordicdesignshop.lu\/de\/wp-json\/wp\/v2\/pages\/10777\/revisions"}],"predecessor-version":[{"id":10781,"href":"https:\/\/nordicdesignshop.lu\/de\/wp-json\/wp\/v2\/pages\/10777\/revisions\/10781"}],"wp:attachment":[{"href":"https:\/\/nordicdesignshop.lu\/de\/wp-json\/wp\/v2\/media?parent=10777"}],"curies":[{"name":"wp","href":"https:\/\/api.w.org\/{rel}","templated":true}]}}